{"id":2446,"date":"2024-04-09T22:38:26","date_gmt":"2024-04-09T20:38:26","guid":{"rendered":"https:\/\/tendosolingen.de\/product\/kopytko-do-manicure-i-skorek-typ-pusher-tendo-solingen-gold\/"},"modified":"2025-11-06T15:40:09","modified_gmt":"2025-11-06T14:40:09","slug":"kopytko-do-manicure-i-skorek-typ-pusher-tendo-solingen-gold","status":"publish","type":"product","link":"https:\/\/tendosolingen.de\/pl\/produkt\/kopytko-do-manicure-i-skorek-typ-pusher-tendo-solingen-gold\/","title":{"rendered":"Kopytko do manicure i sk\u00f3rek typ pusher Tendo\u00ae Solingen Gold"},"content":{"rendered":"<p><span style=\"font-family:arial, helvetica, sans-serif;font-size:10pt;\"><span style=\"text-decoration:underline;\">Kopytko do sk\u00f3rek<\/span> (<strong>manicure device nail\u00a0pusher<\/strong>) TC Gold Line marki Tendo\u00ae Solingen znajduje swoje zastosowanie w zabiegach manicure i pedicure. Przeznaczony jest do spychania wcze\u015bniej namoczonego osk\u00f3rka z powierzchni paznokcia. Odpowiednio wyprofilowana cz\u0119\u015b\u0107 pracuj\u0105ca zapewnia komfort oraz bezproblemowo\u015b\u0107 u\u017cytkowania. Uchwyt instrumentu posiada wg\u0142\u0119bienie na umiejscowienie kciuka, co zwi\u0119ksza pewno\u015b\u0107 chwytu. Wyprodukowane z wysokiej jako\u015bci, niemieckiej stali nierdzewnej.<\/span><\/p>\n<p><\/br><\/p>\n<h1><span style=\"font-family:arial, helvetica, sans-serif;font-size:10pt;\">Parametry kopytka do sk\u00f3rek typu z\u0142oty pusher<\/span><\/h1>\n<p><\/br><\/p>\n<ul><\/br><\/p>\n<li><span style=\"font-family:arial, helvetica, sans-serif;font-size:10pt;\">Ko\u0144c\u00f3wka: metalowe kopytko kosmetyczne, pusher<\/span><\/li>\n<p><\/br><\/p>\n<li><span style=\"font-family:arial, helvetica, sans-serif;font-size:10pt;\">Przeznaczenie: sk\u00f3rki paznokcia, <span style=\"text-decoration:underline;\">do odsuwania sk\u00f3rek paznokci<\/span><\/span><\/li>\n<p><\/br><\/p>\n<li><span style=\"font-family:arial, helvetica, sans-serif;font-size:10pt;\">D\u0142ugo\u015b\u0107: 9 cm<\/span><\/li>\n<p><\/br><\/p>\n<li><span style=\"font-family:arial, helvetica, sans-serif;font-size:10pt;\">Produkt wielokrotnego u\u017cytku<\/span><\/li>\n<p><\/br><\/p>\n<li><span style=\"font-family:arial, helvetica, sans-serif;font-size:10pt;\">Produkt niesterylny<\/span><\/li>\n<p><\/br><\/ul>\n<p><\/br><\/p>\n<h2><span style=\"font-family:arial, helvetica, sans-serif;font-size:10pt;\">Zalety wykorzystania kopytka do sk\u00f3rek u paznokci<\/span><\/h2>\n<p><\/br><\/p>\n<ul><\/br><\/p>\n<li><span style=\"font-family:arial, helvetica, sans-serif;font-size:10pt;\">Odpowiednie wyprofilowanie ko\u0144c\u00f3wki u\u0142atwia spychanie sk\u00f3rek z powierzchni paznokcia<\/span><\/li>\n<p><\/br><\/p>\n<li><span style=\"font-family:arial, helvetica, sans-serif;font-size:10pt;\">Wyprofilowane miejsce na umiejscowienie kciuka umo\u017cliwia komfortowy i pewny chwyt instrumentu<\/span><\/li>\n<p><\/br><\/p>\n<li><span style=\"font-family:arial, helvetica, sans-serif;font-size:10pt;\">Do wyprodukowania instrumentu wykorzystano wysokiej jako\u015bci, niemieck\u0105 stal nierdzewn\u0105 pozwalaj\u0105c\u0105 na wielokrotn\u0105 sterylizacje wed\u0142ug zalece\u0144 producenta<\/span><\/li>\n<p><\/br><\/ul>\n<p><\/br><\/p>\n<p><span style=\"font-family:arial, helvetica, sans-serif;font-size:10pt;\">Produkt posiada certyfikaty CE oraz ISO.<\/span><\/p>\n","protected":false},"excerpt":{"rendered":"<p><span style=\"font-family:arial, helvetica, sans-serif;font-size:10pt;\"><span style=\"text-decoration:underline;\">Kopytko do sk\u00f3rek<\/span> (<strong>manicure device nail\u00a0pusher<\/strong>) TC Gold Line marki Tendo\u00ae Solingen znajduje swoje zastosowanie w zabiegach manicure i pedicure. Przeznaczony jest do spychania wcze\u015bniej namoczonego osk\u00f3rka z powierzchni paznokcia. Odpowiednio wyprofilowana cz\u0119\u015b\u0107 pracuj\u0105ca zapewnia komfort oraz bezproblemowo\u015b\u0107 u\u017cytkowania. Uchwyt instrumentu posiada wg\u0142\u0119bienie na umiejscowienie kciuka, co zwi\u0119ksza pewno\u015b\u0107 chwytu. Wyprodukowane z wysokiej jako\u015bci, niemieckiej stali nierdzewnej.<\/span><\/p>\n<p><\/br><\/p>\n<h1><span style=\"font-family:arial, helvetica, sans-serif;font-size:10pt;\">Parametry kopytka do sk\u00f3rek typu z\u0142oty pusher<\/span><\/h1>\n<p><\/br><\/p>\n<ul><\/br><\/p>\n<li><span style=\"font-family:arial, helvetica, sans-serif;font-size:10pt;\">Ko\u0144c\u00f3wka: metalowe kopytko kosmetyczne, pusher<\/span><\/li>\n<p><\/br><\/p>\n<li><span style=\"font-family:arial, helvetica, sans-serif;font-size:10pt;\">Przeznaczenie: sk\u00f3rki paznokcia, <span style=\"text-decoration:underline;\">do odsuwania sk\u00f3rek paznokci<\/span><\/span><\/li>\n<p><\/br><\/p>\n<li><span style=\"font-family:arial, helvetica, sans-serif;font-size:10pt;\">D\u0142ugo\u015b\u0107: 9 cm<\/span><\/li>\n<p><\/br><\/p>\n<li><span style=\"font-family:arial, helvetica, sans-serif;font-size:10pt;\">Produkt wielokrotnego u\u017cytku<\/span><\/li>\n<p><\/br><\/p>\n<li><span style=\"font-family:arial, helvetica, sans-serif;font-size:10pt;\">Produkt niesterylny<\/span><\/li>\n<p><\/br><\/ul>\n<p><\/br><\/p>\n<h2><span style=\"font-family:arial, helvetica, sans-serif;font-size:10pt;\">Zalety wykorzystania kopytka do sk\u00f3rek u paznokci<\/span><\/h2>\n<p><\/br><\/p>\n<ul><\/br><\/p>\n<li><span style=\"font-family:arial, helvetica, sans-serif;font-size:10pt;\">Odpowiednie wyprofilowanie ko\u0144c\u00f3wki u\u0142atwia spychanie sk\u00f3rek z powierzchni paznokcia<\/span><\/li>\n<p><\/br><\/p>\n<li><span style=\"font-family:arial, helvetica, sans-serif;font-size:10pt;\">Wyprofilowane miejsce na umiejscowienie kciuka umo\u017cliwia komfortowy i pewny chwyt instrumentu<\/span><\/li>\n<p><\/br><\/p>\n<li><span style=\"font-family:arial, helvetica, sans-serif;font-size:10pt;\">Do wyprodukowania instrumentu wykorzystano wysokiej jako\u015bci, niemieck\u0105 stal nierdzewn\u0105 pozwalaj\u0105c\u0105 na wielokrotn\u0105 sterylizacje wed\u0142ug zalece\u0144 producenta<\/span><\/li>\n<p><\/br><\/ul>\n<p><\/br><\/p>\n<p><span style=\"font-family:arial, helvetica, sans-serif;font-size:10pt;\">Produkt posiada certyfikaty CE oraz ISO.<\/span><\/p>\n","protected":false},"featured_media":1152,"comment_status":"closed","ping_status":"open","template":"","meta":[],"product_brand":[],"product_cat":[47],"product_tag":[],"class_list":{"0":"post-2446","1":"product","2":"type-product","3":"status-publish","4":"has-post-thumbnail","6":"product_cat-dluta-i-kopytka-ekskawatory","8":"first","9":"instock","10":"product-type-simple"},"_links":{"self":[{"href":"https:\/\/tendosolingen.de\/pl\/wp-json\/wp\/v2\/product\/2446","targetHints":{"allow":["GET"]}}],"collection":[{"href":"https:\/\/tendosolingen.de\/pl\/wp-json\/wp\/v2\/product"}],"about":[{"href":"https:\/\/tendosolingen.de\/pl\/wp-json\/wp\/v2\/types\/product"}],"replies":[{"embeddable":true,"href":"https:\/\/tendosolingen.de\/pl\/wp-json\/wp\/v2\/comments?post=2446"}],"wp:featuredmedia":[{"embeddable":true,"href":"https:\/\/tendosolingen.de\/pl\/wp-json\/wp\/v2\/media\/1152"}],"wp:attachment":[{"href":"https:\/\/tendosolingen.de\/pl\/wp-json\/wp\/v2\/media?parent=2446"}],"wp:term":[{"taxonomy":"product_brand","embeddable":true,"href":"https:\/\/tendosolingen.de\/pl\/wp-json\/wp\/v2\/product_brand?post=2446"},{"taxonomy":"product_cat","embeddable":true,"href":"https:\/\/tendosolingen.de\/pl\/wp-json\/wp\/v2\/product_cat?post=2446"},{"taxonomy":"product_tag","embeddable":true,"href":"https:\/\/tendosolingen.de\/pl\/wp-json\/wp\/v2\/product_tag?post=2446"}],"curies":[{"name":"wp","href":"https:\/\/api.w.org\/{rel}","templated":true}]}}