{"id":2445,"date":"2024-04-09T22:38:26","date_gmt":"2024-04-09T20:38:26","guid":{"rendered":"https:\/\/tendosolingen.de\/product\/kosmetyczne-radelko-do-manicure-pusher-tendo-solingen-gold\/"},"modified":"2025-11-06T15:40:09","modified_gmt":"2025-11-06T14:40:09","slug":"kosmetyczne-radelko-do-manicure-pusher-tendo-solingen-gold","status":"publish","type":"product","link":"https:\/\/tendosolingen.de\/pl\/produkt\/kosmetyczne-radelko-do-manicure-pusher-tendo-solingen-gold\/","title":{"rendered":"Kosmetyczne rade\u0142ko do manicure Pusher Tendo\u00ae Solingen Gold"},"content":{"rendered":"<p><span style=\"font-family:arial, helvetica, sans-serif;font-size:10pt;\">Kosmetyczne <span style=\"text-decoration:underline;\">rade\u0142ko do manicure<\/span> (<strong>do sk\u00f3rek i paznokci<\/strong>) z serii Tendo Solingen Gold\u00ae przeznaczone jest do spychania sk\u00f3rek oraz czyszczenia paznokci podczas zabieg\u00f3w manicure. Dwustronna konstrukcja rade\u0142ka zapewnia jego uniwersalno\u015b\u0107. Tr\u00f3jk\u0105tna, lekko zagi\u0119ta ko\u0144c\u00f3wka nadaje si\u0119 idealnie do usuwania brudu oraz martwego nask\u00f3rka spod paznokcia. Kopytko umieszczone po drugiej stronie instrumentu s\u0142u\u017cy do spychania sk\u00f3rek z powierzchni paznokcia. Odpowiednie wyprofilowanie instrumentu zapewnia komfortowy chwyt oraz wygod\u0119 w u\u017cytkowaniu. Do produkcji rade\u0142ka wykorzystana zosta\u0142a niemiecka stal nierdzewna b\u0119d\u0105ca gwarantem w\u0142a\u015bciwo\u015bci antykorozyjnych oraz d\u0142ugotrwa\u0142o\u015bci.<\/span><\/p>\n<p><\/br><\/p>\n<h1><span style=\"font-family:arial, helvetica, sans-serif;font-size:10pt;\">Parametry rade\u0142ka dwustronnego do manicure<\/span><\/h1>\n<p><\/br><\/p>\n<ul><\/br><\/p>\n<li><span style=\"font-family:arial, helvetica, sans-serif;font-size:10pt;\">Typ: <strong>pusher<\/strong>, kopytko <span style=\"text-decoration:underline;\">grot do paznokci i odsuwania sk\u00f3rek<\/span><\/span><\/li>\n<p><\/br><\/p>\n<li><span style=\"font-family:arial, helvetica, sans-serif;font-size:10pt;\">Ko\u0144c\u00f3wka: tr\u00f3jk\u0105tna (do usuwania brudu oraz nask\u00f3rka) \/ kopytko (do spychania osk\u00f3rka)<\/span><\/li>\n<p><\/br><\/p>\n<li><span style=\"font-family:arial, helvetica, sans-serif;font-size:10pt;\">Przeznaczenie: manicure<\/span><\/li>\n<p><\/br><\/p>\n<li><span style=\"font-family:arial, helvetica, sans-serif;font-size:10pt;\">D\u0142ugo\u015b\u0107: 12 cm<\/span><\/li>\n<p><\/br><\/p>\n<li><span style=\"font-family:arial, helvetica, sans-serif;font-size:10pt;\">Niemiecka stal nierdzewna<\/span><\/li>\n<p><\/br><\/p>\n<li><span style=\"font-family:arial, helvetica, sans-serif;font-size:10pt;\">Produkt niesterylny<\/span><\/li>\n<p><\/br><\/p>\n<li><span style=\"font-family:arial, helvetica, sans-serif;font-size:10pt;\">Produkt wielokrotnego u\u017cytku<\/span><\/li>\n<p><\/br><\/ul>\n<p><\/br><\/p>\n<h2><span style=\"font-family:arial, helvetica, sans-serif;font-size:10pt;\">Zalety wykorzystania kopytka do sk\u00f3rek i paznokci<\/span><\/h2>\n<p><\/br><\/p>\n<ul><\/br><\/p>\n<li><span style=\"font-family:arial, helvetica, sans-serif;font-size:10pt;\">Dwustronne zako\u0144czenie rade\u0142ka zapewnia jego uniwersalno\u015b\u0107 podczas przeprowadzania zabieg\u00f3w manicure<\/span><\/li>\n<p><\/br><\/p>\n<li><span style=\"font-family:arial, helvetica, sans-serif;font-size:10pt;\">Odpowiednio wyprofilowana cz\u0119\u015b\u0107 chwytna zapewnia komfort u\u017cytkowania<\/span><\/li>\n<p><\/br><\/p>\n<li><span style=\"font-family:arial, helvetica, sans-serif;font-size:10pt;\">Wykorzystanie wysokiej jako\u015bci, niemieckiej stali nierdzewnej zapewnia doskona\u0142e w\u0142a\u015bciwo\u015bci antykorozyjne i pozwala na wielokrotn\u0105 sterylizacje wed\u0142ug zalece\u0144 producenta<\/span><\/li>\n<p><\/br><\/p>\n<li><span style=\"font-family:arial, helvetica, sans-serif;font-size:10pt;\">Znajduje r\u00f3wnie\u017c zastosowanie jako <em>rade\u0142ko podologiczne<\/em><\/span><\/li>\n<p><\/br><\/ul>\n<p><\/br><\/p>\n<p><span style=\"font-family:arial, helvetica, sans-serif;font-size:10pt;\">Produkt posiada certyfikaty ISO oraz CE.<\/span><\/p>\n","protected":false},"excerpt":{"rendered":"<p><span style=\"font-family:arial, helvetica, sans-serif;font-size:10pt;\">Kosmetyczne <span style=\"text-decoration:underline;\">rade\u0142ko do manicure<\/span> (<strong>do sk\u00f3rek i paznokci<\/strong>) z serii Tendo Solingen Gold\u00ae przeznaczone jest do spychania sk\u00f3rek oraz czyszczenia paznokci podczas zabieg\u00f3w manicure. Dwustronna konstrukcja rade\u0142ka zapewnia jego uniwersalno\u015b\u0107. Tr\u00f3jk\u0105tna, lekko zagi\u0119ta ko\u0144c\u00f3wka nadaje si\u0119 idealnie do usuwania brudu oraz martwego nask\u00f3rka spod paznokcia. Kopytko umieszczone po drugiej stronie instrumentu s\u0142u\u017cy do spychania sk\u00f3rek z powierzchni paznokcia. Odpowiednie wyprofilowanie instrumentu zapewnia komfortowy chwyt oraz wygod\u0119 w u\u017cytkowaniu. Do produkcji rade\u0142ka wykorzystana zosta\u0142a niemiecka stal nierdzewna b\u0119d\u0105ca gwarantem w\u0142a\u015bciwo\u015bci antykorozyjnych oraz d\u0142ugotrwa\u0142o\u015bci.<\/span><\/p>\n<p><\/br><\/p>\n<h1><span style=\"font-family:arial, helvetica, sans-serif;font-size:10pt;\">Parametry rade\u0142ka dwustronnego do manicure<\/span><\/h1>\n<p><\/br><\/p>\n<ul><\/br><\/p>\n<li><span style=\"font-family:arial, helvetica, sans-serif;font-size:10pt;\">Typ: <strong>pusher<\/strong>, kopytko <span style=\"text-decoration:underline;\">grot do paznokci i odsuwania sk\u00f3rek<\/span><\/span><\/li>\n<p><\/br><\/p>\n<li><span style=\"font-family:arial, helvetica, sans-serif;font-size:10pt;\">Ko\u0144c\u00f3wka: tr\u00f3jk\u0105tna (do usuwania brudu oraz nask\u00f3rka) \/ kopytko (do spychania osk\u00f3rka)<\/span><\/li>\n<p><\/br><\/p>\n<li><span style=\"font-family:arial, helvetica, sans-serif;font-size:10pt;\">Przeznaczenie: manicure<\/span><\/li>\n<p><\/br><\/p>\n<li><span style=\"font-family:arial, helvetica, sans-serif;font-size:10pt;\">D\u0142ugo\u015b\u0107: 12 cm<\/span><\/li>\n<p><\/br><\/p>\n<li><span style=\"font-family:arial, helvetica, sans-serif;font-size:10pt;\">Niemiecka stal nierdzewna<\/span><\/li>\n<p><\/br><\/p>\n<li><span style=\"font-family:arial, helvetica, sans-serif;font-size:10pt;\">Produkt niesterylny<\/span><\/li>\n<p><\/br><\/p>\n<li><span style=\"font-family:arial, helvetica, sans-serif;font-size:10pt;\">Produkt wielokrotnego u\u017cytku<\/span><\/li>\n<p><\/br><\/ul>\n<p><\/br><\/p>\n<h2><span style=\"font-family:arial, helvetica, sans-serif;font-size:10pt;\">Zalety wykorzystania kopytka do sk\u00f3rek i paznokci<\/span><\/h2>\n<p><\/br><\/p>\n<ul><\/br><\/p>\n<li><span style=\"font-family:arial, helvetica, sans-serif;font-size:10pt;\">Dwustronne zako\u0144czenie rade\u0142ka zapewnia jego uniwersalno\u015b\u0107 podczas przeprowadzania zabieg\u00f3w manicure<\/span><\/li>\n<p><\/br><\/p>\n<li><span style=\"font-family:arial, helvetica, sans-serif;font-size:10pt;\">Odpowiednio wyprofilowana cz\u0119\u015b\u0107 chwytna zapewnia komfort u\u017cytkowania<\/span><\/li>\n<p><\/br><\/p>\n<li><span style=\"font-family:arial, helvetica, sans-serif;font-size:10pt;\">Wykorzystanie wysokiej jako\u015bci, niemieckiej stali nierdzewnej zapewnia doskona\u0142e w\u0142a\u015bciwo\u015bci antykorozyjne i pozwala na wielokrotn\u0105 sterylizacje wed\u0142ug zalece\u0144 producenta<\/span><\/li>\n<p><\/br><\/p>\n<li><span style=\"font-family:arial, helvetica, sans-serif;font-size:10pt;\">Znajduje r\u00f3wnie\u017c zastosowanie jako <em>rade\u0142ko podologiczne<\/em><\/span><\/li>\n<p><\/br><\/ul>\n<p><\/br><\/p>\n<p><span style=\"font-family:arial, helvetica, sans-serif;font-size:10pt;\">Produkt posiada certyfikaty ISO oraz CE.<\/span><\/p>\n","protected":false},"featured_media":1148,"comment_status":"closed","ping_status":"open","template":"","meta":[],"product_brand":[],"product_cat":[47],"product_tag":[],"class_list":{"0":"post-2445","1":"product","2":"type-product","3":"status-publish","4":"has-post-thumbnail","6":"product_cat-dluta-i-kopytka-ekskawatory","8":"first","9":"instock","10":"product-type-simple"},"_links":{"self":[{"href":"https:\/\/tendosolingen.de\/pl\/wp-json\/wp\/v2\/product\/2445","targetHints":{"allow":["GET"]}}],"collection":[{"href":"https:\/\/tendosolingen.de\/pl\/wp-json\/wp\/v2\/product"}],"about":[{"href":"https:\/\/tendosolingen.de\/pl\/wp-json\/wp\/v2\/types\/product"}],"replies":[{"embeddable":true,"href":"https:\/\/tendosolingen.de\/pl\/wp-json\/wp\/v2\/comments?post=2445"}],"wp:featuredmedia":[{"embeddable":true,"href":"https:\/\/tendosolingen.de\/pl\/wp-json\/wp\/v2\/media\/1148"}],"wp:attachment":[{"href":"https:\/\/tendosolingen.de\/pl\/wp-json\/wp\/v2\/media?parent=2445"}],"wp:term":[{"taxonomy":"product_brand","embeddable":true,"href":"https:\/\/tendosolingen.de\/pl\/wp-json\/wp\/v2\/product_brand?post=2445"},{"taxonomy":"product_cat","embeddable":true,"href":"https:\/\/tendosolingen.de\/pl\/wp-json\/wp\/v2\/product_cat?post=2445"},{"taxonomy":"product_tag","embeddable":true,"href":"https:\/\/tendosolingen.de\/pl\/wp-json\/wp\/v2\/product_tag?post=2445"}],"curies":[{"name":"wp","href":"https:\/\/api.w.org\/{rel}","templated":true}]}}