{"id":2444,"date":"2024-04-09T22:38:26","date_gmt":"2024-04-09T20:38:26","guid":{"rendered":"https:\/\/tendosolingen.de\/product\/przyrzad-do-czyszczenia-paznokci-grot-zagiety-tendo-solingen-gold\/"},"modified":"2025-11-06T15:40:09","modified_gmt":"2025-11-06T14:40:09","slug":"przyrzad-do-czyszczenia-paznokci-grot-zagiety-tendo-solingen-gold","status":"publish","type":"product","link":"https:\/\/tendosolingen.de\/pl\/produkt\/przyrzad-do-czyszczenia-paznokci-grot-zagiety-tendo-solingen-gold\/","title":{"rendered":"Przyrz\u0105d do czyszczenia paznokci grot zagi\u0119ty Tendo Solingen Gold\u00ae"},"content":{"rendered":"<p><span style=\"font-family:arial, helvetica, sans-serif;font-size:10pt;\"><em>Przyrz\u0105d do oczyszczania paznokci<\/em> <strong>Tendo Solingen<\/strong>\u00ae znajduje swoje zastosowanie podczas r\u00f3\u017cnego rodzaju zabieg\u00f3w kosmetycznych, takich jak pedicure czy manicure. Odpowiednio wyprofilowana, lekko zagi\u0119ta, tr\u00f3jk\u0105tna ko\u0144c\u00f3wka nadaje si\u0119 idealnie do usuwania zanieczyszcze\u0144 oraz martwego nask\u00f3rka spod paznokcia. Ergonomiczna r\u0119koje\u015b\u0107 z wg\u0142\u0119bieniem na umiejscowienie kciuka umo\u017cliwia komfortowy chwyt przyrz\u0105du. Instrument wyprodukowany przy zachowaniu jak najwi\u0119kszej precyzji z wysokiej jako\u015bci, niemieckiej stali nierdzewnej gwarantuj\u0105cej d\u0142ugotrwa\u0142o\u015b\u0107.<\/span><\/p>\n<p><\/br><\/p>\n<h1><span style=\"font-family:arial, helvetica, sans-serif;font-size:10pt;\">Parametry przyrz\u0105du do oczyszczania paznokci<\/span><\/h1>\n<p><\/br><\/p>\n<ul><\/br><\/p>\n<li><span style=\"font-family:arial, helvetica, sans-serif;font-size:10pt;\">Ko\u0144c\u00f3wka: tr\u00f3jk\u0105tna, zagi\u0119ta<\/span><\/li>\n<p><\/br><\/p>\n<li><span style=\"font-family:arial, helvetica, sans-serif;font-size:10pt;\">Typ: do oczyszczania paznokci<\/span><\/li>\n<p><\/br><\/p>\n<li><span style=\"font-family:arial, helvetica, sans-serif;font-size:10pt;\">D\u0142ugo\u015b\u0107: 12 cm<\/span><\/li>\n<p><\/br><\/p>\n<li><span style=\"font-family:arial, helvetica, sans-serif;font-size:10pt;\">Wysokiej jako\u015bci stal nierdzewna<\/span><\/li>\n<p><\/br><\/p>\n<li><span style=\"font-family:arial, helvetica, sans-serif;font-size:10pt;\">Produkt niesterylny<\/span><\/li>\n<p><\/br><\/p>\n<li><span style=\"font-family:arial, helvetica, sans-serif;font-size:10pt;\">Produkt wielokrotnego u\u017cytku<\/span><\/li>\n<p><\/br><\/ul>\n<p><\/br><\/p>\n<h2><span style=\"font-family:arial, helvetica, sans-serif;font-size:10pt;\">Zalety wykorzystania przyrz\u0105du do czyszczenia paznokci<\/span><\/h2>\n<p><\/br><\/p>\n<ul><\/br><\/p>\n<li><span style=\"font-family:arial, helvetica, sans-serif;font-size:10pt;\">Lekko zagi\u0119ta, tr\u00f3jk\u0105tna ko\u0144c\u00f3wka przyrz\u0105du pozwala na bezproblemowe usuwanie zabrudze\u0144 oraz martwego nask\u00f3rka spod powierzchni paznokcia<\/span><\/li>\n<p><\/br><\/p>\n<li><span style=\"font-family:arial, helvetica, sans-serif;font-size:10pt;\">Wykorzystanie wysokiej jako\u015bci stali niemieckiej jest gwarantem d\u0142ugotrwa\u0142o\u015bci i pozwala na wielokrotn\u0105 sterylizacji<\/span><\/li>\n<p><\/br><\/ul>\n<p><\/br><\/p>\n<p><span style=\"font-family:arial, helvetica, sans-serif;font-size:10pt;\">Produkt posiada certyfikaty ISO i CE.<\/span><\/p>\n","protected":false},"excerpt":{"rendered":"<p><span style=\"font-family:arial, helvetica, sans-serif;font-size:10pt;\"><em>Przyrz\u0105d do oczyszczania paznokci<\/em> <strong>Tendo Solingen<\/strong>\u00ae znajduje swoje zastosowanie podczas r\u00f3\u017cnego rodzaju zabieg\u00f3w kosmetycznych, takich jak pedicure czy manicure. Odpowiednio wyprofilowana, lekko zagi\u0119ta, tr\u00f3jk\u0105tna ko\u0144c\u00f3wka nadaje si\u0119 idealnie do usuwania zanieczyszcze\u0144 oraz martwego nask\u00f3rka spod paznokcia. Ergonomiczna r\u0119koje\u015b\u0107 z wg\u0142\u0119bieniem na umiejscowienie kciuka umo\u017cliwia komfortowy chwyt przyrz\u0105du. Instrument wyprodukowany przy zachowaniu jak najwi\u0119kszej precyzji z wysokiej jako\u015bci, niemieckiej stali nierdzewnej gwarantuj\u0105cej d\u0142ugotrwa\u0142o\u015b\u0107.<\/span><\/p>\n<p><\/br><\/p>\n<h1><span style=\"font-family:arial, helvetica, sans-serif;font-size:10pt;\">Parametry przyrz\u0105du do oczyszczania paznokci<\/span><\/h1>\n<p><\/br><\/p>\n<ul><\/br><\/p>\n<li><span style=\"font-family:arial, helvetica, sans-serif;font-size:10pt;\">Ko\u0144c\u00f3wka: tr\u00f3jk\u0105tna, zagi\u0119ta<\/span><\/li>\n<p><\/br><\/p>\n<li><span style=\"font-family:arial, helvetica, sans-serif;font-size:10pt;\">Typ: do oczyszczania paznokci<\/span><\/li>\n<p><\/br><\/p>\n<li><span style=\"font-family:arial, helvetica, sans-serif;font-size:10pt;\">D\u0142ugo\u015b\u0107: 12 cm<\/span><\/li>\n<p><\/br><\/p>\n<li><span style=\"font-family:arial, helvetica, sans-serif;font-size:10pt;\">Wysokiej jako\u015bci stal nierdzewna<\/span><\/li>\n<p><\/br><\/p>\n<li><span style=\"font-family:arial, helvetica, sans-serif;font-size:10pt;\">Produkt niesterylny<\/span><\/li>\n<p><\/br><\/p>\n<li><span style=\"font-family:arial, helvetica, sans-serif;font-size:10pt;\">Produkt wielokrotnego u\u017cytku<\/span><\/li>\n<p><\/br><\/ul>\n<p><\/br><\/p>\n<h2><span style=\"font-family:arial, helvetica, sans-serif;font-size:10pt;\">Zalety wykorzystania przyrz\u0105du do czyszczenia paznokci<\/span><\/h2>\n<p><\/br><\/p>\n<ul><\/br><\/p>\n<li><span style=\"font-family:arial, helvetica, sans-serif;font-size:10pt;\">Lekko zagi\u0119ta, tr\u00f3jk\u0105tna ko\u0144c\u00f3wka przyrz\u0105du pozwala na bezproblemowe usuwanie zabrudze\u0144 oraz martwego nask\u00f3rka spod powierzchni paznokcia<\/span><\/li>\n<p><\/br><\/p>\n<li><span style=\"font-family:arial, helvetica, sans-serif;font-size:10pt;\">Wykorzystanie wysokiej jako\u015bci stali niemieckiej jest gwarantem d\u0142ugotrwa\u0142o\u015bci i pozwala na wielokrotn\u0105 sterylizacji<\/span><\/li>\n<p><\/br><\/ul>\n<p><\/br><\/p>\n<p><span style=\"font-family:arial, helvetica, sans-serif;font-size:10pt;\">Produkt posiada certyfikaty ISO i CE.<\/span><\/p>\n","protected":false},"featured_media":1144,"comment_status":"closed","ping_status":"open","template":"","meta":[],"product_brand":[],"product_cat":[50],"product_tag":[],"class_list":{"0":"post-2444","1":"product","2":"type-product","3":"status-publish","4":"has-post-thumbnail","6":"product_cat-narzedzia-podologiczne-pl","8":"first","9":"instock","10":"product-type-simple"},"_links":{"self":[{"href":"https:\/\/tendosolingen.de\/pl\/wp-json\/wp\/v2\/product\/2444","targetHints":{"allow":["GET"]}}],"collection":[{"href":"https:\/\/tendosolingen.de\/pl\/wp-json\/wp\/v2\/product"}],"about":[{"href":"https:\/\/tendosolingen.de\/pl\/wp-json\/wp\/v2\/types\/product"}],"replies":[{"embeddable":true,"href":"https:\/\/tendosolingen.de\/pl\/wp-json\/wp\/v2\/comments?post=2444"}],"wp:featuredmedia":[{"embeddable":true,"href":"https:\/\/tendosolingen.de\/pl\/wp-json\/wp\/v2\/media\/1144"}],"wp:attachment":[{"href":"https:\/\/tendosolingen.de\/pl\/wp-json\/wp\/v2\/media?parent=2444"}],"wp:term":[{"taxonomy":"product_brand","embeddable":true,"href":"https:\/\/tendosolingen.de\/pl\/wp-json\/wp\/v2\/product_brand?post=2444"},{"taxonomy":"product_cat","embeddable":true,"href":"https:\/\/tendosolingen.de\/pl\/wp-json\/wp\/v2\/product_cat?post=2444"},{"taxonomy":"product_tag","embeddable":true,"href":"https:\/\/tendosolingen.de\/pl\/wp-json\/wp\/v2\/product_tag?post=2444"}],"curies":[{"name":"wp","href":"https:\/\/api.w.org\/{rel}","templated":true}]}}