{"id":2443,"date":"2024-04-09T22:38:26","date_gmt":"2024-04-09T20:38:26","guid":{"rendered":"https:\/\/tendosolingen.de\/product\/zlota-peseta-szpiczasta-do-rzes-tendo-solingen-gold\/"},"modified":"2025-11-06T15:40:09","modified_gmt":"2025-11-06T14:40:09","slug":"zlota-peseta-szpiczasta-do-rzes-tendo-solingen-gold","status":"publish","type":"product","link":"https:\/\/tendosolingen.de\/pl\/produkt\/zlota-peseta-szpiczasta-do-rzes-tendo-solingen-gold\/","title":{"rendered":"Z\u0142ota p\u0119seta szpiczasta do rz\u0119s Tendo\u00ae Solingen Gold"},"content":{"rendered":"<p><span style=\"font-family:arial, helvetica, sans-serif;font-size:10pt;\"><em>Profesjonalna<\/em> <span style=\"text-decoration:underline;\">penseta kosmetyczna<\/span> <strong>Tendo Solingen Gold\u00ae<\/strong> typu slim (SS) o ostrym, w\u0105skim (p\u0119seta punktowa, spiczasta) zako\u0144czeniu znajduje swoje zastosowanie podczas r\u00f3\u017cnorakich zabieg\u00f3w kosmetycznych, a precyzyjna ko\u0144c\u00f3wka u\u0142atwia stylizacje rz\u0119s. Odpowiedniej szeroko\u015bci r\u0119koje\u015b\u0107 pozwala na pewne chwycenie pincety. P\u0119seta wyprodukowana zosta\u0142a z wysokiej jako\u015bci, niemieckiej stali nierdzewnej zapewniaj\u0105cej bardzo dobre w\u0142a\u015bciwo\u015bci antykorozyjne i mo\u017cliwo\u015b\u0107 sterylizacji.<\/span><\/p>\n<p><\/br><\/p>\n<h1><span style=\"font-family:arial, helvetica, sans-serif;font-size:10pt;\">Parametry p\u0119sety ostrej i w\u0105skiej typu slim<\/span><\/h1>\n<p><\/br><\/p>\n<ul><\/br><\/p>\n<li><span style=\"font-family:arial, helvetica, sans-serif;font-size:10pt;\">Typ: szpic<\/span><\/li>\n<p><\/br><\/p>\n<li><span style=\"font-family:arial, helvetica, sans-serif;font-size:10pt;\">Ko\u0144c\u00f3wka: ostra, w\u0105ska, prosta poszerzona cz\u0119\u015b\u0107 chwytna<\/span><\/li>\n<p><\/br><\/p>\n<li><span style=\"font-family:arial, helvetica, sans-serif;font-size:10pt;\">D\u0142ugo\u015b\u0107: 9 cm<\/span><\/li>\n<p><\/br><\/p>\n<li><span style=\"font-family:arial, helvetica, sans-serif;font-size:10pt;\">Zastosowanie: uniwersalne<\/span><\/li>\n<p><\/br><\/p>\n<li><span style=\"font-family:arial, helvetica, sans-serif;font-size:10pt;\">Wysokiej jako\u015bci stal nierdzewna<\/span><\/li>\n<p><\/br><\/p>\n<li><span style=\"font-family:arial, helvetica, sans-serif;font-size:10pt;\">Produkt wielorazowego u\u017cytku<\/span><\/li>\n<p><\/br><\/p>\n<li><span style=\"font-family:arial, helvetica, sans-serif;font-size:10pt;\">Produkt niesterylny<\/span><\/li>\n<p><\/br><\/ul>\n<p><\/br><\/p>\n<h2><span style=\"font-family:arial, helvetica, sans-serif;font-size:10pt;\">Zalety wykorzystania p\u0119sety szpiczastej do rz\u0119s<\/span><\/h2>\n<p><\/br><\/p>\n<ul><\/br><\/p>\n<li><span style=\"font-family:arial, helvetica, sans-serif;font-size:10pt;\">Odpowiedniej szeroko\u015bci ko\u0144c\u00f3wka pozwala na precyzyjne wykonywanie zabieg\u00f3w kosmetycznych<\/span><\/li>\n<p><\/br><\/p>\n<li><span style=\"font-family:arial, helvetica, sans-serif;font-size:10pt;\">R\u0119koje\u015b\u0107 o odpowiedniej szeroko\u015bci umo\u017cliwia chwycenie pincety w pewny spos\u00f3b<\/span><\/li>\n<p><\/br><\/p>\n<li><span style=\"font-family:arial, helvetica, sans-serif;font-size:10pt;\">Wykonanie instrumentu z wysokiej jako\u015bci, nierdzewnej stali niemieckiej jest gwarancj\u0105 d\u0142ugotrwa\u0142o\u015bci<\/span><\/li>\n<p><\/br><\/p>\n<li><span style=\"font-family:arial, helvetica, sans-serif;font-size:10pt;\">Dobrze sprawdza si\u0119 do rozdzielania, separacji, stylizacji i zak\u0142adania rz\u0119s<\/span><\/li>\n<p><\/br><\/p>\n<li><span style=\"font-family:arial, helvetica, sans-serif;font-size:10pt;\">Mo\u017ce by\u0107 wykorzystywana tak\u017ce do przyklejania i przed\u0142u\u017cania rz\u0119s<\/span><\/li>\n<p><\/br><\/ul>\n<p><\/br><\/p>\n<p><span style=\"font-family:arial, helvetica, sans-serif;font-size:10pt;\">Produkt posiada certyfikaty ISO i CE.<\/span><\/p>\n","protected":false},"excerpt":{"rendered":"<p><span style=\"font-family:arial, helvetica, sans-serif;font-size:10pt;\"><em>Profesjonalna<\/em> <span style=\"text-decoration:underline;\">penseta kosmetyczna<\/span> <strong>Tendo Solingen Gold\u00ae<\/strong> typu slim (SS) o ostrym, w\u0105skim (p\u0119seta punktowa, spiczasta) zako\u0144czeniu znajduje swoje zastosowanie podczas r\u00f3\u017cnorakich zabieg\u00f3w kosmetycznych, a precyzyjna ko\u0144c\u00f3wka u\u0142atwia stylizacje rz\u0119s. Odpowiedniej szeroko\u015bci r\u0119koje\u015b\u0107 pozwala na pewne chwycenie pincety. P\u0119seta wyprodukowana zosta\u0142a z wysokiej jako\u015bci, niemieckiej stali nierdzewnej zapewniaj\u0105cej bardzo dobre w\u0142a\u015bciwo\u015bci antykorozyjne i mo\u017cliwo\u015b\u0107 sterylizacji.<\/span><\/p>\n<p><\/br><\/p>\n<h1><span style=\"font-family:arial, helvetica, sans-serif;font-size:10pt;\">Parametry p\u0119sety ostrej i w\u0105skiej typu slim<\/span><\/h1>\n<p><\/br><\/p>\n<ul><\/br><\/p>\n<li><span style=\"font-family:arial, helvetica, sans-serif;font-size:10pt;\">Typ: szpic<\/span><\/li>\n<p><\/br><\/p>\n<li><span style=\"font-family:arial, helvetica, sans-serif;font-size:10pt;\">Ko\u0144c\u00f3wka: ostra, w\u0105ska, prosta poszerzona cz\u0119\u015b\u0107 chwytna<\/span><\/li>\n<p><\/br><\/p>\n<li><span style=\"font-family:arial, helvetica, sans-serif;font-size:10pt;\">D\u0142ugo\u015b\u0107: 9 cm<\/span><\/li>\n<p><\/br><\/p>\n<li><span style=\"font-family:arial, helvetica, sans-serif;font-size:10pt;\">Zastosowanie: uniwersalne<\/span><\/li>\n<p><\/br><\/p>\n<li><span style=\"font-family:arial, helvetica, sans-serif;font-size:10pt;\">Wysokiej jako\u015bci stal nierdzewna<\/span><\/li>\n<p><\/br><\/p>\n<li><span style=\"font-family:arial, helvetica, sans-serif;font-size:10pt;\">Produkt wielorazowego u\u017cytku<\/span><\/li>\n<p><\/br><\/p>\n<li><span style=\"font-family:arial, helvetica, sans-serif;font-size:10pt;\">Produkt niesterylny<\/span><\/li>\n<p><\/br><\/ul>\n<p><\/br><\/p>\n<h2><span style=\"font-family:arial, helvetica, sans-serif;font-size:10pt;\">Zalety wykorzystania p\u0119sety szpiczastej do rz\u0119s<\/span><\/h2>\n<p><\/br><\/p>\n<ul><\/br><\/p>\n<li><span style=\"font-family:arial, helvetica, sans-serif;font-size:10pt;\">Odpowiedniej szeroko\u015bci ko\u0144c\u00f3wka pozwala na precyzyjne wykonywanie zabieg\u00f3w kosmetycznych<\/span><\/li>\n<p><\/br><\/p>\n<li><span style=\"font-family:arial, helvetica, sans-serif;font-size:10pt;\">R\u0119koje\u015b\u0107 o odpowiedniej szeroko\u015bci umo\u017cliwia chwycenie pincety w pewny spos\u00f3b<\/span><\/li>\n<p><\/br><\/p>\n<li><span style=\"font-family:arial, helvetica, sans-serif;font-size:10pt;\">Wykonanie instrumentu z wysokiej jako\u015bci, nierdzewnej stali niemieckiej jest gwarancj\u0105 d\u0142ugotrwa\u0142o\u015bci<\/span><\/li>\n<p><\/br><\/p>\n<li><span style=\"font-family:arial, helvetica, sans-serif;font-size:10pt;\">Dobrze sprawdza si\u0119 do rozdzielania, separacji, stylizacji i zak\u0142adania rz\u0119s<\/span><\/li>\n<p><\/br><\/p>\n<li><span style=\"font-family:arial, helvetica, sans-serif;font-size:10pt;\">Mo\u017ce by\u0107 wykorzystywana tak\u017ce do przyklejania i przed\u0142u\u017cania rz\u0119s<\/span><\/li>\n<p><\/br><\/ul>\n<p><\/br><\/p>\n<p><span style=\"font-family:arial, helvetica, sans-serif;font-size:10pt;\">Produkt posiada certyfikaty ISO i CE.<\/span><\/p>\n","protected":false},"featured_media":1140,"comment_status":"closed","ping_status":"open","template":"","meta":[],"product_brand":[],"product_cat":[51],"product_tag":[],"class_list":{"0":"post-2443","1":"product","2":"type-product","3":"status-publish","4":"has-post-thumbnail","6":"product_cat-pesety-i-szczypce","8":"first","9":"instock","10":"product-type-simple"},"_links":{"self":[{"href":"https:\/\/tendosolingen.de\/pl\/wp-json\/wp\/v2\/product\/2443","targetHints":{"allow":["GET"]}}],"collection":[{"href":"https:\/\/tendosolingen.de\/pl\/wp-json\/wp\/v2\/product"}],"about":[{"href":"https:\/\/tendosolingen.de\/pl\/wp-json\/wp\/v2\/types\/product"}],"replies":[{"embeddable":true,"href":"https:\/\/tendosolingen.de\/pl\/wp-json\/wp\/v2\/comments?post=2443"}],"wp:featuredmedia":[{"embeddable":true,"href":"https:\/\/tendosolingen.de\/pl\/wp-json\/wp\/v2\/media\/1140"}],"wp:attachment":[{"href":"https:\/\/tendosolingen.de\/pl\/wp-json\/wp\/v2\/media?parent=2443"}],"wp:term":[{"taxonomy":"product_brand","embeddable":true,"href":"https:\/\/tendosolingen.de\/pl\/wp-json\/wp\/v2\/product_brand?post=2443"},{"taxonomy":"product_cat","embeddable":true,"href":"https:\/\/tendosolingen.de\/pl\/wp-json\/wp\/v2\/product_cat?post=2443"},{"taxonomy":"product_tag","embeddable":true,"href":"https:\/\/tendosolingen.de\/pl\/wp-json\/wp\/v2\/product_tag?post=2443"}],"curies":[{"name":"wp","href":"https:\/\/api.w.org\/{rel}","templated":true}]}}