{"id":2442,"date":"2024-04-09T22:38:26","date_gmt":"2024-04-09T20:38:26","guid":{"rendered":"https:\/\/tendosolingen.de\/product\/nozyczki-do-przycinania-brody-i-wasow-tendo-solingen-black\/"},"modified":"2026-01-09T19:40:19","modified_gmt":"2026-01-09T18:40:19","slug":"nozyczki-do-przycinania-brody-i-wasow-tendo-solingen-black","status":"publish","type":"product","link":"https:\/\/tendosolingen.de\/pl\/produkt\/nozyczki-do-przycinania-brody-i-wasow-tendo-solingen-black\/","title":{"rendered":"No\u017cyczki do przycinania brody i w\u0105s\u00f3w Tendo\u00ae Solingen Black"},"content":{"rendered":"<p><span style=\"font-family:arial, helvetica, sans-serif;font-size:10pt;\"><span style=\"text-decoration:underline;\">Profesjonalne no\u017cyczki do przycinania w\u0105s\u00f3w i brody<\/span> Tendo Solingen Black\u00ae posiadaj\u0105 ostre, odpowiednio wyprofilowane ostrza umo\u017cliwiaj\u0105ce kszta\u0142towanie z zarostu odpowiedniej formy. Dobre n<em>o\u017cyczki do strzy\u017cenia<\/em> posiadaj\u0105 elegancki, czarny design, a ich niewielki rozmiar pozwala na posiadanie ich zawsze pod r\u0119k\u0105 \u2013 r\u00f3wnie\u017c na wyjazdach. Instrument <strong>do zarostu<\/strong> wykonany jest z wysokiej jako\u015bci stali chirurgicznej gwarantuj\u0105cej doskona\u0142e w\u0142a\u015bciwo\u015bci antykorozyjne oraz d\u0142ugotrwa\u0142o\u015b\u0107.<\/span><\/p>\n<p><\/br><\/p>\n<h1><span style=\"font-family:arial, helvetica, sans-serif;font-size:10pt;\">Parametry no\u017cyczek do brody i w\u0105s\u00f3w<\/span><\/h1>\n<p><\/br><\/p>\n<ul><\/br><\/p>\n<li><span style=\"font-family:arial, helvetica, sans-serif;font-size:10pt;\">Przeznaczenie: zarost twardy, broda, w\u0105sy<\/span><\/li>\n<p><\/br><\/p>\n<li><span style=\"font-family:arial, helvetica, sans-serif;font-size:10pt;\">Typ: ostro-ostre, barberskie<\/span><\/li>\n<p><\/br><\/p>\n<li><span style=\"font-family:arial, helvetica, sans-serif;font-size:10pt;\">D\u0142ugo\u015b\u0107: 12 cm<\/span><\/li>\n<p><\/br><\/p>\n<li><span style=\"font-family:arial, helvetica, sans-serif;font-size:10pt;\">Produkt niesterylny<\/span><\/li>\n<p><\/br><\/p>\n<li><span style=\"font-family:arial, helvetica, sans-serif;font-size:10pt;\">Produkt wielokrotnego u\u017cytku<\/span><\/li>\n<p><\/br><\/ul>\n<p><\/br><\/p>\n<h2><span style=\"font-family:arial, helvetica, sans-serif;font-size:10pt;\">Zalety wykorzystania dobrych no\u017cyczek do strzy\u017cenia w\u0105s\u00f3w i brody<\/span><\/h2>\n<p><\/br><\/p>\n<ul><\/br><\/p>\n<li><span style=\"font-family:arial, helvetica, sans-serif;font-size:10pt;\">Odpowiednie wyprofilowanie no\u017cyczek umo\u017cliwia utrzymanie zarostu zawsze w po\u017c\u0105danej formie<\/span><\/li>\n<p><\/br><\/p>\n<li><span style=\"font-family:arial, helvetica, sans-serif;font-size:10pt;\">Posiadaj\u0105 specjalne zako\u0144czenie chroni\u0105ce przed skaleczeniem podczas przycinania w\u0105s\u00f3w i brody<\/span><\/li>\n<p><\/br><\/p>\n<li><span style=\"font-family:arial, helvetica, sans-serif;font-size:10pt;\">Kompaktowy rozmiar pozwala na \u0142atwe transportowanie no\u017cyczek pomi\u0119dzy rzeczami osobistymi<\/span><\/li>\n<p><\/br><\/p>\n<li><span style=\"font-family:arial, helvetica, sans-serif;font-size:10pt;\">No\u017cyczki wykonane s\u0105 z wysokiej jako\u015bci, niemieckiej stali nierdzewnej zapewniaj\u0105cej doskona\u0142e w\u0142a\u015bciwo\u015bci antykorozyjne<\/span><\/li>\n<p><\/br><\/ul>\n<p><\/br><\/p>\n<p><span style=\"font-family:arial, helvetica, sans-serif;font-size:10pt;\">Produkt posiada certyfikaty ISO i CE.<\/span><\/p>\n","protected":false},"excerpt":{"rendered":"<p><span style=\"font-family:arial, helvetica, sans-serif;font-size:10pt;\"><span style=\"text-decoration:underline;\">Profesjonalne no\u017cyczki do przycinania w\u0105s\u00f3w i brody<\/span> Tendo Solingen Black\u00ae posiadaj\u0105 ostre, odpowiednio wyprofilowane ostrza umo\u017cliwiaj\u0105ce kszta\u0142towanie z zarostu odpowiedniej formy. Dobre n<em>o\u017cyczki do strzy\u017cenia<\/em> posiadaj\u0105 elegancki, czarny design, a ich niewielki rozmiar pozwala na posiadanie ich zawsze pod r\u0119k\u0105 \u2013 r\u00f3wnie\u017c na wyjazdach. Instrument <strong>do zarostu<\/strong> wykonany jest z wysokiej jako\u015bci stali chirurgicznej gwarantuj\u0105cej doskona\u0142e w\u0142a\u015bciwo\u015bci antykorozyjne oraz d\u0142ugotrwa\u0142o\u015b\u0107.<\/span><\/p>\n<p><\/br><\/p>\n<h1><span style=\"font-family:arial, helvetica, sans-serif;font-size:10pt;\">Parametry no\u017cyczek do brody i w\u0105s\u00f3w<\/span><\/h1>\n<p><\/br><\/p>\n<ul><\/br><\/p>\n<li><span style=\"font-family:arial, helvetica, sans-serif;font-size:10pt;\">Przeznaczenie: zarost twardy, broda, w\u0105sy<\/span><\/li>\n<p><\/br><\/p>\n<li><span style=\"font-family:arial, helvetica, sans-serif;font-size:10pt;\">Typ: ostro-ostre, barberskie<\/span><\/li>\n<p><\/br><\/p>\n<li><span style=\"font-family:arial, helvetica, sans-serif;font-size:10pt;\">D\u0142ugo\u015b\u0107: 12 cm<\/span><\/li>\n<p><\/br><\/p>\n<li><span style=\"font-family:arial, helvetica, sans-serif;font-size:10pt;\">Produkt niesterylny<\/span><\/li>\n<p><\/br><\/p>\n<li><span style=\"font-family:arial, helvetica, sans-serif;font-size:10pt;\">Produkt wielokrotnego u\u017cytku<\/span><\/li>\n<p><\/br><\/ul>\n<p><\/br><\/p>\n<h2><span style=\"font-family:arial, helvetica, sans-serif;font-size:10pt;\">Zalety wykorzystania dobrych no\u017cyczek do strzy\u017cenia w\u0105s\u00f3w i brody<\/span><\/h2>\n<p><\/br><\/p>\n<ul><\/br><\/p>\n<li><span style=\"font-family:arial, helvetica, sans-serif;font-size:10pt;\">Odpowiednie wyprofilowanie no\u017cyczek umo\u017cliwia utrzymanie zarostu zawsze w po\u017c\u0105danej formie<\/span><\/li>\n<p><\/br><\/p>\n<li><span style=\"font-family:arial, helvetica, sans-serif;font-size:10pt;\">Posiadaj\u0105 specjalne zako\u0144czenie chroni\u0105ce przed skaleczeniem podczas przycinania w\u0105s\u00f3w i brody<\/span><\/li>\n<p><\/br><\/p>\n<li><span style=\"font-family:arial, helvetica, sans-serif;font-size:10pt;\">Kompaktowy rozmiar pozwala na \u0142atwe transportowanie no\u017cyczek pomi\u0119dzy rzeczami osobistymi<\/span><\/li>\n<p><\/br><\/p>\n<li><span style=\"font-family:arial, helvetica, sans-serif;font-size:10pt;\">No\u017cyczki wykonane s\u0105 z wysokiej jako\u015bci, niemieckiej stali nierdzewnej zapewniaj\u0105cej doskona\u0142e w\u0142a\u015bciwo\u015bci antykorozyjne<\/span><\/li>\n<p><\/br><\/ul>\n<p><\/br><\/p>\n<p><span style=\"font-family:arial, helvetica, sans-serif;font-size:10pt;\">Produkt posiada certyfikaty ISO i CE.<\/span><\/p>\n","protected":false},"featured_media":1136,"comment_status":"closed","ping_status":"closed","template":"","meta":[],"product_brand":[],"product_cat":[48],"product_tag":[],"class_list":{"0":"post-2442","1":"product","2":"type-product","3":"status-publish","4":"has-post-thumbnail","6":"product_cat-nozyczki-do-skorek-i-paznokci-pl","8":"first","9":"instock","10":"product-type-simple"},"_links":{"self":[{"href":"https:\/\/tendosolingen.de\/pl\/wp-json\/wp\/v2\/product\/2442","targetHints":{"allow":["GET"]}}],"collection":[{"href":"https:\/\/tendosolingen.de\/pl\/wp-json\/wp\/v2\/product"}],"about":[{"href":"https:\/\/tendosolingen.de\/pl\/wp-json\/wp\/v2\/types\/product"}],"replies":[{"embeddable":true,"href":"https:\/\/tendosolingen.de\/pl\/wp-json\/wp\/v2\/comments?post=2442"}],"wp:featuredmedia":[{"embeddable":true,"href":"https:\/\/tendosolingen.de\/pl\/wp-json\/wp\/v2\/media\/1136"}],"wp:attachment":[{"href":"https:\/\/tendosolingen.de\/pl\/wp-json\/wp\/v2\/media?parent=2442"}],"wp:term":[{"taxonomy":"product_brand","embeddable":true,"href":"https:\/\/tendosolingen.de\/pl\/wp-json\/wp\/v2\/product_brand?post=2442"},{"taxonomy":"product_cat","embeddable":true,"href":"https:\/\/tendosolingen.de\/pl\/wp-json\/wp\/v2\/product_cat?post=2442"},{"taxonomy":"product_tag","embeddable":true,"href":"https:\/\/tendosolingen.de\/pl\/wp-json\/wp\/v2\/product_tag?post=2442"}],"curies":[{"name":"wp","href":"https:\/\/api.w.org\/{rel}","templated":true}]}}