{"id":2440,"date":"2024-04-09T22:38:26","date_gmt":"2024-04-09T20:38:26","guid":{"rendered":"https:\/\/tendosolingen.de\/product\/male-nozyczki-do-paznokci-dla-dzieci-tendo-solingen-9-cm-gold-line\/"},"modified":"2026-01-09T22:55:41","modified_gmt":"2026-01-09T21:55:41","slug":"male-nozyczki-do-paznokci-dla-dzieci-9-cm-gold-line","status":"publish","type":"product","link":"https:\/\/tendosolingen.de\/pl\/produkt\/male-nozyczki-do-paznokci-dla-dzieci-9-cm-gold-line\/","title":{"rendered":"Ma\u0142e no\u017cyczki do paznokci dla dzieci 9 cm Gold Line"},"content":{"rendered":"<p><span style=\"font-family: arial, helvetica, sans-serif; font-size: 10pt;\">Profesjonalne\u00a0precyzyjne\u00a0no\u017cyczki przeznaczone do obcinania paznokci u ma\u0142ych dzieci. No\u017cyczki posiadaj\u0105 zaokr\u0105glone ko\u0144c\u00f3wki zapobiegaj\u0105ce przed przypadkowymi uszkodzeniami tkanki, skaleczeniami. Dzi\u0119ki bezpiecznej konstrukcji mog\u0105 by\u0107 wykorzystywane r\u00f3wnie\u017c do wycinania ow\u0142osienia z uszu czy nosa. D\u0142ugo\u015b\u0107 \u2013 9 cm \u2013 oraz odpowiedniej wielko\u015bci uszy zapewniaj\u0105 uniwersalno\u015b\u0107 dla u\u017cytkownik\u00f3w prawo- oraz lewor\u0119cznych. Produkt wykonany z wysokiej jako\u015bci, niemieckiej stali nierdzewnej zapewniaj\u0105cej bardzo dobre w\u0142a\u015bciwo\u015bci antykorozyjne oraz d\u0142ugotrwa\u0142o\u015b\u0107.<\/span><\/p>\n<p>&nbsp;<\/p>\n<h2><span style=\"font-family: arial, helvetica, sans-serif; font-size: 10pt;\">Parametry no\u017cyczek do paznokci dla dzieci, zaokr\u0105glonych<\/span><\/h2>\n<ul>\n<li style=\"list-style-type: none;\">\n<ul>\n<li><span style=\"font-family: arial, helvetica, sans-serif; font-size: 10pt;\">ko\u0144c\u00f3wka: ostro-ostra, zaokr\u0105glone<\/span><\/li>\n<\/ul>\n<\/li>\n<\/ul>\n<ul>\n<li style=\"list-style-type: none;\">\n<ul>\n<li><span style=\"font-family: arial, helvetica, sans-serif; font-size: 10pt;\">specjalnie zaprojektowana linia dla Gold Line przez profesjonalist\u00f3w<\/span><\/li>\n<\/ul>\n<\/li>\n<\/ul>\n<ul>\n<li style=\"list-style-type: none;\">\n<ul>\n<li><span style=\"font-family: arial, helvetica, sans-serif; font-size: 10pt;\">proste<\/span><\/li>\n<\/ul>\n<\/li>\n<\/ul>\n<ul>\n<li style=\"list-style-type: none;\">\n<ul>\n<li><span style=\"font-family: arial, helvetica, sans-serif; font-size: 10pt;\">niemiecka stal chirurgiczna<\/span><\/li>\n<\/ul>\n<\/li>\n<\/ul>\n<ul>\n<li style=\"list-style-type: none;\">\n<ul>\n<li><span style=\"font-family: arial, helvetica, sans-serif; font-size: 10pt;\">d\u0142ugo\u015b\u0107: 9 cm<\/span><\/li>\n<\/ul>\n<\/li>\n<\/ul>\n<ul>\n<li style=\"list-style-type: none;\">\n<ul>\n<li><span style=\"font-family: arial, helvetica, sans-serif; font-size: 10pt;\">przystosowane dla u\u017cytkownik\u00f3w prawo- i lewor\u0119cznych<\/span><\/li>\n<\/ul>\n<\/li>\n<\/ul>\n<ul>\n<li style=\"list-style-type: none;\">\n<ul>\n<li><span style=\"font-family: arial, helvetica, sans-serif; font-size: 10pt;\">produkt niesterylny<\/span><\/li>\n<\/ul>\n<\/li>\n<\/ul>\n<ul>\n<li style=\"list-style-type: none;\">\n<ul>\n<li><span style=\"font-family: arial, helvetica, sans-serif; font-size: 10pt;\">polerowane<\/span><\/li>\n<\/ul>\n<\/li>\n<\/ul>\n<ul>\n<li style=\"list-style-type: none;\">\n<ul>\n<li><span style=\"font-family: arial, helvetica, sans-serif; font-size: 10pt;\">antyalergiczne<\/span><\/li>\n<\/ul>\n<\/li>\n<\/ul>\n<ul>\n<li style=\"list-style-type: none;\">\n<ul>\n<li><span style=\"font-family: arial, helvetica, sans-serif; font-size: 10pt;\">produkt wielokrotnego u\u017cytku<\/span><\/li>\n<\/ul>\n<\/li>\n<\/ul>\n<p>&nbsp;<\/p>\n<p>&nbsp;<\/p>\n<h2><span style=\"font-family: arial, helvetica, sans-serif; font-size: 10pt;\">Zalety wykorzystania no\u017cyczki do paznokci dla dzieci\u00a0<\/span><\/h2>\n<p>&nbsp;<\/p>\n<ul>\n<li style=\"list-style-type: none;\">\n<ul>\n<li><span style=\"font-family: arial, helvetica, sans-serif; font-size: 10pt;\">zaokr\u0105glone ko\u0144c\u00f3wki no\u017cyczek umo\u017cliwiaj\u0105 bezpieczne obcinanie paznokci u dzieci<\/span><\/li>\n<\/ul>\n<\/li>\n<\/ul>\n<ul>\n<li style=\"list-style-type: none;\">\n<ul>\n<li><span style=\"font-family: arial, helvetica, sans-serif; font-size: 10pt;\">zapobiegaj\u0105 przypadkowym naruszeniom tkanek<\/span><\/li>\n<\/ul>\n<\/li>\n<\/ul>\n<ul>\n<li style=\"list-style-type: none;\">\n<ul>\n<li><span style=\"font-family: arial, helvetica, sans-serif; font-size: 10pt;\">zaokr\u0105glone ko\u0144c\u00f3wki pozwalaj\u0105 na wykorzystanie no\u017cyczek r\u00f3wnie\u017c do wycinania w\u0142os\u00f3w z nosa oraz uszu<\/span><\/li>\n<\/ul>\n<\/li>\n<\/ul>\n<ul>\n<li style=\"list-style-type: none;\">\n<ul>\n<li><span style=\"font-family: arial, helvetica, sans-serif; font-size: 10pt;\">uchwyt uniwersalny przystosowany zar\u00f3wno dla os\u00f3b lewo- jak i prawor\u0119cznych<\/span><\/li>\n<\/ul>\n<\/li>\n<\/ul>\n<ul>\n<li style=\"list-style-type: none;\">\n<ul>\n<li><span style=\"font-family: arial, helvetica, sans-serif; font-size: 10pt;\">z polerowanej stali nierdzewnej odpornej na korozj\u0119<\/span><\/li>\n<\/ul>\n<\/li>\n<\/ul>\n<ul>\n<li style=\"list-style-type: none;\">\n<ul>\n<li><span style=\"font-family: arial, helvetica, sans-serif; font-size: 10pt;\">design in Germany<\/span><\/li>\n<\/ul>\n<\/li>\n<\/ul>\n<ul>\n<li style=\"list-style-type: none;\">\n<ul>\n<li><span style=\"font-family: arial, helvetica, sans-serif; font-size: 10pt;\">trzyletnia gwarancja producenta<\/span><\/li>\n<\/ul>\n<\/li>\n<\/ul>\n<ul>\n<li style=\"list-style-type: none;\">\n<ul>\n<li><span style=\"font-family: arial, helvetica, sans-serif; font-size: 10pt;\">gwarancja jako\u015b\u0107i\u00a0<\/span><\/li>\n<\/ul>\n<\/li>\n<\/ul>\n<p>&nbsp;<\/p>\n<p><span style=\"font-family: arial, helvetica, sans-serif; font-size: 10pt;\">Narz\u0119dzia s\u0105 fabrycznie nowe oraz dok\u0142adnie sprawdzane i kontrolowane na wszystkich etapach produkcji, w celu zapewnienia ich zgodno\u015bci z mi\u0119dzynarodowymi standardami okre\u015blonymi ISO 9001:2008 oraz certyfikatem CE.<\/span><\/p>\n","protected":false},"excerpt":{"rendered":"<p>Profesjonalne, precyzyjne no\u017cyczki dla ma\u0142ych dzieci z zaokr\u0105glonymi ko\u0144c\u00f3wkami, wykonane z wysokiej jako\u015bci niemieckiej stali nierdzewnej, zapewniaj\u0105 bezpieczne obcinanie paznokci oraz delikatne usuwanie ow\u0142osienia z nosa i uszu, oferuj\u0105c komfort i uniwersalno\u015b\u0107 u\u017cytkowania dla os\u00f3b prawo- i lewor\u0119cznych.<\/p>\n","protected":false},"featured_media":1128,"comment_status":"closed","ping_status":"closed","template":"","meta":[],"product_brand":[],"product_cat":[48],"product_tag":[],"class_list":{"0":"post-2440","1":"product","2":"type-product","3":"status-publish","4":"has-post-thumbnail","6":"product_cat-nozyczki-do-skorek-i-paznokci-pl","7":"pa_klasa-produktu-gold-line","9":"first","10":"instock","11":"purchasable","12":"product-type-simple"},"_links":{"self":[{"href":"https:\/\/tendosolingen.de\/pl\/wp-json\/wp\/v2\/product\/2440","targetHints":{"allow":["GET"]}}],"collection":[{"href":"https:\/\/tendosolingen.de\/pl\/wp-json\/wp\/v2\/product"}],"about":[{"href":"https:\/\/tendosolingen.de\/pl\/wp-json\/wp\/v2\/types\/product"}],"replies":[{"embeddable":true,"href":"https:\/\/tendosolingen.de\/pl\/wp-json\/wp\/v2\/comments?post=2440"}],"wp:featuredmedia":[{"embeddable":true,"href":"https:\/\/tendosolingen.de\/pl\/wp-json\/wp\/v2\/media\/1128"}],"wp:attachment":[{"href":"https:\/\/tendosolingen.de\/pl\/wp-json\/wp\/v2\/media?parent=2440"}],"wp:term":[{"taxonomy":"product_brand","embeddable":true,"href":"https:\/\/tendosolingen.de\/pl\/wp-json\/wp\/v2\/product_brand?post=2440"},{"taxonomy":"product_cat","embeddable":true,"href":"https:\/\/tendosolingen.de\/pl\/wp-json\/wp\/v2\/product_cat?post=2440"},{"taxonomy":"product_tag","embeddable":true,"href":"https:\/\/tendosolingen.de\/pl\/wp-json\/wp\/v2\/product_tag?post=2440"}],"curies":[{"name":"wp","href":"https:\/\/api.w.org\/{rel}","templated":true}]}}