{"id":2439,"date":"2024-04-09T22:38:26","date_gmt":"2024-04-09T20:38:26","guid":{"rendered":"https:\/\/tendosolingen.de\/product\/nozyczki-do-paznokci-i-grubych-skorek-zagiete-tendo-solingen-black\/"},"modified":"2026-01-09T19:39:44","modified_gmt":"2026-01-09T18:39:44","slug":"nozyczki-do-paznokci-i-grubych-skorek-zagiete-tendo-solingen-black","status":"publish","type":"product","link":"https:\/\/tendosolingen.de\/pl\/produkt\/nozyczki-do-paznokci-i-grubych-skorek-zagiete-tendo-solingen-black\/","title":{"rendered":"No\u017cyczki do paznokci i grubych sk\u00f3rek zagi\u0119te Tendo Solingen Black\u00ae"},"content":{"rendered":"<p><span style=\"font-family:arial, helvetica, sans-serif;font-size:10pt;\">Medyczne no\u017cyczki Tendo Solingen Black\u00ae przeznaczone s\u0105 g\u0142\u00f3wnie do obcinania paznokci. Mog\u0105 tak\u017ce skutecznie obcina\u0107 wi\u0119ksze sk\u00f3rki. Delikatnie zakrzywiona cz\u0119\u015b\u0107 pracuj\u0105ca no\u017cyczek umo\u017cliwia precyzyjne, komfortowe obcinanie przy zabiegach manicure oraz pedicure. No\u017cyczki tego typu wykorzystywane s\u0105 g\u0142\u00f3wnie w gabinetach kosmetycznych, gabinetach SPA oraz klinikach medycyny estetycznej, ale r\u00f3wnie\u017c w domowych warunkach. No\u017cyczki wykorzystane z wysokiej jako\u015bci stali nierdzewnej, posiadaj\u0105 bardzo dobre w\u0142a\u015bciwo\u015bci antykorozyjne. Uniwersalna konstrukcja przeznaczona jest zar\u00f3wna dla os\u00f3b prawo- jak i lewor\u0119cznych. Produkt posiada ma\u0142e oka, czyni\u0105c go bardziej przyst\u0119pnym dla u\u017cytkownik\u00f3w z mniejszymi d\u0142o\u0144mi.<\/span><\/p>\n<p><\/br><\/p>\n<h2><span style=\"font-family:arial, helvetica, sans-serif;font-size:10pt;\">Parametry no\u017cyczek do paznokci i grubych sk\u00f3rek zagi\u0119tych<\/span><\/h2>\n<p><\/br><\/p>\n<ul><\/br><\/p>\n<li><span style=\"font-family:arial, helvetica, sans-serif;font-size:10pt;\">ko\u0144c\u00f3wka: do paznokci i grubych sk\u00f3rek, zagi\u0119ta (wygi\u0119te)<\/span><\/li>\n<p><\/br><\/p>\n<li><span style=\"font-family:arial, helvetica, sans-serif;font-size:10pt;\">d\u0142ugo\u015b\u0107: 9 cm<\/span><\/li>\n<p><\/br><\/p>\n<li><span style=\"font-family:arial, helvetica, sans-serif;font-size:10pt;\">chwyt prawo-oraz lewor\u0119czny<\/span><\/li>\n<p><\/br><\/p>\n<li><span style=\"font-family:arial, helvetica, sans-serif;font-size:10pt;\">produkt niesterylny<\/span><\/li>\n<p><\/br><\/p>\n<li><span style=\"font-family:arial, helvetica, sans-serif;font-size:10pt;\">produkt wielokrotnego u\u017cytku<\/span><\/li>\n<p><\/br><\/p>\n<li><span style=\"font-family:arial, helvetica, sans-serif;font-size:10pt;\">gwarancja 24 miesi\u0105ce\u00a0<\/span><\/li>\n<p><\/br><\/p>\n<li><span style=\"text-decoration:underline;\"><span style=\"font-family:arial, helvetica, sans-serif;font-size:10pt;\">ze stali chirurgicznej<\/span><\/span><\/li>\n<p><\/br><\/ul>\n<p><\/br><\/p>\n<h2><span style=\"font-family:arial, helvetica, sans-serif;font-size:10pt;\">Zalety wykorzystania\u00a0no\u017cyczek do paznokci Solingen<\/span><\/h2>\n<p><\/br><\/p>\n<ul><\/br><\/p>\n<li><span style=\"font-family:arial, helvetica, sans-serif;font-size:10pt;\">Odpowiednio zagi\u0119ta, ostro-ostra ko\u0144c\u00f3wka no\u017cyczek umo\u017cliwia precyzyjne obcinanie paznokci oraz wycinanie sk\u00f3rek<\/span><\/li>\n<p><\/br><\/p>\n<li><span style=\"font-family:arial, helvetica, sans-serif;font-size:10pt;\">Uniwersalny chwyt umo\u017cliwia u\u017cytkowanie no\u017cyczek zar\u00f3wno przez prawo- jak i lewor\u0119cznych<\/span><\/li>\n<p><\/br><\/p>\n<li><span style=\"font-family:arial, helvetica, sans-serif;font-size:10pt;\">Mocne no\u017cyczki znajduj\u0105 swoje zastosowanie zar\u00f3wno w \u015brodowisku profesjonalnym jak i w warunkach domowych<\/span><\/li>\n<p><\/br><\/p>\n<li><span style=\"font-family:arial, helvetica, sans-serif;font-size:10pt;\">Wyprodukowanie instrumentu z niemieckiej stali nierdzewnej pozwala na jego wielokrotn\u0105 sterylizacje<\/span><\/li>\n<p><\/br><\/ul>\n<p><\/br><\/p>\n<p><span style=\"font-family:arial, helvetica, sans-serif;font-size:10pt;\">Narz\u0119dzie jest przeznaczone do sterylizacji i wielokrotnego u\u017cytku.\u00a0No\u017cyczki\u00a0do wycinania sk\u00f3rek powinny by\u0107 u\u017cywane zgodnie z ich przeznaczeniem. Przed pierwszym u\u017cyciem zalecamy zdezynfekowa\u0107 produkt.\u00a0Produkt zakupiony na platformie instrumedic.pl to gwarancja najwy\u017cszej jako\u015bci wykonania, bezpiecze\u0144stwa zakupu\u00a0i gwarantowanej satysfakcji albo zwrotu pieni\u0119dzy.\u00a0Narz\u0119dzia s\u0105 fabrycznie nowe oraz dok\u0142adnie sprawdzane i kontrolowane na wszystkich etapach produkcji, w celu zapewnienia ich zgodno\u015bci z mi\u0119dzynarodowymi standardami okre\u015blonymi ISO 9001:2008 oraz certyfikatem CE.<\/span><\/p>\n","protected":false},"excerpt":{"rendered":"<p><span style=\"font-family:arial, helvetica, sans-serif;font-size:10pt;\">Medyczne no\u017cyczki Tendo Solingen Black\u00ae przeznaczone s\u0105 g\u0142\u00f3wnie do obcinania paznokci. Mog\u0105 tak\u017ce skutecznie obcina\u0107 wi\u0119ksze sk\u00f3rki. Delikatnie zakrzywiona cz\u0119\u015b\u0107 pracuj\u0105ca no\u017cyczek umo\u017cliwia precyzyjne, komfortowe obcinanie przy zabiegach manicure oraz pedicure. No\u017cyczki tego typu wykorzystywane s\u0105 g\u0142\u00f3wnie w gabinetach kosmetycznych, gabinetach SPA oraz klinikach medycyny estetycznej, ale r\u00f3wnie\u017c w domowych warunkach. No\u017cyczki wykorzystane z wysokiej jako\u015bci stali nierdzewnej, posiadaj\u0105 bardzo dobre w\u0142a\u015bciwo\u015bci antykorozyjne. Uniwersalna konstrukcja przeznaczona jest zar\u00f3wna dla os\u00f3b prawo- jak i lewor\u0119cznych. Produkt posiada ma\u0142e oka, czyni\u0105c go bardziej przyst\u0119pnym dla u\u017cytkownik\u00f3w z mniejszymi d\u0142o\u0144mi.<\/span><\/p>\n<p><\/br><\/p>\n<h2><span style=\"font-family:arial, helvetica, sans-serif;font-size:10pt;\">Parametry no\u017cyczek do paznokci i grubych sk\u00f3rek zagi\u0119tych<\/span><\/h2>\n<p><\/br><\/p>\n<ul><\/br><\/p>\n<li><span style=\"font-family:arial, helvetica, sans-serif;font-size:10pt;\">ko\u0144c\u00f3wka: do paznokci i grubych sk\u00f3rek, zagi\u0119ta (wygi\u0119te)<\/span><\/li>\n<p><\/br><\/p>\n<li><span style=\"font-family:arial, helvetica, sans-serif;font-size:10pt;\">d\u0142ugo\u015b\u0107: 9 cm<\/span><\/li>\n<p><\/br><\/p>\n<li><span style=\"font-family:arial, helvetica, sans-serif;font-size:10pt;\">chwyt prawo-oraz lewor\u0119czny<\/span><\/li>\n<p><\/br><\/p>\n<li><span style=\"font-family:arial, helvetica, sans-serif;font-size:10pt;\">produkt niesterylny<\/span><\/li>\n<p><\/br><\/p>\n<li><span style=\"font-family:arial, helvetica, sans-serif;font-size:10pt;\">produkt wielokrotnego u\u017cytku<\/span><\/li>\n<p><\/br><\/p>\n<li><span style=\"font-family:arial, helvetica, sans-serif;font-size:10pt;\">gwarancja 24 miesi\u0105ce\u00a0<\/span><\/li>\n<p><\/br><\/p>\n<li><span style=\"text-decoration:underline;\"><span style=\"font-family:arial, helvetica, sans-serif;font-size:10pt;\">ze stali chirurgicznej<\/span><\/span><\/li>\n<p><\/br><\/ul>\n<p><\/br><\/p>\n<h2><span style=\"font-family:arial, helvetica, sans-serif;font-size:10pt;\">Zalety wykorzystania\u00a0no\u017cyczek do paznokci Solingen<\/span><\/h2>\n<p><\/br><\/p>\n<ul><\/br><\/p>\n<li><span style=\"font-family:arial, helvetica, sans-serif;font-size:10pt;\">Odpowiednio zagi\u0119ta, ostro-ostra ko\u0144c\u00f3wka no\u017cyczek umo\u017cliwia precyzyjne obcinanie paznokci oraz wycinanie sk\u00f3rek<\/span><\/li>\n<p><\/br><\/p>\n<li><span style=\"font-family:arial, helvetica, sans-serif;font-size:10pt;\">Uniwersalny chwyt umo\u017cliwia u\u017cytkowanie no\u017cyczek zar\u00f3wno przez prawo- jak i lewor\u0119cznych<\/span><\/li>\n<p><\/br><\/p>\n<li><span style=\"font-family:arial, helvetica, sans-serif;font-size:10pt;\">Mocne no\u017cyczki znajduj\u0105 swoje zastosowanie zar\u00f3wno w \u015brodowisku profesjonalnym jak i w warunkach domowych<\/span><\/li>\n<p><\/br><\/p>\n<li><span style=\"font-family:arial, helvetica, sans-serif;font-size:10pt;\">Wyprodukowanie instrumentu z niemieckiej stali nierdzewnej pozwala na jego wielokrotn\u0105 sterylizacje<\/span><\/li>\n<p><\/br><\/ul>\n<p><\/br><\/p>\n<p><span style=\"font-family:arial, helvetica, sans-serif;font-size:10pt;\">Narz\u0119dzie jest przeznaczone do sterylizacji i wielokrotnego u\u017cytku.\u00a0No\u017cyczki\u00a0do wycinania sk\u00f3rek powinny by\u0107 u\u017cywane zgodnie z ich przeznaczeniem. Przed pierwszym u\u017cyciem zalecamy zdezynfekowa\u0107 produkt.\u00a0Produkt zakupiony na platformie instrumedic.pl to gwarancja najwy\u017cszej jako\u015bci wykonania, bezpiecze\u0144stwa zakupu\u00a0i gwarantowanej satysfakcji albo zwrotu pieni\u0119dzy.\u00a0Narz\u0119dzia s\u0105 fabrycznie nowe oraz dok\u0142adnie sprawdzane i kontrolowane na wszystkich etapach produkcji, w celu zapewnienia ich zgodno\u015bci z mi\u0119dzynarodowymi standardami okre\u015blonymi ISO 9001:2008 oraz certyfikatem CE.<\/span><\/p>\n","protected":false},"featured_media":1124,"comment_status":"closed","ping_status":"closed","template":"","meta":[],"product_brand":[],"product_cat":[48],"product_tag":[],"class_list":{"0":"post-2439","1":"product","2":"type-product","3":"status-publish","4":"has-post-thumbnail","6":"product_cat-nozyczki-do-skorek-i-paznokci-pl","8":"first","9":"instock","10":"product-type-simple"},"_links":{"self":[{"href":"https:\/\/tendosolingen.de\/pl\/wp-json\/wp\/v2\/product\/2439","targetHints":{"allow":["GET"]}}],"collection":[{"href":"https:\/\/tendosolingen.de\/pl\/wp-json\/wp\/v2\/product"}],"about":[{"href":"https:\/\/tendosolingen.de\/pl\/wp-json\/wp\/v2\/types\/product"}],"replies":[{"embeddable":true,"href":"https:\/\/tendosolingen.de\/pl\/wp-json\/wp\/v2\/comments?post=2439"}],"wp:featuredmedia":[{"embeddable":true,"href":"https:\/\/tendosolingen.de\/pl\/wp-json\/wp\/v2\/media\/1124"}],"wp:attachment":[{"href":"https:\/\/tendosolingen.de\/pl\/wp-json\/wp\/v2\/media?parent=2439"}],"wp:term":[{"taxonomy":"product_brand","embeddable":true,"href":"https:\/\/tendosolingen.de\/pl\/wp-json\/wp\/v2\/product_brand?post=2439"},{"taxonomy":"product_cat","embeddable":true,"href":"https:\/\/tendosolingen.de\/pl\/wp-json\/wp\/v2\/product_cat?post=2439"},{"taxonomy":"product_tag","embeddable":true,"href":"https:\/\/tendosolingen.de\/pl\/wp-json\/wp\/v2\/product_tag?post=2439"}],"curies":[{"name":"wp","href":"https:\/\/api.w.org\/{rel}","templated":true}]}}