{"id":2438,"date":"2024-04-09T22:38:26","date_gmt":"2024-04-09T20:38:26","guid":{"rendered":"https:\/\/tendosolingen.de\/product\/cegi-podologiczne-do-paznokci-tendo-solingen-profesjonalne-gold-line\/"},"modified":"2026-01-09T15:14:44","modified_gmt":"2026-01-09T14:14:44","slug":"cegi-podologiczne-do-paznokci-tendo-solingen-profesjonalne-gold-line","status":"publish","type":"product","link":"https:\/\/tendosolingen.de\/pl\/produkt\/cegi-podologiczne-do-paznokci-tendo-solingen-profesjonalne-gold-line\/","title":{"rendered":"C\u0119gi podologiczne do paznokci profesjonalne Gold Line"},"content":{"rendered":"<p><span style=\"font-family:arial, helvetica, sans-serif;font-size:10pt;\">Profesjonalne\u00a0<strong>c\u0119gi podologiczne<\/strong>\u00a0marki Tendo\u00ae Solingen z lini Gold Line do obcinania twardych paznokci z niemieckiej stali chirurgicznej.\u00a0<em>C\u0119gi Tendo\u00ae Solingen<\/em>\u00a0s\u0142u\u017c\u0105 g\u0142\u00f3wnie do wycinania paznokci u n\u00f3g, dobrze obcinaj\u0105 grube i twarde paznokcie.\u00a0Maj\u0105 tak\u017ce zastosowanie do paznokci mi\u0119kkich oraz wrastaj\u0105cych. Specjalny profil oraz kszta\u0142t ostrzy nadaj\u0105 paznokciom odpowiedni kszta\u0142t. Posiadaj\u0105 solidn\u0105, spiraln\u0105 spr\u0119\u017cyn\u0119 ta\u015bmow\u0105, kt\u00f3ra dobrze stabilizuje oraz amortyzuje ka\u017cde \u015bci\u015bni\u0119cie c\u0119g bocznych.<\/span><\/p>\n<p><\/br><\/p>\n<h2><span style=\"font-family:arial, helvetica, sans-serif;font-size:10pt;\"><strong>C\u0119gi do grubych i twardych paznokci\u00a0<\/strong><\/span><\/h2>\n<p><\/br><\/p>\n<ul><\/br><\/p>\n<li><span style=\"font-family:arial, helvetica, sans-serif;font-size:10pt;\">typ\u00a0<span style=\"text-decoration:underline;\">c\u0119gi do paznokci<\/span>,\u00a0<\/span><\/li>\n<p><\/br><\/p>\n<li><span style=\"font-family:arial, helvetica, sans-serif;font-size:10pt;\">design in Germany<\/span><\/li>\n<p><\/br><\/p>\n<li><span style=\"font-family:arial, helvetica, sans-serif;font-size:10pt;\">niemiecka stal chirurgiczna<\/span><\/li>\n<p><\/br><\/p>\n<li><span style=\"font-family:arial, helvetica, sans-serif;font-size:10pt;\">specjalnie zaprojektowana linia Gold Line dla specjalist\u00f3w<\/span><\/li>\n<p><\/br><\/p>\n<li><span style=\"font-family:arial, helvetica, sans-serif;font-size:10pt;\">spr\u0119\u017cynowe<\/span><\/li>\n<p><\/br><\/p>\n<li><span style=\"font-family:arial, helvetica, sans-serif;\"><span style=\"font-size:13.3333px;\">matowe<\/span><\/span><\/li>\n<p><\/br><\/p>\n<li><span style=\"font-family:arial, helvetica, sans-serif;font-size:10pt;\">d\u0142ugo\u015b\u0107 ca\u0142kowita 14 cm<\/span><\/li>\n<p><\/br><\/p>\n<li><span style=\"font-family:arial, helvetica, sans-serif;\"><span style=\"font-size:13.3333px;\">antyalergiczne<\/span><\/span><\/li>\n<p><\/br><\/p>\n<li><span style=\"font-family:arial, helvetica, sans-serif;font-size:10pt;\">d\u0142ugo\u015b\u0107 ostrza 2\u00a0cm<\/span><\/li>\n<p><\/br><\/p>\n<li><span style=\"font-family:arial, helvetica, sans-serif;font-size:10pt;\">ostrze dopasowane do paznokcia<\/span><\/li>\n<p><\/br><\/p>\n<li><span style=\"font-family:arial, helvetica, sans-serif;font-size:10pt;\">36 miesi\u0105cy gwarancji<\/span><\/li>\n<p><\/br><\/ul>\n<p><\/br><\/p>\n<h2><span style=\"font-family:arial, helvetica, sans-serif;font-size:10pt;\"><strong>C\u0119gi chirurgiczne i ich zalety\u00a0<\/strong><\/span><\/h2>\n<p><\/br><\/p>\n<ul><\/br><\/p>\n<li><span style=\"font-family:arial, helvetica, sans-serif;font-size:10pt;\">doskonale dopasowuj\u0105 si\u0119 do kszta\u0142tu paznokcia<\/span><\/li>\n<p><\/br><\/p>\n<li><span style=\"font-family:arial, helvetica, sans-serif;font-size:10pt;\">skuteczne zabiegi na twardych, wro\u015bni\u0119tych i zrogowacia\u0142ych paznokciach<\/span><\/li>\n<p><\/br><\/p>\n<li><span style=\"font-family:arial, helvetica, sans-serif;font-size:10pt;\">certyfikowany i bezpieczny produkt ze sklepu medycznego\u00a0<\/span><\/li>\n<p><\/br><\/p>\n<li><span style=\"font-family:arial, helvetica, sans-serif;font-size:10pt;\">s\u0142u\u017c\u0105 u\u017cytkownikom zar\u00f3wno prawo jak i lewor\u0119cznym<\/span><\/li>\n<p><\/br><\/p>\n<li><span style=\"font-family:arial, helvetica, sans-serif;font-size:10pt;\">wygodny w u\u017cyciu, unikalny mechanizm dzia\u0142ania szczypc\u00f3w<\/span><\/li>\n<p><\/br><\/p>\n<li><span style=\"font-family:arial, helvetica, sans-serif;font-size:10pt;\">zamek zabezpieczaj\u0105cy zapobiega uszkodzeniem ostrzy<\/span><\/li>\n<p><\/br><\/p>\n<li><span style=\"font-family:arial, helvetica, sans-serif;font-size:10pt;\">narz\u0119dzie wielokrotnego u\u017cytku &#8211; mo\u017cna podda\u0107 procesowi sterylizacji i dezynfekcji<\/span><\/li>\n<p><\/br><\/ul>\n<p><\/br><\/p>\n<p><span style=\"font-family:arial, helvetica, sans-serif;font-size:10pt;\">C\u0119gi podologiczne\u00a0do obcinania paznokci wykonane s\u0105 z najwy\u017cszej jako\u015bci, nierdzewnej stali chirurgicznej, wed\u0142ug niemieckich standard\u00f3w jako\u015bciowych i produkcyjnych. Produkt zakupiony na platformie instrumedic.pl to gwarancja najwy\u017cszej jako\u015bci wykonania, bezpiecze\u0144stwa zakupu\u00a0i gwarantowanej satysfakcji albo zwrotu pieni\u0119dzy. C\u0119gi chirurgiczne do paznokci &#8211; spr\u0119\u017cynowe &#8211; typ 64 powinny by\u0107 wykorzystywane zgodnie z ich przeznaczeniem.\u00a0Narz\u0119dzia s\u0105 fabrycznie nowe oraz dok\u0142adnie sprawdzane i kontrolowane na wszystkich etapach produkcji, w celu zapewnienia ich zgodno\u015bci z mi\u0119dzynarodowymi standardami okre\u015blonymi ISO 9001:2008 oraz certyfikatem CE.<\/span><\/p>\n","protected":false},"excerpt":{"rendered":"<p><span style=\"font-family:arial, helvetica, sans-serif;font-size:10pt;\">Profesjonalne\u00a0<strong>c\u0119gi podologiczne<\/strong>\u00a0marki Tendo\u00ae Solingen z lini Gold Line do obcinania twardych paznokci z niemieckiej stali chirurgicznej.\u00a0<em>C\u0119gi Tendo\u00ae Solingen<\/em>\u00a0s\u0142u\u017c\u0105 g\u0142\u00f3wnie do wycinania paznokci u n\u00f3g, dobrze obcinaj\u0105 grube i twarde paznokcie.\u00a0Maj\u0105 tak\u017ce zastosowanie do paznokci mi\u0119kkich oraz wrastaj\u0105cych. Specjalny profil oraz kszta\u0142t ostrzy nadaj\u0105 paznokciom odpowiedni kszta\u0142t. Posiadaj\u0105 solidn\u0105, spiraln\u0105 spr\u0119\u017cyn\u0119 ta\u015bmow\u0105, kt\u00f3ra dobrze stabilizuje oraz amortyzuje ka\u017cde \u015bci\u015bni\u0119cie c\u0119g bocznych.<\/span><\/p>\n<p><\/br><\/p>\n<h2><span style=\"font-family:arial, helvetica, sans-serif;font-size:10pt;\"><strong>C\u0119gi do grubych i twardych paznokci\u00a0<\/strong><\/span><\/h2>\n<p><\/br><\/p>\n<ul><\/br><\/p>\n<li><span style=\"font-family:arial, helvetica, sans-serif;font-size:10pt;\">typ\u00a0<span style=\"text-decoration:underline;\">c\u0119gi do paznokci<\/span>,\u00a0<\/span><\/li>\n<p><\/br><\/p>\n<li><span style=\"font-family:arial, helvetica, sans-serif;font-size:10pt;\">design in Germany<\/span><\/li>\n<p><\/br><\/p>\n<li><span style=\"font-family:arial, helvetica, sans-serif;font-size:10pt;\">niemiecka stal chirurgiczna<\/span><\/li>\n<p><\/br><\/p>\n<li><span style=\"font-family:arial, helvetica, sans-serif;font-size:10pt;\">specjalnie zaprojektowana linia Gold Line dla specjalist\u00f3w<\/span><\/li>\n<p><\/br><\/p>\n<li><span style=\"font-family:arial, helvetica, sans-serif;font-size:10pt;\">spr\u0119\u017cynowe<\/span><\/li>\n<p><\/br><\/p>\n<li><span style=\"font-family:arial, helvetica, sans-serif;\"><span style=\"font-size:13.3333px;\">matowe<\/span><\/span><\/li>\n<p><\/br><\/p>\n<li><span style=\"font-family:arial, helvetica, sans-serif;font-size:10pt;\">d\u0142ugo\u015b\u0107 ca\u0142kowita 14 cm<\/span><\/li>\n<p><\/br><\/p>\n<li><span style=\"font-family:arial, helvetica, sans-serif;\"><span style=\"font-size:13.3333px;\">antyalergiczne<\/span><\/span><\/li>\n<p><\/br><\/p>\n<li><span style=\"font-family:arial, helvetica, sans-serif;font-size:10pt;\">d\u0142ugo\u015b\u0107 ostrza 2\u00a0cm<\/span><\/li>\n<p><\/br><\/p>\n<li><span style=\"font-family:arial, helvetica, sans-serif;font-size:10pt;\">ostrze dopasowane do paznokcia<\/span><\/li>\n<p><\/br><\/p>\n<li><span style=\"font-family:arial, helvetica, sans-serif;font-size:10pt;\">36 miesi\u0105cy gwarancji<\/span><\/li>\n<p><\/br><\/ul>\n<p><\/br><\/p>\n<h2><span style=\"font-family:arial, helvetica, sans-serif;font-size:10pt;\"><strong>C\u0119gi chirurgiczne i ich zalety\u00a0<\/strong><\/span><\/h2>\n<p><\/br><\/p>\n<ul><\/br><\/p>\n<li><span style=\"font-family:arial, helvetica, sans-serif;font-size:10pt;\">doskonale dopasowuj\u0105 si\u0119 do kszta\u0142tu paznokcia<\/span><\/li>\n<p><\/br><\/p>\n<li><span style=\"font-family:arial, helvetica, sans-serif;font-size:10pt;\">skuteczne zabiegi na twardych, wro\u015bni\u0119tych i zrogowacia\u0142ych paznokciach<\/span><\/li>\n<p><\/br><\/p>\n<li><span style=\"font-family:arial, helvetica, sans-serif;font-size:10pt;\">certyfikowany i bezpieczny produkt ze sklepu medycznego\u00a0<\/span><\/li>\n<p><\/br><\/p>\n<li><span style=\"font-family:arial, helvetica, sans-serif;font-size:10pt;\">s\u0142u\u017c\u0105 u\u017cytkownikom zar\u00f3wno prawo jak i lewor\u0119cznym<\/span><\/li>\n<p><\/br><\/p>\n<li><span style=\"font-family:arial, helvetica, sans-serif;font-size:10pt;\">wygodny w u\u017cyciu, unikalny mechanizm dzia\u0142ania szczypc\u00f3w<\/span><\/li>\n<p><\/br><\/p>\n<li><span style=\"font-family:arial, helvetica, sans-serif;font-size:10pt;\">zamek zabezpieczaj\u0105cy zapobiega uszkodzeniem ostrzy<\/span><\/li>\n<p><\/br><\/p>\n<li><span style=\"font-family:arial, helvetica, sans-serif;font-size:10pt;\">narz\u0119dzie wielokrotnego u\u017cytku &#8211; mo\u017cna podda\u0107 procesowi sterylizacji i dezynfekcji<\/span><\/li>\n<p><\/br><\/ul>\n<p><\/br><\/p>\n<p><span style=\"font-family:arial, helvetica, sans-serif;font-size:10pt;\">C\u0119gi podologiczne\u00a0do obcinania paznokci wykonane s\u0105 z najwy\u017cszej jako\u015bci, nierdzewnej stali chirurgicznej, wed\u0142ug niemieckich standard\u00f3w jako\u015bciowych i produkcyjnych. Produkt zakupiony na platformie instrumedic.pl to gwarancja najwy\u017cszej jako\u015bci wykonania, bezpiecze\u0144stwa zakupu\u00a0i gwarantowanej satysfakcji albo zwrotu pieni\u0119dzy. C\u0119gi chirurgiczne do paznokci &#8211; spr\u0119\u017cynowe &#8211; typ 64 powinny by\u0107 wykorzystywane zgodnie z ich przeznaczeniem.\u00a0Narz\u0119dzia s\u0105 fabrycznie nowe oraz dok\u0142adnie sprawdzane i kontrolowane na wszystkich etapach produkcji, w celu zapewnienia ich zgodno\u015bci z mi\u0119dzynarodowymi standardami okre\u015blonymi ISO 9001:2008 oraz certyfikatem CE.<\/span><\/p>\n","protected":false},"featured_media":1120,"comment_status":"closed","ping_status":"closed","template":"","meta":[],"product_brand":[],"product_cat":[183],"product_tag":[],"class_list":{"0":"post-2438","1":"product","2":"type-product","3":"status-publish","4":"has-post-thumbnail","6":"product_cat-cegi-cazki","8":"first","9":"instock","10":"product-type-simple"},"_links":{"self":[{"href":"https:\/\/tendosolingen.de\/pl\/wp-json\/wp\/v2\/product\/2438","targetHints":{"allow":["GET"]}}],"collection":[{"href":"https:\/\/tendosolingen.de\/pl\/wp-json\/wp\/v2\/product"}],"about":[{"href":"https:\/\/tendosolingen.de\/pl\/wp-json\/wp\/v2\/types\/product"}],"replies":[{"embeddable":true,"href":"https:\/\/tendosolingen.de\/pl\/wp-json\/wp\/v2\/comments?post=2438"}],"wp:featuredmedia":[{"embeddable":true,"href":"https:\/\/tendosolingen.de\/pl\/wp-json\/wp\/v2\/media\/1120"}],"wp:attachment":[{"href":"https:\/\/tendosolingen.de\/pl\/wp-json\/wp\/v2\/media?parent=2438"}],"wp:term":[{"taxonomy":"product_brand","embeddable":true,"href":"https:\/\/tendosolingen.de\/pl\/wp-json\/wp\/v2\/product_brand?post=2438"},{"taxonomy":"product_cat","embeddable":true,"href":"https:\/\/tendosolingen.de\/pl\/wp-json\/wp\/v2\/product_cat?post=2438"},{"taxonomy":"product_tag","embeddable":true,"href":"https:\/\/tendosolingen.de\/pl\/wp-json\/wp\/v2\/product_tag?post=2438"}],"curies":[{"name":"wp","href":"https:\/\/api.w.org\/{rel}","templated":true}]}}