{"id":2437,"date":"2024-04-09T22:38:26","date_gmt":"2024-04-09T20:38:26","guid":{"rendered":"https:\/\/tendosolingen.de\/product\/odpychacz-do-skorek-i-czyszczenia-paznokci-tendo-solingen-gold-line\/"},"modified":"2025-11-06T15:40:10","modified_gmt":"2025-11-06T14:40:10","slug":"odpychacz-do-skorek-i-czyszczenia-paznokci-tendo-solingen-gold-line","status":"publish","type":"product","link":"https:\/\/tendosolingen.de\/pl\/produkt\/odpychacz-do-skorek-i-czyszczenia-paznokci-tendo-solingen-gold-line\/","title":{"rendered":"Odpychacz do sk\u00f3rek i czyszczenia paznokci Tendo Solingen Gold Line"},"content":{"rendered":"<p><span style=\"font-family:arial, helvetica, sans-serif;font-size:10pt;\">Profesjonalny a zarazem niezb\u0119dny <em>podwa\u017cacz do sk\u00f3rek<\/em> stosowany w zabiegach skutecznego manicure i pedicure. Dwustronny <strong>metalowy popychacz do sk\u00f3rek<\/strong> Tendo\u00ae Solingen z lini Gold Line \u0142\u0105czy narz\u0119dzie do odpychania sk\u00f3rek z instrumentem do czyszczenia paznokci.\u00a0<\/span><span style=\"font-family:arial, helvetica, sans-serif;font-size:10pt;\"><span style=\"text-decoration:underline;\">Metalowe kopytko do odsuwania sk\u00f3rek<\/span> z jednej strony mo\u017cna stosowa\u0107 do usuwania naturalnego nask\u00f3rka w okolicy wa\u0142u paznokciowego , natomiast druga, bardziej p\u0142aska, jest szczeg\u00f3lnie odpowiednia do rog\u00f3w i trudno dost\u0119pnych miejsc.<\/span><\/p>\n<p><\/br><\/p>\n<h2><span style=\"font-family:arial, helvetica, sans-serif;font-size:10pt;\">Popychacz do sk\u00f3rek Solingen<\/span><\/h2>\n<p><\/br><\/p>\n<ul><\/br><\/p>\n<li><span style=\"font-family:arial, helvetica, sans-serif;font-size:10pt;\">d\u0142ugo\u015b\u0107 ca\u0142kowita 14 cm<\/span><\/li>\n<p><\/br><\/p>\n<li><span style=\"font-family:arial, helvetica, sans-serif;font-size:10pt;\">dwustronne:\u00a0 szpatu\u0142ka (szer.\u00a05 mm) + \u0142opatka (szer. 3 mm)<\/span><\/li>\n<p><\/br><\/p>\n<li><span style=\"font-family:arial, helvetica, sans-serif;font-size:10pt;\">niemiecka stal chirurgiczna (medyczna)<\/span><\/li>\n<p><\/br><\/p>\n<li><span style=\"font-family:arial, helvetica, sans-serif;font-size:10pt;\">design in Germanym<\/span><\/li>\n<p><\/br><\/p>\n<li><span style=\"font-family:arial, helvetica, sans-serif;font-size:10pt;\">jednoelementowa konstrukcja<\/span><\/li>\n<p><\/br><\/p>\n<li><span style=\"font-family:arial, helvetica, sans-serif;font-size:10pt;\">antypo\u015blizgowy uchwyt<\/span><\/li>\n<p><\/br><\/p>\n<li><span style=\"font-family:arial, helvetica, sans-serif;font-size:10pt;\">lekki<\/span><\/li>\n<p><\/br><\/p>\n<li><span style=\"font-family:arial, helvetica, sans-serif;font-size:10pt;\">idealnie wywa\u017cony<\/span><\/li>\n<p><\/br><\/p>\n<li><span style=\"font-family:arial, helvetica, sans-serif;font-size:10pt;\">specjalnie zaprojektowana linia Gold Line dla specjalist\u00f3w<\/span><\/li>\n<p><\/br><\/p>\n<li><span style=\"font-family:arial, helvetica, sans-serif;font-size:10pt;\">matowy<\/span><\/li>\n<p><\/br><\/p>\n<li><span style=\"font-family:arial, helvetica, sans-serif;font-size:10pt;\">antyalergiczny<\/span><\/li>\n<p><\/br><\/ul>\n<p><\/br><\/p>\n<h2><span style=\"font-family:arial, helvetica, sans-serif;font-size:10pt;\">D\u0142uto do zdejmowania nab\u0142onka z paznokcia<\/span><\/h2>\n<p><\/br><\/p>\n<ul><\/br><\/p>\n<li><span style=\"font-family:arial, helvetica, sans-serif;font-size:10pt;\">odpychacz do sk\u00f3rek i \u015brodek do czyszczenia paznokci jest niezb\u0119dny w mani-pedi<\/span><\/li>\n<p><\/br><\/p>\n<li><span style=\"font-family:arial, helvetica, sans-serif;font-size:10pt;\">super-cienkie kraw\u0119dzie zapewniaj\u0105 delikatne i skuteczne dzia\u0142anie<\/span><\/li>\n<p><\/br><\/p>\n<li><span style=\"font-family:arial, helvetica, sans-serif;font-size:10pt;\">teksturowany uchwyt naszego \u015bci\u0105gacza do sk\u00f3rek i \u015brodka do czyszczenia paznokci zapewnia doskonale pewny chwyt<\/span><\/li>\n<p><\/br><\/p>\n<li><span style=\"font-family:arial, helvetica, sans-serif;font-size:10pt;\">stosowane do precyzyjnego usuwania sk\u00f3rek z okolicy wa\u0142u paznokciowego<\/span><\/li>\n<p><\/br><\/p>\n<li><span style=\"font-family:arial, helvetica, sans-serif;font-size:10pt;\">dwustronne pozwala na precyzyjne pozbycie si\u0119 nask\u00f3rka na ca\u0142ej powierzchni paznokcia<\/span><\/li>\n<p><\/br><\/p>\n<li><span style=\"font-family:arial, helvetica, sans-serif;font-size:10pt;\">niemiecka stal nierdzewna jest trwa\u0142a i \u0142atwa do czyszczenia<\/span><\/li>\n<p><\/br><\/p>\n<li><span style=\"font-family:arial, helvetica, sans-serif;font-size:10pt;\">wysokiej jako\u015bci oraz bardzo bezpieczny produkt z certyfikatami<\/span><\/li>\n<p><\/br><\/p>\n<li><span style=\"font-family:arial, helvetica, sans-serif;font-size:10pt;\">narz\u0119dzie wielokrotnego u\u017cytku \u2013 podlega \u00a0procesowi sterylizacji i dezynfekcji<\/span><\/li>\n<p><\/br><\/p>\n<li><span style=\"font-family:arial, helvetica, sans-serif;font-size:10pt;\">36 miesi\u0119cy gwarancji<\/span><\/li>\n<p><\/br><\/ul>\n<p><\/br><\/p>\n<p><span style=\"font-family:arial, helvetica, sans-serif;font-size:10pt;\">Dwustronne narz\u0119dzie do paznokci ze stali nierdzewnej z p\u0142askim popychaczem przypominaj\u0105cym szpatu\u0142k\u0119 na jednym ko\u0144cu, kt\u00f3ry odsuwa sk\u00f3rki, oraz ma\u0142\u0105 zakrzywion\u0105 \u0142opatk\u0105 na drugim ko\u0144cu do czyszczenia pod i wok\u00f3\u0142 paznokci\u00a0posiada certyfikaty \u00a0ISO 9001:2008 oraz certyfikat CE.\u00a0<\/span><span style=\"font-family:arial, helvetica, sans-serif;font-size:10pt;\">Produkty do zabieg\u00f3w manicure i pedicure\u00a0z linii Tendo\u00ae Solingen z lini Gold Line ( c\u0105\u017cki, polerki, pilniczki, kopytka, d\u0142utka, no\u017cyczki, obcinacze, rade\u0142ka, tarki, skrobaki, popychaki, \u0142opatki) spe\u0142nij\u0105 najwy\u017csze normy jako\u015bci oraz wykonania.\u00a0<\/span><\/p>\n","protected":false},"excerpt":{"rendered":"<p><span style=\"font-family:arial, helvetica, sans-serif;font-size:10pt;\">Profesjonalny a zarazem niezb\u0119dny <em>podwa\u017cacz do sk\u00f3rek<\/em> stosowany w zabiegach skutecznego manicure i pedicure. Dwustronny <strong>metalowy popychacz do sk\u00f3rek<\/strong> Tendo\u00ae Solingen z lini Gold Line \u0142\u0105czy narz\u0119dzie do odpychania sk\u00f3rek z instrumentem do czyszczenia paznokci.\u00a0<\/span><span style=\"font-family:arial, helvetica, sans-serif;font-size:10pt;\"><span style=\"text-decoration:underline;\">Metalowe kopytko do odsuwania sk\u00f3rek<\/span> z jednej strony mo\u017cna stosowa\u0107 do usuwania naturalnego nask\u00f3rka w okolicy wa\u0142u paznokciowego , natomiast druga, bardziej p\u0142aska, jest szczeg\u00f3lnie odpowiednia do rog\u00f3w i trudno dost\u0119pnych miejsc.<\/span><\/p>\n<p><\/br><\/p>\n<h2><span style=\"font-family:arial, helvetica, sans-serif;font-size:10pt;\">Popychacz do sk\u00f3rek Solingen<\/span><\/h2>\n<p><\/br><\/p>\n<ul><\/br><\/p>\n<li><span style=\"font-family:arial, helvetica, sans-serif;font-size:10pt;\">d\u0142ugo\u015b\u0107 ca\u0142kowita 14 cm<\/span><\/li>\n<p><\/br><\/p>\n<li><span style=\"font-family:arial, helvetica, sans-serif;font-size:10pt;\">dwustronne:\u00a0 szpatu\u0142ka (szer.\u00a05 mm) + \u0142opatka (szer. 3 mm)<\/span><\/li>\n<p><\/br><\/p>\n<li><span style=\"font-family:arial, helvetica, sans-serif;font-size:10pt;\">niemiecka stal chirurgiczna (medyczna)<\/span><\/li>\n<p><\/br><\/p>\n<li><span style=\"font-family:arial, helvetica, sans-serif;font-size:10pt;\">design in Germanym<\/span><\/li>\n<p><\/br><\/p>\n<li><span style=\"font-family:arial, helvetica, sans-serif;font-size:10pt;\">jednoelementowa konstrukcja<\/span><\/li>\n<p><\/br><\/p>\n<li><span style=\"font-family:arial, helvetica, sans-serif;font-size:10pt;\">antypo\u015blizgowy uchwyt<\/span><\/li>\n<p><\/br><\/p>\n<li><span style=\"font-family:arial, helvetica, sans-serif;font-size:10pt;\">lekki<\/span><\/li>\n<p><\/br><\/p>\n<li><span style=\"font-family:arial, helvetica, sans-serif;font-size:10pt;\">idealnie wywa\u017cony<\/span><\/li>\n<p><\/br><\/p>\n<li><span style=\"font-family:arial, helvetica, sans-serif;font-size:10pt;\">specjalnie zaprojektowana linia Gold Line dla specjalist\u00f3w<\/span><\/li>\n<p><\/br><\/p>\n<li><span style=\"font-family:arial, helvetica, sans-serif;font-size:10pt;\">matowy<\/span><\/li>\n<p><\/br><\/p>\n<li><span style=\"font-family:arial, helvetica, sans-serif;font-size:10pt;\">antyalergiczny<\/span><\/li>\n<p><\/br><\/ul>\n<p><\/br><\/p>\n<h2><span style=\"font-family:arial, helvetica, sans-serif;font-size:10pt;\">D\u0142uto do zdejmowania nab\u0142onka z paznokcia<\/span><\/h2>\n<p><\/br><\/p>\n<ul><\/br><\/p>\n<li><span style=\"font-family:arial, helvetica, sans-serif;font-size:10pt;\">odpychacz do sk\u00f3rek i \u015brodek do czyszczenia paznokci jest niezb\u0119dny w mani-pedi<\/span><\/li>\n<p><\/br><\/p>\n<li><span style=\"font-family:arial, helvetica, sans-serif;font-size:10pt;\">super-cienkie kraw\u0119dzie zapewniaj\u0105 delikatne i skuteczne dzia\u0142anie<\/span><\/li>\n<p><\/br><\/p>\n<li><span style=\"font-family:arial, helvetica, sans-serif;font-size:10pt;\">teksturowany uchwyt naszego \u015bci\u0105gacza do sk\u00f3rek i \u015brodka do czyszczenia paznokci zapewnia doskonale pewny chwyt<\/span><\/li>\n<p><\/br><\/p>\n<li><span style=\"font-family:arial, helvetica, sans-serif;font-size:10pt;\">stosowane do precyzyjnego usuwania sk\u00f3rek z okolicy wa\u0142u paznokciowego<\/span><\/li>\n<p><\/br><\/p>\n<li><span style=\"font-family:arial, helvetica, sans-serif;font-size:10pt;\">dwustronne pozwala na precyzyjne pozbycie si\u0119 nask\u00f3rka na ca\u0142ej powierzchni paznokcia<\/span><\/li>\n<p><\/br><\/p>\n<li><span style=\"font-family:arial, helvetica, sans-serif;font-size:10pt;\">niemiecka stal nierdzewna jest trwa\u0142a i \u0142atwa do czyszczenia<\/span><\/li>\n<p><\/br><\/p>\n<li><span style=\"font-family:arial, helvetica, sans-serif;font-size:10pt;\">wysokiej jako\u015bci oraz bardzo bezpieczny produkt z certyfikatami<\/span><\/li>\n<p><\/br><\/p>\n<li><span style=\"font-family:arial, helvetica, sans-serif;font-size:10pt;\">narz\u0119dzie wielokrotnego u\u017cytku \u2013 podlega \u00a0procesowi sterylizacji i dezynfekcji<\/span><\/li>\n<p><\/br><\/p>\n<li><span style=\"font-family:arial, helvetica, sans-serif;font-size:10pt;\">36 miesi\u0119cy gwarancji<\/span><\/li>\n<p><\/br><\/ul>\n<p><\/br><\/p>\n<p><span style=\"font-family:arial, helvetica, sans-serif;font-size:10pt;\">Dwustronne narz\u0119dzie do paznokci ze stali nierdzewnej z p\u0142askim popychaczem przypominaj\u0105cym szpatu\u0142k\u0119 na jednym ko\u0144cu, kt\u00f3ry odsuwa sk\u00f3rki, oraz ma\u0142\u0105 zakrzywion\u0105 \u0142opatk\u0105 na drugim ko\u0144cu do czyszczenia pod i wok\u00f3\u0142 paznokci\u00a0posiada certyfikaty \u00a0ISO 9001:2008 oraz certyfikat CE.\u00a0<\/span><span style=\"font-family:arial, helvetica, sans-serif;font-size:10pt;\">Produkty do zabieg\u00f3w manicure i pedicure\u00a0z linii Tendo\u00ae Solingen z lini Gold Line ( c\u0105\u017cki, polerki, pilniczki, kopytka, d\u0142utka, no\u017cyczki, obcinacze, rade\u0142ka, tarki, skrobaki, popychaki, \u0142opatki) spe\u0142nij\u0105 najwy\u017csze normy jako\u015bci oraz wykonania.\u00a0<\/span><\/p>\n","protected":false},"featured_media":1116,"comment_status":"closed","ping_status":"open","template":"","meta":[],"product_brand":[],"product_cat":[47],"product_tag":[],"class_list":{"0":"post-2437","1":"product","2":"type-product","3":"status-publish","4":"has-post-thumbnail","6":"product_cat-dluta-i-kopytka-ekskawatory","8":"first","9":"instock","10":"product-type-simple"},"_links":{"self":[{"href":"https:\/\/tendosolingen.de\/pl\/wp-json\/wp\/v2\/product\/2437","targetHints":{"allow":["GET"]}}],"collection":[{"href":"https:\/\/tendosolingen.de\/pl\/wp-json\/wp\/v2\/product"}],"about":[{"href":"https:\/\/tendosolingen.de\/pl\/wp-json\/wp\/v2\/types\/product"}],"replies":[{"embeddable":true,"href":"https:\/\/tendosolingen.de\/pl\/wp-json\/wp\/v2\/comments?post=2437"}],"wp:featuredmedia":[{"embeddable":true,"href":"https:\/\/tendosolingen.de\/pl\/wp-json\/wp\/v2\/media\/1116"}],"wp:attachment":[{"href":"https:\/\/tendosolingen.de\/pl\/wp-json\/wp\/v2\/media?parent=2437"}],"wp:term":[{"taxonomy":"product_brand","embeddable":true,"href":"https:\/\/tendosolingen.de\/pl\/wp-json\/wp\/v2\/product_brand?post=2437"},{"taxonomy":"product_cat","embeddable":true,"href":"https:\/\/tendosolingen.de\/pl\/wp-json\/wp\/v2\/product_cat?post=2437"},{"taxonomy":"product_tag","embeddable":true,"href":"https:\/\/tendosolingen.de\/pl\/wp-json\/wp\/v2\/product_tag?post=2437"}],"curies":[{"name":"wp","href":"https:\/\/api.w.org\/{rel}","templated":true}]}}