{"id":2435,"date":"2024-04-09T22:38:26","date_gmt":"2024-04-09T20:38:26","guid":{"rendered":"https:\/\/tendosolingen.de\/product\/peseta-skosna-do-regulacji-brwi-tendo-solingen-gold-line\/"},"modified":"2025-11-06T15:40:10","modified_gmt":"2025-11-06T14:40:10","slug":"peseta-skosna-do-regulacji-brwi-tendo-solingen-gold-line","status":"publish","type":"product","link":"https:\/\/tendosolingen.de\/pl\/produkt\/peseta-skosna-do-regulacji-brwi-tendo-solingen-gold-line\/","title":{"rendered":"P\u0119seta sko\u015bna do regulacji brwi Tendo Solingen Gold Line"},"content":{"rendered":"<p><span style=\"font-family:arial, helvetica, sans-serif;font-size:10pt;\">Penseta do regulacji brwi Tendo Solingen\u00ae z lini Gold Line o sko\u015bnej ko\u0144c\u00f3wce przeznaczony jest do u\u017cytku zar\u00f3wno w warunkach domowych jak i profesjonalnych salonach pi\u0119kno\u015bci, SPA, klinikach medycyny estetycznej. Odpowiedni profil narz\u0119dzia zapewnia komfort u\u017cytkowaniu przy jednoczesnym zachowaniu precyzji. Wg\u0142\u0119bienia na r\u0119koje\u015bci umo\u017cliwiaj\u0105 dogodne umiejscowienie palc\u00f3w oraz poprawiaj\u0105 chwyt. Do produkcji instrumentu wykorzystana zosta\u0142a wysokiej jako\u015bci stal nierdzewna.<\/span><\/p>\n<p><\/br><\/p>\n<h2><strong><span style=\"font-family:arial, helvetica, sans-serif;font-size:10pt;\">Parametry pincety sko\u015bnej do regulacji brwi<\/span><\/strong><\/h2>\n<p><\/br><\/p>\n<ul><\/br><\/p>\n<li><span style=\"font-family:arial, helvetica, sans-serif;font-size:10pt;\">typ: pinceta, sko\u015bna<\/span><\/li>\n<p><\/br><\/p>\n<li><span style=\"font-family:arial, helvetica, sans-serif;font-size:10pt;\">d\u0142ugo\u015b\u0107: 9,5 cm<\/span><\/li>\n<p><\/br><\/p>\n<li><span style=\"font-family:arial, helvetica, sans-serif;font-size:10pt;\">szeroko\u015b\u0107 cz\u0119\u015bci pracuj\u0105cej: 3 mm<\/span><\/li>\n<p><\/br><\/p>\n<li><span style=\"font-family:arial, helvetica, sans-serif;font-size:10pt;\">wysokiej jako\u015bci niemiecka stal nierdzewna<\/span><\/li>\n<p><\/br><\/p>\n<li><span style=\"font-family:arial, helvetica, sans-serif;font-size:10pt;\">r\u0119koje\u015b\u0107 z wg\u0142\u0119bieniem<\/span><\/li>\n<p><\/br><\/p>\n<li><span style=\"font-family:arial, helvetica, sans-serif;font-size:10pt;\">produkt niesterylny<\/span><\/li>\n<p><\/br><\/p>\n<li><span style=\"font-family:arial, helvetica, sans-serif;font-size:10pt;\">design in Germany<\/span><\/li>\n<p><\/br><\/p>\n<li><span style=\"font-family:arial, helvetica, sans-serif;font-size:10pt;\">trzyletnia gwarancja producenta<\/span><\/li>\n<p><\/br><\/p>\n<li><span style=\"font-family:arial, helvetica, sans-serif;font-size:10pt;\">produkt wielokrotnego u\u017cytku<\/span><\/li>\n<p><\/br><\/ul>\n<p><\/br><\/p>\n<h2><span style=\"font-family:arial, helvetica, sans-serif;font-size:10pt;\">Zalety wykorzystania\u00a0najlepszej p\u0119sety kosmetycznej<\/span><\/h2>\n<p><\/br><\/p>\n<ul><\/br><\/p>\n<li><span style=\"font-family:arial, helvetica, sans-serif;font-size:10pt;\">odpowiednie wyprofilowanie p\u0119seta do rz\u0119s pozwala na wykonywanie czynno\u015bci z wysok\u0105 precyzj\u0105 przy jednoczesnym komforcie u\u017cytkowania<\/span><\/li>\n<p><\/br><\/p>\n<li><span style=\"font-family:arial, helvetica, sans-serif;font-size:10pt;\">wg\u0142\u0119bienia na r\u0119koje\u015bci umo\u017cliwiaj\u0105 pewny chwyt p\u0119seta do brwi i zapobiegaj\u0105 przypadkowym wy\u015blizgni\u0119ciom si\u0119 produktu<\/span><\/li>\n<p><\/br><\/p>\n<li><span style=\"font-family:arial, helvetica, sans-serif;font-size:10pt;\">stal nierdzewna wysokiej jako\u015bci jest gwarantem trwa\u0142o\u015bci oraz umo\u017cliwia wielokrotn\u0105 sterylizacje<\/span><\/li>\n<p><\/br><\/p>\n<li><span style=\"font-family:arial, helvetica, sans-serif;font-size:10pt;\">specjalnie zaprojektowana linia Gold Line dla wysokiej klasy specjalist\u00f3w<\/span><\/li>\n<p><\/br><\/p>\n<li><span style=\"font-family:arial, helvetica, sans-serif;font-size:10pt;\">nadaje si\u0119 do wyrywania w\u0142osk\u00f3w z powierzchni sk\u00f3ry oraz do korekty kszta\u0142tu brwi<\/span><\/li>\n<p><\/br><\/p>\n<li><span style=\"font-family:arial, helvetica, sans-serif;font-size:10pt;\">gwarancja jako\u015bci wykonania oraz trwa\u0142o\u015bci<\/span><\/li>\n<p><\/br><\/ul>\n<p><\/br><\/p>\n<p><span style=\"font-family:arial, helvetica, sans-serif;font-size:10pt;\">Produkt posiada certyfikaty CE. Jest przeznaczony do u\u017cytku amatorskiego oraz profesjonalnego.Ka\u017cde narz\u0119dzie jest fabrycznie nowe oraz dok\u0142adnie sprawdzane i kontrolowane na wszystkich etapach produkcji, w celu zapewnienia ich zgodno\u015bci z mi\u0119dzynarodowymi standardami okre\u015blonymi ISO 9001:2008.<\/span><\/p>\n","protected":false},"excerpt":{"rendered":"<p><span style=\"font-family:arial, helvetica, sans-serif;font-size:10pt;\">Penseta do regulacji brwi Tendo Solingen\u00ae z lini Gold Line o sko\u015bnej ko\u0144c\u00f3wce przeznaczony jest do u\u017cytku zar\u00f3wno w warunkach domowych jak i profesjonalnych salonach pi\u0119kno\u015bci, SPA, klinikach medycyny estetycznej. Odpowiedni profil narz\u0119dzia zapewnia komfort u\u017cytkowaniu przy jednoczesnym zachowaniu precyzji. Wg\u0142\u0119bienia na r\u0119koje\u015bci umo\u017cliwiaj\u0105 dogodne umiejscowienie palc\u00f3w oraz poprawiaj\u0105 chwyt. Do produkcji instrumentu wykorzystana zosta\u0142a wysokiej jako\u015bci stal nierdzewna.<\/span><\/p>\n<p><\/br><\/p>\n<h2><strong><span style=\"font-family:arial, helvetica, sans-serif;font-size:10pt;\">Parametry pincety sko\u015bnej do regulacji brwi<\/span><\/strong><\/h2>\n<p><\/br><\/p>\n<ul><\/br><\/p>\n<li><span style=\"font-family:arial, helvetica, sans-serif;font-size:10pt;\">typ: pinceta, sko\u015bna<\/span><\/li>\n<p><\/br><\/p>\n<li><span style=\"font-family:arial, helvetica, sans-serif;font-size:10pt;\">d\u0142ugo\u015b\u0107: 9,5 cm<\/span><\/li>\n<p><\/br><\/p>\n<li><span style=\"font-family:arial, helvetica, sans-serif;font-size:10pt;\">szeroko\u015b\u0107 cz\u0119\u015bci pracuj\u0105cej: 3 mm<\/span><\/li>\n<p><\/br><\/p>\n<li><span style=\"font-family:arial, helvetica, sans-serif;font-size:10pt;\">wysokiej jako\u015bci niemiecka stal nierdzewna<\/span><\/li>\n<p><\/br><\/p>\n<li><span style=\"font-family:arial, helvetica, sans-serif;font-size:10pt;\">r\u0119koje\u015b\u0107 z wg\u0142\u0119bieniem<\/span><\/li>\n<p><\/br><\/p>\n<li><span style=\"font-family:arial, helvetica, sans-serif;font-size:10pt;\">produkt niesterylny<\/span><\/li>\n<p><\/br><\/p>\n<li><span style=\"font-family:arial, helvetica, sans-serif;font-size:10pt;\">design in Germany<\/span><\/li>\n<p><\/br><\/p>\n<li><span style=\"font-family:arial, helvetica, sans-serif;font-size:10pt;\">trzyletnia gwarancja producenta<\/span><\/li>\n<p><\/br><\/p>\n<li><span style=\"font-family:arial, helvetica, sans-serif;font-size:10pt;\">produkt wielokrotnego u\u017cytku<\/span><\/li>\n<p><\/br><\/ul>\n<p><\/br><\/p>\n<h2><span style=\"font-family:arial, helvetica, sans-serif;font-size:10pt;\">Zalety wykorzystania\u00a0najlepszej p\u0119sety kosmetycznej<\/span><\/h2>\n<p><\/br><\/p>\n<ul><\/br><\/p>\n<li><span style=\"font-family:arial, helvetica, sans-serif;font-size:10pt;\">odpowiednie wyprofilowanie p\u0119seta do rz\u0119s pozwala na wykonywanie czynno\u015bci z wysok\u0105 precyzj\u0105 przy jednoczesnym komforcie u\u017cytkowania<\/span><\/li>\n<p><\/br><\/p>\n<li><span style=\"font-family:arial, helvetica, sans-serif;font-size:10pt;\">wg\u0142\u0119bienia na r\u0119koje\u015bci umo\u017cliwiaj\u0105 pewny chwyt p\u0119seta do brwi i zapobiegaj\u0105 przypadkowym wy\u015blizgni\u0119ciom si\u0119 produktu<\/span><\/li>\n<p><\/br><\/p>\n<li><span style=\"font-family:arial, helvetica, sans-serif;font-size:10pt;\">stal nierdzewna wysokiej jako\u015bci jest gwarantem trwa\u0142o\u015bci oraz umo\u017cliwia wielokrotn\u0105 sterylizacje<\/span><\/li>\n<p><\/br><\/p>\n<li><span style=\"font-family:arial, helvetica, sans-serif;font-size:10pt;\">specjalnie zaprojektowana linia Gold Line dla wysokiej klasy specjalist\u00f3w<\/span><\/li>\n<p><\/br><\/p>\n<li><span style=\"font-family:arial, helvetica, sans-serif;font-size:10pt;\">nadaje si\u0119 do wyrywania w\u0142osk\u00f3w z powierzchni sk\u00f3ry oraz do korekty kszta\u0142tu brwi<\/span><\/li>\n<p><\/br><\/p>\n<li><span style=\"font-family:arial, helvetica, sans-serif;font-size:10pt;\">gwarancja jako\u015bci wykonania oraz trwa\u0142o\u015bci<\/span><\/li>\n<p><\/br><\/ul>\n<p><\/br><\/p>\n<p><span style=\"font-family:arial, helvetica, sans-serif;font-size:10pt;\">Produkt posiada certyfikaty CE. Jest przeznaczony do u\u017cytku amatorskiego oraz profesjonalnego.Ka\u017cde narz\u0119dzie jest fabrycznie nowe oraz dok\u0142adnie sprawdzane i kontrolowane na wszystkich etapach produkcji, w celu zapewnienia ich zgodno\u015bci z mi\u0119dzynarodowymi standardami okre\u015blonymi ISO 9001:2008.<\/span><\/p>\n","protected":false},"featured_media":1108,"comment_status":"closed","ping_status":"open","template":"","meta":[],"product_brand":[],"product_cat":[51],"product_tag":[],"class_list":{"0":"post-2435","1":"product","2":"type-product","3":"status-publish","4":"has-post-thumbnail","6":"product_cat-pesety-i-szczypce","8":"first","9":"instock","10":"product-type-simple"},"_links":{"self":[{"href":"https:\/\/tendosolingen.de\/pl\/wp-json\/wp\/v2\/product\/2435","targetHints":{"allow":["GET"]}}],"collection":[{"href":"https:\/\/tendosolingen.de\/pl\/wp-json\/wp\/v2\/product"}],"about":[{"href":"https:\/\/tendosolingen.de\/pl\/wp-json\/wp\/v2\/types\/product"}],"replies":[{"embeddable":true,"href":"https:\/\/tendosolingen.de\/pl\/wp-json\/wp\/v2\/comments?post=2435"}],"wp:featuredmedia":[{"embeddable":true,"href":"https:\/\/tendosolingen.de\/pl\/wp-json\/wp\/v2\/media\/1108"}],"wp:attachment":[{"href":"https:\/\/tendosolingen.de\/pl\/wp-json\/wp\/v2\/media?parent=2435"}],"wp:term":[{"taxonomy":"product_brand","embeddable":true,"href":"https:\/\/tendosolingen.de\/pl\/wp-json\/wp\/v2\/product_brand?post=2435"},{"taxonomy":"product_cat","embeddable":true,"href":"https:\/\/tendosolingen.de\/pl\/wp-json\/wp\/v2\/product_cat?post=2435"},{"taxonomy":"product_tag","embeddable":true,"href":"https:\/\/tendosolingen.de\/pl\/wp-json\/wp\/v2\/product_tag?post=2435"}],"curies":[{"name":"wp","href":"https:\/\/api.w.org\/{rel}","templated":true}]}}