{"id":2432,"date":"2024-04-09T22:38:26","date_gmt":"2024-04-09T20:38:26","guid":{"rendered":"https:\/\/tendosolingen.de\/product\/ekskawator-podologiczny-podluzny-tc-gold-tendo-solingen-rozmiar-1-mm\/"},"modified":"2026-01-09T19:56:53","modified_gmt":"2026-01-09T18:56:53","slug":"ekskawator-podologiczny-podluzny-tc-gold-tendo-solingen-rozmiar-1-mm","status":"publish","type":"product","link":"https:\/\/tendosolingen.de\/pl\/produkt\/ekskawator-podologiczny-podluzny-tc-gold-tendo-solingen-rozmiar-1-mm\/","title":{"rendered":"Ekskawator podologiczny pod\u0142u\u017cny TC Gold Tendo Solingen  Rozmiar: 1 mm"},"content":{"rendered":"<p class=\"p1\" style=\"line-height:14.4pt;\"><span style=\"font-family:arial, helvetica, sans-serif;font-size:10pt;\"><em>Ekskawator kosmetyczny<\/em> (<span style=\"text-decoration:underline;\">przyrz\u0105d do czyszczenia paznokci<\/span>) jest instrumentem wykorzystywanym zar\u00f3wno w kosmetologii jak i podologii. Dwustronne zako\u0144czenie instrumentu o szeroko\u015bci 1,5 mm umo\u017cliwia na przeprowadzenie szeregu czynno\u015bci przy wykorzystaniu narz\u0119dzia. W zabiegach podologicznych ekskawator wykorzystywany mo\u017ce by\u0107 do usuwania wa\u0142\u00f3w paznokciowych w przypadku wro\u015bni\u0119tego paznokcia. W kosmetyce wykorzystywany jest do oczyszczania powierzchni pod paznokciem podczas zabieg\u00f3w manicure \u2013 zar\u00f3wno w warunkach amatorskich jak i salonach kosmetycznych, gabinetach medycyny estetycznej. \u017b\u0142obienia na r\u0119koje\u015bci umo\u017cliwiaj\u0105 pewny chwyt niezale\u017cnie od panuj\u0105cych warunk\u00f3w.<\/span><\/p>\n<p><\/br><\/p>\n<h1 class=\"p1\" style=\"line-height:14.4pt;\"><span style=\"font-family:arial, helvetica, sans-serif;font-size:10pt;\">Parametry ekskawatora kosmetycznego pod\u0142u\u017cnego<\/span><\/h1>\n<p><\/br><\/p>\n<ul><\/br><\/p>\n<li class=\"p1\" style=\"line-height:14.4pt;\"><span style=\"font-family:arial, helvetica, sans-serif;font-size:10pt;\">marka:\u00a0Tendo\u00ae Solingen<\/span><\/li>\n<p><\/br><\/p>\n<li class=\"p1\" style=\"line-height:14.4pt;\"><span style=\"font-family:arial, helvetica, sans-serif;font-size:10pt;\">typ: ekskawator podologiczny, ekskawator kosmetyczny, <strong>przyrz\u0105d do czyszczenia paznokci<\/strong><\/span><\/li>\n<p><\/br><\/p>\n<li class=\"p1\" style=\"line-height:14.4pt;\"><span style=\"font-family:arial, helvetica, sans-serif;font-size:10pt;\">przeznaczenie: wa\u0142y paznokciowe, zanieczyszczenia pod p\u0142ytk\u0105 paznokcia<\/span><\/li>\n<p><\/br><\/p>\n<li class=\"p1\" style=\"line-height:14.4pt;\"><span style=\"font-family:arial, helvetica, sans-serif;font-size:10pt;\">d\u0142ugo\u015b\u0107 ca\u0142kowita: 17,5 cm<\/span><\/li>\n<p><\/br><\/p>\n<li class=\"p1\" style=\"line-height:14.4pt;\"><span style=\"font-family:arial, helvetica, sans-serif;font-size:10pt;\">design in Germany<\/span><\/li>\n<p><\/br><\/p>\n<li class=\"p1\" style=\"line-height:14.4pt;\"><span style=\"font-family:arial, helvetica, sans-serif;font-size:10pt;\">niemiecka stal chirurgiczna medyczna<\/span><\/li>\n<p><\/br><\/p>\n<li class=\"p1\" style=\"line-height:14.4pt;\"><span style=\"font-family:arial, helvetica, sans-serif;font-size:10pt;\">szeroko\u015b\u0107 cz\u0119\u015bci pracuj\u0105cej: 1,5 mm<\/span><\/li>\n<p><\/br><\/p>\n<li class=\"p1\" style=\"line-height:14.4pt;\"><span style=\"font-family:arial, helvetica, sans-serif;font-size:10pt;\">szeroko\u015b\u0107 r\u0119koje\u015bci: 8 mm<\/span><\/li>\n<p><\/br><\/p>\n<li class=\"p1\" style=\"line-height:14.4pt;\"><span style=\"font-family:arial, helvetica, sans-serif;font-size:10pt;\">produkt niesterylny<\/span><\/li>\n<p><\/br><\/p>\n<li class=\"p1\" style=\"line-height:14.4pt;\"><span style=\"font-family:arial, helvetica, sans-serif;font-size:10pt;\">produkt wielokrotnego u\u017cytku<\/span><\/li>\n<p><\/br><\/ul>\n<p><\/br><\/p>\n<h2 class=\"p1\" style=\"line-height:14.4pt;\"><span style=\"font-family:arial, helvetica, sans-serif;font-size:10pt;\">Zalety wykorzystania ekskawatora do paznokci<\/span><\/h2>\n<p><\/br><\/p>\n<ul><\/br><\/p>\n<li class=\"p1\" style=\"line-height:14.4pt;\"><span style=\"font-family:arial, helvetica, sans-serif;font-size:10pt;\">wysoka precyzja wykonania umo\u017cliwia na dok\u0142adne przeprowadzanie zabieg\u00f3w zar\u00f3wno podologicznych jak i kosmetycznych<\/span><\/li>\n<p><\/br><\/p>\n<li class=\"p1\" style=\"line-height:14.4pt;\"><span style=\"font-family:arial, helvetica, sans-serif;font-size:10pt;\">stal nierdzewna niemieckiego pochodzenia zapewnia d\u0142ugotrwa\u0142o\u015b\u0107 oraz wielokrotno\u015b\u0107 sterylizacji<\/span><\/li>\n<p><\/br><\/p>\n<li class=\"p1\" style=\"line-height:14.4pt;\"><span style=\"font-family:arial, helvetica, sans-serif;font-size:10pt;\">z\u0142obiona r\u0119koje\u015b\u0107 jest gwarancj\u0105 pewnego chwytu i zmniejsza zm\u0119czenie mi\u0119\u015bniowe<\/span><\/li>\n<p><\/br><\/ul>\n<p><\/br><\/p>\n<p class=\"p1\" style=\"line-height:14.4pt;\"><span style=\"font-family:arial, helvetica, sans-serif;font-size:10pt;\">Produkt przeznaczony do u\u017cytku amatorskiego (domowego) oraz profesjonalnego.\u00a0Ka\u017cde narz\u0119dzie jest fabrycznie nowe, dok\u0142adnie sprawdzane i kontrolowane na poszczeg\u00f3lnych etapach produkcji, w celu zapewnienia ich zgodno\u015bci z mi\u0119dzynarodowymi standardami okre\u015blonymi ISO 9001:2008 oraz certyfikatem CE.<\/span><\/p>\n","protected":false},"excerpt":{"rendered":"<p class=\"p1\" style=\"line-height:14.4pt;\"><span style=\"font-family:arial, helvetica, sans-serif;font-size:10pt;\"><em>Ekskawator kosmetyczny<\/em> (<span style=\"text-decoration:underline;\">przyrz\u0105d do czyszczenia paznokci<\/span>) jest instrumentem wykorzystywanym zar\u00f3wno w kosmetologii jak i podologii. Dwustronne zako\u0144czenie instrumentu o szeroko\u015bci 1,5 mm umo\u017cliwia na przeprowadzenie szeregu czynno\u015bci przy wykorzystaniu narz\u0119dzia. W zabiegach podologicznych ekskawator wykorzystywany mo\u017ce by\u0107 do usuwania wa\u0142\u00f3w paznokciowych w przypadku wro\u015bni\u0119tego paznokcia. W kosmetyce wykorzystywany jest do oczyszczania powierzchni pod paznokciem podczas zabieg\u00f3w manicure \u2013 zar\u00f3wno w warunkach amatorskich jak i salonach kosmetycznych, gabinetach medycyny estetycznej. \u017b\u0142obienia na r\u0119koje\u015bci umo\u017cliwiaj\u0105 pewny chwyt niezale\u017cnie od panuj\u0105cych warunk\u00f3w.<\/span><\/p>\n<p><\/br><\/p>\n<h1 class=\"p1\" style=\"line-height:14.4pt;\"><span style=\"font-family:arial, helvetica, sans-serif;font-size:10pt;\">Parametry ekskawatora kosmetycznego pod\u0142u\u017cnego<\/span><\/h1>\n<p><\/br><\/p>\n<ul><\/br><\/p>\n<li class=\"p1\" style=\"line-height:14.4pt;\"><span style=\"font-family:arial, helvetica, sans-serif;font-size:10pt;\">marka:\u00a0Tendo\u00ae Solingen<\/span><\/li>\n<p><\/br><\/p>\n<li class=\"p1\" style=\"line-height:14.4pt;\"><span style=\"font-family:arial, helvetica, sans-serif;font-size:10pt;\">typ: ekskawator podologiczny, ekskawator kosmetyczny, <strong>przyrz\u0105d do czyszczenia paznokci<\/strong><\/span><\/li>\n<p><\/br><\/p>\n<li class=\"p1\" style=\"line-height:14.4pt;\"><span style=\"font-family:arial, helvetica, sans-serif;font-size:10pt;\">przeznaczenie: wa\u0142y paznokciowe, zanieczyszczenia pod p\u0142ytk\u0105 paznokcia<\/span><\/li>\n<p><\/br><\/p>\n<li class=\"p1\" style=\"line-height:14.4pt;\"><span style=\"font-family:arial, helvetica, sans-serif;font-size:10pt;\">d\u0142ugo\u015b\u0107 ca\u0142kowita: 17,5 cm<\/span><\/li>\n<p><\/br><\/p>\n<li class=\"p1\" style=\"line-height:14.4pt;\"><span style=\"font-family:arial, helvetica, sans-serif;font-size:10pt;\">design in Germany<\/span><\/li>\n<p><\/br><\/p>\n<li class=\"p1\" style=\"line-height:14.4pt;\"><span style=\"font-family:arial, helvetica, sans-serif;font-size:10pt;\">niemiecka stal chirurgiczna medyczna<\/span><\/li>\n<p><\/br><\/p>\n<li class=\"p1\" style=\"line-height:14.4pt;\"><span style=\"font-family:arial, helvetica, sans-serif;font-size:10pt;\">szeroko\u015b\u0107 cz\u0119\u015bci pracuj\u0105cej: 1,5 mm<\/span><\/li>\n<p><\/br><\/p>\n<li class=\"p1\" style=\"line-height:14.4pt;\"><span style=\"font-family:arial, helvetica, sans-serif;font-size:10pt;\">szeroko\u015b\u0107 r\u0119koje\u015bci: 8 mm<\/span><\/li>\n<p><\/br><\/p>\n<li class=\"p1\" style=\"line-height:14.4pt;\"><span style=\"font-family:arial, helvetica, sans-serif;font-size:10pt;\">produkt niesterylny<\/span><\/li>\n<p><\/br><\/p>\n<li class=\"p1\" style=\"line-height:14.4pt;\"><span style=\"font-family:arial, helvetica, sans-serif;font-size:10pt;\">produkt wielokrotnego u\u017cytku<\/span><\/li>\n<p><\/br><\/ul>\n<p><\/br><\/p>\n<h2 class=\"p1\" style=\"line-height:14.4pt;\"><span style=\"font-family:arial, helvetica, sans-serif;font-size:10pt;\">Zalety wykorzystania ekskawatora do paznokci<\/span><\/h2>\n<p><\/br><\/p>\n<ul><\/br><\/p>\n<li class=\"p1\" style=\"line-height:14.4pt;\"><span style=\"font-family:arial, helvetica, sans-serif;font-size:10pt;\">wysoka precyzja wykonania umo\u017cliwia na dok\u0142adne przeprowadzanie zabieg\u00f3w zar\u00f3wno podologicznych jak i kosmetycznych<\/span><\/li>\n<p><\/br><\/p>\n<li class=\"p1\" style=\"line-height:14.4pt;\"><span style=\"font-family:arial, helvetica, sans-serif;font-size:10pt;\">stal nierdzewna niemieckiego pochodzenia zapewnia d\u0142ugotrwa\u0142o\u015b\u0107 oraz wielokrotno\u015b\u0107 sterylizacji<\/span><\/li>\n<p><\/br><\/p>\n<li class=\"p1\" style=\"line-height:14.4pt;\"><span style=\"font-family:arial, helvetica, sans-serif;font-size:10pt;\">z\u0142obiona r\u0119koje\u015b\u0107 jest gwarancj\u0105 pewnego chwytu i zmniejsza zm\u0119czenie mi\u0119\u015bniowe<\/span><\/li>\n<p><\/br><\/ul>\n<p><\/br><\/p>\n<p class=\"p1\" style=\"line-height:14.4pt;\"><span style=\"font-family:arial, helvetica, sans-serif;font-size:10pt;\">Produkt przeznaczony do u\u017cytku amatorskiego (domowego) oraz profesjonalnego.\u00a0Ka\u017cde narz\u0119dzie jest fabrycznie nowe, dok\u0142adnie sprawdzane i kontrolowane na poszczeg\u00f3lnych etapach produkcji, w celu zapewnienia ich zgodno\u015bci z mi\u0119dzynarodowymi standardami okre\u015blonymi ISO 9001:2008 oraz certyfikatem CE.<\/span><\/p>\n","protected":false},"featured_media":1098,"comment_status":"closed","ping_status":"closed","template":"","meta":[],"product_brand":[],"product_cat":[47],"product_tag":[],"class_list":{"0":"post-2432","1":"product","2":"type-product","3":"status-publish","4":"has-post-thumbnail","6":"product_cat-dluta-i-kopytka-ekskawatory","8":"first","9":"instock","10":"product-type-simple"},"_links":{"self":[{"href":"https:\/\/tendosolingen.de\/pl\/wp-json\/wp\/v2\/product\/2432","targetHints":{"allow":["GET"]}}],"collection":[{"href":"https:\/\/tendosolingen.de\/pl\/wp-json\/wp\/v2\/product"}],"about":[{"href":"https:\/\/tendosolingen.de\/pl\/wp-json\/wp\/v2\/types\/product"}],"replies":[{"embeddable":true,"href":"https:\/\/tendosolingen.de\/pl\/wp-json\/wp\/v2\/comments?post=2432"}],"wp:featuredmedia":[{"embeddable":true,"href":"https:\/\/tendosolingen.de\/pl\/wp-json\/wp\/v2\/media\/1098"}],"wp:attachment":[{"href":"https:\/\/tendosolingen.de\/pl\/wp-json\/wp\/v2\/media?parent=2432"}],"wp:term":[{"taxonomy":"product_brand","embeddable":true,"href":"https:\/\/tendosolingen.de\/pl\/wp-json\/wp\/v2\/product_brand?post=2432"},{"taxonomy":"product_cat","embeddable":true,"href":"https:\/\/tendosolingen.de\/pl\/wp-json\/wp\/v2\/product_cat?post=2432"},{"taxonomy":"product_tag","embeddable":true,"href":"https:\/\/tendosolingen.de\/pl\/wp-json\/wp\/v2\/product_tag?post=2432"}],"curies":[{"name":"wp","href":"https:\/\/api.w.org\/{rel}","templated":true}]}}