{"id":2430,"date":"2024-04-09T22:38:23","date_gmt":"2024-04-09T20:38:23","guid":{"rendered":"https:\/\/tendosolingen.de\/product\/nozyczki-do-wrastajacych-i-zrogowacialych-paznokci-tendo-solingen-gold-line\/"},"modified":"2025-11-06T15:40:10","modified_gmt":"2025-11-06T14:40:10","slug":"nozyczki-do-wrastajacych-i-zrogowacialych-paznokci-tendo-solingen-gold-line","status":"publish","type":"product","link":"https:\/\/tendosolingen.de\/pl\/produkt\/nozyczki-do-wrastajacych-i-zrogowacialych-paznokci-tendo-solingen-gold-line\/","title":{"rendered":"No\u017cyczki do wrastaj\u0105cych i zrogowacia\u0142ych paznokci Tendo\u00ae Solingen Gold Line"},"content":{"rendered":"<p class=\"p1\" style=\"line-height:14.4pt;\"><span style=\"font-family:arial, helvetica, sans-serif;font-size:10pt;\"><strong>No\u017cyczki<\/strong> zagi\u0119te przeznaczone <span style=\"text-decoration:underline;\">do obcinania i wycinania wrastaj\u0105cych<\/span>, jak r\u00f3wnie\u017c <em>zrogowacia\u0142ych paznokci<\/em>. Mog\u0105 by\u0107 u\u017cytkowane zar\u00f3wno przez u\u017cytkownik\u00f3w w warunkach domowych jak i profesjonalne narz\u0119dzie w salonach kosmetycznych, gabinetach SPA, klinikach medycyny estetycznej. Odpowiednie wyprofilowanie i naostrzenie instrumentu pozwala na bezproblemowe obcinanie wrastaj\u0105cych paznokci. Zastosowana w procesie produkcji stal nierdzewna jest nie tylko gwarantem d\u0142ugotrwa\u0142o\u015bci, ale pozwala r\u00f3wnie\u017c na wielokrotn\u0105 sterylizacje.<\/span><\/p>\n<p><\/br><\/p>\n<h1 class=\"p1\" style=\"line-height:14.4pt;\"><span style=\"font-family:arial, helvetica, sans-serif;font-size:10pt;\">Parametry no\u017cyczek zagi\u0119tych do paznokci wrastaj\u0105cych i zrogowacia\u0142ych<\/span><\/h1>\n<p><\/br><\/p>\n<ul><\/br><\/p>\n<li class=\"p1\" style=\"line-height:14.4pt;\"><span style=\"font-family:arial, helvetica, sans-serif;font-size:10pt;\">typ: profesjonalne no\u017cyczki zagi\u0119te<\/span><\/li>\n<p><\/br><\/p>\n<li class=\"p1\" style=\"line-height:14.4pt;\"><span style=\"font-family:arial, helvetica, sans-serif;font-size:10pt;\">design in Germany<\/span><\/li>\n<p><\/br><\/p>\n<li class=\"p1\" style=\"line-height:14.4pt;\"><span style=\"font-family:arial, helvetica, sans-serif;font-size:10pt;\">niemiecka stal chirurgiczna<\/span><\/li>\n<p><\/br><\/p>\n<li class=\"p1\" style=\"line-height:14.4pt;\"><span style=\"font-family:arial, helvetica, sans-serif;font-size:10pt;\">przeznaczenie: paznokcie, paznokcie wrastaj\u0105ce i zrogowacia\u0142e<\/span><\/li>\n<p><\/br><\/p>\n<li class=\"p1\" style=\"line-height:14.4pt;\"><span style=\"font-family:arial, helvetica, sans-serif;font-size:10pt;\">d\u0142ugo\u015b\u0107 ca\u0142kowita: 9 cm<\/span><\/li>\n<p><\/br><\/p>\n<li class=\"p1\" style=\"line-height:14.4pt;\"><span style=\"font-family:arial, helvetica, sans-serif;font-size:10pt;\">szeroko\u015b\u0107 k\u00f3\u0142ek: 22 mm<\/span><\/li>\n<p><\/br><\/p>\n<li class=\"p1\" style=\"line-height:14.4pt;\"><span style=\"font-family:arial, helvetica, sans-serif;font-size:10pt;\">wysokiej jako\u015bci stal nierdzewna<\/span><\/li>\n<p><\/br><\/p>\n<li class=\"p1\" style=\"line-height:14.4pt;\"><span style=\"font-family:arial, helvetica, sans-serif;font-size:10pt;\">produkt wielokrotnego u\u017cytku<\/span><\/li>\n<p><\/br><\/p>\n<li class=\"p1\" style=\"line-height:14.4pt;\"><span style=\"font-family:arial, helvetica, sans-serif;font-size:10pt;\">produkt niesterylny<\/span><\/li>\n<p><\/br><\/ul>\n<p><\/br><\/p>\n<h2 class=\"p1\" style=\"line-height:14.4pt;\"><span style=\"font-family:arial, helvetica, sans-serif;font-size:10pt;\">Zalety wykorzystania no\u017cyczek do obcinania paznokci\u00a0<\/span><\/h2>\n<p><\/br><\/p>\n<ul><\/br><\/p>\n<li class=\"p1\" style=\"line-height:14.4pt;\"><span style=\"font-family:arial, helvetica, sans-serif;font-size:10pt;\">cz\u0119\u015b\u0107 pracuj\u0105ca no\u017cyczek zosta\u0142a wyprofilowana w spos\u00f3b maj\u0105cy u\u0142atwi\u0107 prac\u0119 z paznokciami wro\u015bni\u0119tymi i zrogowacia\u0142ymi<\/span><\/li>\n<p><\/br><\/p>\n<li class=\"p1\" style=\"line-height:14.4pt;\"><span style=\"font-family:arial, helvetica, sans-serif;font-size:10pt;\">instrumentu zaprojektowany z my\u015bl\u0105 u u\u017cytkownikach zar\u00f3wno prawo- jak i lewor\u0119cznych<\/span><\/li>\n<p><\/br><\/p>\n<li class=\"p1\" style=\"line-height:14.4pt;\"><span style=\"font-family:arial, helvetica, sans-serif;font-size:10pt;\">wysokiej jako\u015bci stal nierdzewna umo\u017cliwia wielokrotn\u0105 sterylizacje i pozwala na d\u0142ugie u\u017cytkowanie<\/span><\/li>\n<p><\/br><\/p>\n<li class=\"p1\" style=\"line-height:14.4pt;\"><span style=\"font-size:10pt;font-family:arial, helvetica, sans-serif;\">sprawdz\u0105 si\u0119 r\u00f3wnie\u017c jako <strong>no\u017cyczki podologiczne<\/strong> do paznokci wrastaj\u0105cych i zrogowacia\u0142ych<\/span><\/li>\n<p><\/br><\/ul>\n<p><\/br><\/p>\n<p class=\"p1\" style=\"line-height:14.4pt;\"><span style=\"font-family:arial, helvetica, sans-serif;font-size:10pt;\">Narz\u0119dzia zaprojektowane dla szerokiej gamy specjalist\u00f3w\u00a0<em>(c\u0105\u017cki do sk\u00f3rek, kopytka, rade\u0142ka do sk\u00f3rek, p\u0119sety kosmetyczne, d\u0142utka, pensety chirurgiczne<\/em>\u00a0) proponowane przez platform\u0119 instrumedic.pl to gwarancja najwy\u017cszej precyzji wykonania oraz jako\u015bci stali. Ka\u017cde narz\u0119dzie jest fabrycznie nowe, dok\u0142adnie sprawdzane i kontrolowane na poszczeg\u00f3lnych etapach produkcji, w celu zapewnienia ich zgodno\u015bci z mi\u0119dzynarodowymi standardami okre\u015blonymi ISO 9001:2008 oraz certyfikatem CE.<\/span><\/p>\n","protected":false},"excerpt":{"rendered":"<p class=\"p1\" style=\"line-height:14.4pt;\"><span style=\"font-family:arial, helvetica, sans-serif;font-size:10pt;\"><strong>No\u017cyczki<\/strong> zagi\u0119te przeznaczone <span style=\"text-decoration:underline;\">do obcinania i wycinania wrastaj\u0105cych<\/span>, jak r\u00f3wnie\u017c <em>zrogowacia\u0142ych paznokci<\/em>. Mog\u0105 by\u0107 u\u017cytkowane zar\u00f3wno przez u\u017cytkownik\u00f3w w warunkach domowych jak i profesjonalne narz\u0119dzie w salonach kosmetycznych, gabinetach SPA, klinikach medycyny estetycznej. Odpowiednie wyprofilowanie i naostrzenie instrumentu pozwala na bezproblemowe obcinanie wrastaj\u0105cych paznokci. Zastosowana w procesie produkcji stal nierdzewna jest nie tylko gwarantem d\u0142ugotrwa\u0142o\u015bci, ale pozwala r\u00f3wnie\u017c na wielokrotn\u0105 sterylizacje.<\/span><\/p>\n<p><\/br><\/p>\n<h1 class=\"p1\" style=\"line-height:14.4pt;\"><span style=\"font-family:arial, helvetica, sans-serif;font-size:10pt;\">Parametry no\u017cyczek zagi\u0119tych do paznokci wrastaj\u0105cych i zrogowacia\u0142ych<\/span><\/h1>\n<p><\/br><\/p>\n<ul><\/br><\/p>\n<li class=\"p1\" style=\"line-height:14.4pt;\"><span style=\"font-family:arial, helvetica, sans-serif;font-size:10pt;\">typ: profesjonalne no\u017cyczki zagi\u0119te<\/span><\/li>\n<p><\/br><\/p>\n<li class=\"p1\" style=\"line-height:14.4pt;\"><span style=\"font-family:arial, helvetica, sans-serif;font-size:10pt;\">design in Germany<\/span><\/li>\n<p><\/br><\/p>\n<li class=\"p1\" style=\"line-height:14.4pt;\"><span style=\"font-family:arial, helvetica, sans-serif;font-size:10pt;\">niemiecka stal chirurgiczna<\/span><\/li>\n<p><\/br><\/p>\n<li class=\"p1\" style=\"line-height:14.4pt;\"><span style=\"font-family:arial, helvetica, sans-serif;font-size:10pt;\">przeznaczenie: paznokcie, paznokcie wrastaj\u0105ce i zrogowacia\u0142e<\/span><\/li>\n<p><\/br><\/p>\n<li class=\"p1\" style=\"line-height:14.4pt;\"><span style=\"font-family:arial, helvetica, sans-serif;font-size:10pt;\">d\u0142ugo\u015b\u0107 ca\u0142kowita: 9 cm<\/span><\/li>\n<p><\/br><\/p>\n<li class=\"p1\" style=\"line-height:14.4pt;\"><span style=\"font-family:arial, helvetica, sans-serif;font-size:10pt;\">szeroko\u015b\u0107 k\u00f3\u0142ek: 22 mm<\/span><\/li>\n<p><\/br><\/p>\n<li class=\"p1\" style=\"line-height:14.4pt;\"><span style=\"font-family:arial, helvetica, sans-serif;font-size:10pt;\">wysokiej jako\u015bci stal nierdzewna<\/span><\/li>\n<p><\/br><\/p>\n<li class=\"p1\" style=\"line-height:14.4pt;\"><span style=\"font-family:arial, helvetica, sans-serif;font-size:10pt;\">produkt wielokrotnego u\u017cytku<\/span><\/li>\n<p><\/br><\/p>\n<li class=\"p1\" style=\"line-height:14.4pt;\"><span style=\"font-family:arial, helvetica, sans-serif;font-size:10pt;\">produkt niesterylny<\/span><\/li>\n<p><\/br><\/ul>\n<p><\/br><\/p>\n<h2 class=\"p1\" style=\"line-height:14.4pt;\"><span style=\"font-family:arial, helvetica, sans-serif;font-size:10pt;\">Zalety wykorzystania no\u017cyczek do obcinania paznokci\u00a0<\/span><\/h2>\n<p><\/br><\/p>\n<ul><\/br><\/p>\n<li class=\"p1\" style=\"line-height:14.4pt;\"><span style=\"font-family:arial, helvetica, sans-serif;font-size:10pt;\">cz\u0119\u015b\u0107 pracuj\u0105ca no\u017cyczek zosta\u0142a wyprofilowana w spos\u00f3b maj\u0105cy u\u0142atwi\u0107 prac\u0119 z paznokciami wro\u015bni\u0119tymi i zrogowacia\u0142ymi<\/span><\/li>\n<p><\/br><\/p>\n<li class=\"p1\" style=\"line-height:14.4pt;\"><span style=\"font-family:arial, helvetica, sans-serif;font-size:10pt;\">instrumentu zaprojektowany z my\u015bl\u0105 u u\u017cytkownikach zar\u00f3wno prawo- jak i lewor\u0119cznych<\/span><\/li>\n<p><\/br><\/p>\n<li class=\"p1\" style=\"line-height:14.4pt;\"><span style=\"font-family:arial, helvetica, sans-serif;font-size:10pt;\">wysokiej jako\u015bci stal nierdzewna umo\u017cliwia wielokrotn\u0105 sterylizacje i pozwala na d\u0142ugie u\u017cytkowanie<\/span><\/li>\n<p><\/br><\/p>\n<li class=\"p1\" style=\"line-height:14.4pt;\"><span style=\"font-size:10pt;font-family:arial, helvetica, sans-serif;\">sprawdz\u0105 si\u0119 r\u00f3wnie\u017c jako <strong>no\u017cyczki podologiczne<\/strong> do paznokci wrastaj\u0105cych i zrogowacia\u0142ych<\/span><\/li>\n<p><\/br><\/ul>\n<p><\/br><\/p>\n<p class=\"p1\" style=\"line-height:14.4pt;\"><span style=\"font-family:arial, helvetica, sans-serif;font-size:10pt;\">Narz\u0119dzia zaprojektowane dla szerokiej gamy specjalist\u00f3w\u00a0<em>(c\u0105\u017cki do sk\u00f3rek, kopytka, rade\u0142ka do sk\u00f3rek, p\u0119sety kosmetyczne, d\u0142utka, pensety chirurgiczne<\/em>\u00a0) proponowane przez platform\u0119 instrumedic.pl to gwarancja najwy\u017cszej precyzji wykonania oraz jako\u015bci stali. Ka\u017cde narz\u0119dzie jest fabrycznie nowe, dok\u0142adnie sprawdzane i kontrolowane na poszczeg\u00f3lnych etapach produkcji, w celu zapewnienia ich zgodno\u015bci z mi\u0119dzynarodowymi standardami okre\u015blonymi ISO 9001:2008 oraz certyfikatem CE.<\/span><\/p>\n","protected":false},"featured_media":1094,"comment_status":"closed","ping_status":"open","template":"","meta":[],"product_brand":[],"product_cat":[48],"product_tag":[],"class_list":{"0":"post-2430","1":"product","2":"type-product","3":"status-publish","4":"has-post-thumbnail","6":"product_cat-nozyczki-do-skorek-i-paznokci-pl","8":"first","9":"instock","10":"product-type-simple"},"_links":{"self":[{"href":"https:\/\/tendosolingen.de\/pl\/wp-json\/wp\/v2\/product\/2430","targetHints":{"allow":["GET"]}}],"collection":[{"href":"https:\/\/tendosolingen.de\/pl\/wp-json\/wp\/v2\/product"}],"about":[{"href":"https:\/\/tendosolingen.de\/pl\/wp-json\/wp\/v2\/types\/product"}],"replies":[{"embeddable":true,"href":"https:\/\/tendosolingen.de\/pl\/wp-json\/wp\/v2\/comments?post=2430"}],"wp:featuredmedia":[{"embeddable":true,"href":"https:\/\/tendosolingen.de\/pl\/wp-json\/wp\/v2\/media\/1094"}],"wp:attachment":[{"href":"https:\/\/tendosolingen.de\/pl\/wp-json\/wp\/v2\/media?parent=2430"}],"wp:term":[{"taxonomy":"product_brand","embeddable":true,"href":"https:\/\/tendosolingen.de\/pl\/wp-json\/wp\/v2\/product_brand?post=2430"},{"taxonomy":"product_cat","embeddable":true,"href":"https:\/\/tendosolingen.de\/pl\/wp-json\/wp\/v2\/product_cat?post=2430"},{"taxonomy":"product_tag","embeddable":true,"href":"https:\/\/tendosolingen.de\/pl\/wp-json\/wp\/v2\/product_tag?post=2430"}],"curies":[{"name":"wp","href":"https:\/\/api.w.org\/{rel}","templated":true}]}}