{"id":2429,"date":"2024-04-09T22:38:23","date_gmt":"2024-04-09T20:38:23","guid":{"rendered":"https:\/\/tendosolingen.de\/product\/przyrzad-do-czyszczenia-paznokci-grot-prosty-tendo-solingen-gold-line\/"},"modified":"2025-11-06T15:40:10","modified_gmt":"2025-11-06T14:40:10","slug":"przyrzad-do-czyszczenia-paznokci-grot-prosty-tendo-solingen-gold-line","status":"publish","type":"product","link":"https:\/\/tendosolingen.de\/pl\/produkt\/przyrzad-do-czyszczenia-paznokci-grot-prosty-tendo-solingen-gold-line\/","title":{"rendered":"Przyrz\u0105d do czyszczenia paznokci grot prosty Tendo\u00ae Solingen Gold Line"},"content":{"rendered":"<p class=\"p1\" style=\"line-height:14.4pt;\"><span style=\"font-family:arial, helvetica, sans-serif;font-size:10pt;\"><em>Przyrz\u0105d do czyszczenia paznokci<\/em> <strong>Tendo\u00ae Solingen<\/strong>\u00a0przeznaczony jest do u\u017cytku podczas zabieg\u00f3w <span style=\"text-decoration:underline;\">manicure<\/span> oraz <span style=\"text-decoration:underline;\">pedicure<\/span> zar\u00f3wno w warunkach domowych jak i profesjonalnych salonach kosmetycznych, gabinetach medycyny estetycznej. Ko\u0144c\u00f3wka instrumentu ma kszta\u0142t tr\u00f3jk\u0105tnego szpica o polerowanych brzegach. Produkt nadaje si\u0119 idealnie do usuwania zanieczyszcze\u0144 oraz obumar\u0142ego nask\u00f3rka spod powierzchni p\u0142ytki paznokcia. Wykorzystanie wysokiej jako\u015bci stali nierdzewnej pozwala na wielokrotn\u0105 sterylizacje i zapewnia d\u0142ugotrwa\u0142o\u015b\u0107.<\/span><\/p>\n<p><\/br><\/p>\n<h1 class=\"p1\" style=\"line-height:14.4pt;\"><span style=\"font-family:arial, helvetica, sans-serif;font-size:10pt;\">Parametry przyrz\u0105du do oczyszczania paznokci<\/span><\/h1>\n<p><\/br><\/p>\n<ul><\/br><\/p>\n<li class=\"p1\" style=\"line-height:14.4pt;\"><span style=\"font-family:arial, helvetica, sans-serif;font-size:10pt;\">typ: przyrz\u0105d do czyszczenia paznokci, <strong>narz\u0119dzie do piel\u0119gnacji paznokci<\/strong><\/span><\/li>\n<p><\/br><\/p>\n<li class=\"p1\" style=\"line-height:14.4pt;\"><span style=\"font-family:arial, helvetica, sans-serif;font-size:10pt;\">niemiecka stal chirurgiczna<\/span><\/li>\n<p><\/br><\/p>\n<li class=\"p1\" style=\"line-height:14.4pt;\"><span style=\"font-family:arial, helvetica, sans-serif;font-size:10pt;\">design in Germanym<\/span><\/li>\n<p><\/br><\/p>\n<li class=\"p1\" style=\"line-height:14.4pt;\"><span style=\"font-family:arial, helvetica, sans-serif;font-size:10pt;\">jednoelementowa konstrukcja<\/span><\/li>\n<p><\/br><\/p>\n<li class=\"p1\" style=\"line-height:14.4pt;\"><span style=\"font-family:arial, helvetica, sans-serif;font-size:10pt;\">specjalnie zaprojektowana linia Gold Line dla specjalist\u00f3w<\/span><\/li>\n<p><\/br><\/p>\n<li class=\"p1\" style=\"line-height:14.4pt;\"><span style=\"font-family:arial, helvetica, sans-serif;font-size:10pt;\">przeznaczenie: zanieczyszczenia, martwy nask\u00f3rek pod p\u0142ytk\u0105 paznokcia, do odsuwania sk\u00f3rek tj. <em>odsuwacz do sk\u00f3rek<\/em><\/span><\/li>\n<p><\/br><\/p>\n<li class=\"p1\" style=\"line-height:14.4pt;\"><span style=\"font-family:arial, helvetica, sans-serif;font-size:10pt;\">idealnie wywa\u017cone<\/span><\/li>\n<p><\/br><\/p>\n<li class=\"p1\" style=\"line-height:14.4pt;\"><span style=\"font-family:arial, helvetica, sans-serif;font-size:10pt;\">d\u0142ugo\u015b\u0107: 12 cm<\/span><\/li>\n<p><\/br><\/p>\n<li class=\"p1\" style=\"line-height:14.4pt;\"><span style=\"font-size:10pt;font-family:arial, helvetica, sans-serif;\">kszta\u0142t: grot prosty<\/span><\/li>\n<p><\/br><\/p>\n<li class=\"p1\" style=\"line-height:14.4pt;\"><span style=\"font-family:arial, helvetica, sans-serif;font-size:10pt;\">szeroko\u015b\u0107 r\u0119koje\u015bci: 10 mm<\/span><\/li>\n<p><\/br><\/p>\n<li class=\"p1\" style=\"line-height:14.4pt;\"><span style=\"font-family:arial, helvetica, sans-serif;font-size:10pt;\">produkt wielokrotnego u\u017cytku<\/span><\/li>\n<p><\/br><\/p>\n<li class=\"p1\" style=\"line-height:14.4pt;\"><span style=\"font-family:arial, helvetica, sans-serif;font-size:10pt;\">produkt niesterylny<\/span><\/li>\n<p><\/br><\/ul>\n<p><\/br><\/p>\n<h2 class=\"p1\" style=\"line-height:14.4pt;\"><span style=\"font-family:arial, helvetica, sans-serif;font-size:10pt;\">Zalety wykorzystania narz\u0119dzia do\u00a0odsuwania sk\u00f3rek paznokci<\/span><\/h2>\n<p><\/br><\/p>\n<ul><\/br><\/p>\n<li class=\"p1\" style=\"line-height:14.4pt;\"><span style=\"font-family:arial, helvetica, sans-serif;font-size:10pt;\">wysoka precyzja wykonania zapewnia dok\u0142adno\u015b\u0107 wykonywanych czynno\u015bci oraz jest gwarantem trwa\u0142o\u015bci<\/span><\/li>\n<p><\/br><\/p>\n<li class=\"p1\" style=\"line-height:14.4pt;\"><span style=\"font-family:arial, helvetica, sans-serif;font-size:10pt;\">wykorzystanie wysokiej jako\u015bci stali nierdzewnej umo\u017cliwia wielokrotn\u0105 sterylizacje instrumentu<\/span><\/li>\n<p><\/br><\/p>\n<li class=\"p1\" style=\"line-height:14.4pt;\"><span style=\"font-family:arial, helvetica, sans-serif;font-size:10pt;\">podlegaj\u0105 sterylizacji w autoklawie w 134\u030a<\/span><\/li>\n<p><\/br><\/p>\n<li class=\"p1\" style=\"line-height:14.4pt;\"><span style=\"font-family:arial, helvetica, sans-serif;font-size:10pt;\">d\u0142ugotrwa\u0142a \u017cywotno\u015b\u0107<\/span><\/li>\n<p><\/br><\/p>\n<li class=\"p1\" style=\"line-height:14.4pt;\"><span style=\"font-family:arial, helvetica, sans-serif;font-size:10pt;\">trzyletnia gwarancja producenta<\/span><\/li>\n<p><\/br><\/ul>\n<p><\/br><\/p>\n<p class=\"p1\" style=\"line-height:14.4pt;\"><span style=\"font-family:arial, helvetica, sans-serif;font-size:10pt;\">Nabywaj\u0105c narz\u0119dzia w naszym sklepie masz gwarancj\u0119 wytrzyma\u0142o\u015bci, bezpiecze\u0144stwa w trakcie u\u017cytkowania oraz wygody i komfortu pracy. Produkty posiadaj\u0105 mi\u0119dzynarodowy certyfikat CE\u00a0oraz ISO 9001\/ ISO 13485.<\/span><\/p>\n","protected":false},"excerpt":{"rendered":"<p class=\"p1\" style=\"line-height:14.4pt;\"><span style=\"font-family:arial, helvetica, sans-serif;font-size:10pt;\"><em>Przyrz\u0105d do czyszczenia paznokci<\/em> <strong>Tendo\u00ae Solingen<\/strong>\u00a0przeznaczony jest do u\u017cytku podczas zabieg\u00f3w <span style=\"text-decoration:underline;\">manicure<\/span> oraz <span style=\"text-decoration:underline;\">pedicure<\/span> zar\u00f3wno w warunkach domowych jak i profesjonalnych salonach kosmetycznych, gabinetach medycyny estetycznej. Ko\u0144c\u00f3wka instrumentu ma kszta\u0142t tr\u00f3jk\u0105tnego szpica o polerowanych brzegach. Produkt nadaje si\u0119 idealnie do usuwania zanieczyszcze\u0144 oraz obumar\u0142ego nask\u00f3rka spod powierzchni p\u0142ytki paznokcia. Wykorzystanie wysokiej jako\u015bci stali nierdzewnej pozwala na wielokrotn\u0105 sterylizacje i zapewnia d\u0142ugotrwa\u0142o\u015b\u0107.<\/span><\/p>\n<p><\/br><\/p>\n<h1 class=\"p1\" style=\"line-height:14.4pt;\"><span style=\"font-family:arial, helvetica, sans-serif;font-size:10pt;\">Parametry przyrz\u0105du do oczyszczania paznokci<\/span><\/h1>\n<p><\/br><\/p>\n<ul><\/br><\/p>\n<li class=\"p1\" style=\"line-height:14.4pt;\"><span style=\"font-family:arial, helvetica, sans-serif;font-size:10pt;\">typ: przyrz\u0105d do czyszczenia paznokci, <strong>narz\u0119dzie do piel\u0119gnacji paznokci<\/strong><\/span><\/li>\n<p><\/br><\/p>\n<li class=\"p1\" style=\"line-height:14.4pt;\"><span style=\"font-family:arial, helvetica, sans-serif;font-size:10pt;\">niemiecka stal chirurgiczna<\/span><\/li>\n<p><\/br><\/p>\n<li class=\"p1\" style=\"line-height:14.4pt;\"><span style=\"font-family:arial, helvetica, sans-serif;font-size:10pt;\">design in Germanym<\/span><\/li>\n<p><\/br><\/p>\n<li class=\"p1\" style=\"line-height:14.4pt;\"><span style=\"font-family:arial, helvetica, sans-serif;font-size:10pt;\">jednoelementowa konstrukcja<\/span><\/li>\n<p><\/br><\/p>\n<li class=\"p1\" style=\"line-height:14.4pt;\"><span style=\"font-family:arial, helvetica, sans-serif;font-size:10pt;\">specjalnie zaprojektowana linia Gold Line dla specjalist\u00f3w<\/span><\/li>\n<p><\/br><\/p>\n<li class=\"p1\" style=\"line-height:14.4pt;\"><span style=\"font-family:arial, helvetica, sans-serif;font-size:10pt;\">przeznaczenie: zanieczyszczenia, martwy nask\u00f3rek pod p\u0142ytk\u0105 paznokcia, do odsuwania sk\u00f3rek tj. <em>odsuwacz do sk\u00f3rek<\/em><\/span><\/li>\n<p><\/br><\/p>\n<li class=\"p1\" style=\"line-height:14.4pt;\"><span style=\"font-family:arial, helvetica, sans-serif;font-size:10pt;\">idealnie wywa\u017cone<\/span><\/li>\n<p><\/br><\/p>\n<li class=\"p1\" style=\"line-height:14.4pt;\"><span style=\"font-family:arial, helvetica, sans-serif;font-size:10pt;\">d\u0142ugo\u015b\u0107: 12 cm<\/span><\/li>\n<p><\/br><\/p>\n<li class=\"p1\" style=\"line-height:14.4pt;\"><span style=\"font-size:10pt;font-family:arial, helvetica, sans-serif;\">kszta\u0142t: grot prosty<\/span><\/li>\n<p><\/br><\/p>\n<li class=\"p1\" style=\"line-height:14.4pt;\"><span style=\"font-family:arial, helvetica, sans-serif;font-size:10pt;\">szeroko\u015b\u0107 r\u0119koje\u015bci: 10 mm<\/span><\/li>\n<p><\/br><\/p>\n<li class=\"p1\" style=\"line-height:14.4pt;\"><span style=\"font-family:arial, helvetica, sans-serif;font-size:10pt;\">produkt wielokrotnego u\u017cytku<\/span><\/li>\n<p><\/br><\/p>\n<li class=\"p1\" style=\"line-height:14.4pt;\"><span style=\"font-family:arial, helvetica, sans-serif;font-size:10pt;\">produkt niesterylny<\/span><\/li>\n<p><\/br><\/ul>\n<p><\/br><\/p>\n<h2 class=\"p1\" style=\"line-height:14.4pt;\"><span style=\"font-family:arial, helvetica, sans-serif;font-size:10pt;\">Zalety wykorzystania narz\u0119dzia do\u00a0odsuwania sk\u00f3rek paznokci<\/span><\/h2>\n<p><\/br><\/p>\n<ul><\/br><\/p>\n<li class=\"p1\" style=\"line-height:14.4pt;\"><span style=\"font-family:arial, helvetica, sans-serif;font-size:10pt;\">wysoka precyzja wykonania zapewnia dok\u0142adno\u015b\u0107 wykonywanych czynno\u015bci oraz jest gwarantem trwa\u0142o\u015bci<\/span><\/li>\n<p><\/br><\/p>\n<li class=\"p1\" style=\"line-height:14.4pt;\"><span style=\"font-family:arial, helvetica, sans-serif;font-size:10pt;\">wykorzystanie wysokiej jako\u015bci stali nierdzewnej umo\u017cliwia wielokrotn\u0105 sterylizacje instrumentu<\/span><\/li>\n<p><\/br><\/p>\n<li class=\"p1\" style=\"line-height:14.4pt;\"><span style=\"font-family:arial, helvetica, sans-serif;font-size:10pt;\">podlegaj\u0105 sterylizacji w autoklawie w 134\u030a<\/span><\/li>\n<p><\/br><\/p>\n<li class=\"p1\" style=\"line-height:14.4pt;\"><span style=\"font-family:arial, helvetica, sans-serif;font-size:10pt;\">d\u0142ugotrwa\u0142a \u017cywotno\u015b\u0107<\/span><\/li>\n<p><\/br><\/p>\n<li class=\"p1\" style=\"line-height:14.4pt;\"><span style=\"font-family:arial, helvetica, sans-serif;font-size:10pt;\">trzyletnia gwarancja producenta<\/span><\/li>\n<p><\/br><\/ul>\n<p><\/br><\/p>\n<p class=\"p1\" style=\"line-height:14.4pt;\"><span style=\"font-family:arial, helvetica, sans-serif;font-size:10pt;\">Nabywaj\u0105c narz\u0119dzia w naszym sklepie masz gwarancj\u0119 wytrzyma\u0142o\u015bci, bezpiecze\u0144stwa w trakcie u\u017cytkowania oraz wygody i komfortu pracy. Produkty posiadaj\u0105 mi\u0119dzynarodowy certyfikat CE\u00a0oraz ISO 9001\/ ISO 13485.<\/span><\/p>\n","protected":false},"featured_media":1090,"comment_status":"closed","ping_status":"open","template":"","meta":[],"product_brand":[],"product_cat":[50],"product_tag":[],"class_list":{"0":"post-2429","1":"product","2":"type-product","3":"status-publish","4":"has-post-thumbnail","6":"product_cat-narzedzia-podologiczne-pl","8":"first","9":"instock","10":"product-type-simple"},"_links":{"self":[{"href":"https:\/\/tendosolingen.de\/pl\/wp-json\/wp\/v2\/product\/2429","targetHints":{"allow":["GET"]}}],"collection":[{"href":"https:\/\/tendosolingen.de\/pl\/wp-json\/wp\/v2\/product"}],"about":[{"href":"https:\/\/tendosolingen.de\/pl\/wp-json\/wp\/v2\/types\/product"}],"replies":[{"embeddable":true,"href":"https:\/\/tendosolingen.de\/pl\/wp-json\/wp\/v2\/comments?post=2429"}],"wp:featuredmedia":[{"embeddable":true,"href":"https:\/\/tendosolingen.de\/pl\/wp-json\/wp\/v2\/media\/1090"}],"wp:attachment":[{"href":"https:\/\/tendosolingen.de\/pl\/wp-json\/wp\/v2\/media?parent=2429"}],"wp:term":[{"taxonomy":"product_brand","embeddable":true,"href":"https:\/\/tendosolingen.de\/pl\/wp-json\/wp\/v2\/product_brand?post=2429"},{"taxonomy":"product_cat","embeddable":true,"href":"https:\/\/tendosolingen.de\/pl\/wp-json\/wp\/v2\/product_cat?post=2429"},{"taxonomy":"product_tag","embeddable":true,"href":"https:\/\/tendosolingen.de\/pl\/wp-json\/wp\/v2\/product_tag?post=2429"}],"curies":[{"name":"wp","href":"https:\/\/api.w.org\/{rel}","templated":true}]}}