{"id":2428,"date":"2024-04-09T22:38:23","date_gmt":"2024-04-09T20:38:23","guid":{"rendered":"https:\/\/tendosolingen.de\/product\/nozyczki-do-paznokci-smukle-proste-tendo-solingen-gold-line\/"},"modified":"2025-11-06T15:40:10","modified_gmt":"2025-11-06T14:40:10","slug":"nozyczki-do-paznokci-smukle-proste-tendo-solingen-gold-line","status":"publish","type":"product","link":"https:\/\/tendosolingen.de\/pl\/produkt\/nozyczki-do-paznokci-smukle-proste-tendo-solingen-gold-line\/","title":{"rendered":"No\u017cyczki do paznokci smuk\u0142e proste Tendo\u00ae Solingen Gold Line"},"content":{"rendered":"<p><span style=\"font-family:arial, helvetica, sans-serif;font-size:10pt;\">Profesjonalne <span style=\"text-decoration:underline;\">no\u017cyczki do paznokci<\/span> <strong>Tendo\u00ae Solingen <\/strong>Gold Line przeznaczone <em>do obcinania paznokci<\/em> zar\u00f3wno w warunkach domowych jak i profesjonalnych salonach kosmetycznych, gabinetach SPA (manicure). Cz\u0119\u015b\u0107 robocza no\u017cyczek o smuk\u0142ej budowie pozwala na precyzyjne przeprowadzanie czynno\u015bci. Dobra konstrukcja uchwytu pozwala na u\u017cytkowanie instrumentu zar\u00f3wno przez osoby prawo- jak i lewor\u0119czne. Do produkcji no\u017cyczek wykorzystana zosta\u0142a wysokiej jako\u015bci stal nierdzewna zapewniaj\u0105ca d\u0142ugotrwa\u0142o\u015b\u0107 oraz odporno\u015b\u0107 na procesy sterylizacji i dezynfekcji.<\/span><\/p>\n<p><\/br><\/p>\n<h1><span style=\"font-family:arial, helvetica, sans-serif;font-size:10pt;\">Parametry no\u017cyczek do paznokci prostych<\/span><\/h1>\n<p><\/br><\/p>\n<ul><\/br><\/p>\n<li><span style=\"font-family:arial, helvetica, sans-serif;font-size:10pt;\">typ: no\u017cyczki proste, ostro-ostre, cienkie<\/span><\/li>\n<p><\/br><\/p>\n<li><span style=\"font-family:arial, helvetica, sans-serif;font-size:10pt;\">design in Germany<\/span><\/li>\n<p><\/br><\/p>\n<li><span style=\"font-family:arial, helvetica, sans-serif;font-size:10pt;\">niemiecka stal chirurgiczna medyczna<\/span><\/li>\n<p><\/br><\/p>\n<li><span style=\"font-family:arial, helvetica, sans-serif;font-size:10pt;\">przeznaczenie: obcinanie paznokci<\/span><\/li>\n<p><\/br><\/p>\n<li><span style=\"font-family:arial, helvetica, sans-serif;font-size:10pt;\">specjalnie zaprojektowana linia Gold Line dla specjalist\u00f3w<\/span><\/li>\n<p><\/br><\/p>\n<li><span style=\"font-family:arial, helvetica, sans-serif;font-size:10pt;\">d\u0142ugo\u015b\u0107 ca\u0142kowita: 9 cm<\/span><\/li>\n<p><\/br><\/p>\n<li><span style=\"font-family:arial, helvetica, sans-serif;font-size:10pt;\">wykonanie: ze stali chirurgicznej<\/span><\/li>\n<p><\/br><\/p>\n<li><span style=\"font-family:arial, helvetica, sans-serif;font-size:10pt;\">produkt niesterylny<\/span><\/li>\n<p><\/br><\/p>\n<li><span style=\"font-family:arial, helvetica, sans-serif;font-size:10pt;\">produkt wielokrotnego u\u017cytku<\/span><\/li>\n<p><\/br><\/ul>\n<p><\/br><\/p>\n<h2><span style=\"font-family:arial, helvetica, sans-serif;font-size:10pt;\">Zalety wykorzystania no\u017cyczek do paznokci\u00a0<\/span><\/h2>\n<p><\/br><\/p>\n<ul><\/br><\/p>\n<li><span style=\"font-family:arial, helvetica, sans-serif;font-size:10pt;\">no\u017cyczki o smuk\u0142ej cz\u0119\u015bci pracuj\u0105cej pozwalaj\u0105 na bezproblemowe przeprowadzanie zabieg\u00f3w zwi\u0105zanych ze stylizacj\u0105 paznokci<\/span><\/li>\n<p><\/br><\/p>\n<li><span style=\"font-family:arial, helvetica, sans-serif;font-size:10pt;\">wyprofilowanie no\u017cyczek pozwala na u\u017cytkowanie ich przez osoby zar\u00f3wno prawo- jak i lewor\u0119czne<\/span><\/li>\n<p><\/br><\/p>\n<li><span style=\"font-family:arial, helvetica, sans-serif;font-size:10pt;\">wykorzystanie wysokiej jako\u015bci stali nierdzewnej gwarantuje d\u0142ugotrwa\u0142o\u015b\u0107 i mo\u017cliwo\u015b\u0107 wielokrotnej sterylizacji<\/span><\/li>\n<p><\/br><\/p>\n<li><span style=\"font-family:arial, helvetica, sans-serif;font-size:10pt;\">d\u0142ugotrwa\u0142a \u017cywotno\u015b\u0107<\/span><\/li>\n<p><\/br><\/p>\n<li><span style=\"font-family:arial, helvetica, sans-serif;font-size:10pt;\">trzyletnia gwarancja producenta<\/span><\/li>\n<p><\/br><\/ul>\n<p><\/br><\/p>\n<p><span style=\"font-family:arial, helvetica, sans-serif;font-size:10pt;\">Nabywaj\u0105c narz\u0119dzia marki Tendo\u00ae Solingen w naszym sklepie masz gwarancj\u0119 wysokiej wytrzyma\u0142o\u015bci, bezpiecze\u0144stwa w trakcie u\u017cytkowania oraz wygody i komfortu pracy. Kompleksowy asortyment w naszym sklepie obejmuje produkty niezb\u0119dne do codziennego profesjonalnego manicure. Produkty posiadaj\u0105 mi\u0119dzynarodowy certyfikat CE a podczas proces\u00f3w produkcyjnych stosowane s\u0105 efektywne systemy zarz\u0105dzania jako\u015bci\u0105 i kontroli wewn\u0119trznej: ISO 9001\/ ISO 13485.<\/span><\/p>\n","protected":false},"excerpt":{"rendered":"<p><span style=\"font-family:arial, helvetica, sans-serif;font-size:10pt;\">Profesjonalne <span style=\"text-decoration:underline;\">no\u017cyczki do paznokci<\/span> <strong>Tendo\u00ae Solingen <\/strong>Gold Line przeznaczone <em>do obcinania paznokci<\/em> zar\u00f3wno w warunkach domowych jak i profesjonalnych salonach kosmetycznych, gabinetach SPA (manicure). Cz\u0119\u015b\u0107 robocza no\u017cyczek o smuk\u0142ej budowie pozwala na precyzyjne przeprowadzanie czynno\u015bci. Dobra konstrukcja uchwytu pozwala na u\u017cytkowanie instrumentu zar\u00f3wno przez osoby prawo- jak i lewor\u0119czne. Do produkcji no\u017cyczek wykorzystana zosta\u0142a wysokiej jako\u015bci stal nierdzewna zapewniaj\u0105ca d\u0142ugotrwa\u0142o\u015b\u0107 oraz odporno\u015b\u0107 na procesy sterylizacji i dezynfekcji.<\/span><\/p>\n<p><\/br><\/p>\n<h1><span style=\"font-family:arial, helvetica, sans-serif;font-size:10pt;\">Parametry no\u017cyczek do paznokci prostych<\/span><\/h1>\n<p><\/br><\/p>\n<ul><\/br><\/p>\n<li><span style=\"font-family:arial, helvetica, sans-serif;font-size:10pt;\">typ: no\u017cyczki proste, ostro-ostre, cienkie<\/span><\/li>\n<p><\/br><\/p>\n<li><span style=\"font-family:arial, helvetica, sans-serif;font-size:10pt;\">design in Germany<\/span><\/li>\n<p><\/br><\/p>\n<li><span style=\"font-family:arial, helvetica, sans-serif;font-size:10pt;\">niemiecka stal chirurgiczna medyczna<\/span><\/li>\n<p><\/br><\/p>\n<li><span style=\"font-family:arial, helvetica, sans-serif;font-size:10pt;\">przeznaczenie: obcinanie paznokci<\/span><\/li>\n<p><\/br><\/p>\n<li><span style=\"font-family:arial, helvetica, sans-serif;font-size:10pt;\">specjalnie zaprojektowana linia Gold Line dla specjalist\u00f3w<\/span><\/li>\n<p><\/br><\/p>\n<li><span style=\"font-family:arial, helvetica, sans-serif;font-size:10pt;\">d\u0142ugo\u015b\u0107 ca\u0142kowita: 9 cm<\/span><\/li>\n<p><\/br><\/p>\n<li><span style=\"font-family:arial, helvetica, sans-serif;font-size:10pt;\">wykonanie: ze stali chirurgicznej<\/span><\/li>\n<p><\/br><\/p>\n<li><span style=\"font-family:arial, helvetica, sans-serif;font-size:10pt;\">produkt niesterylny<\/span><\/li>\n<p><\/br><\/p>\n<li><span style=\"font-family:arial, helvetica, sans-serif;font-size:10pt;\">produkt wielokrotnego u\u017cytku<\/span><\/li>\n<p><\/br><\/ul>\n<p><\/br><\/p>\n<h2><span style=\"font-family:arial, helvetica, sans-serif;font-size:10pt;\">Zalety wykorzystania no\u017cyczek do paznokci\u00a0<\/span><\/h2>\n<p><\/br><\/p>\n<ul><\/br><\/p>\n<li><span style=\"font-family:arial, helvetica, sans-serif;font-size:10pt;\">no\u017cyczki o smuk\u0142ej cz\u0119\u015bci pracuj\u0105cej pozwalaj\u0105 na bezproblemowe przeprowadzanie zabieg\u00f3w zwi\u0105zanych ze stylizacj\u0105 paznokci<\/span><\/li>\n<p><\/br><\/p>\n<li><span style=\"font-family:arial, helvetica, sans-serif;font-size:10pt;\">wyprofilowanie no\u017cyczek pozwala na u\u017cytkowanie ich przez osoby zar\u00f3wno prawo- jak i lewor\u0119czne<\/span><\/li>\n<p><\/br><\/p>\n<li><span style=\"font-family:arial, helvetica, sans-serif;font-size:10pt;\">wykorzystanie wysokiej jako\u015bci stali nierdzewnej gwarantuje d\u0142ugotrwa\u0142o\u015b\u0107 i mo\u017cliwo\u015b\u0107 wielokrotnej sterylizacji<\/span><\/li>\n<p><\/br><\/p>\n<li><span style=\"font-family:arial, helvetica, sans-serif;font-size:10pt;\">d\u0142ugotrwa\u0142a \u017cywotno\u015b\u0107<\/span><\/li>\n<p><\/br><\/p>\n<li><span style=\"font-family:arial, helvetica, sans-serif;font-size:10pt;\">trzyletnia gwarancja producenta<\/span><\/li>\n<p><\/br><\/ul>\n<p><\/br><\/p>\n<p><span style=\"font-family:arial, helvetica, sans-serif;font-size:10pt;\">Nabywaj\u0105c narz\u0119dzia marki Tendo\u00ae Solingen w naszym sklepie masz gwarancj\u0119 wysokiej wytrzyma\u0142o\u015bci, bezpiecze\u0144stwa w trakcie u\u017cytkowania oraz wygody i komfortu pracy. Kompleksowy asortyment w naszym sklepie obejmuje produkty niezb\u0119dne do codziennego profesjonalnego manicure. Produkty posiadaj\u0105 mi\u0119dzynarodowy certyfikat CE a podczas proces\u00f3w produkcyjnych stosowane s\u0105 efektywne systemy zarz\u0105dzania jako\u015bci\u0105 i kontroli wewn\u0119trznej: ISO 9001\/ ISO 13485.<\/span><\/p>\n","protected":false},"featured_media":1086,"comment_status":"closed","ping_status":"open","template":"","meta":[],"product_brand":[],"product_cat":[48],"product_tag":[],"class_list":{"0":"post-2428","1":"product","2":"type-product","3":"status-publish","4":"has-post-thumbnail","6":"product_cat-nozyczki-do-skorek-i-paznokci-pl","8":"first","9":"instock","10":"product-type-simple"},"_links":{"self":[{"href":"https:\/\/tendosolingen.de\/pl\/wp-json\/wp\/v2\/product\/2428","targetHints":{"allow":["GET"]}}],"collection":[{"href":"https:\/\/tendosolingen.de\/pl\/wp-json\/wp\/v2\/product"}],"about":[{"href":"https:\/\/tendosolingen.de\/pl\/wp-json\/wp\/v2\/types\/product"}],"replies":[{"embeddable":true,"href":"https:\/\/tendosolingen.de\/pl\/wp-json\/wp\/v2\/comments?post=2428"}],"wp:featuredmedia":[{"embeddable":true,"href":"https:\/\/tendosolingen.de\/pl\/wp-json\/wp\/v2\/media\/1086"}],"wp:attachment":[{"href":"https:\/\/tendosolingen.de\/pl\/wp-json\/wp\/v2\/media?parent=2428"}],"wp:term":[{"taxonomy":"product_brand","embeddable":true,"href":"https:\/\/tendosolingen.de\/pl\/wp-json\/wp\/v2\/product_brand?post=2428"},{"taxonomy":"product_cat","embeddable":true,"href":"https:\/\/tendosolingen.de\/pl\/wp-json\/wp\/v2\/product_cat?post=2428"},{"taxonomy":"product_tag","embeddable":true,"href":"https:\/\/tendosolingen.de\/pl\/wp-json\/wp\/v2\/product_tag?post=2428"}],"curies":[{"name":"wp","href":"https:\/\/api.w.org\/{rel}","templated":true}]}}