{"id":2425,"date":"2024-04-09T22:38:23","date_gmt":"2024-04-09T20:38:23","guid":{"rendered":"https:\/\/tendosolingen.de\/product\/nozyczki-do-skorek-paznokci-tendo-solingen-waskie-zagiete-gold-line\/"},"modified":"2025-11-06T15:40:11","modified_gmt":"2025-11-06T14:40:11","slug":"nozyczki-do-skorek-paznokci-tendo-solingen-waskie-zagiete-gold-line","status":"publish","type":"product","link":"https:\/\/tendosolingen.de\/pl\/produkt\/nozyczki-do-skorek-paznokci-tendo-solingen-waskie-zagiete-gold-line\/","title":{"rendered":"No\u017cyczki do sk\u00f3rek paznokci Tendo\u00ae Solingen w\u0105skie zagi\u0119te Gold Line"},"content":{"rendered":"<p><span style=\"font-family:arial, helvetica, sans-serif;font-size:10pt;\">Cienkie no\u017cyczki profesjonalne przeznaczone\u00a0<span style=\"text-decoration:underline;\">do wycinania sk\u00f3rek<\/span>\u00a0z okolic p\u0142ytki paznokcia wykonane\u00a0<em>ze stali chirurgicznej<\/em>. Zagi\u0119ta cz\u0119\u015b\u0107 pracuj\u0105ca pozwala na prac\u0119 pod r\u00f3\u017cnymi k\u0105tami dla zachowania jak najwi\u0119kszej precyzji. Wyprofilowanie no\u017cyczek pozwala na komfortow\u0105 prac\u0119 zar\u00f3wno osobom prawo- jak i lewor\u0119cznym. Wysokiej jako\u015bci stal nierdzewna umo\u017cliwia wielokrotn\u0105 sterylizacje i odpowiada za d\u0142ugotrwa\u0142o\u015b\u0107 produktu. No\u017cyczki przeznaczone s\u0105 zar\u00f3wno do u\u017cytku amatorskiego w warunkach domowych, jak i profesjonalnego w gabinetach kosmetycznych czy salonach SPA.<\/span><\/p>\n<p><\/br><\/p>\n<h2><span style=\"font-family:arial, helvetica, sans-serif;font-size:10pt;\">Parametry no\u017cyczek do wycinania sk\u00f3rek i manicure paznokci<\/span><\/h2>\n<p><\/br><\/p>\n<ul><\/br><\/p>\n<li><span style=\"font-family:arial, helvetica, sans-serif;font-size:10pt;\">typ: no\u017cyczki ostro-ostre, zagi\u0119te<\/span><\/li>\n<p><\/br><\/p>\n<li><span style=\"font-family:arial, helvetica, sans-serif;font-size:10pt;\">niemiecka stal chirurgiczna<\/span><\/li>\n<p><\/br><\/p>\n<li><span style=\"font-family:arial, helvetica, sans-serif;font-size:10pt;\">delikatne\u00a0<\/span><\/li>\n<p><\/br><\/p>\n<li><span style=\"font-family:arial, helvetica, sans-serif;font-size:10pt;\">precyzyjne<\/span><\/li>\n<p><\/br><\/p>\n<li><span style=\"font-family:arial, helvetica, sans-serif;font-size:10pt;\">design in Germany<\/span><\/li>\n<p><\/br><\/p>\n<li><span style=\"font-family:arial, helvetica, sans-serif;font-size:10pt;\">przeznaczenie: do obcinania sk\u00f3rek paznokcia<\/span><\/li>\n<p><\/br><\/p>\n<li><span style=\"font-family:arial, helvetica, sans-serif;font-size:10pt;\">d\u0142ugo\u015b\u0107 ca\u0142kowita: 9 cm<\/span><\/li>\n<p><\/br><\/p>\n<li><span style=\"font-family:arial, helvetica, sans-serif;font-size:10pt;\">jedno ostrze &#8211; dolne cie\u0144sze\u00a0<\/span><\/li>\n<p><\/br><\/p>\n<li><span style=\"font-family:arial, helvetica, sans-serif;font-size:10pt;\">specjalnie zaprojektowana linia Gold Line dla specjalist\u00f3w<\/span><\/li>\n<p><\/br><\/p>\n<li><span style=\"font-family:arial, helvetica, sans-serif;font-size:10pt;\">wysokiej jako\u015bci stal nierdzewna<\/span><\/li>\n<p><\/br><\/p>\n<li><span style=\"font-family:arial, helvetica, sans-serif;font-size:10pt;\">produkt wielokrotnego u\u017cytku<\/span><\/li>\n<p><\/br><\/p>\n<li><span style=\"font-family:arial, helvetica, sans-serif;font-size:10pt;\">produkt niesterylny<\/span><\/li>\n<p><\/br><\/ul>\n<p><\/br><\/p>\n<h2><span style=\"font-family:arial, helvetica, sans-serif;font-size:10pt;\">Zalety wykorzystania no\u017cyczek do usuwania sk\u00f3rek paznokci Solingen<\/span><\/h2>\n<p><\/br><\/p>\n<ul><\/br><\/p>\n<li><span style=\"font-family:arial, helvetica, sans-serif;font-size:10pt;\">precyzyjne wyprofilowanie instrumentu jest gwarancj\u0105 precyzji wykonywanych dzia\u0142a\u0144 oraz zmniejsza zm\u0119czenie mi\u0119\u015bniowe<\/span><\/li>\n<p><\/br><\/p>\n<li><span style=\"font-family:arial, helvetica, sans-serif;font-size:10pt;\">wykorzystanie wysokiej jako\u015bciowo stali niemieckiej umo\u017cliwia d\u0142ugotrwa\u0142e u\u017cytkowanie oraz wielokrotn\u0105 sterylizacje<\/span><\/li>\n<p><\/br><\/p>\n<li><span style=\"font-family:arial, helvetica, sans-serif;font-size:10pt;\">dolne ostrze specjalnie\u00a0zaprojektowane do precyzyjnego przecinania sk\u00f3rek<\/span><\/li>\n<p><\/br><\/p>\n<li><span style=\"font-family:arial, helvetica, sans-serif;font-size:10pt;\">trzyletnia gwarancja producenta<\/span><\/li>\n<p><\/br><\/ul>\n<p><\/br><\/p>\n<p><span style=\"font-family:arial, helvetica, sans-serif;font-size:10pt;\">Produkty profesjonalnej marki Tendo\u00ae Solingen zakupiony na platformie instrumedic.pl to gwarancja najwy\u017cszej jako\u015bci wykonania, bezpiecze\u0144stwa zakupu\u00a0i gwarantowanej satysfakcji albo zwrotu pieni\u0119dzy. No\u017cyczki do sk\u00f3rek powinny by\u0107 wykorzystywane zgodnie z ich przeznaczeniem.\u00a0Narz\u0119dzia s\u0105 fabrycznie nowe oraz dok\u0142adnie sprawdzane i kontrolowane na wszystkich etapach produkcji, w celu zapewnienia ich zgodno\u015bci z mi\u0119dzynarodowymi standardami okre\u015blonymi ISO 9001:2008 oraz certyfikatem CE.<\/span><\/p>\n","protected":false},"excerpt":{"rendered":"<p><span style=\"font-family:arial, helvetica, sans-serif;font-size:10pt;\">Cienkie no\u017cyczki profesjonalne przeznaczone\u00a0<span style=\"text-decoration:underline;\">do wycinania sk\u00f3rek<\/span>\u00a0z okolic p\u0142ytki paznokcia wykonane\u00a0<em>ze stali chirurgicznej<\/em>. Zagi\u0119ta cz\u0119\u015b\u0107 pracuj\u0105ca pozwala na prac\u0119 pod r\u00f3\u017cnymi k\u0105tami dla zachowania jak najwi\u0119kszej precyzji. Wyprofilowanie no\u017cyczek pozwala na komfortow\u0105 prac\u0119 zar\u00f3wno osobom prawo- jak i lewor\u0119cznym. Wysokiej jako\u015bci stal nierdzewna umo\u017cliwia wielokrotn\u0105 sterylizacje i odpowiada za d\u0142ugotrwa\u0142o\u015b\u0107 produktu. No\u017cyczki przeznaczone s\u0105 zar\u00f3wno do u\u017cytku amatorskiego w warunkach domowych, jak i profesjonalnego w gabinetach kosmetycznych czy salonach SPA.<\/span><\/p>\n<p><\/br><\/p>\n<h2><span style=\"font-family:arial, helvetica, sans-serif;font-size:10pt;\">Parametry no\u017cyczek do wycinania sk\u00f3rek i manicure paznokci<\/span><\/h2>\n<p><\/br><\/p>\n<ul><\/br><\/p>\n<li><span style=\"font-family:arial, helvetica, sans-serif;font-size:10pt;\">typ: no\u017cyczki ostro-ostre, zagi\u0119te<\/span><\/li>\n<p><\/br><\/p>\n<li><span style=\"font-family:arial, helvetica, sans-serif;font-size:10pt;\">niemiecka stal chirurgiczna<\/span><\/li>\n<p><\/br><\/p>\n<li><span style=\"font-family:arial, helvetica, sans-serif;font-size:10pt;\">delikatne\u00a0<\/span><\/li>\n<p><\/br><\/p>\n<li><span style=\"font-family:arial, helvetica, sans-serif;font-size:10pt;\">precyzyjne<\/span><\/li>\n<p><\/br><\/p>\n<li><span style=\"font-family:arial, helvetica, sans-serif;font-size:10pt;\">design in Germany<\/span><\/li>\n<p><\/br><\/p>\n<li><span style=\"font-family:arial, helvetica, sans-serif;font-size:10pt;\">przeznaczenie: do obcinania sk\u00f3rek paznokcia<\/span><\/li>\n<p><\/br><\/p>\n<li><span style=\"font-family:arial, helvetica, sans-serif;font-size:10pt;\">d\u0142ugo\u015b\u0107 ca\u0142kowita: 9 cm<\/span><\/li>\n<p><\/br><\/p>\n<li><span style=\"font-family:arial, helvetica, sans-serif;font-size:10pt;\">jedno ostrze &#8211; dolne cie\u0144sze\u00a0<\/span><\/li>\n<p><\/br><\/p>\n<li><span style=\"font-family:arial, helvetica, sans-serif;font-size:10pt;\">specjalnie zaprojektowana linia Gold Line dla specjalist\u00f3w<\/span><\/li>\n<p><\/br><\/p>\n<li><span style=\"font-family:arial, helvetica, sans-serif;font-size:10pt;\">wysokiej jako\u015bci stal nierdzewna<\/span><\/li>\n<p><\/br><\/p>\n<li><span style=\"font-family:arial, helvetica, sans-serif;font-size:10pt;\">produkt wielokrotnego u\u017cytku<\/span><\/li>\n<p><\/br><\/p>\n<li><span style=\"font-family:arial, helvetica, sans-serif;font-size:10pt;\">produkt niesterylny<\/span><\/li>\n<p><\/br><\/ul>\n<p><\/br><\/p>\n<h2><span style=\"font-family:arial, helvetica, sans-serif;font-size:10pt;\">Zalety wykorzystania no\u017cyczek do usuwania sk\u00f3rek paznokci Solingen<\/span><\/h2>\n<p><\/br><\/p>\n<ul><\/br><\/p>\n<li><span style=\"font-family:arial, helvetica, sans-serif;font-size:10pt;\">precyzyjne wyprofilowanie instrumentu jest gwarancj\u0105 precyzji wykonywanych dzia\u0142a\u0144 oraz zmniejsza zm\u0119czenie mi\u0119\u015bniowe<\/span><\/li>\n<p><\/br><\/p>\n<li><span style=\"font-family:arial, helvetica, sans-serif;font-size:10pt;\">wykorzystanie wysokiej jako\u015bciowo stali niemieckiej umo\u017cliwia d\u0142ugotrwa\u0142e u\u017cytkowanie oraz wielokrotn\u0105 sterylizacje<\/span><\/li>\n<p><\/br><\/p>\n<li><span style=\"font-family:arial, helvetica, sans-serif;font-size:10pt;\">dolne ostrze specjalnie\u00a0zaprojektowane do precyzyjnego przecinania sk\u00f3rek<\/span><\/li>\n<p><\/br><\/p>\n<li><span style=\"font-family:arial, helvetica, sans-serif;font-size:10pt;\">trzyletnia gwarancja producenta<\/span><\/li>\n<p><\/br><\/ul>\n<p><\/br><\/p>\n<p><span style=\"font-family:arial, helvetica, sans-serif;font-size:10pt;\">Produkty profesjonalnej marki Tendo\u00ae Solingen zakupiony na platformie instrumedic.pl to gwarancja najwy\u017cszej jako\u015bci wykonania, bezpiecze\u0144stwa zakupu\u00a0i gwarantowanej satysfakcji albo zwrotu pieni\u0119dzy. No\u017cyczki do sk\u00f3rek powinny by\u0107 wykorzystywane zgodnie z ich przeznaczeniem.\u00a0Narz\u0119dzia s\u0105 fabrycznie nowe oraz dok\u0142adnie sprawdzane i kontrolowane na wszystkich etapach produkcji, w celu zapewnienia ich zgodno\u015bci z mi\u0119dzynarodowymi standardami okre\u015blonymi ISO 9001:2008 oraz certyfikatem CE.<\/span><\/p>\n","protected":false},"featured_media":1074,"comment_status":"closed","ping_status":"open","template":"","meta":[],"product_brand":[],"product_cat":[48],"product_tag":[],"class_list":{"0":"post-2425","1":"product","2":"type-product","3":"status-publish","4":"has-post-thumbnail","6":"product_cat-nozyczki-do-skorek-i-paznokci-pl","8":"first","9":"instock","10":"product-type-simple"},"_links":{"self":[{"href":"https:\/\/tendosolingen.de\/pl\/wp-json\/wp\/v2\/product\/2425","targetHints":{"allow":["GET"]}}],"collection":[{"href":"https:\/\/tendosolingen.de\/pl\/wp-json\/wp\/v2\/product"}],"about":[{"href":"https:\/\/tendosolingen.de\/pl\/wp-json\/wp\/v2\/types\/product"}],"replies":[{"embeddable":true,"href":"https:\/\/tendosolingen.de\/pl\/wp-json\/wp\/v2\/comments?post=2425"}],"wp:featuredmedia":[{"embeddable":true,"href":"https:\/\/tendosolingen.de\/pl\/wp-json\/wp\/v2\/media\/1074"}],"wp:attachment":[{"href":"https:\/\/tendosolingen.de\/pl\/wp-json\/wp\/v2\/media?parent=2425"}],"wp:term":[{"taxonomy":"product_brand","embeddable":true,"href":"https:\/\/tendosolingen.de\/pl\/wp-json\/wp\/v2\/product_brand?post=2425"},{"taxonomy":"product_cat","embeddable":true,"href":"https:\/\/tendosolingen.de\/pl\/wp-json\/wp\/v2\/product_cat?post=2425"},{"taxonomy":"product_tag","embeddable":true,"href":"https:\/\/tendosolingen.de\/pl\/wp-json\/wp\/v2\/product_tag?post=2425"}],"curies":[{"name":"wp","href":"https:\/\/api.w.org\/{rel}","templated":true}]}}