{"id":2424,"date":"2024-04-09T22:38:23","date_gmt":"2024-04-09T20:38:23","guid":{"rendered":"https:\/\/tendosolingen.de\/product\/nozyczki-do-skorek-i-paznokci-wygiete-tendo-solingen-gold-line\/"},"modified":"2025-11-06T15:40:11","modified_gmt":"2025-11-06T14:40:11","slug":"nozyczki-do-skorek-i-paznokci-wygiete-tendo-solingen-gold-line","status":"publish","type":"product","link":"https:\/\/tendosolingen.de\/pl\/produkt\/nozyczki-do-skorek-i-paznokci-wygiete-tendo-solingen-gold-line\/","title":{"rendered":"No\u017cyczki do sk\u00f3rek i paznokci wygi\u0119te Tendo\u00ae Solingen Gold Line"},"content":{"rendered":"<p class=\"p1\" style=\"line-height:14.4pt;\"><span style=\"font-family:arial, helvetica, sans-serif;font-size:10pt;\">No\u017cyczki do obcinania paznokci i sk\u00f3rek Tendo\u00ae Solingen o lekko wygi\u0119tej cz\u0119\u015bci pracuj\u0105cej przeznaczone s\u0105 do wykorzystania podczas zabieg\u00f3w manicure oraz pedicure. Produkt przeznaczony do u\u017cytku zar\u00f3wno amatorskiego jak i profesjonalnego w salonach kosmetycznych, klinikach medycyny estetycznej oraz SPA. Odpowiednio zaprojektowany profil umo\u017cliwia \u0142atwe obcinanie zar\u00f3wno sk\u00f3rek jak i paznokci. Wykorzystana w procesie produkcji wysokiej jako\u015bci stal nierdzewna zapewnia bardzo dobre w\u0142a\u015bciwo\u015bci antykorozyjne.<\/span><\/p>\n<p><\/br><\/p>\n<h1 class=\"p1\" style=\"line-height:14.4pt;\"><span style=\"font-family:arial, helvetica, sans-serif;font-size:10pt;\">Parametry no\u017cyczek zagi\u0119tych do paznokci i sk\u00f3rek<\/span><\/h1>\n<p><\/br><\/p>\n<ul><\/br><\/p>\n<li class=\"p1\" style=\"line-height:14.4pt;\"><span style=\"font-family:arial, helvetica, sans-serif;font-size:10pt;\">typ: no\u017cyczki zagi\u0119te, ostro-ostre, deikatne\u00a0<\/span><\/li>\n<p><\/br><\/p>\n<li class=\"p1\" style=\"line-height:14.4pt;\"><span style=\"font-family:arial, helvetica, sans-serif;font-size:10pt;\">design in Germany<\/span><\/li>\n<p><\/br><\/p>\n<li class=\"p1\" style=\"line-height:14.4pt;\"><span style=\"font-family:arial, helvetica, sans-serif;font-size:10pt;\">precyzyjne<\/span><\/li>\n<p><\/br><\/p>\n<li class=\"p1\" style=\"line-height:14.4pt;\"><span style=\"font-family:arial, helvetica, sans-serif;font-size:10pt;\">przeznaczenie: paznokcie, sk\u00f3rki<\/span><\/li>\n<p><\/br><\/p>\n<li class=\"p1\" style=\"line-height:14.4pt;\"><span style=\"font-family:arial, helvetica, sans-serif;font-size:10pt;\">specjalnie zaprojektowana linia Gold Line dla specjalist\u00f3w<\/span><\/li>\n<p><\/br><\/p>\n<li class=\"p1\" style=\"line-height:14.4pt;\"><span style=\"font-family:arial, helvetica, sans-serif;font-size:10pt;\">d\u0142ugo\u015b\u0107 ca\u0142kowita &#8211; 9,5 cm<\/span><\/li>\n<p><\/br><\/p>\n<li class=\"p1\" style=\"line-height:14.4pt;\"><span style=\"font-family:arial, helvetica, sans-serif;font-size:10pt;\">d\u0142ugo\u015b\u0107 ostrza &#8211; 1,5 cm\u00a0<\/span><\/li>\n<p><\/br><\/p>\n<li class=\"p1\" style=\"line-height:14.4pt;\"><span style=\"font-family:arial, helvetica, sans-serif;font-size:10pt;\">niemiecka stal chirurgiczna<\/span><\/li>\n<p><\/br><\/p>\n<li class=\"p1\" style=\"line-height:14.4pt;\"><span style=\"font-family:arial, helvetica, sans-serif;font-size:10pt;\">szeroko\u015b\u0107 k\u00f3\u0142ek &#8211; 2,5 cm<\/span><\/li>\n<p><\/br><\/p>\n<li class=\"p1\" style=\"line-height:14.4pt;\"><span style=\"font-family:arial, helvetica, sans-serif;font-size:10pt;\">wysokiej jako\u015bci stal nierdzewna<\/span><\/li>\n<p><\/br><\/p>\n<li class=\"p1\" style=\"line-height:14.4pt;\"><span style=\"font-family:arial, helvetica, sans-serif;font-size:10pt;\">produkt niesterylny<\/span><\/li>\n<p><\/br><\/p>\n<li class=\"p1\" style=\"line-height:14.4pt;\"><span style=\"font-family:arial, helvetica, sans-serif;font-size:10pt;\">produkt wielokrotnego u\u017cytku<\/span><\/li>\n<p><\/br><\/ul>\n<p><\/br><\/p>\n<h2 class=\"p1\" style=\"line-height:14.4pt;\"><span style=\"font-family:arial, helvetica, sans-serif;font-size:10pt;\">Zalety wykorzystania profesjonalnych no\u017cyczek do sk\u00f3rek\u00a0<\/span><\/h2>\n<p><\/br><\/p>\n<ul><\/br><\/p>\n<li class=\"p1\" style=\"line-height:14.4pt;\"><span style=\"font-family:arial, helvetica, sans-serif;font-size:10pt;\">odpowiednie wyprofilowanie no\u017cyczek zapewnia komfort ich u\u017cytkowania \u2013 zar\u00f3wno dla os\u00f3b prawo- jak i lewor\u0119cznych \u2013 i redukuje zm\u0119czenie mi\u0119\u015bniowe<\/span><\/li>\n<p><\/br><\/p>\n<li class=\"p1\" style=\"line-height:14.4pt;\"><span style=\"font-family:arial, helvetica, sans-serif;font-size:10pt;\">wykorzystanie wysokiej jako\u015bci stali nierdzewnej gwarantuje bardzo dobre w\u0142a\u015bciwo\u015bci antykorozyjne i umo\u017cliwia wielokrotn\u0105 sterylizacje<\/span><\/li>\n<p><\/br><\/p>\n<li class=\"p1\" style=\"line-height:14.4pt;\"><span style=\"font-family:arial, helvetica, sans-serif;font-size:10pt;\">3 letnia gwarancja producenta\u00a0<\/span><\/li>\n<p><\/br><\/ul>\n<p><\/br><\/p>\n<p class=\"p1\" style=\"line-height:14.4pt;\"><span style=\"font-family:arial, helvetica, sans-serif;font-size:10pt;\">Narz\u0119dzia marki Tendo\u00ae Solingen zaprojektowane dla szerokiej gamy specjalist\u00f3w\u00a0<em>(c\u0105\u017cki do sk\u00f3rek, kopytka, rade\u0142ka do sk\u00f3rek, p\u0119sety kosmetyczne, d\u0142utka, pensety chirurgiczne, no\u017cyczki kosmetyczne, przyrz\u0105dy do odsuwania sk\u00f3rek<\/em>) proponowane przez platform\u0119 instrumedic.pl to gwarancja najwy\u017cszej precyzji wykonania oraz jako\u015bci stali. Ka\u017cde narz\u0119dzie jest fabrycznie nowe, dok\u0142adnie sprawdzane i kontrolowane na poszczeg\u00f3lnych etapach produkcji, w celu zapewnienia ich zgodno\u015bci z mi\u0119dzynarodowymi standardami okre\u015blonymi ISO 9001:2008 oraz certyfikatem CE.<\/span><\/p>\n","protected":false},"excerpt":{"rendered":"<p class=\"p1\" style=\"line-height:14.4pt;\"><span style=\"font-family:arial, helvetica, sans-serif;font-size:10pt;\">No\u017cyczki do obcinania paznokci i sk\u00f3rek Tendo\u00ae Solingen o lekko wygi\u0119tej cz\u0119\u015bci pracuj\u0105cej przeznaczone s\u0105 do wykorzystania podczas zabieg\u00f3w manicure oraz pedicure. Produkt przeznaczony do u\u017cytku zar\u00f3wno amatorskiego jak i profesjonalnego w salonach kosmetycznych, klinikach medycyny estetycznej oraz SPA. Odpowiednio zaprojektowany profil umo\u017cliwia \u0142atwe obcinanie zar\u00f3wno sk\u00f3rek jak i paznokci. Wykorzystana w procesie produkcji wysokiej jako\u015bci stal nierdzewna zapewnia bardzo dobre w\u0142a\u015bciwo\u015bci antykorozyjne.<\/span><\/p>\n<p><\/br><\/p>\n<h1 class=\"p1\" style=\"line-height:14.4pt;\"><span style=\"font-family:arial, helvetica, sans-serif;font-size:10pt;\">Parametry no\u017cyczek zagi\u0119tych do paznokci i sk\u00f3rek<\/span><\/h1>\n<p><\/br><\/p>\n<ul><\/br><\/p>\n<li class=\"p1\" style=\"line-height:14.4pt;\"><span style=\"font-family:arial, helvetica, sans-serif;font-size:10pt;\">typ: no\u017cyczki zagi\u0119te, ostro-ostre, deikatne\u00a0<\/span><\/li>\n<p><\/br><\/p>\n<li class=\"p1\" style=\"line-height:14.4pt;\"><span style=\"font-family:arial, helvetica, sans-serif;font-size:10pt;\">design in Germany<\/span><\/li>\n<p><\/br><\/p>\n<li class=\"p1\" style=\"line-height:14.4pt;\"><span style=\"font-family:arial, helvetica, sans-serif;font-size:10pt;\">precyzyjne<\/span><\/li>\n<p><\/br><\/p>\n<li class=\"p1\" style=\"line-height:14.4pt;\"><span style=\"font-family:arial, helvetica, sans-serif;font-size:10pt;\">przeznaczenie: paznokcie, sk\u00f3rki<\/span><\/li>\n<p><\/br><\/p>\n<li class=\"p1\" style=\"line-height:14.4pt;\"><span style=\"font-family:arial, helvetica, sans-serif;font-size:10pt;\">specjalnie zaprojektowana linia Gold Line dla specjalist\u00f3w<\/span><\/li>\n<p><\/br><\/p>\n<li class=\"p1\" style=\"line-height:14.4pt;\"><span style=\"font-family:arial, helvetica, sans-serif;font-size:10pt;\">d\u0142ugo\u015b\u0107 ca\u0142kowita &#8211; 9,5 cm<\/span><\/li>\n<p><\/br><\/p>\n<li class=\"p1\" style=\"line-height:14.4pt;\"><span style=\"font-family:arial, helvetica, sans-serif;font-size:10pt;\">d\u0142ugo\u015b\u0107 ostrza &#8211; 1,5 cm\u00a0<\/span><\/li>\n<p><\/br><\/p>\n<li class=\"p1\" style=\"line-height:14.4pt;\"><span style=\"font-family:arial, helvetica, sans-serif;font-size:10pt;\">niemiecka stal chirurgiczna<\/span><\/li>\n<p><\/br><\/p>\n<li class=\"p1\" style=\"line-height:14.4pt;\"><span style=\"font-family:arial, helvetica, sans-serif;font-size:10pt;\">szeroko\u015b\u0107 k\u00f3\u0142ek &#8211; 2,5 cm<\/span><\/li>\n<p><\/br><\/p>\n<li class=\"p1\" style=\"line-height:14.4pt;\"><span style=\"font-family:arial, helvetica, sans-serif;font-size:10pt;\">wysokiej jako\u015bci stal nierdzewna<\/span><\/li>\n<p><\/br><\/p>\n<li class=\"p1\" style=\"line-height:14.4pt;\"><span style=\"font-family:arial, helvetica, sans-serif;font-size:10pt;\">produkt niesterylny<\/span><\/li>\n<p><\/br><\/p>\n<li class=\"p1\" style=\"line-height:14.4pt;\"><span style=\"font-family:arial, helvetica, sans-serif;font-size:10pt;\">produkt wielokrotnego u\u017cytku<\/span><\/li>\n<p><\/br><\/ul>\n<p><\/br><\/p>\n<h2 class=\"p1\" style=\"line-height:14.4pt;\"><span style=\"font-family:arial, helvetica, sans-serif;font-size:10pt;\">Zalety wykorzystania profesjonalnych no\u017cyczek do sk\u00f3rek\u00a0<\/span><\/h2>\n<p><\/br><\/p>\n<ul><\/br><\/p>\n<li class=\"p1\" style=\"line-height:14.4pt;\"><span style=\"font-family:arial, helvetica, sans-serif;font-size:10pt;\">odpowiednie wyprofilowanie no\u017cyczek zapewnia komfort ich u\u017cytkowania \u2013 zar\u00f3wno dla os\u00f3b prawo- jak i lewor\u0119cznych \u2013 i redukuje zm\u0119czenie mi\u0119\u015bniowe<\/span><\/li>\n<p><\/br><\/p>\n<li class=\"p1\" style=\"line-height:14.4pt;\"><span style=\"font-family:arial, helvetica, sans-serif;font-size:10pt;\">wykorzystanie wysokiej jako\u015bci stali nierdzewnej gwarantuje bardzo dobre w\u0142a\u015bciwo\u015bci antykorozyjne i umo\u017cliwia wielokrotn\u0105 sterylizacje<\/span><\/li>\n<p><\/br><\/p>\n<li class=\"p1\" style=\"line-height:14.4pt;\"><span style=\"font-family:arial, helvetica, sans-serif;font-size:10pt;\">3 letnia gwarancja producenta\u00a0<\/span><\/li>\n<p><\/br><\/ul>\n<p><\/br><\/p>\n<p class=\"p1\" style=\"line-height:14.4pt;\"><span style=\"font-family:arial, helvetica, sans-serif;font-size:10pt;\">Narz\u0119dzia marki Tendo\u00ae Solingen zaprojektowane dla szerokiej gamy specjalist\u00f3w\u00a0<em>(c\u0105\u017cki do sk\u00f3rek, kopytka, rade\u0142ka do sk\u00f3rek, p\u0119sety kosmetyczne, d\u0142utka, pensety chirurgiczne, no\u017cyczki kosmetyczne, przyrz\u0105dy do odsuwania sk\u00f3rek<\/em>) proponowane przez platform\u0119 instrumedic.pl to gwarancja najwy\u017cszej precyzji wykonania oraz jako\u015bci stali. Ka\u017cde narz\u0119dzie jest fabrycznie nowe, dok\u0142adnie sprawdzane i kontrolowane na poszczeg\u00f3lnych etapach produkcji, w celu zapewnienia ich zgodno\u015bci z mi\u0119dzynarodowymi standardami okre\u015blonymi ISO 9001:2008 oraz certyfikatem CE.<\/span><\/p>\n","protected":false},"featured_media":1070,"comment_status":"closed","ping_status":"open","template":"","meta":[],"product_brand":[],"product_cat":[48],"product_tag":[],"class_list":{"0":"post-2424","1":"product","2":"type-product","3":"status-publish","4":"has-post-thumbnail","6":"product_cat-nozyczki-do-skorek-i-paznokci-pl","8":"first","9":"instock","10":"product-type-simple"},"_links":{"self":[{"href":"https:\/\/tendosolingen.de\/pl\/wp-json\/wp\/v2\/product\/2424","targetHints":{"allow":["GET"]}}],"collection":[{"href":"https:\/\/tendosolingen.de\/pl\/wp-json\/wp\/v2\/product"}],"about":[{"href":"https:\/\/tendosolingen.de\/pl\/wp-json\/wp\/v2\/types\/product"}],"replies":[{"embeddable":true,"href":"https:\/\/tendosolingen.de\/pl\/wp-json\/wp\/v2\/comments?post=2424"}],"wp:featuredmedia":[{"embeddable":true,"href":"https:\/\/tendosolingen.de\/pl\/wp-json\/wp\/v2\/media\/1070"}],"wp:attachment":[{"href":"https:\/\/tendosolingen.de\/pl\/wp-json\/wp\/v2\/media?parent=2424"}],"wp:term":[{"taxonomy":"product_brand","embeddable":true,"href":"https:\/\/tendosolingen.de\/pl\/wp-json\/wp\/v2\/product_brand?post=2424"},{"taxonomy":"product_cat","embeddable":true,"href":"https:\/\/tendosolingen.de\/pl\/wp-json\/wp\/v2\/product_cat?post=2424"},{"taxonomy":"product_tag","embeddable":true,"href":"https:\/\/tendosolingen.de\/pl\/wp-json\/wp\/v2\/product_tag?post=2424"}],"curies":[{"name":"wp","href":"https:\/\/api.w.org\/{rel}","templated":true}]}}