{"id":2423,"date":"2024-04-09T22:38:23","date_gmt":"2024-04-09T20:38:23","guid":{"rendered":"https:\/\/tendosolingen.de\/product\/nozyczki-do-skorek-paznokci-tendo-solingen-zagiete-gold-line\/"},"modified":"2025-11-06T15:40:11","modified_gmt":"2025-11-06T14:40:11","slug":"nozyczki-do-skorek-paznokci-tendo-solingen-zagiete-gold-line","status":"publish","type":"product","link":"https:\/\/tendosolingen.de\/pl\/produkt\/nozyczki-do-skorek-paznokci-tendo-solingen-zagiete-gold-line\/","title":{"rendered":"No\u017cyczki do sk\u00f3rek paznokci Tendo Solingen zagi\u0119te Gold Line"},"content":{"rendered":"<p><span style=\"font-family:arial, helvetica, sans-serif;font-size:10pt;\">Profesjonalne <em>no\u017cyczki do sk\u00f3rek<\/em> Tendo\u00ae Solingen z lini Gold Line przeznaczone do precyzyjnego wycinania zarastaj\u0105cych lub zadartych sk\u00f3rek. Precyzyjne cienkie ostrza pozwalaj\u0105 bez trudu usun\u0105\u0107 sk\u00f3rki i przygotowa\u0107 paznokcie do zabieg\u00f3w stylizacyjnych. <strong>No\u017cyczki do wycinania sk\u00f3rek<\/strong> wyposa\u017cone s\u0105 w w\u0105skie, wygi\u0119te, d\u0142ugie ostrze, dzi\u0119ki kt\u00f3remu dotrzesz do trudno dost\u0119pnych miejsc w pracy ze sk\u00f3rkami. Podczas zabiegu ostrza zabezpieczaj\u0105 przed urazami p\u0142ytki paznokcia w czasie usuwania sk\u00f3rek. Wykorzystywane s\u0105 w gabinetach kosmetycznych oraz plac\u00f3wkach medycznych przez wykwalifikowany personel.<\/span><\/p>\n<p><\/br><\/p>\n<h2><span style=\"font-family:arial, helvetica, sans-serif;font-size:10pt;\">No\u017cyczki do obcinania sk\u00f3rek Tendo\u00ae Solingen<\/span><\/h2>\n<p><\/br><\/p>\n<ul><\/br><\/p>\n<li><span style=\"font-family:arial, helvetica, sans-serif;font-size:10pt;\">d\u0142ugo\u015b\u0107 &#8211; 10 cm<\/span><\/li>\n<p><\/br><\/p>\n<li><span style=\"font-family:arial, helvetica, sans-serif;font-size:10pt;\">szeroko\u015b\u0107 k\u00f3\u0142ek &#8211; 18 mm<\/span><\/li>\n<p><\/br><\/p>\n<li><span style=\"font-family:arial, helvetica, sans-serif;font-size:10pt;\">zagi\u0119te\u00a0precyzyjne ostrze 21 mm<\/span><\/li>\n<p><\/br><\/p>\n<li><span style=\"font-family:arial, helvetica, sans-serif;font-size:10pt;\">design in Germany<\/span><\/li>\n<p><\/br><\/p>\n<li><span style=\"font-family:arial, helvetica, sans-serif;font-size:10pt;\">zaokr\u0105glone brzegi<\/span><\/li>\n<p><\/br><\/p>\n<li><span style=\"font-family:arial, helvetica, sans-serif;font-size:10pt;\">r\u0119cznie szlifowane<\/span><\/li>\n<p><\/br><\/p>\n<li><span style=\"font-family:arial, helvetica, sans-serif;font-size:10pt;\">matowa stal antyrefleksyjna<\/span><\/li>\n<p><\/br><\/p>\n<li><span style=\"font-family:arial, helvetica, sans-serif;font-size:10pt;\">niemiecka stal chirurgiczna<\/span><\/li>\n<p><\/br><\/p>\n<li><span style=\"font-family:arial, helvetica, sans-serif;font-size:10pt;\">specjalnie zaprojektowana linia Gold Line dla specjalist\u00f3w<\/span><\/li>\n<p><\/br><\/p>\n<li><span style=\"font-family:arial, helvetica, sans-serif;font-size:10pt;\">posiada certyfikaty CE, ISO 9001\/ ISO 13485<\/span><\/li>\n<p><\/br><\/ul>\n<p><\/br><\/p>\n<h2><span style=\"font-family:arial, helvetica, sans-serif;font-size:10pt;\">Korzy\u015bci stosowania no\u017cyczek do sk\u00f3rek Solingen<\/span><\/h2>\n<p><\/br><\/p>\n<ul><\/br><\/p>\n<li><span style=\"font-family:arial, helvetica, sans-serif;font-size:10pt;\">przeznaczone do usuwania zarastaj\u0105cych i zadartych sk\u00f3rek<\/span><\/li>\n<p><\/br><\/p>\n<li><span style=\"font-family:arial, helvetica, sans-serif;font-size:10pt;\">ergonomiczny kszta\u0142t pozwala na wygodny i \u0142atwy chwyt no\u017cyczek<\/span><\/li>\n<p><\/br><\/p>\n<li><span style=\"font-family:arial, helvetica, sans-serif;font-size:10pt;\">precyzyjne i bezpieczne podczas zabieg\u00f3w kosmetycznych<\/span><\/li>\n<p><\/br><\/p>\n<li><span style=\"font-family:arial, helvetica, sans-serif;font-size:10pt;\">gwarancja najwy\u017cszej jako\u015b\u0107 wykonania<\/span><\/li>\n<p><\/br><\/p>\n<li><span style=\"font-family:arial, helvetica, sans-serif;font-size:10pt;\">podlegaj\u0105 sterylizacji w autoklawie w 134\u030a<\/span><\/li>\n<p><\/br><\/p>\n<li><span style=\"font-family:arial, helvetica, sans-serif;font-size:10pt;\">d\u0142ugotrwa\u0142a \u017cywotno\u015b\u0107<\/span><\/li>\n<p><\/br><\/p>\n<li><span style=\"font-family:arial, helvetica, sans-serif;font-size:10pt;\">trzyletnia gwarancja producenta<\/span><\/li>\n<p><\/br><\/ul>\n<p><\/br><\/p>\n<p><span style=\"font-family:arial, helvetica, sans-serif;font-size:10pt;\">Nabywaj\u0105c narz\u0119dzia w naszym sklepie masz gwarancj\u0119 wytrzyma\u0142o\u015bci, bezpiecze\u0144stwa w trakcie u\u017cytkowania oraz wygody i komfortu pracy. Produkty posiadaj\u0105 mi\u0119dzynarodowy certyfikat CE a podczas proces\u00f3w produkcyjnych stosowane s\u0105 efektywne systemy zarz\u0105dzania jako\u015bci\u0105 i kontroli wewn\u0119trznej: ISO 9001\/ ISO 13485.<\/span><\/p>\n","protected":false},"excerpt":{"rendered":"<p><span style=\"font-family:arial, helvetica, sans-serif;font-size:10pt;\">Profesjonalne <em>no\u017cyczki do sk\u00f3rek<\/em> Tendo\u00ae Solingen z lini Gold Line przeznaczone do precyzyjnego wycinania zarastaj\u0105cych lub zadartych sk\u00f3rek. Precyzyjne cienkie ostrza pozwalaj\u0105 bez trudu usun\u0105\u0107 sk\u00f3rki i przygotowa\u0107 paznokcie do zabieg\u00f3w stylizacyjnych. <strong>No\u017cyczki do wycinania sk\u00f3rek<\/strong> wyposa\u017cone s\u0105 w w\u0105skie, wygi\u0119te, d\u0142ugie ostrze, dzi\u0119ki kt\u00f3remu dotrzesz do trudno dost\u0119pnych miejsc w pracy ze sk\u00f3rkami. Podczas zabiegu ostrza zabezpieczaj\u0105 przed urazami p\u0142ytki paznokcia w czasie usuwania sk\u00f3rek. Wykorzystywane s\u0105 w gabinetach kosmetycznych oraz plac\u00f3wkach medycznych przez wykwalifikowany personel.<\/span><\/p>\n<p><\/br><\/p>\n<h2><span style=\"font-family:arial, helvetica, sans-serif;font-size:10pt;\">No\u017cyczki do obcinania sk\u00f3rek Tendo\u00ae Solingen<\/span><\/h2>\n<p><\/br><\/p>\n<ul><\/br><\/p>\n<li><span style=\"font-family:arial, helvetica, sans-serif;font-size:10pt;\">d\u0142ugo\u015b\u0107 &#8211; 10 cm<\/span><\/li>\n<p><\/br><\/p>\n<li><span style=\"font-family:arial, helvetica, sans-serif;font-size:10pt;\">szeroko\u015b\u0107 k\u00f3\u0142ek &#8211; 18 mm<\/span><\/li>\n<p><\/br><\/p>\n<li><span style=\"font-family:arial, helvetica, sans-serif;font-size:10pt;\">zagi\u0119te\u00a0precyzyjne ostrze 21 mm<\/span><\/li>\n<p><\/br><\/p>\n<li><span style=\"font-family:arial, helvetica, sans-serif;font-size:10pt;\">design in Germany<\/span><\/li>\n<p><\/br><\/p>\n<li><span style=\"font-family:arial, helvetica, sans-serif;font-size:10pt;\">zaokr\u0105glone brzegi<\/span><\/li>\n<p><\/br><\/p>\n<li><span style=\"font-family:arial, helvetica, sans-serif;font-size:10pt;\">r\u0119cznie szlifowane<\/span><\/li>\n<p><\/br><\/p>\n<li><span style=\"font-family:arial, helvetica, sans-serif;font-size:10pt;\">matowa stal antyrefleksyjna<\/span><\/li>\n<p><\/br><\/p>\n<li><span style=\"font-family:arial, helvetica, sans-serif;font-size:10pt;\">niemiecka stal chirurgiczna<\/span><\/li>\n<p><\/br><\/p>\n<li><span style=\"font-family:arial, helvetica, sans-serif;font-size:10pt;\">specjalnie zaprojektowana linia Gold Line dla specjalist\u00f3w<\/span><\/li>\n<p><\/br><\/p>\n<li><span style=\"font-family:arial, helvetica, sans-serif;font-size:10pt;\">posiada certyfikaty CE, ISO 9001\/ ISO 13485<\/span><\/li>\n<p><\/br><\/ul>\n<p><\/br><\/p>\n<h2><span style=\"font-family:arial, helvetica, sans-serif;font-size:10pt;\">Korzy\u015bci stosowania no\u017cyczek do sk\u00f3rek Solingen<\/span><\/h2>\n<p><\/br><\/p>\n<ul><\/br><\/p>\n<li><span style=\"font-family:arial, helvetica, sans-serif;font-size:10pt;\">przeznaczone do usuwania zarastaj\u0105cych i zadartych sk\u00f3rek<\/span><\/li>\n<p><\/br><\/p>\n<li><span style=\"font-family:arial, helvetica, sans-serif;font-size:10pt;\">ergonomiczny kszta\u0142t pozwala na wygodny i \u0142atwy chwyt no\u017cyczek<\/span><\/li>\n<p><\/br><\/p>\n<li><span style=\"font-family:arial, helvetica, sans-serif;font-size:10pt;\">precyzyjne i bezpieczne podczas zabieg\u00f3w kosmetycznych<\/span><\/li>\n<p><\/br><\/p>\n<li><span style=\"font-family:arial, helvetica, sans-serif;font-size:10pt;\">gwarancja najwy\u017cszej jako\u015b\u0107 wykonania<\/span><\/li>\n<p><\/br><\/p>\n<li><span style=\"font-family:arial, helvetica, sans-serif;font-size:10pt;\">podlegaj\u0105 sterylizacji w autoklawie w 134\u030a<\/span><\/li>\n<p><\/br><\/p>\n<li><span style=\"font-family:arial, helvetica, sans-serif;font-size:10pt;\">d\u0142ugotrwa\u0142a \u017cywotno\u015b\u0107<\/span><\/li>\n<p><\/br><\/p>\n<li><span style=\"font-family:arial, helvetica, sans-serif;font-size:10pt;\">trzyletnia gwarancja producenta<\/span><\/li>\n<p><\/br><\/ul>\n<p><\/br><\/p>\n<p><span style=\"font-family:arial, helvetica, sans-serif;font-size:10pt;\">Nabywaj\u0105c narz\u0119dzia w naszym sklepie masz gwarancj\u0119 wytrzyma\u0142o\u015bci, bezpiecze\u0144stwa w trakcie u\u017cytkowania oraz wygody i komfortu pracy. Produkty posiadaj\u0105 mi\u0119dzynarodowy certyfikat CE a podczas proces\u00f3w produkcyjnych stosowane s\u0105 efektywne systemy zarz\u0105dzania jako\u015bci\u0105 i kontroli wewn\u0119trznej: ISO 9001\/ ISO 13485.<\/span><\/p>\n","protected":false},"featured_media":1066,"comment_status":"closed","ping_status":"open","template":"","meta":[],"product_brand":[],"product_cat":[48],"product_tag":[],"class_list":{"0":"post-2423","1":"product","2":"type-product","3":"status-publish","4":"has-post-thumbnail","6":"product_cat-nozyczki-do-skorek-i-paznokci-pl","8":"first","9":"instock","10":"product-type-simple"},"_links":{"self":[{"href":"https:\/\/tendosolingen.de\/pl\/wp-json\/wp\/v2\/product\/2423","targetHints":{"allow":["GET"]}}],"collection":[{"href":"https:\/\/tendosolingen.de\/pl\/wp-json\/wp\/v2\/product"}],"about":[{"href":"https:\/\/tendosolingen.de\/pl\/wp-json\/wp\/v2\/types\/product"}],"replies":[{"embeddable":true,"href":"https:\/\/tendosolingen.de\/pl\/wp-json\/wp\/v2\/comments?post=2423"}],"wp:featuredmedia":[{"embeddable":true,"href":"https:\/\/tendosolingen.de\/pl\/wp-json\/wp\/v2\/media\/1066"}],"wp:attachment":[{"href":"https:\/\/tendosolingen.de\/pl\/wp-json\/wp\/v2\/media?parent=2423"}],"wp:term":[{"taxonomy":"product_brand","embeddable":true,"href":"https:\/\/tendosolingen.de\/pl\/wp-json\/wp\/v2\/product_brand?post=2423"},{"taxonomy":"product_cat","embeddable":true,"href":"https:\/\/tendosolingen.de\/pl\/wp-json\/wp\/v2\/product_cat?post=2423"},{"taxonomy":"product_tag","embeddable":true,"href":"https:\/\/tendosolingen.de\/pl\/wp-json\/wp\/v2\/product_tag?post=2423"}],"curies":[{"name":"wp","href":"https:\/\/api.w.org\/{rel}","templated":true}]}}