{"id":2422,"date":"2024-04-09T22:38:23","date_gmt":"2024-04-09T20:38:23","guid":{"rendered":"https:\/\/tendosolingen.de\/product\/peseta-do-brwi-prosta-tendo-solingen-gold-line\/"},"modified":"2025-11-06T15:40:11","modified_gmt":"2025-11-06T14:40:11","slug":"peseta-do-brwi-prosta-tendo-solingen-gold-line","status":"publish","type":"product","link":"https:\/\/tendosolingen.de\/pl\/produkt\/peseta-do-brwi-prosta-tendo-solingen-gold-line\/","title":{"rendered":"P\u0119seta do brwi prosta Tendo Solingen Gold Line\u00ae"},"content":{"rendered":"<p><span style=\"font-family:arial, helvetica, sans-serif;font-size:10pt;\">Profesjonalna p\u0119seta prosta Tendo\u00ae Solingen prosta z lini Gold Line stosowana podczas zabieg\u00f3w kosmetycznych do regulacji brwi oraz chwyta i usuwa nawet najmniejsze w\u0142osk\u00f3w.<\/span><\/p>\n<p><\/br><\/p>\n<h2><span style=\"font-family:arial, helvetica, sans-serif;font-size:10pt;\">Pinceta kosmetyczna do rz\u0119s prosta<\/span><\/h2>\n<p><\/br><\/p>\n<ul><\/br><\/p>\n<li><span style=\"font-family:arial, helvetica, sans-serif;font-size:10pt;\">d\u0142ugo\u015b\u0107 9 cm<\/span><\/li>\n<p><\/br><\/p>\n<li><span style=\"font-family:arial, helvetica, sans-serif;font-size:10pt;\">szeroko\u015b\u0107: 4 mm<\/span><\/li>\n<p><\/br><\/p>\n<li><span style=\"font-family:arial, helvetica, sans-serif;font-size:10pt;\">design in Germany<\/span><\/li>\n<p><\/br><\/p>\n<li><span style=\"font-family:arial, helvetica, sans-serif;font-size:10pt;\">niemiecka stal chirurgiczna medyczna<\/span><\/li>\n<p><\/br><\/p>\n<li><span style=\"font-family:arial, helvetica, sans-serif;font-size:10pt;\">antyrefleksyjna stal<\/span><\/li>\n<p><\/br><\/p>\n<li><span style=\"font-family:arial, helvetica, sans-serif;font-size:10pt;\">r\u0119cznie szlifowana<\/span><\/li>\n<p><\/br><\/p>\n<li><span style=\"font-family:arial, helvetica, sans-serif;font-size:10pt;\">matowa, szczotkowana stal<\/span><\/li>\n<p><\/br><\/p>\n<li><span style=\"font-family:arial, helvetica, sans-serif;font-size:10pt;\">specjalnie zaprojektowana linia Gold Line dla specjalist\u00f3w<\/span><\/li>\n<p><\/br><\/p>\n<li><span style=\"font-family:arial, helvetica, sans-serif;font-size:10pt;\">antyalergiczna<\/span><\/li>\n<p><\/br><\/ul>\n<p><\/br><\/p>\n<h2><span style=\"font-family:arial, helvetica, sans-serif;font-size:10pt;\">Zalety korzystania z p\u0119sety Solingen prostej<\/span><\/h2>\n<p><\/br><\/p>\n<ul><\/br><\/p>\n<li><span style=\"font-family:arial, helvetica, sans-serif;font-size:10pt;\">dedykowana do codziennej\u00a0 regulacji brwi, chwyta i usuwa nawet najmniejszych w\u0142osk\u00f3w<\/span><\/li>\n<p><\/br><\/p>\n<li><span style=\"font-family:arial, helvetica, sans-serif;font-size:10pt;\">wyprofilowana ko\u0144c\u00f3wka zapewnia idealne schodzenie si\u0119 ko\u0144c\u00f3wek<\/span><\/li>\n<p><\/br><\/p>\n<li><span style=\"font-family:arial, helvetica, sans-serif;font-size:10pt;\">zapewnia usuwanie w\u0142os\u00f3w w ca\u0142o\u015bci razem z cebulk\u0105<\/span><\/li>\n<p><\/br><\/p>\n<li><span style=\"font-family:arial, helvetica, sans-serif;font-size:10pt;\">bezpieczne zaokr\u0105glone kraw\u0119dzie w celu zmniejszenia ryzyka obra\u017ce\u0144 sk\u00f3ry<\/span><\/li>\n<p><\/br><\/p>\n<li><span style=\"font-family:arial, helvetica, sans-serif;font-size:10pt;\">bardzo lekka i por\u0119czna do zastosowania w profesjonalnych salonach kosmetycznych<\/span><\/li>\n<p><\/br><\/p>\n<li><span style=\"font-family:arial, helvetica, sans-serif;font-size:10pt;\">narz\u0119dzie wielokrotnego u\u017cytku &#8211; mo\u017cna podda\u0107 procesowi sterylizacji i dezynfekcji<\/span><\/li>\n<p><\/br><\/p>\n<li><span style=\"font-family:arial, helvetica, sans-serif;font-size:10pt;\">trzyletnia gwarancja producenta<\/span><\/li>\n<p><\/br><\/ul>\n<p><\/br><\/p>\n<p><span style=\"font-family:arial, helvetica, sans-serif;font-size:10pt;\">Wszystkie narz\u0119dzia zaprojektowane dla szerokiej gamy specjalist\u00f3w\u00a0<em>(c\u0105\u017cki do sk\u00f3rek, kopytka, rade\u0142ka do sk\u00f3rek, p\u0119sety kosmetyczne, d\u0142utka, pensety chirurgiczne<\/em>\u00a0) proponowane przez platform\u0119 instrumedic.pl to gwarancja najwy\u017cszej precyzji wykonania oraz jako\u015bci stali. Ka\u017cde narz\u0119dzie jest fabrycznie nowe, dok\u0142adnie sprawdzane i kontrolowane na poszczeg\u00f3lnych etapach produkcji, w celu zapewnienia ich zgodno\u015bci z mi\u0119dzynarodowymi standardami okre\u015blonymi ISO 9001:2008 oraz certyfikatem CE.<\/span><\/p>\n","protected":false},"excerpt":{"rendered":"<p><span style=\"font-family:arial, helvetica, sans-serif;font-size:10pt;\">Profesjonalna p\u0119seta prosta Tendo\u00ae Solingen prosta z lini Gold Line stosowana podczas zabieg\u00f3w kosmetycznych do regulacji brwi oraz chwyta i usuwa nawet najmniejsze w\u0142osk\u00f3w.<\/span><\/p>\n<p><\/br><\/p>\n<h2><span style=\"font-family:arial, helvetica, sans-serif;font-size:10pt;\">Pinceta kosmetyczna do rz\u0119s prosta<\/span><\/h2>\n<p><\/br><\/p>\n<ul><\/br><\/p>\n<li><span style=\"font-family:arial, helvetica, sans-serif;font-size:10pt;\">d\u0142ugo\u015b\u0107 9 cm<\/span><\/li>\n<p><\/br><\/p>\n<li><span style=\"font-family:arial, helvetica, sans-serif;font-size:10pt;\">szeroko\u015b\u0107: 4 mm<\/span><\/li>\n<p><\/br><\/p>\n<li><span style=\"font-family:arial, helvetica, sans-serif;font-size:10pt;\">design in Germany<\/span><\/li>\n<p><\/br><\/p>\n<li><span style=\"font-family:arial, helvetica, sans-serif;font-size:10pt;\">niemiecka stal chirurgiczna medyczna<\/span><\/li>\n<p><\/br><\/p>\n<li><span style=\"font-family:arial, helvetica, sans-serif;font-size:10pt;\">antyrefleksyjna stal<\/span><\/li>\n<p><\/br><\/p>\n<li><span style=\"font-family:arial, helvetica, sans-serif;font-size:10pt;\">r\u0119cznie szlifowana<\/span><\/li>\n<p><\/br><\/p>\n<li><span style=\"font-family:arial, helvetica, sans-serif;font-size:10pt;\">matowa, szczotkowana stal<\/span><\/li>\n<p><\/br><\/p>\n<li><span style=\"font-family:arial, helvetica, sans-serif;font-size:10pt;\">specjalnie zaprojektowana linia Gold Line dla specjalist\u00f3w<\/span><\/li>\n<p><\/br><\/p>\n<li><span style=\"font-family:arial, helvetica, sans-serif;font-size:10pt;\">antyalergiczna<\/span><\/li>\n<p><\/br><\/ul>\n<p><\/br><\/p>\n<h2><span style=\"font-family:arial, helvetica, sans-serif;font-size:10pt;\">Zalety korzystania z p\u0119sety Solingen prostej<\/span><\/h2>\n<p><\/br><\/p>\n<ul><\/br><\/p>\n<li><span style=\"font-family:arial, helvetica, sans-serif;font-size:10pt;\">dedykowana do codziennej\u00a0 regulacji brwi, chwyta i usuwa nawet najmniejszych w\u0142osk\u00f3w<\/span><\/li>\n<p><\/br><\/p>\n<li><span style=\"font-family:arial, helvetica, sans-serif;font-size:10pt;\">wyprofilowana ko\u0144c\u00f3wka zapewnia idealne schodzenie si\u0119 ko\u0144c\u00f3wek<\/span><\/li>\n<p><\/br><\/p>\n<li><span style=\"font-family:arial, helvetica, sans-serif;font-size:10pt;\">zapewnia usuwanie w\u0142os\u00f3w w ca\u0142o\u015bci razem z cebulk\u0105<\/span><\/li>\n<p><\/br><\/p>\n<li><span style=\"font-family:arial, helvetica, sans-serif;font-size:10pt;\">bezpieczne zaokr\u0105glone kraw\u0119dzie w celu zmniejszenia ryzyka obra\u017ce\u0144 sk\u00f3ry<\/span><\/li>\n<p><\/br><\/p>\n<li><span style=\"font-family:arial, helvetica, sans-serif;font-size:10pt;\">bardzo lekka i por\u0119czna do zastosowania w profesjonalnych salonach kosmetycznych<\/span><\/li>\n<p><\/br><\/p>\n<li><span style=\"font-family:arial, helvetica, sans-serif;font-size:10pt;\">narz\u0119dzie wielokrotnego u\u017cytku &#8211; mo\u017cna podda\u0107 procesowi sterylizacji i dezynfekcji<\/span><\/li>\n<p><\/br><\/p>\n<li><span style=\"font-family:arial, helvetica, sans-serif;font-size:10pt;\">trzyletnia gwarancja producenta<\/span><\/li>\n<p><\/br><\/ul>\n<p><\/br><\/p>\n<p><span style=\"font-family:arial, helvetica, sans-serif;font-size:10pt;\">Wszystkie narz\u0119dzia zaprojektowane dla szerokiej gamy specjalist\u00f3w\u00a0<em>(c\u0105\u017cki do sk\u00f3rek, kopytka, rade\u0142ka do sk\u00f3rek, p\u0119sety kosmetyczne, d\u0142utka, pensety chirurgiczne<\/em>\u00a0) proponowane przez platform\u0119 instrumedic.pl to gwarancja najwy\u017cszej precyzji wykonania oraz jako\u015bci stali. Ka\u017cde narz\u0119dzie jest fabrycznie nowe, dok\u0142adnie sprawdzane i kontrolowane na poszczeg\u00f3lnych etapach produkcji, w celu zapewnienia ich zgodno\u015bci z mi\u0119dzynarodowymi standardami okre\u015blonymi ISO 9001:2008 oraz certyfikatem CE.<\/span><\/p>\n","protected":false},"featured_media":1062,"comment_status":"closed","ping_status":"open","template":"","meta":[],"product_brand":[],"product_cat":[51],"product_tag":[],"class_list":{"0":"post-2422","1":"product","2":"type-product","3":"status-publish","4":"has-post-thumbnail","6":"product_cat-pesety-i-szczypce","8":"first","9":"instock","10":"product-type-simple"},"_links":{"self":[{"href":"https:\/\/tendosolingen.de\/pl\/wp-json\/wp\/v2\/product\/2422","targetHints":{"allow":["GET"]}}],"collection":[{"href":"https:\/\/tendosolingen.de\/pl\/wp-json\/wp\/v2\/product"}],"about":[{"href":"https:\/\/tendosolingen.de\/pl\/wp-json\/wp\/v2\/types\/product"}],"replies":[{"embeddable":true,"href":"https:\/\/tendosolingen.de\/pl\/wp-json\/wp\/v2\/comments?post=2422"}],"wp:featuredmedia":[{"embeddable":true,"href":"https:\/\/tendosolingen.de\/pl\/wp-json\/wp\/v2\/media\/1062"}],"wp:attachment":[{"href":"https:\/\/tendosolingen.de\/pl\/wp-json\/wp\/v2\/media?parent=2422"}],"wp:term":[{"taxonomy":"product_brand","embeddable":true,"href":"https:\/\/tendosolingen.de\/pl\/wp-json\/wp\/v2\/product_brand?post=2422"},{"taxonomy":"product_cat","embeddable":true,"href":"https:\/\/tendosolingen.de\/pl\/wp-json\/wp\/v2\/product_cat?post=2422"},{"taxonomy":"product_tag","embeddable":true,"href":"https:\/\/tendosolingen.de\/pl\/wp-json\/wp\/v2\/product_tag?post=2422"}],"curies":[{"name":"wp","href":"https:\/\/api.w.org\/{rel}","templated":true}]}}