{"id":2421,"date":"2024-04-09T22:38:23","date_gmt":"2024-04-09T20:38:23","guid":{"rendered":"https:\/\/tendosolingen.de\/product\/peseta-do-brwi-w-ksztalcie-szczypcow-tendo-solingen-gold-line\/"},"modified":"2025-11-06T15:40:11","modified_gmt":"2025-11-06T14:40:11","slug":"peseta-do-brwi-w-ksztalcie-szczypcow-tendo-solingen-gold-line","status":"publish","type":"product","link":"https:\/\/tendosolingen.de\/pl\/produkt\/peseta-do-brwi-w-ksztalcie-szczypcow-tendo-solingen-gold-line\/","title":{"rendered":"P\u0119seta do brwi w kszta\u0142cie szczypc\u00f3w Tendo Solingen Gold Line"},"content":{"rendered":"<p><span style=\"font-family:arial, helvetica, sans-serif;font-size:10pt;\"><em>Pinceta zakrzywiona<\/em> z linii Gold Line Tendo\u00ae Solingen posiada specjalnie zaprojektowane rami\u0119 zakrzywione u\u0142atwiaj\u0105ce profesjonali\u015bcie u\u017cytkowanie. Konstrukcja <strong>pincety w kszta\u0142cie szczypc\u00f3w<\/strong> zwi\u0119ksza si\u0142\u0119 uchwytu a precyzyjna ko\u0144c\u00f3wka reguluje trudno dost\u0119pne w\u0142oski.\u00a0P\u0119seta z niemieckiej stali chirurgicznej w kszta\u0142cie szczypc\u00f3w idealnie nadaje si\u0119 do wyrywania w\u0142osk\u00f3w ze \u015brodkowej strefy mi\u0119dzy brwiami, korekty kszta\u0142tu brwi oraz wyka\u0144czania depilacji.<\/span><\/p>\n<p><\/br><\/p>\n<h2><span style=\"font-family:arial, helvetica, sans-serif;font-size:10pt;\">Pinceta w kszta\u0142cie szczypc\u00f3w \u2013 parametry<\/span><\/h2>\n<p><\/br><\/p>\n<ul><\/br><\/p>\n<li><span style=\"font-family:arial, helvetica, sans-serif;font-size:10pt;\">typ: p\u0119seta w kszta\u0142cie szczypc\u00f3w<\/span><\/li>\n<p><\/br><\/p>\n<li><span style=\"font-family:arial, helvetica, sans-serif;font-size:10pt;\">d\u0142ugo\u015b\u0107: 9 cm<\/span><\/li>\n<p><\/br><\/p>\n<li><span style=\"font-family:arial, helvetica, sans-serif;font-size:10pt;\">precyzyjna<\/span><\/li>\n<p><\/br><\/p>\n<li><span style=\"font-family:arial, helvetica, sans-serif;font-size:10pt;\">design in Germany<\/span><\/li>\n<p><\/br><\/p>\n<li><span style=\"font-family:arial, helvetica, sans-serif;font-size:10pt;\">niemiecka stal chirurgiczna<\/span><\/li>\n<p><\/br><\/p>\n<li><span style=\"font-family:arial, helvetica, sans-serif;font-size:10pt;\">szeroko\u015b\u0107 ko\u0144c\u00f3wek: 3 mm\u00a0<\/span><\/li>\n<p><\/br><\/p>\n<li><span style=\"font-family:arial, helvetica, sans-serif;font-size:10pt;\">matowa, antyrefleksyjna powierzchnia<\/span><\/li>\n<p><\/br><\/p>\n<li><span style=\"font-family:arial, helvetica, sans-serif;font-size:10pt;\">poddana procesowi pasywacji<\/span><\/li>\n<p><\/br><\/p>\n<li><span style=\"font-family:arial, helvetica, sans-serif;font-size:10pt;\">elastyczna<\/span><\/li>\n<p><\/br><\/p>\n<li><span style=\"font-family:arial, helvetica, sans-serif;font-size:10pt;\">lekka<\/span><\/li>\n<p><\/br><\/ul>\n<p><\/br><\/p>\n<h2><span style=\"font-family:arial, helvetica, sans-serif;font-size:10pt;\">Najlepsza p\u0119seta do brwi &#8211; zalety<\/span><\/h2>\n<p><\/br><\/p>\n<ul><\/br><\/p>\n<li><span style=\"font-family:arial, helvetica, sans-serif;font-size:10pt;\">specjalnie zaprojektowana linia Gold Line dla wymagaj\u0105cych specjalist\u00f3w<\/span><\/li>\n<p><\/br><\/p>\n<li><span style=\"font-family:arial, helvetica, sans-serif;font-size:10pt;\">idealnie ergonomiczny kszta\u0142t<\/span><\/li>\n<p><\/br><\/p>\n<li><span style=\"font-family:arial, helvetica, sans-serif;font-size:10pt;\">nie ucina, przecina ma\u0142ych i cienkich w\u0142osk\u00f3w tylko dzi\u0119ki odpowiedniemu poci\u0105gni\u0119ciu wszystko wyrywa<\/span><\/li>\n<p><\/br><\/p>\n<li><span style=\"font-family:arial, helvetica, sans-serif;font-size:10pt;\">wysoka jako\u015b\u0107 wykonania i dobra spr\u0119\u017cysto\u015b\u0107<\/span><\/li>\n<p><\/br><\/p>\n<li><span style=\"font-family:arial, helvetica, sans-serif;font-size:10pt;\">specjalna konstrukcja zapewnia bardzo dobre pole widzenia podczas zabiegu<\/span><\/li>\n<p><\/br><\/p>\n<li><span style=\"font-family:arial, helvetica, sans-serif;font-size:10pt;\">ko\u0144c\u00f3wki posiadaj\u0105 du\u017c\u0105 powierzchni\u0119 co pozwala na uchwycenie najkr\u00f3tszych w\u0142osk\u00f3w, brwi<\/span><\/li>\n<p><\/br><\/p>\n<li><span style=\"font-family:arial, helvetica, sans-serif;font-size:10pt;\">zapewnia bezpieczne zabiegi kosmetyczne i chirurgiczne<\/span><\/li>\n<p><\/br><\/p>\n<li><span style=\"font-family:arial, helvetica, sans-serif;font-size:10pt;\">gwarantuje pewny i precyzyjny chwyt podczas zabiegu<\/span><\/li>\n<p><\/br><\/p>\n<li><span style=\"font-family:arial, helvetica, sans-serif;font-size:10pt;\">3 lata gwarancji producenta<\/span><\/li>\n<p><\/br><\/ul>\n<p><\/br><\/p>\n<p><span style=\"font-family:arial, helvetica, sans-serif;font-size:10pt;\">Instrumenty kosmetyczne dla profesjonalist\u00f3w wykorzystywane podczas zabieg\u00f3w w salonach kosmetycznych (<span style=\"text-decoration:underline;\">c\u0105\u017cki do sk\u00f3rek, kopytka, p\u0119sety kosmetyczne, d\u0142utka,rade\u0142ka do sk\u00f3rek, pensety chirurgiczne<\/span>) dost\u0119pne na platformie Instrumedic.pl wykonane s\u0105 z najwy\u017cszej jako\u015bci stali chirurgicznej medycznej. Narz\u0119dzia s\u0105 fabrycznie nowe oraz dok\u0142adnie sprawdzane i kontrolowane na wszystkich etapach produkcji, w celu zapewnienia ich zgodno\u015bci z mi\u0119dzynarodowymi standardami okre\u015blonymi ISO 9001:2008 oraz certyfikatem CE<\/span><\/p>\n","protected":false},"excerpt":{"rendered":"<p><span style=\"font-family:arial, helvetica, sans-serif;font-size:10pt;\"><em>Pinceta zakrzywiona<\/em> z linii Gold Line Tendo\u00ae Solingen posiada specjalnie zaprojektowane rami\u0119 zakrzywione u\u0142atwiaj\u0105ce profesjonali\u015bcie u\u017cytkowanie. Konstrukcja <strong>pincety w kszta\u0142cie szczypc\u00f3w<\/strong> zwi\u0119ksza si\u0142\u0119 uchwytu a precyzyjna ko\u0144c\u00f3wka reguluje trudno dost\u0119pne w\u0142oski.\u00a0P\u0119seta z niemieckiej stali chirurgicznej w kszta\u0142cie szczypc\u00f3w idealnie nadaje si\u0119 do wyrywania w\u0142osk\u00f3w ze \u015brodkowej strefy mi\u0119dzy brwiami, korekty kszta\u0142tu brwi oraz wyka\u0144czania depilacji.<\/span><\/p>\n<p><\/br><\/p>\n<h2><span style=\"font-family:arial, helvetica, sans-serif;font-size:10pt;\">Pinceta w kszta\u0142cie szczypc\u00f3w \u2013 parametry<\/span><\/h2>\n<p><\/br><\/p>\n<ul><\/br><\/p>\n<li><span style=\"font-family:arial, helvetica, sans-serif;font-size:10pt;\">typ: p\u0119seta w kszta\u0142cie szczypc\u00f3w<\/span><\/li>\n<p><\/br><\/p>\n<li><span style=\"font-family:arial, helvetica, sans-serif;font-size:10pt;\">d\u0142ugo\u015b\u0107: 9 cm<\/span><\/li>\n<p><\/br><\/p>\n<li><span style=\"font-family:arial, helvetica, sans-serif;font-size:10pt;\">precyzyjna<\/span><\/li>\n<p><\/br><\/p>\n<li><span style=\"font-family:arial, helvetica, sans-serif;font-size:10pt;\">design in Germany<\/span><\/li>\n<p><\/br><\/p>\n<li><span style=\"font-family:arial, helvetica, sans-serif;font-size:10pt;\">niemiecka stal chirurgiczna<\/span><\/li>\n<p><\/br><\/p>\n<li><span style=\"font-family:arial, helvetica, sans-serif;font-size:10pt;\">szeroko\u015b\u0107 ko\u0144c\u00f3wek: 3 mm\u00a0<\/span><\/li>\n<p><\/br><\/p>\n<li><span style=\"font-family:arial, helvetica, sans-serif;font-size:10pt;\">matowa, antyrefleksyjna powierzchnia<\/span><\/li>\n<p><\/br><\/p>\n<li><span style=\"font-family:arial, helvetica, sans-serif;font-size:10pt;\">poddana procesowi pasywacji<\/span><\/li>\n<p><\/br><\/p>\n<li><span style=\"font-family:arial, helvetica, sans-serif;font-size:10pt;\">elastyczna<\/span><\/li>\n<p><\/br><\/p>\n<li><span style=\"font-family:arial, helvetica, sans-serif;font-size:10pt;\">lekka<\/span><\/li>\n<p><\/br><\/ul>\n<p><\/br><\/p>\n<h2><span style=\"font-family:arial, helvetica, sans-serif;font-size:10pt;\">Najlepsza p\u0119seta do brwi &#8211; zalety<\/span><\/h2>\n<p><\/br><\/p>\n<ul><\/br><\/p>\n<li><span style=\"font-family:arial, helvetica, sans-serif;font-size:10pt;\">specjalnie zaprojektowana linia Gold Line dla wymagaj\u0105cych specjalist\u00f3w<\/span><\/li>\n<p><\/br><\/p>\n<li><span style=\"font-family:arial, helvetica, sans-serif;font-size:10pt;\">idealnie ergonomiczny kszta\u0142t<\/span><\/li>\n<p><\/br><\/p>\n<li><span style=\"font-family:arial, helvetica, sans-serif;font-size:10pt;\">nie ucina, przecina ma\u0142ych i cienkich w\u0142osk\u00f3w tylko dzi\u0119ki odpowiedniemu poci\u0105gni\u0119ciu wszystko wyrywa<\/span><\/li>\n<p><\/br><\/p>\n<li><span style=\"font-family:arial, helvetica, sans-serif;font-size:10pt;\">wysoka jako\u015b\u0107 wykonania i dobra spr\u0119\u017cysto\u015b\u0107<\/span><\/li>\n<p><\/br><\/p>\n<li><span style=\"font-family:arial, helvetica, sans-serif;font-size:10pt;\">specjalna konstrukcja zapewnia bardzo dobre pole widzenia podczas zabiegu<\/span><\/li>\n<p><\/br><\/p>\n<li><span style=\"font-family:arial, helvetica, sans-serif;font-size:10pt;\">ko\u0144c\u00f3wki posiadaj\u0105 du\u017c\u0105 powierzchni\u0119 co pozwala na uchwycenie najkr\u00f3tszych w\u0142osk\u00f3w, brwi<\/span><\/li>\n<p><\/br><\/p>\n<li><span style=\"font-family:arial, helvetica, sans-serif;font-size:10pt;\">zapewnia bezpieczne zabiegi kosmetyczne i chirurgiczne<\/span><\/li>\n<p><\/br><\/p>\n<li><span style=\"font-family:arial, helvetica, sans-serif;font-size:10pt;\">gwarantuje pewny i precyzyjny chwyt podczas zabiegu<\/span><\/li>\n<p><\/br><\/p>\n<li><span style=\"font-family:arial, helvetica, sans-serif;font-size:10pt;\">3 lata gwarancji producenta<\/span><\/li>\n<p><\/br><\/ul>\n<p><\/br><\/p>\n<p><span style=\"font-family:arial, helvetica, sans-serif;font-size:10pt;\">Instrumenty kosmetyczne dla profesjonalist\u00f3w wykorzystywane podczas zabieg\u00f3w w salonach kosmetycznych (<span style=\"text-decoration:underline;\">c\u0105\u017cki do sk\u00f3rek, kopytka, p\u0119sety kosmetyczne, d\u0142utka,rade\u0142ka do sk\u00f3rek, pensety chirurgiczne<\/span>) dost\u0119pne na platformie Instrumedic.pl wykonane s\u0105 z najwy\u017cszej jako\u015bci stali chirurgicznej medycznej. Narz\u0119dzia s\u0105 fabrycznie nowe oraz dok\u0142adnie sprawdzane i kontrolowane na wszystkich etapach produkcji, w celu zapewnienia ich zgodno\u015bci z mi\u0119dzynarodowymi standardami okre\u015blonymi ISO 9001:2008 oraz certyfikatem CE<\/span><\/p>\n","protected":false},"featured_media":1058,"comment_status":"closed","ping_status":"open","template":"","meta":[],"product_brand":[],"product_cat":[51],"product_tag":[],"class_list":{"0":"post-2421","1":"product","2":"type-product","3":"status-publish","4":"has-post-thumbnail","6":"product_cat-pesety-i-szczypce","8":"first","9":"instock","10":"product-type-simple"},"_links":{"self":[{"href":"https:\/\/tendosolingen.de\/pl\/wp-json\/wp\/v2\/product\/2421","targetHints":{"allow":["GET"]}}],"collection":[{"href":"https:\/\/tendosolingen.de\/pl\/wp-json\/wp\/v2\/product"}],"about":[{"href":"https:\/\/tendosolingen.de\/pl\/wp-json\/wp\/v2\/types\/product"}],"replies":[{"embeddable":true,"href":"https:\/\/tendosolingen.de\/pl\/wp-json\/wp\/v2\/comments?post=2421"}],"wp:featuredmedia":[{"embeddable":true,"href":"https:\/\/tendosolingen.de\/pl\/wp-json\/wp\/v2\/media\/1058"}],"wp:attachment":[{"href":"https:\/\/tendosolingen.de\/pl\/wp-json\/wp\/v2\/media?parent=2421"}],"wp:term":[{"taxonomy":"product_brand","embeddable":true,"href":"https:\/\/tendosolingen.de\/pl\/wp-json\/wp\/v2\/product_brand?post=2421"},{"taxonomy":"product_cat","embeddable":true,"href":"https:\/\/tendosolingen.de\/pl\/wp-json\/wp\/v2\/product_cat?post=2421"},{"taxonomy":"product_tag","embeddable":true,"href":"https:\/\/tendosolingen.de\/pl\/wp-json\/wp\/v2\/product_tag?post=2421"}],"curies":[{"name":"wp","href":"https:\/\/api.w.org\/{rel}","templated":true}]}}