{"id":2420,"date":"2024-04-09T22:38:23","date_gmt":"2024-04-09T20:38:23","guid":{"rendered":"https:\/\/tendosolingen.de\/product\/nozyczki-do-obcinania-paznokci-dla-dzieci-tendo-solingen-gold-line\/"},"modified":"2025-11-06T15:40:11","modified_gmt":"2025-11-06T14:40:11","slug":"nozyczki-do-obcinania-paznokci-dla-dzieci-tendo-solingen-gold-line","status":"publish","type":"product","link":"https:\/\/tendosolingen.de\/pl\/produkt\/nozyczki-do-obcinania-paznokci-dla-dzieci-tendo-solingen-gold-line\/","title":{"rendered":"No\u017cyczki do obcinania paznokci dla dzieci Tendo Solingen Gold Line"},"content":{"rendered":"<p><span style=\"font-family:arial, helvetica, sans-serif;font-size:10pt;\">Precyzyjne no\u017cyczki do obcinania paznokci dla ma\u0142ych dzieci Tendo\u00ae Solingen z lini Gold Line z niemieckiej stali chirurgicznej. Posiadaj\u0105\u00a0<span style=\"text-decoration:underline;\">bezpieczne dla dzieci,<\/span>\u00a0zaokr\u0105glone ko\u0144c\u00f3wki, kt\u00f3re w unikalny spos\u00f3b chroni\u0105 przed skaleczeniem. Produkty Tendo\u00ae Solingen z lini Gold Line s\u0105 rekomendowane przez najlepszych lekarzy.<\/span><\/p>\n<p><\/br><\/p>\n<h2><span style=\"font-family:arial, helvetica, sans-serif;font-size:10pt;\">No\u017cyczki do paznokci dla dzieci \u2013 parametry<\/span><\/h2>\n<p><\/br><\/p>\n<ul><\/br><\/p>\n<li><span style=\"font-family:arial, helvetica, sans-serif;font-size:10pt;\">d\u0142ugo\u015b\u0107: 9 cm<\/span><\/li>\n<p><\/br><\/p>\n<li><span style=\"font-family:arial, helvetica, sans-serif;font-size:10pt;\">szeroko\u015b\u0107 k\u00f3\u0142ek uchwytu \u2013 18 mm<\/span><\/li>\n<p><\/br><\/p>\n<li><span style=\"font-family:arial, helvetica, sans-serif;font-size:10pt;\">ko\u0144c\u00f3wka: ostro-ostra, zaokr\u0105glone<\/span><\/li>\n<p><\/br><\/p>\n<li><span style=\"font-family:arial, helvetica, sans-serif;font-size:10pt;\">lekko zagi\u0119te ostrze \u2013 25 mm<\/span><\/li>\n<p><\/br><\/p>\n<li><span style=\"font-family:arial, helvetica, sans-serif;font-size:10pt;\">design in Germany<\/span><\/li>\n<p><\/br><\/p>\n<li><span style=\"font-family:arial, helvetica, sans-serif;font-size:10pt;\">wysokiej jako\u015bci niemiecka stal nierdzewna<\/span><\/li>\n<p><\/br><\/p>\n<li><span style=\"font-family:arial, helvetica, sans-serif;font-size:10pt;\">specjalnie zaprojektowana linia dla Gold Line przez profesjonalist\u00f3w<\/span><\/li>\n<p><\/br><\/p>\n<li><span style=\"font-family:arial, helvetica, sans-serif;font-size:10pt;\">matowe<\/span><\/li>\n<p><\/br><\/p>\n<li><span style=\"font-family:arial, helvetica, sans-serif;font-size:10pt;\">antyalergiczne<\/span><\/li>\n<p><\/br><\/ul>\n<p><\/br><\/p>\n<h2><span style=\"font-family:arial, helvetica, sans-serif;font-size:10pt;\">Zalety korzystania z no\u017cyczek do paznokci dla dzieci\u00a0<\/span><\/h2>\n<p><\/br><\/p>\n<ul><\/br><\/p>\n<li><span style=\"font-family:arial, helvetica, sans-serif;font-size:10pt;\">zaokr\u0105glone ko\u0144c\u00f3wki no\u017cyczek umo\u017cliwiaj\u0105 bezpieczne obcinanie paznokci<\/span><\/li>\n<p><\/br><\/p>\n<li><span style=\"font-family:arial, helvetica, sans-serif;font-size:10pt;\">narz\u0119dzie tnie delikatnie i p\u0142ynnie, bez ostrych szarpni\u0119\u0107 i zaci\u0119\u0107<\/span><\/li>\n<p><\/br><\/p>\n<li><span style=\"font-family:arial, helvetica, sans-serif;font-size:10pt;\">zapobiegaj\u0105 przypadkowym naruszeniom tkanek<\/span><\/li>\n<p><\/br><\/p>\n<li><span style=\"font-family:arial, helvetica, sans-serif;font-size:10pt;\">zmatowione oraz poddane pasywacji, co eliminuje zwi\u0105zki niklu na ich powierzchni<\/span><\/li>\n<p><\/br><\/p>\n<li><span style=\"font-family:arial, helvetica, sans-serif;font-size:10pt;\">dobrze tn\u0105, ale tak\u017ce wygodnie przylegaj\u0105 do d\u0142oni, bez uszkadzania i obtar\u0107\u00a0sk\u00f3ry\u00a0<\/span><\/li>\n<p><\/br><\/p>\n<li><span style=\"font-family:arial, helvetica, sans-serif;font-size:10pt;\">trzyletnia gwarancja producenta<\/span><\/li>\n<p><\/br><\/p>\n<li><span style=\"font-family:arial, helvetica, sans-serif;font-size:10pt;\">narz\u0119dzie wielokrotnego u\u017cytku &#8211; mo\u017cna podda\u0107 procesowi sterylizacji i dezynfekcji<\/span><\/li>\n<p><\/br><\/ul>\n<p><\/br><\/p>\n<p><span style=\"font-family:arial, helvetica, sans-serif;font-size:10pt;\">Narz\u0119dzia s\u0105 fabrycznie nowe oraz dok\u0142adnie sprawdzane i kontrolowane na wszystkich etapach produkcji, w celu zapewnienia ich zgodno\u015bci z mi\u0119dzynarodowymi standardami okre\u015blonymi ISO 9001:2008 oraz certyfikatem CE.<\/span><\/p>\n","protected":false},"excerpt":{"rendered":"<p><span style=\"font-family:arial, helvetica, sans-serif;font-size:10pt;\">Precyzyjne no\u017cyczki do obcinania paznokci dla ma\u0142ych dzieci Tendo\u00ae Solingen z lini Gold Line z niemieckiej stali chirurgicznej. Posiadaj\u0105\u00a0<span style=\"text-decoration:underline;\">bezpieczne dla dzieci,<\/span>\u00a0zaokr\u0105glone ko\u0144c\u00f3wki, kt\u00f3re w unikalny spos\u00f3b chroni\u0105 przed skaleczeniem. Produkty Tendo\u00ae Solingen z lini Gold Line s\u0105 rekomendowane przez najlepszych lekarzy.<\/span><\/p>\n<p><\/br><\/p>\n<h2><span style=\"font-family:arial, helvetica, sans-serif;font-size:10pt;\">No\u017cyczki do paznokci dla dzieci \u2013 parametry<\/span><\/h2>\n<p><\/br><\/p>\n<ul><\/br><\/p>\n<li><span style=\"font-family:arial, helvetica, sans-serif;font-size:10pt;\">d\u0142ugo\u015b\u0107: 9 cm<\/span><\/li>\n<p><\/br><\/p>\n<li><span style=\"font-family:arial, helvetica, sans-serif;font-size:10pt;\">szeroko\u015b\u0107 k\u00f3\u0142ek uchwytu \u2013 18 mm<\/span><\/li>\n<p><\/br><\/p>\n<li><span style=\"font-family:arial, helvetica, sans-serif;font-size:10pt;\">ko\u0144c\u00f3wka: ostro-ostra, zaokr\u0105glone<\/span><\/li>\n<p><\/br><\/p>\n<li><span style=\"font-family:arial, helvetica, sans-serif;font-size:10pt;\">lekko zagi\u0119te ostrze \u2013 25 mm<\/span><\/li>\n<p><\/br><\/p>\n<li><span style=\"font-family:arial, helvetica, sans-serif;font-size:10pt;\">design in Germany<\/span><\/li>\n<p><\/br><\/p>\n<li><span style=\"font-family:arial, helvetica, sans-serif;font-size:10pt;\">wysokiej jako\u015bci niemiecka stal nierdzewna<\/span><\/li>\n<p><\/br><\/p>\n<li><span style=\"font-family:arial, helvetica, sans-serif;font-size:10pt;\">specjalnie zaprojektowana linia dla Gold Line przez profesjonalist\u00f3w<\/span><\/li>\n<p><\/br><\/p>\n<li><span style=\"font-family:arial, helvetica, sans-serif;font-size:10pt;\">matowe<\/span><\/li>\n<p><\/br><\/p>\n<li><span style=\"font-family:arial, helvetica, sans-serif;font-size:10pt;\">antyalergiczne<\/span><\/li>\n<p><\/br><\/ul>\n<p><\/br><\/p>\n<h2><span style=\"font-family:arial, helvetica, sans-serif;font-size:10pt;\">Zalety korzystania z no\u017cyczek do paznokci dla dzieci\u00a0<\/span><\/h2>\n<p><\/br><\/p>\n<ul><\/br><\/p>\n<li><span style=\"font-family:arial, helvetica, sans-serif;font-size:10pt;\">zaokr\u0105glone ko\u0144c\u00f3wki no\u017cyczek umo\u017cliwiaj\u0105 bezpieczne obcinanie paznokci<\/span><\/li>\n<p><\/br><\/p>\n<li><span style=\"font-family:arial, helvetica, sans-serif;font-size:10pt;\">narz\u0119dzie tnie delikatnie i p\u0142ynnie, bez ostrych szarpni\u0119\u0107 i zaci\u0119\u0107<\/span><\/li>\n<p><\/br><\/p>\n<li><span style=\"font-family:arial, helvetica, sans-serif;font-size:10pt;\">zapobiegaj\u0105 przypadkowym naruszeniom tkanek<\/span><\/li>\n<p><\/br><\/p>\n<li><span style=\"font-family:arial, helvetica, sans-serif;font-size:10pt;\">zmatowione oraz poddane pasywacji, co eliminuje zwi\u0105zki niklu na ich powierzchni<\/span><\/li>\n<p><\/br><\/p>\n<li><span style=\"font-family:arial, helvetica, sans-serif;font-size:10pt;\">dobrze tn\u0105, ale tak\u017ce wygodnie przylegaj\u0105 do d\u0142oni, bez uszkadzania i obtar\u0107\u00a0sk\u00f3ry\u00a0<\/span><\/li>\n<p><\/br><\/p>\n<li><span style=\"font-family:arial, helvetica, sans-serif;font-size:10pt;\">trzyletnia gwarancja producenta<\/span><\/li>\n<p><\/br><\/p>\n<li><span style=\"font-family:arial, helvetica, sans-serif;font-size:10pt;\">narz\u0119dzie wielokrotnego u\u017cytku &#8211; mo\u017cna podda\u0107 procesowi sterylizacji i dezynfekcji<\/span><\/li>\n<p><\/br><\/ul>\n<p><\/br><\/p>\n<p><span style=\"font-family:arial, helvetica, sans-serif;font-size:10pt;\">Narz\u0119dzia s\u0105 fabrycznie nowe oraz dok\u0142adnie sprawdzane i kontrolowane na wszystkich etapach produkcji, w celu zapewnienia ich zgodno\u015bci z mi\u0119dzynarodowymi standardami okre\u015blonymi ISO 9001:2008 oraz certyfikatem CE.<\/span><\/p>\n","protected":false},"featured_media":1054,"comment_status":"closed","ping_status":"open","template":"","meta":[],"product_brand":[],"product_cat":[48],"product_tag":[],"class_list":{"0":"post-2420","1":"product","2":"type-product","3":"status-publish","4":"has-post-thumbnail","6":"product_cat-nozyczki-do-skorek-i-paznokci-pl","8":"first","9":"instock","10":"product-type-simple"},"_links":{"self":[{"href":"https:\/\/tendosolingen.de\/pl\/wp-json\/wp\/v2\/product\/2420","targetHints":{"allow":["GET"]}}],"collection":[{"href":"https:\/\/tendosolingen.de\/pl\/wp-json\/wp\/v2\/product"}],"about":[{"href":"https:\/\/tendosolingen.de\/pl\/wp-json\/wp\/v2\/types\/product"}],"replies":[{"embeddable":true,"href":"https:\/\/tendosolingen.de\/pl\/wp-json\/wp\/v2\/comments?post=2420"}],"wp:featuredmedia":[{"embeddable":true,"href":"https:\/\/tendosolingen.de\/pl\/wp-json\/wp\/v2\/media\/1054"}],"wp:attachment":[{"href":"https:\/\/tendosolingen.de\/pl\/wp-json\/wp\/v2\/media?parent=2420"}],"wp:term":[{"taxonomy":"product_brand","embeddable":true,"href":"https:\/\/tendosolingen.de\/pl\/wp-json\/wp\/v2\/product_brand?post=2420"},{"taxonomy":"product_cat","embeddable":true,"href":"https:\/\/tendosolingen.de\/pl\/wp-json\/wp\/v2\/product_cat?post=2420"},{"taxonomy":"product_tag","embeddable":true,"href":"https:\/\/tendosolingen.de\/pl\/wp-json\/wp\/v2\/product_tag?post=2420"}],"curies":[{"name":"wp","href":"https:\/\/api.w.org\/{rel}","templated":true}]}}