{"id":2419,"date":"2024-04-09T22:38:23","date_gmt":"2024-04-09T20:38:23","guid":{"rendered":"https:\/\/tendosolingen.de\/product\/peseta-szpiczasta-tendo-solingen-gold-line\/"},"modified":"2025-11-06T15:40:11","modified_gmt":"2025-11-06T14:40:11","slug":"peseta-szpiczasta-tendo-solingen-gold-line","status":"publish","type":"product","link":"https:\/\/tendosolingen.de\/pl\/produkt\/peseta-szpiczasta-tendo-solingen-gold-line\/","title":{"rendered":"P\u0119seta szpiczasta Tendo Solingen Gold Line"},"content":{"rendered":"<p style=\"text-align:justify;\"><span style=\"font-family:arial, helvetica, sans-serif;font-size:10pt;\">Precyzyjna <span style=\"text-decoration:underline;\">p\u0119seta kosmetyczna<\/span> ze spiczast\u0105 ko\u0144c\u00f3wk\u0105 marki Tendo\u00ae Solingen z serii premium Gold Line do usuwania cienkich w\u0142osk\u00f3w, cia\u0142 obcych a tak\u017ce opi\u0142k\u00f3w. Narz\u0119dzie zosta\u0142o wykonane z wysokiej jako\u015bci stali chirurgicznej, kt\u00f3ra gwarantuje wysok\u0105 trwa\u0142o\u015b\u0107. Instrument jest odporny na \u015bcieranie, co zosta\u0142o potwierdzone odpowiednimi testami.\u00a0<\/span><\/p>\n<p><\/br><\/p>\n<p style=\"text-align:justify;\"><span style=\"font-family:arial, helvetica, sans-serif;font-size:10pt;\">Narz\u0119dzie mo\u017ce by\u0107 wykorzystywane zar\u00f3wno w profesjonalnej kosmetyce, w plac\u00f3wkach medycznych jak i w domowych warunkach.\u00a0<\/span><\/p>\n<p><\/br><\/p>\n<h1 style=\"text-align:justify;\"><span style=\"font-family:arial, helvetica, sans-serif;font-size:10pt;\">Parametry p\u0119sety do brwi i rz\u0119s\u00a0<\/span><\/h1>\n<p><\/br><\/p>\n<ul><\/br><\/p>\n<li style=\"text-align:justify;\"><span style=\"font-family:arial, helvetica, sans-serif;font-size:10pt;\">d\u0142ugo\u015b\u0107 ca\u0142kowita &#8211; 9 cm\u00a0<\/span><\/li>\n<p><\/br><\/p>\n<li style=\"text-align:justify;\"><span style=\"font-family:arial, helvetica, sans-serif;font-size:10pt;\">zako\u0144czenie: szpic\u00a0<\/span><\/li>\n<p><\/br><\/p>\n<li style=\"text-align:justify;\"><span style=\"font-family:arial, helvetica, sans-serif;font-size:10pt;\">wykonanie: stal medyczna<\/span><\/li>\n<p><\/br><\/p>\n<li style=\"text-align:justify;\"><span style=\"font-family:arial, helvetica, sans-serif;font-size:10pt;\">szlif: r\u0119czny\u00a0<\/span><\/li>\n<p><\/br><\/p>\n<li style=\"text-align:justify;\"><span style=\"font-family:arial, helvetica, sans-serif;font-size:10pt;\">struktura: matowa, szczotkowana\u00a0<\/span><\/li>\n<p><\/br><\/p>\n<li style=\"text-align:justify;\"><span style=\"font-family:arial, helvetica, sans-serif;font-size:10pt;\">antyrefleks: tak\u00a0<\/span><\/li>\n<p><\/br><\/p>\n<li style=\"text-align:justify;\"><span style=\"font-family:arial, helvetica, sans-serif;font-size:10pt;\">certyfikat: CE\u00a0<\/span><\/li>\n<p><\/br><\/ul>\n<p><\/br><\/p>\n<h2 style=\"text-align:justify;\"><span style=\"font-family:arial, helvetica, sans-serif;font-size:10pt;\">Zalety korzystania z p\u0119sety kosmetycznej<\/span><\/h2>\n<p><\/br><\/p>\n<ul style=\"text-align:justify;\"><\/br><\/p>\n<li><span style=\"font-family:arial, helvetica, sans-serif;\"><span style=\"font-size:13.3333px;\">zapewnia precyzyjne zabiegi tam, gdzie wa\u017cna jest precyzja\u00a0<\/span><\/span><\/li>\n<p><\/br><\/p>\n<li><span style=\"font-family:arial, helvetica, sans-serif;\"><span style=\"font-size:13.3333px;\">stal chirurgiczna gwarantuje, \u017ce produkt nie zardzewieje i nie st\u0119pi si\u0119<\/span><\/span><\/li>\n<p><\/br><\/p>\n<li><span style=\"font-family:arial, helvetica, sans-serif;\"><span style=\"font-size:13.3333px;\">odpowiednia g\u0119sto\u015b\u0107 stali gwarantuje wytrzyma\u0142o\u015b\u0107 w ka\u017cdych warunkach\u00a0<\/span><\/span><\/li>\n<p><\/br><\/p>\n<li><span style=\"font-family:arial, helvetica, sans-serif;\"><span style=\"font-size:13.3333px;\">mo\u017cliwo\u015b\u0107 sterylizacji w autoklawach<\/span><\/span><\/li>\n<p><\/br><\/p>\n<li><span style=\"font-family:arial, helvetica, sans-serif;\"><span style=\"font-size:13.3333px;\">narz\u0119dzie bardzo wygodne w u\u017cyciu, posiada antypo\u015blizgow\u0105 r\u0119koje\u015b\u0107\u00a0<\/span><\/span><\/li>\n<p><\/br><\/p>\n<li><span style=\"font-family:arial, helvetica, sans-serif;\"><span style=\"font-size:13.3333px;\">gwarancja producenta w Polsce<\/span><\/span><\/li>\n<p><\/br><\/ul>\n<p><\/br><\/p>\n<p><span style=\"font-family:arial, helvetica, sans-serif;\"><span style=\"font-size:13.3333px;\">Instrument jest nowy i wykonany z wysokow\u0119glowej stali chirurgicznej. Ka\u017cdy produkt zosta\u0142 dok\u0142adnie sprawdzony w celu zapewnienia zgodno\u015bci z najlepszymi standardami okre\u015blonymi w certyfikatach mi\u0119dzynarodowych.<\/span><\/span><\/p>\n<p><\/br><\/p>\n<p>\u00a0<\/p>\n","protected":false},"excerpt":{"rendered":"<p style=\"text-align:justify;\"><span style=\"font-family:arial, helvetica, sans-serif;font-size:10pt;\">Precyzyjna <span style=\"text-decoration:underline;\">p\u0119seta kosmetyczna<\/span> ze spiczast\u0105 ko\u0144c\u00f3wk\u0105 marki Tendo\u00ae Solingen z serii premium Gold Line do usuwania cienkich w\u0142osk\u00f3w, cia\u0142 obcych a tak\u017ce opi\u0142k\u00f3w. Narz\u0119dzie zosta\u0142o wykonane z wysokiej jako\u015bci stali chirurgicznej, kt\u00f3ra gwarantuje wysok\u0105 trwa\u0142o\u015b\u0107. Instrument jest odporny na \u015bcieranie, co zosta\u0142o potwierdzone odpowiednimi testami.\u00a0<\/span><\/p>\n<p><\/br><\/p>\n<p style=\"text-align:justify;\"><span style=\"font-family:arial, helvetica, sans-serif;font-size:10pt;\">Narz\u0119dzie mo\u017ce by\u0107 wykorzystywane zar\u00f3wno w profesjonalnej kosmetyce, w plac\u00f3wkach medycznych jak i w domowych warunkach.\u00a0<\/span><\/p>\n<p><\/br><\/p>\n<h1 style=\"text-align:justify;\"><span style=\"font-family:arial, helvetica, sans-serif;font-size:10pt;\">Parametry p\u0119sety do brwi i rz\u0119s\u00a0<\/span><\/h1>\n<p><\/br><\/p>\n<ul><\/br><\/p>\n<li style=\"text-align:justify;\"><span style=\"font-family:arial, helvetica, sans-serif;font-size:10pt;\">d\u0142ugo\u015b\u0107 ca\u0142kowita &#8211; 9 cm\u00a0<\/span><\/li>\n<p><\/br><\/p>\n<li style=\"text-align:justify;\"><span style=\"font-family:arial, helvetica, sans-serif;font-size:10pt;\">zako\u0144czenie: szpic\u00a0<\/span><\/li>\n<p><\/br><\/p>\n<li style=\"text-align:justify;\"><span style=\"font-family:arial, helvetica, sans-serif;font-size:10pt;\">wykonanie: stal medyczna<\/span><\/li>\n<p><\/br><\/p>\n<li style=\"text-align:justify;\"><span style=\"font-family:arial, helvetica, sans-serif;font-size:10pt;\">szlif: r\u0119czny\u00a0<\/span><\/li>\n<p><\/br><\/p>\n<li style=\"text-align:justify;\"><span style=\"font-family:arial, helvetica, sans-serif;font-size:10pt;\">struktura: matowa, szczotkowana\u00a0<\/span><\/li>\n<p><\/br><\/p>\n<li style=\"text-align:justify;\"><span style=\"font-family:arial, helvetica, sans-serif;font-size:10pt;\">antyrefleks: tak\u00a0<\/span><\/li>\n<p><\/br><\/p>\n<li style=\"text-align:justify;\"><span style=\"font-family:arial, helvetica, sans-serif;font-size:10pt;\">certyfikat: CE\u00a0<\/span><\/li>\n<p><\/br><\/ul>\n<p><\/br><\/p>\n<h2 style=\"text-align:justify;\"><span style=\"font-family:arial, helvetica, sans-serif;font-size:10pt;\">Zalety korzystania z p\u0119sety kosmetycznej<\/span><\/h2>\n<p><\/br><\/p>\n<ul style=\"text-align:justify;\"><\/br><\/p>\n<li><span style=\"font-family:arial, helvetica, sans-serif;\"><span style=\"font-size:13.3333px;\">zapewnia precyzyjne zabiegi tam, gdzie wa\u017cna jest precyzja\u00a0<\/span><\/span><\/li>\n<p><\/br><\/p>\n<li><span style=\"font-family:arial, helvetica, sans-serif;\"><span style=\"font-size:13.3333px;\">stal chirurgiczna gwarantuje, \u017ce produkt nie zardzewieje i nie st\u0119pi si\u0119<\/span><\/span><\/li>\n<p><\/br><\/p>\n<li><span style=\"font-family:arial, helvetica, sans-serif;\"><span style=\"font-size:13.3333px;\">odpowiednia g\u0119sto\u015b\u0107 stali gwarantuje wytrzyma\u0142o\u015b\u0107 w ka\u017cdych warunkach\u00a0<\/span><\/span><\/li>\n<p><\/br><\/p>\n<li><span style=\"font-family:arial, helvetica, sans-serif;\"><span style=\"font-size:13.3333px;\">mo\u017cliwo\u015b\u0107 sterylizacji w autoklawach<\/span><\/span><\/li>\n<p><\/br><\/p>\n<li><span style=\"font-family:arial, helvetica, sans-serif;\"><span style=\"font-size:13.3333px;\">narz\u0119dzie bardzo wygodne w u\u017cyciu, posiada antypo\u015blizgow\u0105 r\u0119koje\u015b\u0107\u00a0<\/span><\/span><\/li>\n<p><\/br><\/p>\n<li><span style=\"font-family:arial, helvetica, sans-serif;\"><span style=\"font-size:13.3333px;\">gwarancja producenta w Polsce<\/span><\/span><\/li>\n<p><\/br><\/ul>\n<p><\/br><\/p>\n<p><span style=\"font-family:arial, helvetica, sans-serif;\"><span style=\"font-size:13.3333px;\">Instrument jest nowy i wykonany z wysokow\u0119glowej stali chirurgicznej. Ka\u017cdy produkt zosta\u0142 dok\u0142adnie sprawdzony w celu zapewnienia zgodno\u015bci z najlepszymi standardami okre\u015blonymi w certyfikatach mi\u0119dzynarodowych.<\/span><\/span><\/p>\n<p><\/br><\/p>\n<p>\u00a0<\/p>\n","protected":false},"featured_media":1050,"comment_status":"closed","ping_status":"open","template":"","meta":[],"product_brand":[],"product_cat":[51],"product_tag":[],"class_list":{"0":"post-2419","1":"product","2":"type-product","3":"status-publish","4":"has-post-thumbnail","6":"product_cat-pesety-i-szczypce","8":"first","9":"instock","10":"product-type-simple"},"_links":{"self":[{"href":"https:\/\/tendosolingen.de\/pl\/wp-json\/wp\/v2\/product\/2419","targetHints":{"allow":["GET"]}}],"collection":[{"href":"https:\/\/tendosolingen.de\/pl\/wp-json\/wp\/v2\/product"}],"about":[{"href":"https:\/\/tendosolingen.de\/pl\/wp-json\/wp\/v2\/types\/product"}],"replies":[{"embeddable":true,"href":"https:\/\/tendosolingen.de\/pl\/wp-json\/wp\/v2\/comments?post=2419"}],"wp:featuredmedia":[{"embeddable":true,"href":"https:\/\/tendosolingen.de\/pl\/wp-json\/wp\/v2\/media\/1050"}],"wp:attachment":[{"href":"https:\/\/tendosolingen.de\/pl\/wp-json\/wp\/v2\/media?parent=2419"}],"wp:term":[{"taxonomy":"product_brand","embeddable":true,"href":"https:\/\/tendosolingen.de\/pl\/wp-json\/wp\/v2\/product_brand?post=2419"},{"taxonomy":"product_cat","embeddable":true,"href":"https:\/\/tendosolingen.de\/pl\/wp-json\/wp\/v2\/product_cat?post=2419"},{"taxonomy":"product_tag","embeddable":true,"href":"https:\/\/tendosolingen.de\/pl\/wp-json\/wp\/v2\/product_tag?post=2419"}],"curies":[{"name":"wp","href":"https:\/\/api.w.org\/{rel}","templated":true}]}}