{"id":2418,"date":"2024-04-09T22:38:23","date_gmt":"2024-04-09T20:38:23","guid":{"rendered":"https:\/\/tendosolingen.de\/product\/nozyczki-do-skorek-zagiete-tendo-solingen-cienkie-gold-line\/"},"modified":"2025-11-06T15:40:11","modified_gmt":"2025-11-06T14:40:11","slug":"nozyczki-do-skorek-zagiete-tendo-solingen-cienkie-gold-line","status":"publish","type":"product","link":"https:\/\/tendosolingen.de\/pl\/produkt\/nozyczki-do-skorek-zagiete-tendo-solingen-cienkie-gold-line\/","title":{"rendered":"No\u017cyczki do sk\u00f3rek zagi\u0119te Tendo Solingen cienkie Gold Line"},"content":{"rendered":"<p><span style=\"font-family:arial, helvetica, sans-serif;font-size:10pt;\"><span style=\"text-decoration:underline;\">No\u017cyczki do sk\u00f3rek profesjonalne<\/span> Tendo\u00ae Solingen z linii Gold Line przeznaczone do wycinania sk\u00f3rek. \u00a0<strong>No\u017cyczki do sk\u00f3rek ze stali chirurgicznej<\/strong> s\u0105 bardzo precyzyjne a proces wykonania zapewnia d\u0142ug\u0105 \u017cywotno\u015b\u0107 produktu. <em>No\u017cyczki do obcinania sk\u00f3rek<\/em> posiadaj\u0105 cienkie, zagi\u0119te, d\u0142ugie ostrze, dzi\u0119ki kt\u00f3rem precyzyjnie dotrzesz do trudno dost\u0119pnych miejsc w pracy ze sk\u00f3rkami. Odpowiedni zewn\u0119trzny szlif ostrzy zabezpiecza podczas zabiegu p\u0142ytki paznokcia przed uszkodzeniem w czasie usuwania sk\u00f3rek.<\/span><\/p>\n<p><\/br><\/p>\n<h2><span style=\"font-family:arial, helvetica, sans-serif;font-size:10pt;\">No\u017cyczki do usuwania sk\u00f3rek &#8211; parametry<\/span><\/h2>\n<p><\/br><\/p>\n<ul><\/br><\/p>\n<li><span style=\"font-family:arial, helvetica, sans-serif;font-size:10pt;\">d\u0142ugo\u015b\u0107 ca\u0142kowita &#8211; 10 cm<\/span><\/li>\n<p><\/br><\/p>\n<li><span style=\"font-family:arial, helvetica, sans-serif;font-size:10pt;\">szeroko\u015b\u0107 k\u00f3\u0142ek &#8211; 18 mm<\/span><\/li>\n<p><\/br><\/p>\n<li><span style=\"font-family:arial, helvetica, sans-serif;font-size:10pt;\">zagi\u0119te\u00a0precyzyjne ostrze 21 mm<\/span><\/li>\n<p><\/br><\/p>\n<li><span style=\"font-family:arial, helvetica, sans-serif;font-size:10pt;\">niemiecka stal chirurgiczna<\/span><\/li>\n<p><\/br><\/p>\n<li><span style=\"font-family:arial, helvetica, sans-serif;font-size:10pt;\">design in Germany<\/span><\/li>\n<p><\/br><\/p>\n<li><span style=\"font-family:arial, helvetica, sans-serif;font-size:10pt;\">zaokr\u0105glone brzegi<\/span><\/li>\n<p><\/br><\/p>\n<li><span style=\"font-family:arial, helvetica, sans-serif;font-size:10pt;\">r\u0119cznie szlifowane<\/span><\/li>\n<p><\/br><\/p>\n<li><span style=\"font-family:arial, helvetica, sans-serif;font-size:10pt;\">matowa stal antyrefleksyjna<\/span><\/li>\n<p><\/br><\/p>\n<li><span style=\"font-family:arial, helvetica, sans-serif;font-size:10pt;\">specjalnie zaprojektowana linia Gold Line dla specjalist\u00f3w<\/span><\/li>\n<p><\/br><\/ul>\n<p><\/br><\/p>\n<h2><span style=\"font-family:arial, helvetica, sans-serif;font-size:10pt;\">Dobre no\u017cyczki do skorek &#8211; zalety<\/span><\/h2>\n<p><\/br><\/p>\n<ul><\/br><\/p>\n<li><span style=\"font-family:arial, helvetica, sans-serif;font-size:10pt;\">przeznaczone do precyzyjnego wycinania sk\u00f3rek podczas manicure<\/span><\/li>\n<p><\/br><\/p>\n<li><span style=\"font-family:arial, helvetica, sans-serif;font-size:10pt;\">lekko\u00a0wygi\u0119te i cienkie ostrze pozwala na wyj\u0105tkowo dok\u0142adne wycinanie sk\u00f3rek<\/span><\/li>\n<p><\/br><\/p>\n<li><span style=\"font-family:arial, helvetica, sans-serif;font-size:10pt;\">ergonomiczne uchwyty oraz d\u0142ugie ostrza pozwalaj\u0105 dok\u0142adnie usuwa\u0107 sk\u00f3rki<\/span><\/li>\n<p><\/br><\/p>\n<li><span style=\"font-family:arial, helvetica, sans-serif;font-size:10pt;\">3-latnia gwarancja producenta<\/span><\/li>\n<p><\/br><\/ul>\n<p><\/br><\/p>\n<p><span style=\"font-family:arial, helvetica, sans-serif;font-size:10pt;\">No\u017cyczki do sk\u00f3rek zakupione na platformie instrumedic.pl posiadaj\u0105 najlepsze opinie poniewa\u017c to gwarancja najwy\u017cszej jako\u015bci wykonania, bezpiecze\u0144stwa zakupu, gwarantowanej satysfakcji albo zwrotu pieni\u0119dzy.\u00a0Dlatego nie zastanawiaj si\u0119 <em>jakie no\u017cyczki do sk\u00f3rek<\/em> wybra\u0107, wybierz narz\u0119dzia fabrycznie nowe oraz posiadaj\u0105ce certyfikaty ISO 9001:2008 oraz CE.<\/span><\/p>\n","protected":false},"excerpt":{"rendered":"<p><span style=\"font-family:arial, helvetica, sans-serif;font-size:10pt;\"><span style=\"text-decoration:underline;\">No\u017cyczki do sk\u00f3rek profesjonalne<\/span> Tendo\u00ae Solingen z linii Gold Line przeznaczone do wycinania sk\u00f3rek. \u00a0<strong>No\u017cyczki do sk\u00f3rek ze stali chirurgicznej<\/strong> s\u0105 bardzo precyzyjne a proces wykonania zapewnia d\u0142ug\u0105 \u017cywotno\u015b\u0107 produktu. <em>No\u017cyczki do obcinania sk\u00f3rek<\/em> posiadaj\u0105 cienkie, zagi\u0119te, d\u0142ugie ostrze, dzi\u0119ki kt\u00f3rem precyzyjnie dotrzesz do trudno dost\u0119pnych miejsc w pracy ze sk\u00f3rkami. Odpowiedni zewn\u0119trzny szlif ostrzy zabezpiecza podczas zabiegu p\u0142ytki paznokcia przed uszkodzeniem w czasie usuwania sk\u00f3rek.<\/span><\/p>\n<p><\/br><\/p>\n<h2><span style=\"font-family:arial, helvetica, sans-serif;font-size:10pt;\">No\u017cyczki do usuwania sk\u00f3rek &#8211; parametry<\/span><\/h2>\n<p><\/br><\/p>\n<ul><\/br><\/p>\n<li><span style=\"font-family:arial, helvetica, sans-serif;font-size:10pt;\">d\u0142ugo\u015b\u0107 ca\u0142kowita &#8211; 10 cm<\/span><\/li>\n<p><\/br><\/p>\n<li><span style=\"font-family:arial, helvetica, sans-serif;font-size:10pt;\">szeroko\u015b\u0107 k\u00f3\u0142ek &#8211; 18 mm<\/span><\/li>\n<p><\/br><\/p>\n<li><span style=\"font-family:arial, helvetica, sans-serif;font-size:10pt;\">zagi\u0119te\u00a0precyzyjne ostrze 21 mm<\/span><\/li>\n<p><\/br><\/p>\n<li><span style=\"font-family:arial, helvetica, sans-serif;font-size:10pt;\">niemiecka stal chirurgiczna<\/span><\/li>\n<p><\/br><\/p>\n<li><span style=\"font-family:arial, helvetica, sans-serif;font-size:10pt;\">design in Germany<\/span><\/li>\n<p><\/br><\/p>\n<li><span style=\"font-family:arial, helvetica, sans-serif;font-size:10pt;\">zaokr\u0105glone brzegi<\/span><\/li>\n<p><\/br><\/p>\n<li><span style=\"font-family:arial, helvetica, sans-serif;font-size:10pt;\">r\u0119cznie szlifowane<\/span><\/li>\n<p><\/br><\/p>\n<li><span style=\"font-family:arial, helvetica, sans-serif;font-size:10pt;\">matowa stal antyrefleksyjna<\/span><\/li>\n<p><\/br><\/p>\n<li><span style=\"font-family:arial, helvetica, sans-serif;font-size:10pt;\">specjalnie zaprojektowana linia Gold Line dla specjalist\u00f3w<\/span><\/li>\n<p><\/br><\/ul>\n<p><\/br><\/p>\n<h2><span style=\"font-family:arial, helvetica, sans-serif;font-size:10pt;\">Dobre no\u017cyczki do skorek &#8211; zalety<\/span><\/h2>\n<p><\/br><\/p>\n<ul><\/br><\/p>\n<li><span style=\"font-family:arial, helvetica, sans-serif;font-size:10pt;\">przeznaczone do precyzyjnego wycinania sk\u00f3rek podczas manicure<\/span><\/li>\n<p><\/br><\/p>\n<li><span style=\"font-family:arial, helvetica, sans-serif;font-size:10pt;\">lekko\u00a0wygi\u0119te i cienkie ostrze pozwala na wyj\u0105tkowo dok\u0142adne wycinanie sk\u00f3rek<\/span><\/li>\n<p><\/br><\/p>\n<li><span style=\"font-family:arial, helvetica, sans-serif;font-size:10pt;\">ergonomiczne uchwyty oraz d\u0142ugie ostrza pozwalaj\u0105 dok\u0142adnie usuwa\u0107 sk\u00f3rki<\/span><\/li>\n<p><\/br><\/p>\n<li><span style=\"font-family:arial, helvetica, sans-serif;font-size:10pt;\">3-latnia gwarancja producenta<\/span><\/li>\n<p><\/br><\/ul>\n<p><\/br><\/p>\n<p><span style=\"font-family:arial, helvetica, sans-serif;font-size:10pt;\">No\u017cyczki do sk\u00f3rek zakupione na platformie instrumedic.pl posiadaj\u0105 najlepsze opinie poniewa\u017c to gwarancja najwy\u017cszej jako\u015bci wykonania, bezpiecze\u0144stwa zakupu, gwarantowanej satysfakcji albo zwrotu pieni\u0119dzy.\u00a0Dlatego nie zastanawiaj si\u0119 <em>jakie no\u017cyczki do sk\u00f3rek<\/em> wybra\u0107, wybierz narz\u0119dzia fabrycznie nowe oraz posiadaj\u0105ce certyfikaty ISO 9001:2008 oraz CE.<\/span><\/p>\n","protected":false},"featured_media":1046,"comment_status":"closed","ping_status":"open","template":"","meta":[],"product_brand":[],"product_cat":[48],"product_tag":[],"class_list":{"0":"post-2418","1":"product","2":"type-product","3":"status-publish","4":"has-post-thumbnail","6":"product_cat-nozyczki-do-skorek-i-paznokci-pl","8":"first","9":"instock","10":"product-type-simple"},"_links":{"self":[{"href":"https:\/\/tendosolingen.de\/pl\/wp-json\/wp\/v2\/product\/2418","targetHints":{"allow":["GET"]}}],"collection":[{"href":"https:\/\/tendosolingen.de\/pl\/wp-json\/wp\/v2\/product"}],"about":[{"href":"https:\/\/tendosolingen.de\/pl\/wp-json\/wp\/v2\/types\/product"}],"replies":[{"embeddable":true,"href":"https:\/\/tendosolingen.de\/pl\/wp-json\/wp\/v2\/comments?post=2418"}],"wp:featuredmedia":[{"embeddable":true,"href":"https:\/\/tendosolingen.de\/pl\/wp-json\/wp\/v2\/media\/1046"}],"wp:attachment":[{"href":"https:\/\/tendosolingen.de\/pl\/wp-json\/wp\/v2\/media?parent=2418"}],"wp:term":[{"taxonomy":"product_brand","embeddable":true,"href":"https:\/\/tendosolingen.de\/pl\/wp-json\/wp\/v2\/product_brand?post=2418"},{"taxonomy":"product_cat","embeddable":true,"href":"https:\/\/tendosolingen.de\/pl\/wp-json\/wp\/v2\/product_cat?post=2418"},{"taxonomy":"product_tag","embeddable":true,"href":"https:\/\/tendosolingen.de\/pl\/wp-json\/wp\/v2\/product_tag?post=2418"}],"curies":[{"name":"wp","href":"https:\/\/api.w.org\/{rel}","templated":true}]}}