{"id":2414,"date":"2024-04-09T22:38:23","date_gmt":"2024-04-09T20:38:23","guid":{"rendered":"https:\/\/tendosolingen.de\/product\/peseta-do-regulacji-brwi-tendo-solingen-w-ksztalcie-szczypcow-tc-gold\/"},"modified":"2025-11-06T15:40:12","modified_gmt":"2025-11-06T14:40:12","slug":"peseta-do-regulacji-brwi-tendo-solingen-w-ksztalcie-szczypcow-tc-gold","status":"publish","type":"product","link":"https:\/\/tendosolingen.de\/pl\/produkt\/peseta-do-regulacji-brwi-tendo-solingen-w-ksztalcie-szczypcow-tc-gold\/","title":{"rendered":"P\u0119seta do regulacji brwi Tendo\u00ae Solingen w kszta\u0142cie szczypc\u00f3w TC Gold"},"content":{"rendered":"<p><span style=\"font-family:arial, helvetica, sans-serif;font-size:10pt;\"><span style=\"text-decoration:underline;\">Profesjonalna p\u0119seta do regulacj<\/span>i oraz poprawiania kszta\u0142tu <span style=\"text-decoration:underline;\">brwi<\/span> Tendo\u00ae Solingen. Powierzchnia p\u0119sety<em> z ko\u0144c\u00f3wk\u0105 w kszta\u0142cie szczypc\u00f3w<\/em> jest wykorzystywana do szybkiego, dok\u0142adnego oraz bezpiecznego usuwania k\u0142opotliwych w\u0142osk\u00f3w. Idealna do wyko\u0144czenia depilacji lub do usuni\u0119cia w\u0142osk\u00f3w ze \u015brodkowej strefy mi\u0119dzy brwiami. Powierzchnia p\u0119sety jest idealnie zmatowiona co zapobiega refleksom \u015bwietlnym podczas zabiegu. Ramiona p\u0119sety maj\u0105 proste powierzchnie chwytaj\u0105ce i s\u0105 uko\u015bne w przedniej cz\u0119\u015bci, dzi\u0119ki czemu bardzo dobrze chwytaj\u0105 cienkie w\u0142oski.<\/span><\/p>\n<p><\/br><\/p>\n<h1><span style=\"font-family:arial, helvetica, sans-serif;font-size:10pt;\">P\u0119seta kosmetyczna do depilacji brwi \u2013 parametry<\/span><\/h1>\n<p><\/br><\/p>\n<ul><\/br><\/p>\n<li><span style=\"font-family:arial, helvetica, sans-serif;\"><span style=\"font-size:13.3333px;\">typ: p\u0119seta, regulacja brwi<\/span><\/span><\/li>\n<p><\/br><\/p>\n<li><span style=\"font-family:arial, helvetica, sans-serif;font-size:10pt;\">d\u0142ugo\u015b\u0107: 9,5 cm<\/span><\/li>\n<p><\/br><\/p>\n<li><span style=\"font-family:arial, helvetica, sans-serif;font-size:10pt;\">szeroko\u015b\u0107 ko\u0144c\u00f3wek: 3 mm\u00a0<\/span><\/li>\n<p><\/br><\/p>\n<li><span style=\"font-family:arial, helvetica, sans-serif;font-size:10pt;\">matowa, antyrefleksyjna powierzchnia<\/span><\/li>\n<p><\/br><\/p>\n<li><span style=\"font-family:arial, helvetica, sans-serif;font-size:10pt;\">wykonanie ze stali nierdzewnej<\/span><\/li>\n<p><\/br><\/p>\n<li><span style=\"font-family:arial, helvetica, sans-serif;font-size:10pt;\">niemiecka stal chirurgiczna<\/span><\/li>\n<p><\/br><\/p>\n<li><span style=\"font-family:arial, helvetica, sans-serif;font-size:10pt;\">poddana procesowi pasywacji<\/span><\/li>\n<p><\/br><\/ul>\n<p><\/br><\/p>\n<h2><span style=\"font-family:arial, helvetica, sans-serif;font-size:10pt;\">Zalety korzystania z najlepszej p\u0119sety do\u00a0wyrywania brwi<\/span><\/h2>\n<p><\/br><\/p>\n<ul><\/br><\/p>\n<li><span style=\"font-family:arial, helvetica, sans-serif;font-size:10pt;\">Designed in Germany<\/span><\/li>\n<p><\/br><\/p>\n<li><span style=\"font-family:arial, helvetica, sans-serif;font-size:10pt;\">idealnie ergonomiczny kszta\u0142t<\/span><\/li>\n<p><\/br><\/p>\n<li><span style=\"font-family:arial, helvetica, sans-serif;font-size:10pt;\">wysoka jako\u015b\u0107 wykonania i dobra spr\u0119\u017cysto\u015b\u0107<\/span><\/li>\n<p><\/br><\/p>\n<li><span style=\"font-family:arial, helvetica, sans-serif;font-size:10pt;\">specjalna konstrukcja zapewnia bardzo dobre pole widzenia podczas zabiegu<\/span><\/li>\n<p><\/br><\/p>\n<li><span style=\"font-family:arial, helvetica, sans-serif;font-size:10pt;\">ko\u0144c\u00f3wki posiadaj\u0105 du\u017c\u0105 powierzchni\u0119 co pozwala na uchwycenie najkr\u00f3tszych w\u0142osk\u00f3w, brwi<\/span><\/li>\n<p><\/br><\/p>\n<li><span style=\"font-family:arial, helvetica, sans-serif;font-size:10pt;\">zapewnia bezpieczne zabiegi kosmetyczne i chirurgiczne<\/span><\/li>\n<p><\/br><\/p>\n<li><span style=\"font-family:arial, helvetica, sans-serif;font-size:10pt;\">gwarantuje pewny i precyzyjny chwyt podczas zabiegu<\/span><\/li>\n<p><\/br><\/p>\n<li><span style=\"font-family:arial, helvetica, sans-serif;font-size:10pt;\">wielokrotnego u\u017cytku \u2013 podlega procesowi sterylizacji oraz dezynfekcji<\/span><\/li>\n<p><\/br><\/ul>\n<p><\/br><\/p>\n<p><span style=\"font-family:arial, helvetica, sans-serif;font-size:10pt;\">Narz\u0119dzia kosmetyczne dla profesjonalist\u00f3w wykorzystywane w zabiegach medycyny estetycznej (c\u0105\u017cki do sk\u00f3rek, kopytka, rade\u0142ka do sk\u00f3rek, p\u0119sety kosmetyczne, d\u0142utka, pensety chirurgiczne) dost\u0119pne na platformie Instrumedic.pl wykonane s\u0105 z najwy\u017cszej jako\u015bci stali chirurgicznej. Narz\u0119dzia s\u0105 fabrycznie nowe oraz dok\u0142adnie sprawdzane i kontrolowane na wszystkich etapach produkcji, w celu zapewnienia ich zgodno\u015bci z mi\u0119dzynarodowymi standardami okre\u015blonymi ISO 9001:2008 oraz certyfikatem CE.<\/span><\/p>\n","protected":false},"excerpt":{"rendered":"<p><span style=\"font-family:arial, helvetica, sans-serif;font-size:10pt;\"><span style=\"text-decoration:underline;\">Profesjonalna p\u0119seta do regulacj<\/span>i oraz poprawiania kszta\u0142tu <span style=\"text-decoration:underline;\">brwi<\/span> Tendo\u00ae Solingen. Powierzchnia p\u0119sety<em> z ko\u0144c\u00f3wk\u0105 w kszta\u0142cie szczypc\u00f3w<\/em> jest wykorzystywana do szybkiego, dok\u0142adnego oraz bezpiecznego usuwania k\u0142opotliwych w\u0142osk\u00f3w. Idealna do wyko\u0144czenia depilacji lub do usuni\u0119cia w\u0142osk\u00f3w ze \u015brodkowej strefy mi\u0119dzy brwiami. Powierzchnia p\u0119sety jest idealnie zmatowiona co zapobiega refleksom \u015bwietlnym podczas zabiegu. Ramiona p\u0119sety maj\u0105 proste powierzchnie chwytaj\u0105ce i s\u0105 uko\u015bne w przedniej cz\u0119\u015bci, dzi\u0119ki czemu bardzo dobrze chwytaj\u0105 cienkie w\u0142oski.<\/span><\/p>\n<p><\/br><\/p>\n<h1><span style=\"font-family:arial, helvetica, sans-serif;font-size:10pt;\">P\u0119seta kosmetyczna do depilacji brwi \u2013 parametry<\/span><\/h1>\n<p><\/br><\/p>\n<ul><\/br><\/p>\n<li><span style=\"font-family:arial, helvetica, sans-serif;\"><span style=\"font-size:13.3333px;\">typ: p\u0119seta, regulacja brwi<\/span><\/span><\/li>\n<p><\/br><\/p>\n<li><span style=\"font-family:arial, helvetica, sans-serif;font-size:10pt;\">d\u0142ugo\u015b\u0107: 9,5 cm<\/span><\/li>\n<p><\/br><\/p>\n<li><span style=\"font-family:arial, helvetica, sans-serif;font-size:10pt;\">szeroko\u015b\u0107 ko\u0144c\u00f3wek: 3 mm\u00a0<\/span><\/li>\n<p><\/br><\/p>\n<li><span style=\"font-family:arial, helvetica, sans-serif;font-size:10pt;\">matowa, antyrefleksyjna powierzchnia<\/span><\/li>\n<p><\/br><\/p>\n<li><span style=\"font-family:arial, helvetica, sans-serif;font-size:10pt;\">wykonanie ze stali nierdzewnej<\/span><\/li>\n<p><\/br><\/p>\n<li><span style=\"font-family:arial, helvetica, sans-serif;font-size:10pt;\">niemiecka stal chirurgiczna<\/span><\/li>\n<p><\/br><\/p>\n<li><span style=\"font-family:arial, helvetica, sans-serif;font-size:10pt;\">poddana procesowi pasywacji<\/span><\/li>\n<p><\/br><\/ul>\n<p><\/br><\/p>\n<h2><span style=\"font-family:arial, helvetica, sans-serif;font-size:10pt;\">Zalety korzystania z najlepszej p\u0119sety do\u00a0wyrywania brwi<\/span><\/h2>\n<p><\/br><\/p>\n<ul><\/br><\/p>\n<li><span style=\"font-family:arial, helvetica, sans-serif;font-size:10pt;\">Designed in Germany<\/span><\/li>\n<p><\/br><\/p>\n<li><span style=\"font-family:arial, helvetica, sans-serif;font-size:10pt;\">idealnie ergonomiczny kszta\u0142t<\/span><\/li>\n<p><\/br><\/p>\n<li><span style=\"font-family:arial, helvetica, sans-serif;font-size:10pt;\">wysoka jako\u015b\u0107 wykonania i dobra spr\u0119\u017cysto\u015b\u0107<\/span><\/li>\n<p><\/br><\/p>\n<li><span style=\"font-family:arial, helvetica, sans-serif;font-size:10pt;\">specjalna konstrukcja zapewnia bardzo dobre pole widzenia podczas zabiegu<\/span><\/li>\n<p><\/br><\/p>\n<li><span style=\"font-family:arial, helvetica, sans-serif;font-size:10pt;\">ko\u0144c\u00f3wki posiadaj\u0105 du\u017c\u0105 powierzchni\u0119 co pozwala na uchwycenie najkr\u00f3tszych w\u0142osk\u00f3w, brwi<\/span><\/li>\n<p><\/br><\/p>\n<li><span style=\"font-family:arial, helvetica, sans-serif;font-size:10pt;\">zapewnia bezpieczne zabiegi kosmetyczne i chirurgiczne<\/span><\/li>\n<p><\/br><\/p>\n<li><span style=\"font-family:arial, helvetica, sans-serif;font-size:10pt;\">gwarantuje pewny i precyzyjny chwyt podczas zabiegu<\/span><\/li>\n<p><\/br><\/p>\n<li><span style=\"font-family:arial, helvetica, sans-serif;font-size:10pt;\">wielokrotnego u\u017cytku \u2013 podlega procesowi sterylizacji oraz dezynfekcji<\/span><\/li>\n<p><\/br><\/ul>\n<p><\/br><\/p>\n<p><span style=\"font-family:arial, helvetica, sans-serif;font-size:10pt;\">Narz\u0119dzia kosmetyczne dla profesjonalist\u00f3w wykorzystywane w zabiegach medycyny estetycznej (c\u0105\u017cki do sk\u00f3rek, kopytka, rade\u0142ka do sk\u00f3rek, p\u0119sety kosmetyczne, d\u0142utka, pensety chirurgiczne) dost\u0119pne na platformie Instrumedic.pl wykonane s\u0105 z najwy\u017cszej jako\u015bci stali chirurgicznej. Narz\u0119dzia s\u0105 fabrycznie nowe oraz dok\u0142adnie sprawdzane i kontrolowane na wszystkich etapach produkcji, w celu zapewnienia ich zgodno\u015bci z mi\u0119dzynarodowymi standardami okre\u015blonymi ISO 9001:2008 oraz certyfikatem CE.<\/span><\/p>\n","protected":false},"featured_media":1030,"comment_status":"closed","ping_status":"open","template":"","meta":[],"product_brand":[],"product_cat":[51],"product_tag":[],"class_list":{"0":"post-2414","1":"product","2":"type-product","3":"status-publish","4":"has-post-thumbnail","6":"product_cat-pesety-i-szczypce","8":"first","9":"instock","10":"product-type-simple"},"_links":{"self":[{"href":"https:\/\/tendosolingen.de\/pl\/wp-json\/wp\/v2\/product\/2414","targetHints":{"allow":["GET"]}}],"collection":[{"href":"https:\/\/tendosolingen.de\/pl\/wp-json\/wp\/v2\/product"}],"about":[{"href":"https:\/\/tendosolingen.de\/pl\/wp-json\/wp\/v2\/types\/product"}],"replies":[{"embeddable":true,"href":"https:\/\/tendosolingen.de\/pl\/wp-json\/wp\/v2\/comments?post=2414"}],"wp:featuredmedia":[{"embeddable":true,"href":"https:\/\/tendosolingen.de\/pl\/wp-json\/wp\/v2\/media\/1030"}],"wp:attachment":[{"href":"https:\/\/tendosolingen.de\/pl\/wp-json\/wp\/v2\/media?parent=2414"}],"wp:term":[{"taxonomy":"product_brand","embeddable":true,"href":"https:\/\/tendosolingen.de\/pl\/wp-json\/wp\/v2\/product_brand?post=2414"},{"taxonomy":"product_cat","embeddable":true,"href":"https:\/\/tendosolingen.de\/pl\/wp-json\/wp\/v2\/product_cat?post=2414"},{"taxonomy":"product_tag","embeddable":true,"href":"https:\/\/tendosolingen.de\/pl\/wp-json\/wp\/v2\/product_tag?post=2414"}],"curies":[{"name":"wp","href":"https:\/\/api.w.org\/{rel}","templated":true}]}}