{"id":2413,"date":"2024-04-09T22:38:23","date_gmt":"2024-04-09T20:38:23","guid":{"rendered":"https:\/\/tendosolingen.de\/product\/nozyczki-do-przycinania-brody-tendo-solingen-gold-black\/"},"modified":"2026-01-09T20:08:20","modified_gmt":"2026-01-09T19:08:20","slug":"nozyczki-do-przycinania-brody-tendo-solingen-gold-black","status":"publish","type":"product","link":"https:\/\/tendosolingen.de\/pl\/produkt\/nozyczki-do-przycinania-brody-tendo-solingen-gold-black\/","title":{"rendered":"No\u017cyczki do przycinania brody Tendo\u00ae Solingen Gold Black"},"content":{"rendered":"<p><span style=\"font-family: arial, helvetica, sans-serif; font-size: 10pt;\">Profesjonalne <strong>no\u017cyczki do brody i w\u0105s\u00f3w<\/strong> s\u0105 niezwykle precyzyjne i ostre. Wykonane z wysokiej jako\u015bci stali chirurgicznej, odpowiednio podane procesowi hartowania oraz pasywacji. <em>Nozyczki do brody<\/em> umo\u017cliwiaj\u0105 nadawanie brodzie oraz w\u0105som odpowiedniej formy. <span style=\"text-decoration: underline;\">No\u017cyczki do zarostu<\/span> maj\u0105 niewielki rozmiar oraz odpowiedni kszta\u0142t dopasowany do d\u0142oni. No\u017cyczki do twardego zarostuTendo\u00ae Solingen pozwol\u0105 nada\u0107 twojej brodzie i w\u0105som idealny kszta\u0142t i bez trudu utrzymywa\u0107 go poprzez odpowiednie i regularne przycinanie.<\/span><\/p>\n<p>&nbsp;<\/p>\n<h2><span style=\"font-family: arial, helvetica, sans-serif; font-size: 10pt;\">No\u017cyczki do w\u0105s\u00f3w i brody \u2013 parametry techniczne<\/span><\/h2>\n<p>&nbsp;<\/p>\n<ul>\n<li style=\"list-style-type: none;\">\n<ul>\n<li><span style=\"font-family: arial, helvetica, sans-serif; font-size: 10pt;\">d\u0142ugo\u015b\u0107 ca\u0142kowita 10,5 cm<\/span><\/li>\n<\/ul>\n<\/li>\n<\/ul>\n<p>&nbsp;<\/p>\n<ul>\n<li style=\"list-style-type: none;\">\n<ul>\n<li><span style=\"font-family: arial, helvetica, sans-serif; font-size: 10pt;\">design by Germany<\/span><\/li>\n<\/ul>\n<\/li>\n<\/ul>\n<p>&nbsp;<\/p>\n<ul>\n<li style=\"list-style-type: none;\">\n<ul>\n<li><span style=\"font-family: arial, helvetica, sans-serif; font-size: 10pt;\">antyalergiczne<\/span><\/li>\n<\/ul>\n<\/li>\n<\/ul>\n<p>&nbsp;<\/p>\n<ul>\n<li style=\"list-style-type: none;\">\n<ul>\n<li><span style=\"font-family: arial, helvetica, sans-serif; font-size: 10pt;\">niemiecka stal chirurgiczna<\/span><\/li>\n<\/ul>\n<\/li>\n<\/ul>\n<p>&nbsp;<\/p>\n<ul>\n<li style=\"list-style-type: none;\">\n<ul>\n<li><span style=\"font-family: arial, helvetica, sans-serif; font-size: 10pt;\">odpowiednia konstrukcja<\/span><\/li>\n<\/ul>\n<\/li>\n<\/ul>\n<p>&nbsp;<\/p>\n<ul>\n<li style=\"list-style-type: none;\">\n<ul>\n<li><span style=\"font-family: arial, helvetica, sans-serif; font-size: 10pt;\">matowe<\/span><\/li>\n<\/ul>\n<\/li>\n<\/ul>\n<p>&nbsp;<\/p>\n<ul>\n<li style=\"list-style-type: none;\">\n<ul>\n<li><span style=\"font-family: arial, helvetica, sans-serif; font-size: 10pt;\">r\u0119cznie obrabiane i ostrzone<\/span><\/li>\n<\/ul>\n<\/li>\n<\/ul>\n<p>&nbsp;<\/p>\n<ul>\n<li style=\"list-style-type: none;\">\n<ul>\n<li><span style=\"font-family: arial, helvetica, sans-serif; font-size: 10pt;\">poddana procesowi pasywacji<\/span><\/li>\n<\/ul>\n<\/li>\n<\/ul>\n<p>&nbsp;<\/p>\n<ul>\n<li style=\"list-style-type: none;\">\n<ul>\n<li><span style=\"font-family: arial, helvetica, sans-serif; font-size: 10pt;\">wielorazowe<\/span><\/li>\n<\/ul>\n<\/li>\n<\/ul>\n<p>&nbsp;<\/p>\n<p>&nbsp;<\/p>\n<h2><span style=\"font-family: arial, helvetica, sans-serif; font-size: 10pt;\">\u00a0Zalety no\u017cyczek fryzjerskich do brody<\/span><\/h2>\n<p>&nbsp;<\/p>\n<ul>\n<li style=\"list-style-type: none;\">\n<ul>\n<li><span style=\"font-family: arial, helvetica, sans-serif; font-size: 10pt;\">wywa\u017cenie oraz odpowiednia konstrukcja sprawi, i\u017c nawet pocz\u0105tkuj\u0105cy u\u017cytkownik b\u0119dzie bardzo zadowolony<\/span><\/li>\n<\/ul>\n<\/li>\n<\/ul>\n<p>&nbsp;<\/p>\n<ul>\n<li style=\"list-style-type: none;\">\n<ul>\n<li><span style=\"font-family: arial, helvetica, sans-serif; font-size: 10pt;\">zaokr\u0105glone ko\u0144c\u00f3wki chroni\u0105 sk\u00f3r\u0119 przed uk\u0142uciami<\/span><\/li>\n<\/ul>\n<\/li>\n<\/ul>\n<p>&nbsp;<\/p>\n<ul>\n<li style=\"list-style-type: none;\">\n<ul>\n<li><span style=\"font-family: arial, helvetica, sans-serif; font-size: 10pt;\">niezwykle lekkie<\/span><\/li>\n<\/ul>\n<\/li>\n<\/ul>\n<p>&nbsp;<\/p>\n<ul>\n<li style=\"list-style-type: none;\">\n<ul>\n<li><span style=\"font-family: arial, helvetica, sans-serif; font-size: 10pt;\">odpowiednio dopasowane uchwyty zapewniaj\u0105 stabilny chwyt oraz precyzj\u0119 podczas u\u017cytkowaia\u00a0<\/span><\/li>\n<\/ul>\n<\/li>\n<\/ul>\n<p>&nbsp;<\/p>\n<ul>\n<li style=\"list-style-type: none;\">\n<ul>\n<li><span style=\"font-family: arial, helvetica, sans-serif; font-size: 10pt;\">wysokiej jako\u015bci stal wp\u0142ywa na \u017cywotno\u015b\u0107 narz\u0119dzia<\/span><\/li>\n<\/ul>\n<\/li>\n<\/ul>\n<p>&nbsp;<\/p>\n<ul>\n<li style=\"list-style-type: none;\">\n<ul>\n<li><span style=\"font-family: arial, helvetica, sans-serif; font-size: 10pt;\">polerowanie oraz ostrzenie s\u0105 za pomoc\u0105 specjalistycznych narz\u0119dzi<\/span><\/li>\n<\/ul>\n<\/li>\n<\/ul>\n<p>&nbsp;<\/p>\n<ul>\n<li style=\"list-style-type: none;\">\n<ul>\n<li><span style=\"font-family: arial, helvetica, sans-serif; font-size: 10pt;\">3 letnia gwarancja producenta<\/span><\/li>\n<\/ul>\n<\/li>\n<\/ul>\n<p>&nbsp;<\/p>\n<p>&nbsp;<\/p>\n<p><span style=\"font-family: arial, helvetica, sans-serif; font-size: 10pt;\">Ka\u017cde no\u017cyczki do w\u0105s\u00f3w i brody z\u0142o\u017cone s\u0105 z dw\u00f3ch cz\u0119\u015bci: uchwytu oraz ostrza. Te robione r\u0119cznie, w pierwszej fazie s\u0105 od siebie oddzielone. Przy pomocy specjalnych szilifierek obrabia si\u0119 i odpowiednio formuje ka\u017cd\u0105 z cz\u0119\u015bci. To, jak precyzyjn\u0105 obr\u00f3bk\u0119 mo\u017cna przeprowadzi\u0107, zale\u017cy od jako\u015bci stali. Im wy\u017csza jako\u015b\u0107, tym wi\u0119ksza wytrzyma\u0142o\u015b\u0107. S\u0142abej jako\u015bci stal nie wytrzyma na przyk\u0142ad ci\u0119cia ostrza pod niewielkim k\u0105tem, a specjalistyczne no\u017cyczki tego wymagaj\u0105. Narz\u0119dzia s\u0105 fabrycznie nowe oraz dok\u0142adnie sprawdzane i kontrolowane na wszystkich etapach produkcji, w celu zapewnienia ich zgodno\u015bci z mi\u0119dzynarodowymi standardami okre\u015blonymi ISO 9001:2008 oraz certyfikatem CE.<\/span><\/p>\n","protected":false},"excerpt":{"rendered":"<p><span style=\"font-family: arial, helvetica, sans-serif; font-size: 10pt;\">Profesjonalne <strong>no\u017cyczki do brody i w\u0105s\u00f3w<\/strong> s\u0105 niezwykle precyzyjne i ostre. Wykonane z wysokiej jako\u015bci stali chirurgicznej, odpowiednio podane procesowi hartowania oraz pasywacji. <em>Nozyczki do brody<\/em> umo\u017cliwiaj\u0105 nadawanie brodzie oraz w\u0105som odpowiedniej formy. <span style=\"text-decoration: underline;\">No\u017cyczki do zarostu<\/span> maj\u0105 niewielki rozmiar oraz odpowiedni kszta\u0142t dopasowany do d\u0142oni. No\u017cyczki do twardego zarostuTendo\u00ae Solingen pozwol\u0105 nada\u0107 twojej brodzie i w\u0105som idealny kszta\u0142t i bez trudu utrzymywa\u0107 go poprzez odpowiednie i regularne przycinanie.<\/span><\/p>\n","protected":false},"featured_media":1026,"comment_status":"closed","ping_status":"closed","template":"","meta":[],"product_brand":[],"product_cat":[48],"product_tag":[],"class_list":{"0":"post-2413","1":"product","2":"type-product","3":"status-publish","4":"has-post-thumbnail","6":"product_cat-nozyczki-do-skorek-i-paznokci-pl","8":"first","9":"instock","10":"product-type-simple"},"_links":{"self":[{"href":"https:\/\/tendosolingen.de\/pl\/wp-json\/wp\/v2\/product\/2413","targetHints":{"allow":["GET"]}}],"collection":[{"href":"https:\/\/tendosolingen.de\/pl\/wp-json\/wp\/v2\/product"}],"about":[{"href":"https:\/\/tendosolingen.de\/pl\/wp-json\/wp\/v2\/types\/product"}],"replies":[{"embeddable":true,"href":"https:\/\/tendosolingen.de\/pl\/wp-json\/wp\/v2\/comments?post=2413"}],"wp:featuredmedia":[{"embeddable":true,"href":"https:\/\/tendosolingen.de\/pl\/wp-json\/wp\/v2\/media\/1026"}],"wp:attachment":[{"href":"https:\/\/tendosolingen.de\/pl\/wp-json\/wp\/v2\/media?parent=2413"}],"wp:term":[{"taxonomy":"product_brand","embeddable":true,"href":"https:\/\/tendosolingen.de\/pl\/wp-json\/wp\/v2\/product_brand?post=2413"},{"taxonomy":"product_cat","embeddable":true,"href":"https:\/\/tendosolingen.de\/pl\/wp-json\/wp\/v2\/product_cat?post=2413"},{"taxonomy":"product_tag","embeddable":true,"href":"https:\/\/tendosolingen.de\/pl\/wp-json\/wp\/v2\/product_tag?post=2413"}],"curies":[{"name":"wp","href":"https:\/\/api.w.org\/{rel}","templated":true}]}}