{"id":2412,"date":"2024-04-09T22:38:23","date_gmt":"2024-04-09T20:38:23","guid":{"rendered":"https:\/\/tendosolingen.de\/product\/peseta-z-ukosna-koncowka-tendo-solingen-tc-gold\/"},"modified":"2025-11-06T15:40:12","modified_gmt":"2025-11-06T14:40:12","slug":"peseta-z-ukosna-koncowka-tendo-solingen-tc-gold","status":"publish","type":"product","link":"https:\/\/tendosolingen.de\/pl\/produkt\/peseta-z-ukosna-koncowka-tendo-solingen-tc-gold\/","title":{"rendered":"P\u0119seta z uko\u015bn\u0105 ko\u0144c\u00f3wk\u0105 Tendo\u00ae Solingen TC Gold"},"content":{"rendered":"<p><span style=\"font-family:arial, helvetica, sans-serif;font-size:10pt;\">Profesjonalna p\u0119seta kosmetyczna sko\u015bna Tendo\u00ae Solingen typu Slant Tweezer pozwala na uchwycenie najmniejszych, niepo\u017c\u0105danych w\u0142osk\u00f3w. Wykonana ze stali chirurgicznej oraz poddana procesowi pasywacji dzi\u0119ki czemu\u00a0jest odporna na dzia\u0142anie wody, tlenu, zasad, kwas\u00f3w. P\u0119seta sko\u015bna do brwi jest por\u0119czna dzi\u0119ki czemu idealnie nadaje si\u0119 do salon\u00f3w kosmetycznych jak i do u\u017cytku domowego.<\/span><\/p>\n<p><\/br><\/p>\n<h2><span style=\"font-family:arial, helvetica, sans-serif;font-size:10pt;\">P\u0119seta sko\u015bna \u00a0\u2013 parametry<\/span><\/h2>\n<p><\/br><\/p>\n<ul><\/br><\/p>\n<li><span style=\"font-family:arial, helvetica, sans-serif;font-size:10pt;\">d\u0142ugo\u015b\u0107: 9,5 cm<\/span><\/li>\n<p><\/br><\/p>\n<li><span style=\"font-family:arial, helvetica, sans-serif;font-size:10pt;\">szeroko\u015b\u0107 ko\u0144c\u00f3wek: 3 mm<\/span><\/li>\n<p><\/br><\/p>\n<li><span style=\"font-family:arial, helvetica, sans-serif;font-size:10pt;\">przylegaj\u0105ce precyzyjne sko\u015bne ko\u0144c\u00f3wki<\/span><\/li>\n<p><\/br><\/p>\n<li><span style=\"font-family:arial, helvetica, sans-serif;font-size:10pt;\">antyrefleksyjna, matowa stal<\/span><\/li>\n<p><\/br><\/p>\n<li><span style=\"font-family:arial, helvetica, sans-serif;font-size:10pt;\">niemiecka stal chirurgiczna<\/span><\/li>\n<p><\/br><\/p>\n<li><span style=\"font-family:arial, helvetica, sans-serif;font-size:10pt;\">poddana procesowi pasywacji<\/span><\/li>\n<p><\/br><\/p>\n<li><span style=\"font-family:arial, helvetica, sans-serif;font-size:10pt;\">wielokrotnego u\u017cytku<\/span><\/li>\n<p><\/br><\/ul>\n<p><\/br><\/p>\n<h2><span style=\"font-family:arial, helvetica, sans-serif;font-size:10pt;\"><em>P\u0119sety o sko\u015bnej ko\u0144c\u00f3wce <\/em>Tendo\u00ae Solingen<\/span><\/h2>\n<p><\/br><\/p>\n<ul><\/br><\/p>\n<li><span style=\"font-family:arial, helvetica, sans-serif;font-size:10pt;\">designed in Germany<\/span><\/li>\n<p><\/br><\/p>\n<li><span style=\"font-family:arial, helvetica, sans-serif;font-size:10pt;\">odpowiedni profil u\u0142atwia wyrywanie nawet najmniejszych brwi lub w\u0142osk\u00f3w<\/span><\/li>\n<p><\/br><\/p>\n<li><span style=\"font-family:arial, helvetica, sans-serif;font-size:10pt;\">sko\u015bne ko\u0144c\u00f3wki maj\u0105 du\u017c\u0105 powierzchni\u0119 co pozwala na uchwycenie najkr\u00f3tszych i najcie\u0144szych w\u0142osk\u00f3w, brwi<\/span><\/li>\n<p><\/br><\/p>\n<li><span style=\"font-family:arial, helvetica, sans-serif;font-size:10pt;\">wysoka jako\u015b\u0107 stali zapewnia d\u0142ug\u0105 \u017cywotno\u015b\u0107<\/span><\/li>\n<p><\/br><\/p>\n<li><span style=\"font-family:arial, helvetica, sans-serif;font-size:10pt;\">mo\u017cliwo\u015b\u0107 sterylizacji w autoklawie<\/span><\/li>\n<p><\/br><\/p>\n<li><span style=\"font-family:arial, helvetica, sans-serif;font-size:10pt;\">trzyletnia gwarancja producenta<\/span><\/li>\n<p><\/br><\/ul>\n<p><\/br><\/p>\n<p><span style=\"font-family:arial, helvetica, sans-serif;font-size:10pt;\">Profesjonalne przyrz\u0105dy kosmetyczne wykorzystywane w zabiegach medycyny estetycznej (c\u0105\u017cki do sk\u00f3rek, kopytka, rade\u0142ka do sk\u00f3rek, p\u0119sety kosmetyczne, d\u0142utka, pensety chirurgiczne) dost\u0119pne na platformie Instrumedic.pl wykonane s\u0105 z stali chirurgicznej. Narz\u0119dzia s\u0105 fabrycznie nowe oraz dok\u0142adnie sprawdzane i kontrolowane na wszystkich etapach produkcji, w celu zapewnienia ich zgodno\u015bci z mi\u0119dzynarodowymi standardami okre\u015blonymi ISO 9001:2008 oraz certyfikatem CE.<\/span><\/p>\n","protected":false},"excerpt":{"rendered":"<p><span style=\"font-family:arial, helvetica, sans-serif;font-size:10pt;\">Profesjonalna p\u0119seta kosmetyczna sko\u015bna Tendo\u00ae Solingen typu Slant Tweezer pozwala na uchwycenie najmniejszych, niepo\u017c\u0105danych w\u0142osk\u00f3w. Wykonana ze stali chirurgicznej oraz poddana procesowi pasywacji dzi\u0119ki czemu\u00a0jest odporna na dzia\u0142anie wody, tlenu, zasad, kwas\u00f3w. P\u0119seta sko\u015bna do brwi jest por\u0119czna dzi\u0119ki czemu idealnie nadaje si\u0119 do salon\u00f3w kosmetycznych jak i do u\u017cytku domowego.<\/span><\/p>\n<p><\/br><\/p>\n<h2><span style=\"font-family:arial, helvetica, sans-serif;font-size:10pt;\">P\u0119seta sko\u015bna \u00a0\u2013 parametry<\/span><\/h2>\n<p><\/br><\/p>\n<ul><\/br><\/p>\n<li><span style=\"font-family:arial, helvetica, sans-serif;font-size:10pt;\">d\u0142ugo\u015b\u0107: 9,5 cm<\/span><\/li>\n<p><\/br><\/p>\n<li><span style=\"font-family:arial, helvetica, sans-serif;font-size:10pt;\">szeroko\u015b\u0107 ko\u0144c\u00f3wek: 3 mm<\/span><\/li>\n<p><\/br><\/p>\n<li><span style=\"font-family:arial, helvetica, sans-serif;font-size:10pt;\">przylegaj\u0105ce precyzyjne sko\u015bne ko\u0144c\u00f3wki<\/span><\/li>\n<p><\/br><\/p>\n<li><span style=\"font-family:arial, helvetica, sans-serif;font-size:10pt;\">antyrefleksyjna, matowa stal<\/span><\/li>\n<p><\/br><\/p>\n<li><span style=\"font-family:arial, helvetica, sans-serif;font-size:10pt;\">niemiecka stal chirurgiczna<\/span><\/li>\n<p><\/br><\/p>\n<li><span style=\"font-family:arial, helvetica, sans-serif;font-size:10pt;\">poddana procesowi pasywacji<\/span><\/li>\n<p><\/br><\/p>\n<li><span style=\"font-family:arial, helvetica, sans-serif;font-size:10pt;\">wielokrotnego u\u017cytku<\/span><\/li>\n<p><\/br><\/ul>\n<p><\/br><\/p>\n<h2><span style=\"font-family:arial, helvetica, sans-serif;font-size:10pt;\"><em>P\u0119sety o sko\u015bnej ko\u0144c\u00f3wce <\/em>Tendo\u00ae Solingen<\/span><\/h2>\n<p><\/br><\/p>\n<ul><\/br><\/p>\n<li><span style=\"font-family:arial, helvetica, sans-serif;font-size:10pt;\">designed in Germany<\/span><\/li>\n<p><\/br><\/p>\n<li><span style=\"font-family:arial, helvetica, sans-serif;font-size:10pt;\">odpowiedni profil u\u0142atwia wyrywanie nawet najmniejszych brwi lub w\u0142osk\u00f3w<\/span><\/li>\n<p><\/br><\/p>\n<li><span style=\"font-family:arial, helvetica, sans-serif;font-size:10pt;\">sko\u015bne ko\u0144c\u00f3wki maj\u0105 du\u017c\u0105 powierzchni\u0119 co pozwala na uchwycenie najkr\u00f3tszych i najcie\u0144szych w\u0142osk\u00f3w, brwi<\/span><\/li>\n<p><\/br><\/p>\n<li><span style=\"font-family:arial, helvetica, sans-serif;font-size:10pt;\">wysoka jako\u015b\u0107 stali zapewnia d\u0142ug\u0105 \u017cywotno\u015b\u0107<\/span><\/li>\n<p><\/br><\/p>\n<li><span style=\"font-family:arial, helvetica, sans-serif;font-size:10pt;\">mo\u017cliwo\u015b\u0107 sterylizacji w autoklawie<\/span><\/li>\n<p><\/br><\/p>\n<li><span style=\"font-family:arial, helvetica, sans-serif;font-size:10pt;\">trzyletnia gwarancja producenta<\/span><\/li>\n<p><\/br><\/ul>\n<p><\/br><\/p>\n<p><span style=\"font-family:arial, helvetica, sans-serif;font-size:10pt;\">Profesjonalne przyrz\u0105dy kosmetyczne wykorzystywane w zabiegach medycyny estetycznej (c\u0105\u017cki do sk\u00f3rek, kopytka, rade\u0142ka do sk\u00f3rek, p\u0119sety kosmetyczne, d\u0142utka, pensety chirurgiczne) dost\u0119pne na platformie Instrumedic.pl wykonane s\u0105 z stali chirurgicznej. Narz\u0119dzia s\u0105 fabrycznie nowe oraz dok\u0142adnie sprawdzane i kontrolowane na wszystkich etapach produkcji, w celu zapewnienia ich zgodno\u015bci z mi\u0119dzynarodowymi standardami okre\u015blonymi ISO 9001:2008 oraz certyfikatem CE.<\/span><\/p>\n","protected":false},"featured_media":1022,"comment_status":"closed","ping_status":"open","template":"","meta":[],"product_brand":[],"product_cat":[51],"product_tag":[],"class_list":{"0":"post-2412","1":"product","2":"type-product","3":"status-publish","4":"has-post-thumbnail","6":"product_cat-pesety-i-szczypce","8":"first","9":"instock","10":"product-type-simple"},"_links":{"self":[{"href":"https:\/\/tendosolingen.de\/pl\/wp-json\/wp\/v2\/product\/2412","targetHints":{"allow":["GET"]}}],"collection":[{"href":"https:\/\/tendosolingen.de\/pl\/wp-json\/wp\/v2\/product"}],"about":[{"href":"https:\/\/tendosolingen.de\/pl\/wp-json\/wp\/v2\/types\/product"}],"replies":[{"embeddable":true,"href":"https:\/\/tendosolingen.de\/pl\/wp-json\/wp\/v2\/comments?post=2412"}],"wp:featuredmedia":[{"embeddable":true,"href":"https:\/\/tendosolingen.de\/pl\/wp-json\/wp\/v2\/media\/1022"}],"wp:attachment":[{"href":"https:\/\/tendosolingen.de\/pl\/wp-json\/wp\/v2\/media?parent=2412"}],"wp:term":[{"taxonomy":"product_brand","embeddable":true,"href":"https:\/\/tendosolingen.de\/pl\/wp-json\/wp\/v2\/product_brand?post=2412"},{"taxonomy":"product_cat","embeddable":true,"href":"https:\/\/tendosolingen.de\/pl\/wp-json\/wp\/v2\/product_cat?post=2412"},{"taxonomy":"product_tag","embeddable":true,"href":"https:\/\/tendosolingen.de\/pl\/wp-json\/wp\/v2\/product_tag?post=2412"}],"curies":[{"name":"wp","href":"https:\/\/api.w.org\/{rel}","templated":true}]}}