{"id":2411,"date":"2024-04-09T22:38:20","date_gmt":"2024-04-09T20:38:20","guid":{"rendered":"https:\/\/tendosolingen.de\/product\/nozyczki-medyczne-do-nosa-i-uszu-105-cm-rodzaj-produktu-premium-hq\/"},"modified":"2025-11-06T15:40:12","modified_gmt":"2025-11-06T14:40:12","slug":"nozyczki-medyczne-do-nosa-i-uszu-105-cm-rodzaj-produktu-premium-hq","status":"publish","type":"product","link":"https:\/\/tendosolingen.de\/pl\/produkt\/nozyczki-medyczne-do-nosa-i-uszu-105-cm-rodzaj-produktu-premium-hq\/","title":{"rendered":"No\u017cyczki medyczne do nosa i uszu 10,5 cm Rodzaj produktu: Premium (HQ)"},"content":{"rendered":"<p><span style=\"font-family:arial, helvetica, sans-serif;font-size:10pt;\">Medyczne <strong>no\u017cyczki<\/strong> przeznaczone <em>do\u00a0usuwania w\u0142os\u00f3w<\/em> w delikatnych miejscach jak nos czy uszy. Zaokr\u0105glona ko\u0144c\u00f3wka zapobiega uszkodzeniom tkanki. Du\u017ce uszy oraz odpowiednie wyprofilowanie no\u017cyczek umo\u017cliwia prac\u0119 pod r\u00f3\u017cnymi k\u0105tami. Instrument wyprodukowany z wysokiej jako\u015bci stali nierdzewnej, mo\u017ce by\u0107 poddawany procesowi sterylizacji.<\/span><\/p>\n<p><\/br><\/p>\n<h1><span style=\"font-family:arial, helvetica, sans-serif;font-size:10pt;\">Parametry no\u017cyczek do nosa i uszu<\/span><\/h1>\n<p><\/br><\/p>\n<ul><\/br><\/p>\n<li><span style=\"font-family:arial, helvetica, sans-serif;font-size:10pt;\">Wersja Standard i Premium (Tendo Solingen)<\/span><\/li>\n<p><\/br><\/p>\n<li><span style=\"font-family:arial, helvetica, sans-serif;font-size:10pt;\">Typ: <span style=\"text-decoration:underline;\">do wycinania w\u0142os\u00f3w w nosie<\/span> i uszach<\/span><\/li>\n<p><\/br><\/p>\n<li><span style=\"font-family:arial, helvetica, sans-serif;font-size:10pt;\">Ko\u0144c\u00f3wka: t\u0119po-t\u0119pa, zaokr\u0105glona<\/span><\/li>\n<p><\/br><\/p>\n<li><span style=\"font-family:arial, helvetica, sans-serif;font-size:10pt;\">D\u0142ugo\u015b\u0107: 10,5 cm<\/span><\/li>\n<p><\/br><\/p>\n<li><span style=\"font-family:arial, helvetica, sans-serif;font-size:10pt;\">Produkt wielokrotnego u\u017cytku<\/span><\/li>\n<p><\/br><\/p>\n<li><span style=\"font-family:arial, helvetica, sans-serif;font-size:10pt;\">Produkt niesterylny<\/span><\/li>\n<p><\/br><\/p>\n<li><span style=\"font-family:arial, helvetica, sans-serif;font-size:10pt;\">Certyfikowane<\/span><\/li>\n<p><\/br><\/ul>\n<p><\/br><\/p>\n<h2><span style=\"font-family:arial, helvetica, sans-serif;font-size:10pt;\">Zalety wykorzystania no\u017cyczek do w\u0142os\u00f3w z nosa i uszu<\/span><\/h2>\n<p><\/br><\/p>\n<ul><\/br><\/p>\n<li><span style=\"font-family:arial, helvetica, sans-serif;font-size:10pt;\">Dedykowane do wycinania w\u0142osk\u00f3w\u00a0w nosie i uszach (specjalny kszta\u0142t)<\/span><\/li>\n<p><\/br><\/p>\n<li><span style=\"font-family:arial, helvetica, sans-serif;font-size:10pt;\">Wysokiej jako\u015bci stal nierdzewna zapewnia w\u0142a\u015bciwo\u015bci antykorozyjne<\/span><\/li>\n<p><\/br><\/p>\n<li><span style=\"font-family:arial, helvetica, sans-serif;font-size:10pt;\">Stal pozwala na sterylizacj\u0119 no\u017cyczek wed\u0142ug zalece\u0144 producenta<\/span><\/li>\n<p><\/br><\/p>\n<li><span style=\"font-family:arial, helvetica, sans-serif;font-size:10pt;\">Zaokr\u0105glona ko\u0144c\u00f3wka zabezpiecza wra\u017cliwe tkanki przed ich uszkodzeniem<\/span><\/li>\n<p><\/br><\/p>\n<li><span style=\"font-family:arial, helvetica, sans-serif;font-size:10pt;\">Du\u017ce oka\u00a0i odpowiednie wyprofilowanie gwarantuje swobod\u0119 w u\u017cytkowaniu nawet pod r\u00f3\u017cnymi k\u0105tami<\/span><\/li>\n<p><\/br><\/ul>\n","protected":false},"excerpt":{"rendered":"<p><span style=\"font-family:arial, helvetica, sans-serif;font-size:10pt;\">Medyczne <strong>no\u017cyczki<\/strong> przeznaczone <em>do\u00a0usuwania w\u0142os\u00f3w<\/em> w delikatnych miejscach jak nos czy uszy. Zaokr\u0105glona ko\u0144c\u00f3wka zapobiega uszkodzeniom tkanki. Du\u017ce uszy oraz odpowiednie wyprofilowanie no\u017cyczek umo\u017cliwia prac\u0119 pod r\u00f3\u017cnymi k\u0105tami. Instrument wyprodukowany z wysokiej jako\u015bci stali nierdzewnej, mo\u017ce by\u0107 poddawany procesowi sterylizacji.<\/span><\/p>\n<p><\/br><\/p>\n<h1><span style=\"font-family:arial, helvetica, sans-serif;font-size:10pt;\">Parametry no\u017cyczek do nosa i uszu<\/span><\/h1>\n<p><\/br><\/p>\n<ul><\/br><\/p>\n<li><span style=\"font-family:arial, helvetica, sans-serif;font-size:10pt;\">Wersja Standard i Premium (Tendo Solingen)<\/span><\/li>\n<p><\/br><\/p>\n<li><span style=\"font-family:arial, helvetica, sans-serif;font-size:10pt;\">Typ: <span style=\"text-decoration:underline;\">do wycinania w\u0142os\u00f3w w nosie<\/span> i uszach<\/span><\/li>\n<p><\/br><\/p>\n<li><span style=\"font-family:arial, helvetica, sans-serif;font-size:10pt;\">Ko\u0144c\u00f3wka: t\u0119po-t\u0119pa, zaokr\u0105glona<\/span><\/li>\n<p><\/br><\/p>\n<li><span style=\"font-family:arial, helvetica, sans-serif;font-size:10pt;\">D\u0142ugo\u015b\u0107: 10,5 cm<\/span><\/li>\n<p><\/br><\/p>\n<li><span style=\"font-family:arial, helvetica, sans-serif;font-size:10pt;\">Produkt wielokrotnego u\u017cytku<\/span><\/li>\n<p><\/br><\/p>\n<li><span style=\"font-family:arial, helvetica, sans-serif;font-size:10pt;\">Produkt niesterylny<\/span><\/li>\n<p><\/br><\/p>\n<li><span style=\"font-family:arial, helvetica, sans-serif;font-size:10pt;\">Certyfikowane<\/span><\/li>\n<p><\/br><\/ul>\n<p><\/br><\/p>\n<h2><span style=\"font-family:arial, helvetica, sans-serif;font-size:10pt;\">Zalety wykorzystania no\u017cyczek do w\u0142os\u00f3w z nosa i uszu<\/span><\/h2>\n<p><\/br><\/p>\n<ul><\/br><\/p>\n<li><span style=\"font-family:arial, helvetica, sans-serif;font-size:10pt;\">Dedykowane do wycinania w\u0142osk\u00f3w\u00a0w nosie i uszach (specjalny kszta\u0142t)<\/span><\/li>\n<p><\/br><\/p>\n<li><span style=\"font-family:arial, helvetica, sans-serif;font-size:10pt;\">Wysokiej jako\u015bci stal nierdzewna zapewnia w\u0142a\u015bciwo\u015bci antykorozyjne<\/span><\/li>\n<p><\/br><\/p>\n<li><span style=\"font-family:arial, helvetica, sans-serif;font-size:10pt;\">Stal pozwala na sterylizacj\u0119 no\u017cyczek wed\u0142ug zalece\u0144 producenta<\/span><\/li>\n<p><\/br><\/p>\n<li><span style=\"font-family:arial, helvetica, sans-serif;font-size:10pt;\">Zaokr\u0105glona ko\u0144c\u00f3wka zabezpiecza wra\u017cliwe tkanki przed ich uszkodzeniem<\/span><\/li>\n<p><\/br><\/p>\n<li><span style=\"font-family:arial, helvetica, sans-serif;font-size:10pt;\">Du\u017ce oka\u00a0i odpowiednie wyprofilowanie gwarantuje swobod\u0119 w u\u017cytkowaniu nawet pod r\u00f3\u017cnymi k\u0105tami<\/span><\/li>\n<p><\/br><\/ul>\n","protected":false},"featured_media":1018,"comment_status":"closed","ping_status":"open","template":"","meta":[],"product_brand":[],"product_cat":[48],"product_tag":[],"class_list":{"0":"post-2411","1":"product","2":"type-product","3":"status-publish","4":"has-post-thumbnail","6":"product_cat-nozyczki-do-skorek-i-paznokci-pl","8":"first","9":"instock","10":"product-type-simple"},"_links":{"self":[{"href":"https:\/\/tendosolingen.de\/pl\/wp-json\/wp\/v2\/product\/2411","targetHints":{"allow":["GET"]}}],"collection":[{"href":"https:\/\/tendosolingen.de\/pl\/wp-json\/wp\/v2\/product"}],"about":[{"href":"https:\/\/tendosolingen.de\/pl\/wp-json\/wp\/v2\/types\/product"}],"replies":[{"embeddable":true,"href":"https:\/\/tendosolingen.de\/pl\/wp-json\/wp\/v2\/comments?post=2411"}],"wp:featuredmedia":[{"embeddable":true,"href":"https:\/\/tendosolingen.de\/pl\/wp-json\/wp\/v2\/media\/1018"}],"wp:attachment":[{"href":"https:\/\/tendosolingen.de\/pl\/wp-json\/wp\/v2\/media?parent=2411"}],"wp:term":[{"taxonomy":"product_brand","embeddable":true,"href":"https:\/\/tendosolingen.de\/pl\/wp-json\/wp\/v2\/product_brand?post=2411"},{"taxonomy":"product_cat","embeddable":true,"href":"https:\/\/tendosolingen.de\/pl\/wp-json\/wp\/v2\/product_cat?post=2411"},{"taxonomy":"product_tag","embeddable":true,"href":"https:\/\/tendosolingen.de\/pl\/wp-json\/wp\/v2\/product_tag?post=2411"}],"curies":[{"name":"wp","href":"https:\/\/api.w.org\/{rel}","templated":true}]}}