{"id":2410,"date":"2024-04-09T22:38:20","date_gmt":"2024-04-09T20:38:20","guid":{"rendered":"https:\/\/tendosolingen.de\/product\/nozyczki-do-skorek-paznokci-solingen-typu-cazki-4-mm\/"},"modified":"2025-11-06T15:40:12","modified_gmt":"2025-11-06T14:40:12","slug":"nozyczki-do-skorek-paznokci-solingen-typu-cazki-4-mm","status":"publish","type":"product","link":"https:\/\/tendosolingen.de\/pl\/produkt\/nozyczki-do-skorek-paznokci-solingen-typu-cazki-4-mm\/","title":{"rendered":"No\u017cyczki do sk\u00f3rek paznokci Solingen typu c\u0105\u017cki 4 mm"},"content":{"rendered":"<p>Profesjonalne <em>no\u017cyczki do sk\u00f3rek<\/em> <span style=\"text-decoration:underline;\">ze stali chirurgicznej<\/span>\u00a0marki <strong>Tendo Solingen<\/strong>\u00a0do obcinania, wycinania i usuwania sk\u00f3rek paznokci. Narz\u0119dzie dedykowane do profesjonalnego i domowego u\u017cytku wykonane z bardzo dobrej stali nierdzewnej o obni\u017conej zawarto\u015bci niklu i innych substancji mog\u0105cych powodowa\u0107 alergi\u0119 u u\u017cytkownik\u00f3w.\u00a0<\/p>\n<p><\/br><\/p>\n<p>Narz\u0119dzie posiada certyfikaty CE, ISO i zosta\u0142o wyprodukowane przez producenta narz\u0119dzi medycznych tj. dentystyczne i chirurgiczne, gdzie najwa\u017cniejszymi parametrami s\u0105 precyzja i jako\u015b\u0107 wykonania.\u00a0<\/p>\n<p><\/br><\/p>\n<h1><span style=\"font-size:10pt;\">Specyfikacja no\u017cyczek do obcinania sk\u00f3rek\u00a0<\/span><\/h1>\n<p><\/br><\/p>\n<ul><\/br><\/p>\n<li>typ no\u017cyczki do sk\u00f3rek, c\u0105\u017cki\u00a0<\/li>\n<p><\/br><\/p>\n<li>d\u0142ugo\u015b\u0107 ca\u0142kowita narz\u0119dzia 10 cm\u00a0<\/li>\n<p><\/br><\/p>\n<li>d\u0142ugo\u015b\u0107 ostrza 4 mm (najbardziej uniwersalny rozmiar na rynku)\u00a0<\/li>\n<p><\/br><\/p>\n<li>\u015brednica oka w no\u017cyczkach 2 cm x 1,8 cm\u00a0<\/li>\n<p><\/br><\/p>\n<li>certyfikowane narz\u0119dzie z gwarancj\u0105 12 miesi\u0119cy\u00a0<\/li>\n<p><\/br><\/ul>\n<p><\/br><\/p>\n<h2><span style=\"font-size:10pt;\">Zalety korzystania z ostrych no\u017cyczek do wycinania sk\u00f3rek paznokci\u00a0<\/span><\/h2>\n<p><\/br><\/p>\n<ul><\/br><\/p>\n<li>nie posiadaj\u0105 prze\u015bwit\u00f3w\u00a0<\/li>\n<p><\/br><\/p>\n<li>s\u0105 ostre a ostrza dobrze si\u0119 schodz\u0105\u00a0<\/li>\n<p><\/br><\/p>\n<li>p\u0142ynnie pracuj\u0105 w r\u0119ce\u00a0<\/li>\n<p><\/br><\/p>\n<li>s\u0105 doskona\u0142\u0105 alternatyw\u0105 do klasycznych c\u0105\u017cek do sk\u00f3rek\u00a0<\/li>\n<p><\/br><\/ul>\n<p><\/br><\/p>\n<p>Produkt posiada gwarancj\u0119 producenta i certyfikaty medyczne. Przed pierwszym u\u017cyciem zalecamy dok\u0142adnie zdezynfekowa\u0107 narz\u0119dzie.\u00a0<\/p>\n","protected":false},"excerpt":{"rendered":"<p>Profesjonalne <em>no\u017cyczki do sk\u00f3rek<\/em> <span style=\"text-decoration:underline;\">ze stali chirurgicznej<\/span>\u00a0marki <strong>Tendo Solingen<\/strong>\u00a0do obcinania, wycinania i usuwania sk\u00f3rek paznokci. Narz\u0119dzie dedykowane do profesjonalnego i domowego u\u017cytku wykonane z bardzo dobrej stali nierdzewnej o obni\u017conej zawarto\u015bci niklu i innych substancji mog\u0105cych powodowa\u0107 alergi\u0119 u u\u017cytkownik\u00f3w.\u00a0<\/p>\n<p><\/br><\/p>\n<p>Narz\u0119dzie posiada certyfikaty CE, ISO i zosta\u0142o wyprodukowane przez producenta narz\u0119dzi medycznych tj. dentystyczne i chirurgiczne, gdzie najwa\u017cniejszymi parametrami s\u0105 precyzja i jako\u015b\u0107 wykonania.\u00a0<\/p>\n<p><\/br><\/p>\n<h1><span style=\"font-size:10pt;\">Specyfikacja no\u017cyczek do obcinania sk\u00f3rek\u00a0<\/span><\/h1>\n<p><\/br><\/p>\n<ul><\/br><\/p>\n<li>typ no\u017cyczki do sk\u00f3rek, c\u0105\u017cki\u00a0<\/li>\n<p><\/br><\/p>\n<li>d\u0142ugo\u015b\u0107 ca\u0142kowita narz\u0119dzia 10 cm\u00a0<\/li>\n<p><\/br><\/p>\n<li>d\u0142ugo\u015b\u0107 ostrza 4 mm (najbardziej uniwersalny rozmiar na rynku)\u00a0<\/li>\n<p><\/br><\/p>\n<li>\u015brednica oka w no\u017cyczkach 2 cm x 1,8 cm\u00a0<\/li>\n<p><\/br><\/p>\n<li>certyfikowane narz\u0119dzie z gwarancj\u0105 12 miesi\u0119cy\u00a0<\/li>\n<p><\/br><\/ul>\n<p><\/br><\/p>\n<h2><span style=\"font-size:10pt;\">Zalety korzystania z ostrych no\u017cyczek do wycinania sk\u00f3rek paznokci\u00a0<\/span><\/h2>\n<p><\/br><\/p>\n<ul><\/br><\/p>\n<li>nie posiadaj\u0105 prze\u015bwit\u00f3w\u00a0<\/li>\n<p><\/br><\/p>\n<li>s\u0105 ostre a ostrza dobrze si\u0119 schodz\u0105\u00a0<\/li>\n<p><\/br><\/p>\n<li>p\u0142ynnie pracuj\u0105 w r\u0119ce\u00a0<\/li>\n<p><\/br><\/p>\n<li>s\u0105 doskona\u0142\u0105 alternatyw\u0105 do klasycznych c\u0105\u017cek do sk\u00f3rek\u00a0<\/li>\n<p><\/br><\/ul>\n<p><\/br><\/p>\n<p>Produkt posiada gwarancj\u0119 producenta i certyfikaty medyczne. Przed pierwszym u\u017cyciem zalecamy dok\u0142adnie zdezynfekowa\u0107 narz\u0119dzie.\u00a0<\/p>\n","protected":false},"featured_media":1014,"comment_status":"closed","ping_status":"open","template":"","meta":[],"product_brand":[],"product_cat":[48],"product_tag":[],"class_list":{"0":"post-2410","1":"product","2":"type-product","3":"status-publish","4":"has-post-thumbnail","6":"product_cat-nozyczki-do-skorek-i-paznokci-pl","8":"first","9":"instock","10":"product-type-simple"},"_links":{"self":[{"href":"https:\/\/tendosolingen.de\/pl\/wp-json\/wp\/v2\/product\/2410","targetHints":{"allow":["GET"]}}],"collection":[{"href":"https:\/\/tendosolingen.de\/pl\/wp-json\/wp\/v2\/product"}],"about":[{"href":"https:\/\/tendosolingen.de\/pl\/wp-json\/wp\/v2\/types\/product"}],"replies":[{"embeddable":true,"href":"https:\/\/tendosolingen.de\/pl\/wp-json\/wp\/v2\/comments?post=2410"}],"wp:featuredmedia":[{"embeddable":true,"href":"https:\/\/tendosolingen.de\/pl\/wp-json\/wp\/v2\/media\/1014"}],"wp:attachment":[{"href":"https:\/\/tendosolingen.de\/pl\/wp-json\/wp\/v2\/media?parent=2410"}],"wp:term":[{"taxonomy":"product_brand","embeddable":true,"href":"https:\/\/tendosolingen.de\/pl\/wp-json\/wp\/v2\/product_brand?post=2410"},{"taxonomy":"product_cat","embeddable":true,"href":"https:\/\/tendosolingen.de\/pl\/wp-json\/wp\/v2\/product_cat?post=2410"},{"taxonomy":"product_tag","embeddable":true,"href":"https:\/\/tendosolingen.de\/pl\/wp-json\/wp\/v2\/product_tag?post=2410"}],"curies":[{"name":"wp","href":"https:\/\/api.w.org\/{rel}","templated":true}]}}