{"id":2408,"date":"2024-04-09T22:38:20","date_gmt":"2024-04-09T20:38:20","guid":{"rendered":"https:\/\/tendosolingen.de\/product\/nozyczki-do-obcinania-skorek-paznokci-tendo-solingen-proste-rodzaj-produktu-standard-sq\/"},"modified":"2025-11-06T15:40:12","modified_gmt":"2025-11-06T14:40:12","slug":"nozyczki-do-obcinania-skorek-paznokci-tendo-solingen-proste-rodzaj-produktu-standard-sq","status":"publish","type":"product","link":"https:\/\/tendosolingen.de\/pl\/produkt\/nozyczki-do-obcinania-skorek-paznokci-tendo-solingen-proste-rodzaj-produktu-standard-sq\/","title":{"rendered":"No\u017cyczki do obcinania sk\u00f3rek paznokci  Tendo Solingen\u00ae proste Rodzaj produktu: Standard (SQ)"},"content":{"rendered":"<p class=\"p1\"><span class=\"s1\" style=\"font-family:arial, helvetica, sans-serif;font-size:10pt;\">Precyzyjne <strong>no\u017cyczki wycinania do sk\u00f3rek paznokci Solingen<\/strong> <span style=\"text-decoration:underline;\">proste<\/span>.\u00a0No\u017cyczki zosta\u0142y wykonane <span style=\"text-decoration:underline;\">ze stali nierdzewnej<\/span> (chirurgicznej). S\u0105 odpowiednie zar\u00f3wno dla prawo- jak i lewor\u0119cznych. Posiadaj\u0105 ostre zako\u0144czenie ko\u0144c\u00f3wek tn\u0105cych. Zapewniaj\u0105 precyzj\u0119 obcinania sk\u00f3rek przy zabiegach manicure i pedicure. <\/span><\/p>\n<p><\/br><\/p>\n<h1 class=\"p1\"><span class=\"s1\" style=\"font-size:10pt;font-family:arial, helvetica, sans-serif;\">Jakie wybra\u0107 no\u017cyczki do sk\u00f3rek?<\/span><\/h1>\n<p><\/br><\/p>\n<p class=\"p1\"><span class=\"s1\" style=\"font-family:arial, helvetica, sans-serif;font-size:10pt;\"><em>Dobre no\u017cyczki chirurgiczne do sk\u00f3rek<\/em> charakteryzuj\u0105 si\u0119 wykonaniem ze stali chirurgicznej. Odpowiednio cienkie i precyzyjne ostrza zapewniaj\u0105 szybkie wycinanie sk\u00f3rek bez uszkodzenia paznokcia w trakcie zabiegu manicure lub pedicure. No\u017cyczki do sk\u00f3rek s\u0105 ostrzone specjaln\u0105 technologi\u0105 szlifowania kraw\u0119dzi tn\u0105cych. Dzi\u0119ki temu zapewniaj\u0105 d\u0142ugotrwa\u0142e u\u017cytkowanie i odpowiedni\u0105 funkcjonalno\u015b\u0107. <\/span><\/p>\n<p><\/br><\/p>\n<p class=\"p1\"><span class=\"s1\" style=\"font-family:arial, helvetica, sans-serif;font-size:10pt;\"><em>No\u017cyczki do obcinania sk\u00f3rek<\/em> s\u0105 u\u017cywane g\u0142\u00f3wnie w gabinetach kosmetycznych, klinikach medycyny estetycznej i gabinetach SPA. Mog\u0105 by\u0107 wykorzystywane zar\u00f3wno w profesjonalnym zastosowaniu, jak i w domowych warunkach. <\/span><\/p>\n<p><\/br><\/p>\n<h1 class=\"p1\"><span class=\"s1\" style=\"font-size:10pt;font-family:arial, helvetica, sans-serif;\">No\u017cyczki do sk\u00f3rek ze stali nierdzewnej<\/span><\/h1>\n<p><\/br><\/p>\n<ul><\/br><\/p>\n<li class=\"p1\"><span class=\"s1\" style=\"font-family:arial, helvetica, sans-serif;font-size:10pt;\">d\u0142ugo\u015b\u0107: 9,5 cm<\/span><\/li>\n<p><\/br><\/p>\n<li class=\"p1\"><span class=\"s1\" style=\"font-family:arial, helvetica, sans-serif;font-size:10pt;\">szeroko\u015b\u0107 cz\u0119\u015bci chwytnej: 2,3 cm <\/span><\/li>\n<p><\/br><\/p>\n<li class=\"p1\"><span class=\"s1\" style=\"font-family:arial, helvetica, sans-serif;font-size:10pt;\">ostrze: proste 1,8 cm <\/span><\/li>\n<p><\/br><\/p>\n<li class=\"p1\"><span class=\"s1\" style=\"font-family:arial, helvetica, sans-serif;font-size:10pt;\">stal chirurgiczna: matowa, antyrefleksyjna<\/span><\/li>\n<p><\/br><\/p>\n<li class=\"p1\"><span class=\"s1\" style=\"font-family:arial, helvetica, sans-serif;font-size:10pt;\">certyfikaty: ISO, CE <\/span><\/li>\n<p><\/br><\/p>\n<li class=\"p1\"><span class=\"s1\" style=\"font-family:arial, helvetica, sans-serif;font-size:10pt;\">produkt wielokrotnego u\u017cytku<\/span><\/li>\n<p><\/br><\/ul>\n<p><\/br><\/p>\n<h2 class=\"p1\"><span class=\"s1\" style=\"font-size:10pt;font-family:arial, helvetica, sans-serif;\">Zalety no\u017cyczek do wycinania sk\u00f3rek <\/span><\/h2>\n<p><\/br><\/p>\n<ul><\/br><\/p>\n<li class=\"p1\"><span class=\"s1\" style=\"font-family:arial, helvetica, sans-serif;font-size:10pt;\">precyzyjny szlif cz\u0119\u015bci tn\u0105cej <\/span><\/li>\n<p><\/br><\/p>\n<li class=\"p1\"><span class=\"s1\" style=\"font-family:arial, helvetica, sans-serif;font-size:10pt;\">dobrze wycinaj\u0105 sk\u00f3rki paznokci<\/span><\/li>\n<p><\/br><\/p>\n<li class=\"p1\"><span class=\"s1\" style=\"font-family:arial, helvetica, sans-serif;font-size:10pt;\">posiadaj\u0105 unikalny kszta\u0142t i minimalistyczny design<\/span><\/li>\n<p><\/br><\/p>\n<li class=\"p1\"><span class=\"s1\" style=\"font-family:arial, helvetica, sans-serif;font-size:10pt;\">s\u0105 bezpieczne i wygodne w u\u017cyciu<\/span><\/li>\n<p><\/br><\/p>\n<li class=\"p1\"><span class=\"s1\" style=\"font-family:arial, helvetica, sans-serif;font-size:10pt;\">wysoka jako\u015b\u0107 wykonania<\/span><\/li>\n<p><\/br><\/p>\n<li class=\"p1\"><span class=\"s1\" style=\"font-family:arial, helvetica, sans-serif;font-size:10pt;\">mo\u017cliwo\u015b\u0107 sterylizacji w autoklawie <\/span><\/li>\n<p><\/br><\/ul>\n<p><\/br><\/p>\n<p class=\"p1\"><span class=\"s1\" style=\"font-size:10pt;\"><span style=\"font-family:arial, helvetica, sans-serif;\">Kupuj\u0105c na platformie medycznej masz gwarancj\u0119 jako\u015bci wykonania. Nasze narz\u0119dzia zapewniaj\u0105 wysoki komfort pracy, posiadaj\u0105 mi\u0119dzynarodowe certyfikaty, system zarz\u0105dzania jako\u015bci\u0105 i wewn\u0119trznej kontroli. (ISO 9001\/ISO 13485) S\u0105 rekomendowane przez najlepszych specjalist\u00f3w, lekarzy i podolog\u00f3w (tak\u017ce u\u017cytkownik\u00f3w serwis\u00f3w opiniotw\u00f3rczych tj. Wiza\u017c). Zapraszamy do zakup\u00f3w.<\/span> <\/span><\/p>\n","protected":false},"excerpt":{"rendered":"<p class=\"p1\"><span class=\"s1\" style=\"font-family:arial, helvetica, sans-serif;font-size:10pt;\">Precyzyjne <strong>no\u017cyczki wycinania do sk\u00f3rek paznokci Solingen<\/strong> <span style=\"text-decoration:underline;\">proste<\/span>.\u00a0No\u017cyczki zosta\u0142y wykonane <span style=\"text-decoration:underline;\">ze stali nierdzewnej<\/span> (chirurgicznej). S\u0105 odpowiednie zar\u00f3wno dla prawo- jak i lewor\u0119cznych. Posiadaj\u0105 ostre zako\u0144czenie ko\u0144c\u00f3wek tn\u0105cych. Zapewniaj\u0105 precyzj\u0119 obcinania sk\u00f3rek przy zabiegach manicure i pedicure. <\/span><\/p>\n<p><\/br><\/p>\n<h1 class=\"p1\"><span class=\"s1\" style=\"font-size:10pt;font-family:arial, helvetica, sans-serif;\">Jakie wybra\u0107 no\u017cyczki do sk\u00f3rek?<\/span><\/h1>\n<p><\/br><\/p>\n<p class=\"p1\"><span class=\"s1\" style=\"font-family:arial, helvetica, sans-serif;font-size:10pt;\"><em>Dobre no\u017cyczki chirurgiczne do sk\u00f3rek<\/em> charakteryzuj\u0105 si\u0119 wykonaniem ze stali chirurgicznej. Odpowiednio cienkie i precyzyjne ostrza zapewniaj\u0105 szybkie wycinanie sk\u00f3rek bez uszkodzenia paznokcia w trakcie zabiegu manicure lub pedicure. No\u017cyczki do sk\u00f3rek s\u0105 ostrzone specjaln\u0105 technologi\u0105 szlifowania kraw\u0119dzi tn\u0105cych. Dzi\u0119ki temu zapewniaj\u0105 d\u0142ugotrwa\u0142e u\u017cytkowanie i odpowiedni\u0105 funkcjonalno\u015b\u0107. <\/span><\/p>\n<p><\/br><\/p>\n<p class=\"p1\"><span class=\"s1\" style=\"font-family:arial, helvetica, sans-serif;font-size:10pt;\"><em>No\u017cyczki do obcinania sk\u00f3rek<\/em> s\u0105 u\u017cywane g\u0142\u00f3wnie w gabinetach kosmetycznych, klinikach medycyny estetycznej i gabinetach SPA. Mog\u0105 by\u0107 wykorzystywane zar\u00f3wno w profesjonalnym zastosowaniu, jak i w domowych warunkach. <\/span><\/p>\n<p><\/br><\/p>\n<h1 class=\"p1\"><span class=\"s1\" style=\"font-size:10pt;font-family:arial, helvetica, sans-serif;\">No\u017cyczki do sk\u00f3rek ze stali nierdzewnej<\/span><\/h1>\n<p><\/br><\/p>\n<ul><\/br><\/p>\n<li class=\"p1\"><span class=\"s1\" style=\"font-family:arial, helvetica, sans-serif;font-size:10pt;\">d\u0142ugo\u015b\u0107: 9,5 cm<\/span><\/li>\n<p><\/br><\/p>\n<li class=\"p1\"><span class=\"s1\" style=\"font-family:arial, helvetica, sans-serif;font-size:10pt;\">szeroko\u015b\u0107 cz\u0119\u015bci chwytnej: 2,3 cm <\/span><\/li>\n<p><\/br><\/p>\n<li class=\"p1\"><span class=\"s1\" style=\"font-family:arial, helvetica, sans-serif;font-size:10pt;\">ostrze: proste 1,8 cm <\/span><\/li>\n<p><\/br><\/p>\n<li class=\"p1\"><span class=\"s1\" style=\"font-family:arial, helvetica, sans-serif;font-size:10pt;\">stal chirurgiczna: matowa, antyrefleksyjna<\/span><\/li>\n<p><\/br><\/p>\n<li class=\"p1\"><span class=\"s1\" style=\"font-family:arial, helvetica, sans-serif;font-size:10pt;\">certyfikaty: ISO, CE <\/span><\/li>\n<p><\/br><\/p>\n<li class=\"p1\"><span class=\"s1\" style=\"font-family:arial, helvetica, sans-serif;font-size:10pt;\">produkt wielokrotnego u\u017cytku<\/span><\/li>\n<p><\/br><\/ul>\n<p><\/br><\/p>\n<h2 class=\"p1\"><span class=\"s1\" style=\"font-size:10pt;font-family:arial, helvetica, sans-serif;\">Zalety no\u017cyczek do wycinania sk\u00f3rek <\/span><\/h2>\n<p><\/br><\/p>\n<ul><\/br><\/p>\n<li class=\"p1\"><span class=\"s1\" style=\"font-family:arial, helvetica, sans-serif;font-size:10pt;\">precyzyjny szlif cz\u0119\u015bci tn\u0105cej <\/span><\/li>\n<p><\/br><\/p>\n<li class=\"p1\"><span class=\"s1\" style=\"font-family:arial, helvetica, sans-serif;font-size:10pt;\">dobrze wycinaj\u0105 sk\u00f3rki paznokci<\/span><\/li>\n<p><\/br><\/p>\n<li class=\"p1\"><span class=\"s1\" style=\"font-family:arial, helvetica, sans-serif;font-size:10pt;\">posiadaj\u0105 unikalny kszta\u0142t i minimalistyczny design<\/span><\/li>\n<p><\/br><\/p>\n<li class=\"p1\"><span class=\"s1\" style=\"font-family:arial, helvetica, sans-serif;font-size:10pt;\">s\u0105 bezpieczne i wygodne w u\u017cyciu<\/span><\/li>\n<p><\/br><\/p>\n<li class=\"p1\"><span class=\"s1\" style=\"font-family:arial, helvetica, sans-serif;font-size:10pt;\">wysoka jako\u015b\u0107 wykonania<\/span><\/li>\n<p><\/br><\/p>\n<li class=\"p1\"><span class=\"s1\" style=\"font-family:arial, helvetica, sans-serif;font-size:10pt;\">mo\u017cliwo\u015b\u0107 sterylizacji w autoklawie <\/span><\/li>\n<p><\/br><\/ul>\n<p><\/br><\/p>\n<p class=\"p1\"><span class=\"s1\" style=\"font-size:10pt;\"><span style=\"font-family:arial, helvetica, sans-serif;\">Kupuj\u0105c na platformie medycznej masz gwarancj\u0119 jako\u015bci wykonania. Nasze narz\u0119dzia zapewniaj\u0105 wysoki komfort pracy, posiadaj\u0105 mi\u0119dzynarodowe certyfikaty, system zarz\u0105dzania jako\u015bci\u0105 i wewn\u0119trznej kontroli. (ISO 9001\/ISO 13485) S\u0105 rekomendowane przez najlepszych specjalist\u00f3w, lekarzy i podolog\u00f3w (tak\u017ce u\u017cytkownik\u00f3w serwis\u00f3w opiniotw\u00f3rczych tj. Wiza\u017c). Zapraszamy do zakup\u00f3w.<\/span> <\/span><\/p>\n","protected":false},"featured_media":1009,"comment_status":"closed","ping_status":"open","template":"","meta":[],"product_brand":[],"product_cat":[48],"product_tag":[],"class_list":{"0":"post-2408","1":"product","2":"type-product","3":"status-publish","4":"has-post-thumbnail","6":"product_cat-nozyczki-do-skorek-i-paznokci-pl","8":"first","9":"instock","10":"product-type-simple"},"_links":{"self":[{"href":"https:\/\/tendosolingen.de\/pl\/wp-json\/wp\/v2\/product\/2408","targetHints":{"allow":["GET"]}}],"collection":[{"href":"https:\/\/tendosolingen.de\/pl\/wp-json\/wp\/v2\/product"}],"about":[{"href":"https:\/\/tendosolingen.de\/pl\/wp-json\/wp\/v2\/types\/product"}],"replies":[{"embeddable":true,"href":"https:\/\/tendosolingen.de\/pl\/wp-json\/wp\/v2\/comments?post=2408"}],"wp:featuredmedia":[{"embeddable":true,"href":"https:\/\/tendosolingen.de\/pl\/wp-json\/wp\/v2\/media\/1009"}],"wp:attachment":[{"href":"https:\/\/tendosolingen.de\/pl\/wp-json\/wp\/v2\/media?parent=2408"}],"wp:term":[{"taxonomy":"product_brand","embeddable":true,"href":"https:\/\/tendosolingen.de\/pl\/wp-json\/wp\/v2\/product_brand?post=2408"},{"taxonomy":"product_cat","embeddable":true,"href":"https:\/\/tendosolingen.de\/pl\/wp-json\/wp\/v2\/product_cat?post=2408"},{"taxonomy":"product_tag","embeddable":true,"href":"https:\/\/tendosolingen.de\/pl\/wp-json\/wp\/v2\/product_tag?post=2408"}],"curies":[{"name":"wp","href":"https:\/\/api.w.org\/{rel}","templated":true}]}}