{"id":2407,"date":"2024-04-09T22:38:20","date_gmt":"2024-04-09T20:38:20","guid":{"rendered":"https:\/\/tendosolingen.de\/product\/cegi-czolowe-do-paznokci-tendo-solingen-12-cm-podologiczne\/"},"modified":"2026-01-09T15:16:32","modified_gmt":"2026-01-09T14:16:32","slug":"cegi-czolowe-do-paznokci-12-cm-podologiczne","status":"publish","type":"product","link":"https:\/\/tendosolingen.de\/pl\/produkt\/cegi-czolowe-do-paznokci-12-cm-podologiczne\/","title":{"rendered":"C\u0119gi czo\u0142owe do paznokci  12 cm podologiczne"},"content":{"rendered":"<p><span style=\"font-family:arial, helvetica, sans-serif;font-size:10pt;\"><strong>C\u0119gi boczne <\/strong>z\u00a0przeznaczeniem do skracania paznokci mi\u0119kkich jak i twardych<strong>. <\/strong><em>C\u0119gi\u00a0do paznokci<\/em> Tendo\u00ae Solingen<strong>\u00a0<\/strong>przeznaczone s\u0105 do profesjonalnych zabieg\u00f3w pedologicznych, wykonywanych przez profesjonalist\u00f3w. <span style=\"text-decoration:underline;\">C\u0119gi czo\u0142owe do pedicure<\/span> wyr\u00f3\u017cnia ergonomiczna, trapezowa forma uchwyt\u00f3w. Dzi\u0119ki temu szczeg\u00f3\u0142owi c\u0105\u017cki idealnie pasuj\u0105 do d\u0142oni i palc\u00f3w. Ergonomiczny uchwyt sprawia, \u017ce nawet d\u0142u\u017csza praca nie wp\u0142ywa na zm\u0119czenie d\u0142oni, a mi\u0119\u015bnie palc\u00f3w maj\u0105 idealnie dopasowane narz\u0119dzie. <span style=\"text-decoration:underline;\">C\u0119gi chirurgiczne<\/span> przeznaczone s\u0105 do bocznego obcinania paznokci st\u00f3p. <span style=\"text-decoration:underline;\">C\u0119gi pedologiczne<\/span> maj\u0105 odpowiednio zaprojektowany zamek do zapinania ramion w postaci podw\u00f3jnej symetrycznej spr\u0119\u017cyny, zapobiegaj\u0105cy urazom ostrza dzi\u0119ki czemu nadaj\u0105 si\u0119 do obcinania wszystkich, nawet najtwardszych paznokci.\u00a0Ostrza <em>c\u0119g\u00f3w do wrastaj\u0105cych paznokci<\/em> maj\u0105 zaokr\u0105glone brzegi, co czyni je bardzo bezpiecznym narz\u0119dziem do zabieg\u00f3w na wszystkich pacjentach nawet diabetyk\u00f3w u kt\u00f3rych szczeg\u00f3lnie nale\u017cy zwr\u00f3ci\u0107 uwag\u0119 na ryzyko naruszenia tkanki \u0142\u0105cznej.\u00a0<\/span><\/p>\n<p><\/br><\/p>\n<h2><span style=\"font-family:arial, helvetica, sans-serif;font-size:10pt;\">C\u0119gi do grubych paznokci \u2013 parametry<\/span><\/h2>\n<p><\/br><\/p>\n<ul><\/br><\/p>\n<li><span style=\"font-family:arial, helvetica, sans-serif;font-size:10pt;\">ca\u0142kowita d\u0142ugo\u015b\u0107 12 cm<\/span><\/li>\n<p><\/br><\/p>\n<li><span style=\"font-family:arial, helvetica, sans-serif;font-size:10pt;\">d\u0142ugo\u015b\u0107 ostrza 15 mm<\/span><\/li>\n<p><\/br><\/p>\n<li><span style=\"font-family:arial, helvetica, sans-serif;font-size:10pt;\">szeroko\u015b\u0107 ostrza 10 mm<\/span><\/li>\n<p><\/br><\/p>\n<li><span style=\"font-family:arial, helvetica, sans-serif;font-size:10pt;\">profil ostrza: grzbiet zaokr\u0105glony \u0142ukiem w kierunku szpica<\/span><\/li>\n<p><\/br><\/p>\n<li><span style=\"font-family:arial, helvetica, sans-serif;font-size:10pt;\">podw\u00f3jny system spr\u0119\u017cynuj\u0105cy symetryczny (bez przek\u0142adni)<\/span><\/li>\n<p><\/br><\/p>\n<li><span style=\"font-family:arial, helvetica, sans-serif;font-size:10pt;\">wykonane s\u0105 ze stali chirurgicznej (Stainless Steel)<\/span><\/li>\n<p><\/br><\/p>\n<li><span style=\"font-family:arial, helvetica, sans-serif;font-size:10pt;\">satynowe &#8211; matowe<\/span><\/li>\n<p><\/br><\/p>\n<li><span style=\"font-family:arial, helvetica, sans-serif;font-size:10pt;\">antyalergiczne<\/span><\/li>\n<p><\/br><\/ul>\n<p><\/br><\/p>\n<h2><span style=\"font-family:arial, helvetica, sans-serif;font-size:10pt;\">C\u0119gi pedologiczne do paznokci &#8211; zalety<\/span><\/h2>\n<p><\/br><\/p>\n<ul><\/br><\/p>\n<li><span style=\"font-family:arial, helvetica, sans-serif;font-size:10pt;\">ko\u0144ce ostrzy idealnie\u00a0wyprofilowane do precyzyjnego ci\u0119cia<\/span><\/li>\n<p><\/br><\/p>\n<li><span style=\"font-family:arial, helvetica, sans-serif;font-size:10pt;\">podw\u00f3jn\u0105 spr\u0119\u017cyn\u0119, kt\u00f3ra idealnie stabilizuje oraz amortyzuje ka\u017cde \u015bci\u015bni\u0119cie narz\u0119dzia<\/span><\/li>\n<p><\/br><\/p>\n<li><span style=\"font-family:arial, helvetica, sans-serif;font-size:10pt;\">wyko\u0144czenie\u00a0matowe\u00a0(satin) metod\u0105 ceramicznego piaskowania<\/span><\/li>\n<p><\/br><\/p>\n<li><span style=\"font-family:arial, helvetica, sans-serif;font-size:10pt;\"><em>c\u0119gi czo\u0142owe<\/em>\u00a0maj\u0105 odpowiednio wyprofilowany kszta\u0142t, kt\u00f3ry zapewnia dost\u0119p do trudno dost\u0119pnych oraz bol\u0105cych miejsc<\/span><\/li>\n<p><\/br><\/p>\n<li><span style=\"font-family:arial, helvetica, sans-serif;font-size:10pt;\">szlifowane i ostre ostrza doskonale radz\u0105 sobie z wycinaniem wrastaj\u0105cych paznokci<\/span><\/li>\n<p><\/br><\/p>\n<li><span style=\"font-family:arial, helvetica, sans-serif;font-size:10pt;\">posiadaj\u0105 zamek do zapinania ramion, w zwi\u0105zku z tym ostrza s\u0105 chronione przez uszkodzeniem<\/span><\/li>\n<p><\/br><\/p>\n<li><span style=\"font-family:arial, helvetica, sans-serif;font-size:10pt;\">wyprodukowane metod\u0105 kowalsk\u0105 (na gor\u0105co), dzi\u0119ki temu nigdy nie b\u0119d\u0105 lu\u017ane.<\/span><\/li>\n<p><\/br><\/p>\n<li><span style=\"font-family:arial, helvetica, sans-serif;font-size:10pt;\">produkt wielokrotnego u\u017cytku przeznaczony do sterylizacji i dezynfekcji<\/span><\/li>\n<p><\/br><\/p>\n<li><span style=\"font-family:arial, helvetica, sans-serif;font-size:10pt;\">gwarancja producenta \u2013 24 miesi\u0105ce<\/span><\/li>\n<p><\/br><\/ul>\n<p><\/br><\/p>\n<h2><span style=\"font-family:arial, helvetica, sans-serif;font-size:10pt;\">Kilka uwag do u\u017cytkowania narz\u0119dzi typu c\u0119gi kosmetyczne<\/span><\/h2>\n<p><\/br><\/p>\n<p><span style=\"font-family:arial, helvetica, sans-serif;font-size:10pt;\">C\u0119gi do wrastaj\u0105cych paznokci nigdy nie \u015bciskaj za mocno. Zbyt mocny \u015bcisk (na sucho) mo\u017ce doprowadzi\u0107 do st\u0119pienia Ka\u017cde narz\u0119dzia do zabieg\u00f3w podologicznych trzymaj pewnie w swoich d\u0142oniach. Nie mog\u0105 si\u0119 one obsuwa\u0107 \u015blizga\u0107 ani uwiera\u0107 w palce. Nie uk\u0142adaj narz\u0119dzi jedne na drugich bo mog\u0105 si\u0119 obsun\u0105\u0107 i upa\u015b\u0107 na pod\u0142og\u0119 lub otrze\u0107 si\u0119 o ostrza i st\u0119pi\u0107. Po wykonaniu czynno\u015bci od\u0142\u00f3\u017c je na podp\u00f3rk\u0119 lub papierowy r\u0119cznik i odseparuj je od innych narz\u0119dzi. Produkty posiadaj\u0105 mi\u0119dzynarodowy certyfikat CE\u00a0oraz ISO 9001\/ ISO 13485.<\/span><\/p>\n","protected":false},"excerpt":{"rendered":"<p><span style=\"font-family:arial, helvetica, sans-serif;font-size:10pt;\"><strong>C\u0119gi boczne <\/strong>z\u00a0przeznaczeniem do skracania paznokci mi\u0119kkich jak i twardych<strong>. <\/strong><em>C\u0119gi\u00a0do paznokci<\/em> Tendo\u00ae Solingen<strong>\u00a0<\/strong>przeznaczone s\u0105 do profesjonalnych zabieg\u00f3w pedologicznych, wykonywanych przez profesjonalist\u00f3w. <span style=\"text-decoration:underline;\">C\u0119gi czo\u0142owe do pedicure<\/span> wyr\u00f3\u017cnia ergonomiczna, trapezowa forma uchwyt\u00f3w. Dzi\u0119ki temu szczeg\u00f3\u0142owi c\u0105\u017cki idealnie pasuj\u0105 do d\u0142oni i palc\u00f3w. Ergonomiczny uchwyt sprawia, \u017ce nawet d\u0142u\u017csza praca nie wp\u0142ywa na zm\u0119czenie d\u0142oni, a mi\u0119\u015bnie palc\u00f3w maj\u0105 idealnie dopasowane narz\u0119dzie. <span style=\"text-decoration:underline;\">C\u0119gi chirurgiczne<\/span> przeznaczone s\u0105 do bocznego obcinania paznokci st\u00f3p. <span style=\"text-decoration:underline;\">C\u0119gi pedologiczne<\/span> maj\u0105 odpowiednio zaprojektowany zamek do zapinania ramion w postaci podw\u00f3jnej symetrycznej spr\u0119\u017cyny, zapobiegaj\u0105cy urazom ostrza dzi\u0119ki czemu nadaj\u0105 si\u0119 do obcinania wszystkich, nawet najtwardszych paznokci.\u00a0Ostrza <em>c\u0119g\u00f3w do wrastaj\u0105cych paznokci<\/em> maj\u0105 zaokr\u0105glone brzegi, co czyni je bardzo bezpiecznym narz\u0119dziem do zabieg\u00f3w na wszystkich pacjentach nawet diabetyk\u00f3w u kt\u00f3rych szczeg\u00f3lnie nale\u017cy zwr\u00f3ci\u0107 uwag\u0119 na ryzyko naruszenia tkanki \u0142\u0105cznej.\u00a0<\/span><\/p>\n<p><\/br><\/p>\n<h2><span style=\"font-family:arial, helvetica, sans-serif;font-size:10pt;\">C\u0119gi do grubych paznokci \u2013 parametry<\/span><\/h2>\n<p><\/br><\/p>\n<ul><\/br><\/p>\n<li><span style=\"font-family:arial, helvetica, sans-serif;font-size:10pt;\">ca\u0142kowita d\u0142ugo\u015b\u0107 12 cm<\/span><\/li>\n<p><\/br><\/p>\n<li><span style=\"font-family:arial, helvetica, sans-serif;font-size:10pt;\">d\u0142ugo\u015b\u0107 ostrza 15 mm<\/span><\/li>\n<p><\/br><\/p>\n<li><span style=\"font-family:arial, helvetica, sans-serif;font-size:10pt;\">szeroko\u015b\u0107 ostrza 10 mm<\/span><\/li>\n<p><\/br><\/p>\n<li><span style=\"font-family:arial, helvetica, sans-serif;font-size:10pt;\">profil ostrza: grzbiet zaokr\u0105glony \u0142ukiem w kierunku szpica<\/span><\/li>\n<p><\/br><\/p>\n<li><span style=\"font-family:arial, helvetica, sans-serif;font-size:10pt;\">podw\u00f3jny system spr\u0119\u017cynuj\u0105cy symetryczny (bez przek\u0142adni)<\/span><\/li>\n<p><\/br><\/p>\n<li><span style=\"font-family:arial, helvetica, sans-serif;font-size:10pt;\">wykonane s\u0105 ze stali chirurgicznej (Stainless Steel)<\/span><\/li>\n<p><\/br><\/p>\n<li><span style=\"font-family:arial, helvetica, sans-serif;font-size:10pt;\">satynowe &#8211; matowe<\/span><\/li>\n<p><\/br><\/p>\n<li><span style=\"font-family:arial, helvetica, sans-serif;font-size:10pt;\">antyalergiczne<\/span><\/li>\n<p><\/br><\/ul>\n<p><\/br><\/p>\n<h2><span style=\"font-family:arial, helvetica, sans-serif;font-size:10pt;\">C\u0119gi pedologiczne do paznokci &#8211; zalety<\/span><\/h2>\n<p><\/br><\/p>\n<ul><\/br><\/p>\n<li><span style=\"font-family:arial, helvetica, sans-serif;font-size:10pt;\">ko\u0144ce ostrzy idealnie\u00a0wyprofilowane do precyzyjnego ci\u0119cia<\/span><\/li>\n<p><\/br><\/p>\n<li><span style=\"font-family:arial, helvetica, sans-serif;font-size:10pt;\">podw\u00f3jn\u0105 spr\u0119\u017cyn\u0119, kt\u00f3ra idealnie stabilizuje oraz amortyzuje ka\u017cde \u015bci\u015bni\u0119cie narz\u0119dzia<\/span><\/li>\n<p><\/br><\/p>\n<li><span style=\"font-family:arial, helvetica, sans-serif;font-size:10pt;\">wyko\u0144czenie\u00a0matowe\u00a0(satin) metod\u0105 ceramicznego piaskowania<\/span><\/li>\n<p><\/br><\/p>\n<li><span style=\"font-family:arial, helvetica, sans-serif;font-size:10pt;\"><em>c\u0119gi czo\u0142owe<\/em>\u00a0maj\u0105 odpowiednio wyprofilowany kszta\u0142t, kt\u00f3ry zapewnia dost\u0119p do trudno dost\u0119pnych oraz bol\u0105cych miejsc<\/span><\/li>\n<p><\/br><\/p>\n<li><span style=\"font-family:arial, helvetica, sans-serif;font-size:10pt;\">szlifowane i ostre ostrza doskonale radz\u0105 sobie z wycinaniem wrastaj\u0105cych paznokci<\/span><\/li>\n<p><\/br><\/p>\n<li><span style=\"font-family:arial, helvetica, sans-serif;font-size:10pt;\">posiadaj\u0105 zamek do zapinania ramion, w zwi\u0105zku z tym ostrza s\u0105 chronione przez uszkodzeniem<\/span><\/li>\n<p><\/br><\/p>\n<li><span style=\"font-family:arial, helvetica, sans-serif;font-size:10pt;\">wyprodukowane metod\u0105 kowalsk\u0105 (na gor\u0105co), dzi\u0119ki temu nigdy nie b\u0119d\u0105 lu\u017ane.<\/span><\/li>\n<p><\/br><\/p>\n<li><span style=\"font-family:arial, helvetica, sans-serif;font-size:10pt;\">produkt wielokrotnego u\u017cytku przeznaczony do sterylizacji i dezynfekcji<\/span><\/li>\n<p><\/br><\/p>\n<li><span style=\"font-family:arial, helvetica, sans-serif;font-size:10pt;\">gwarancja producenta \u2013 24 miesi\u0105ce<\/span><\/li>\n<p><\/br><\/ul>\n<p><\/br><\/p>\n<h2><span style=\"font-family:arial, helvetica, sans-serif;font-size:10pt;\">Kilka uwag do u\u017cytkowania narz\u0119dzi typu c\u0119gi kosmetyczne<\/span><\/h2>\n<p><\/br><\/p>\n<p><span style=\"font-family:arial, helvetica, sans-serif;font-size:10pt;\">C\u0119gi do wrastaj\u0105cych paznokci nigdy nie \u015bciskaj za mocno. Zbyt mocny \u015bcisk (na sucho) mo\u017ce doprowadzi\u0107 do st\u0119pienia Ka\u017cde narz\u0119dzia do zabieg\u00f3w podologicznych trzymaj pewnie w swoich d\u0142oniach. Nie mog\u0105 si\u0119 one obsuwa\u0107 \u015blizga\u0107 ani uwiera\u0107 w palce. Nie uk\u0142adaj narz\u0119dzi jedne na drugich bo mog\u0105 si\u0119 obsun\u0105\u0107 i upa\u015b\u0107 na pod\u0142og\u0119 lub otrze\u0107 si\u0119 o ostrza i st\u0119pi\u0107. Po wykonaniu czynno\u015bci od\u0142\u00f3\u017c je na podp\u00f3rk\u0119 lub papierowy r\u0119cznik i odseparuj je od innych narz\u0119dzi. Produkty posiadaj\u0105 mi\u0119dzynarodowy certyfikat CE\u00a0oraz ISO 9001\/ ISO 13485.<\/span><\/p>\n","protected":false},"featured_media":1005,"comment_status":"closed","ping_status":"closed","template":"","meta":[],"product_brand":[],"product_cat":[183],"product_tag":[],"class_list":{"0":"post-2407","1":"product","2":"type-product","3":"status-publish","4":"has-post-thumbnail","6":"product_cat-cegi-cazki","8":"first","9":"instock","10":"product-type-simple"},"_links":{"self":[{"href":"https:\/\/tendosolingen.de\/pl\/wp-json\/wp\/v2\/product\/2407","targetHints":{"allow":["GET"]}}],"collection":[{"href":"https:\/\/tendosolingen.de\/pl\/wp-json\/wp\/v2\/product"}],"about":[{"href":"https:\/\/tendosolingen.de\/pl\/wp-json\/wp\/v2\/types\/product"}],"replies":[{"embeddable":true,"href":"https:\/\/tendosolingen.de\/pl\/wp-json\/wp\/v2\/comments?post=2407"}],"wp:featuredmedia":[{"embeddable":true,"href":"https:\/\/tendosolingen.de\/pl\/wp-json\/wp\/v2\/media\/1005"}],"wp:attachment":[{"href":"https:\/\/tendosolingen.de\/pl\/wp-json\/wp\/v2\/media?parent=2407"}],"wp:term":[{"taxonomy":"product_brand","embeddable":true,"href":"https:\/\/tendosolingen.de\/pl\/wp-json\/wp\/v2\/product_brand?post=2407"},{"taxonomy":"product_cat","embeddable":true,"href":"https:\/\/tendosolingen.de\/pl\/wp-json\/wp\/v2\/product_cat?post=2407"},{"taxonomy":"product_tag","embeddable":true,"href":"https:\/\/tendosolingen.de\/pl\/wp-json\/wp\/v2\/product_tag?post=2407"}],"curies":[{"name":"wp","href":"https:\/\/api.w.org\/{rel}","templated":true}]}}