{"id":2406,"date":"2024-04-09T22:38:20","date_gmt":"2024-04-09T20:38:20","guid":{"rendered":"https:\/\/tendosolingen.de\/product\/cazki-do-skorek-paznokci-tendo-solingen-115-cm\/"},"modified":"2026-01-09T15:16:17","modified_gmt":"2026-01-09T14:16:17","slug":"cazki-do-skorek-paznokci-tendo-solingen-115-cm","status":"publish","type":"product","link":"https:\/\/tendosolingen.de\/pl\/produkt\/cazki-do-skorek-paznokci-tendo-solingen-115-cm\/","title":{"rendered":"C\u0105\u017cki do sk\u00f3rek paznokci Tendo Solingen 11,5 cm"},"content":{"rendered":"<p><span style=\"font-family:arial, helvetica, sans-serif;font-size:10pt;\">C\u0105\u017cki do sk\u00f3rek Tendo Solingen s\u0105 instrumentem przeznaczonym do u\u017cywania w trakcie zabieg\u00f3w manicure oraz pedicure. Odpowiednio wyprofilowana oraz naostrzona cz\u0119\u015b\u0107 pracuj\u0105ca umo\u017cliwia bezproblemowe usuwanie sk\u00f3rek w okolicach p\u0142ytki paznokcia. R\u0119koje\u015b\u0107 ze spr\u0119\u017cyn\u0105 pozwala na odpowiednie przy\u0142o\u017cenie si\u0142y. Produkt wyposa\u017cony jest r\u00f3wnie\u017c w zamek pozwalaj\u0105cy na bezpieczne przechowywanie. Do produkcji no\u017cyczek do sk\u00f3rek wykorzystana zosta\u0142a wysokiej jako\u015bci stal nierdzewna pozwalaj\u0105ca na d\u0142ugotrwa\u0142e u\u017cytkowanie oraz wielokrotn\u0105 sterylizacje.<\/span><\/p>\n<p><\/br><\/p>\n<h1><span style=\"font-family:arial, helvetica, sans-serif;font-size:10pt;\">Parametry c\u0105\u017cek do sk\u00f3rek Tendo Solingen<\/span><\/h1>\n<p><\/br><\/p>\n<ul><\/br><\/p>\n<li><span style=\"font-family:arial, helvetica, sans-serif;font-size:10pt;\">Typ: c\u0105\u017cki<\/span><\/li>\n<p><\/br><\/p>\n<li><span style=\"font-family:arial, helvetica, sans-serif;font-size:10pt;\">Przeznaczenie: nask\u00f3rek w okolicach p\u0142ytki paznokcia<\/span><\/li>\n<p><\/br><\/p>\n<li><span style=\"font-family:arial, helvetica, sans-serif;font-size:10pt;\">D\u0142ugo\u015b\u0107: 11,5 cm<\/span><\/li>\n<p><\/br><\/p>\n<li><span style=\"font-family:arial, helvetica, sans-serif;font-size:10pt;\">Wysokiej jako\u015bci stal nierdzewna<\/span><\/li>\n<p><\/br><\/p>\n<li><span style=\"font-family:arial, helvetica, sans-serif;font-size:10pt;\">Produkt wielorazowego u\u017cytku<\/span><\/li>\n<p><\/br><\/p>\n<li><span style=\"font-family:arial, helvetica, sans-serif;font-size:10pt;\">Produkt niesterylny<\/span><\/li>\n<p><\/br><\/ul>\n<p><\/br><\/p>\n<h2><span style=\"font-family:arial, helvetica, sans-serif;font-size:10pt;\">Zalety wykorzystania<\/span><\/h2>\n<p><\/br><\/p>\n<ul><\/br><\/p>\n<li><span style=\"font-family:arial, helvetica, sans-serif;font-size:10pt;\">Wysoka jako\u015b\u0107 wykoczenia oraz wykorzystanych materia\u0142\u00f3w pozwala na zachowanie wysokiej precyzji podczas przeprowadzanych zabieg\u00f3w<\/span><\/li>\n<p><\/br><\/p>\n<li><span style=\"font-family:arial, helvetica, sans-serif;font-size:10pt;\">Spr\u0119\u017cynka umieszczona pomi\u0119dzy r\u0119koje\u015bciami pozwala na dogodn\u0105 regulacj\u0119 przyk\u0142adanej si\u0142y<\/span><\/li>\n<p><\/br><\/p>\n<li><span style=\"font-family:arial, helvetica, sans-serif;font-size:10pt;\">Wbudowany zamek umo\u017cliwia bezpieczne przechowywanie oraz transport c\u0105\u017cek<\/span><\/li>\n<p><\/br><\/ul>\n<p><\/br><\/p>\n<p><span style=\"font-family:arial, helvetica, sans-serif;font-size:10pt;\">Produkt posiada certyfikaty ISO oraz CE.<\/span><\/p>\n","protected":false},"excerpt":{"rendered":"<p><span style=\"font-family:arial, helvetica, sans-serif;font-size:10pt;\">C\u0105\u017cki do sk\u00f3rek Tendo Solingen s\u0105 instrumentem przeznaczonym do u\u017cywania w trakcie zabieg\u00f3w manicure oraz pedicure. Odpowiednio wyprofilowana oraz naostrzona cz\u0119\u015b\u0107 pracuj\u0105ca umo\u017cliwia bezproblemowe usuwanie sk\u00f3rek w okolicach p\u0142ytki paznokcia. R\u0119koje\u015b\u0107 ze spr\u0119\u017cyn\u0105 pozwala na odpowiednie przy\u0142o\u017cenie si\u0142y. Produkt wyposa\u017cony jest r\u00f3wnie\u017c w zamek pozwalaj\u0105cy na bezpieczne przechowywanie. Do produkcji no\u017cyczek do sk\u00f3rek wykorzystana zosta\u0142a wysokiej jako\u015bci stal nierdzewna pozwalaj\u0105ca na d\u0142ugotrwa\u0142e u\u017cytkowanie oraz wielokrotn\u0105 sterylizacje.<\/span><\/p>\n<p><\/br><\/p>\n<h1><span style=\"font-family:arial, helvetica, sans-serif;font-size:10pt;\">Parametry c\u0105\u017cek do sk\u00f3rek Tendo Solingen<\/span><\/h1>\n<p><\/br><\/p>\n<ul><\/br><\/p>\n<li><span style=\"font-family:arial, helvetica, sans-serif;font-size:10pt;\">Typ: c\u0105\u017cki<\/span><\/li>\n<p><\/br><\/p>\n<li><span style=\"font-family:arial, helvetica, sans-serif;font-size:10pt;\">Przeznaczenie: nask\u00f3rek w okolicach p\u0142ytki paznokcia<\/span><\/li>\n<p><\/br><\/p>\n<li><span style=\"font-family:arial, helvetica, sans-serif;font-size:10pt;\">D\u0142ugo\u015b\u0107: 11,5 cm<\/span><\/li>\n<p><\/br><\/p>\n<li><span style=\"font-family:arial, helvetica, sans-serif;font-size:10pt;\">Wysokiej jako\u015bci stal nierdzewna<\/span><\/li>\n<p><\/br><\/p>\n<li><span style=\"font-family:arial, helvetica, sans-serif;font-size:10pt;\">Produkt wielorazowego u\u017cytku<\/span><\/li>\n<p><\/br><\/p>\n<li><span style=\"font-family:arial, helvetica, sans-serif;font-size:10pt;\">Produkt niesterylny<\/span><\/li>\n<p><\/br><\/ul>\n<p><\/br><\/p>\n<h2><span style=\"font-family:arial, helvetica, sans-serif;font-size:10pt;\">Zalety wykorzystania<\/span><\/h2>\n<p><\/br><\/p>\n<ul><\/br><\/p>\n<li><span style=\"font-family:arial, helvetica, sans-serif;font-size:10pt;\">Wysoka jako\u015b\u0107 wykoczenia oraz wykorzystanych materia\u0142\u00f3w pozwala na zachowanie wysokiej precyzji podczas przeprowadzanych zabieg\u00f3w<\/span><\/li>\n<p><\/br><\/p>\n<li><span style=\"font-family:arial, helvetica, sans-serif;font-size:10pt;\">Spr\u0119\u017cynka umieszczona pomi\u0119dzy r\u0119koje\u015bciami pozwala na dogodn\u0105 regulacj\u0119 przyk\u0142adanej si\u0142y<\/span><\/li>\n<p><\/br><\/p>\n<li><span style=\"font-family:arial, helvetica, sans-serif;font-size:10pt;\">Wbudowany zamek umo\u017cliwia bezpieczne przechowywanie oraz transport c\u0105\u017cek<\/span><\/li>\n<p><\/br><\/ul>\n<p><\/br><\/p>\n<p><span style=\"font-family:arial, helvetica, sans-serif;font-size:10pt;\">Produkt posiada certyfikaty ISO oraz CE.<\/span><\/p>\n","protected":false},"featured_media":1001,"comment_status":"closed","ping_status":"closed","template":"","meta":[],"product_brand":[],"product_cat":[183],"product_tag":[],"class_list":{"0":"post-2406","1":"product","2":"type-product","3":"status-publish","4":"has-post-thumbnail","6":"product_cat-cegi-cazki","8":"first","9":"instock","10":"product-type-simple"},"_links":{"self":[{"href":"https:\/\/tendosolingen.de\/pl\/wp-json\/wp\/v2\/product\/2406","targetHints":{"allow":["GET"]}}],"collection":[{"href":"https:\/\/tendosolingen.de\/pl\/wp-json\/wp\/v2\/product"}],"about":[{"href":"https:\/\/tendosolingen.de\/pl\/wp-json\/wp\/v2\/types\/product"}],"replies":[{"embeddable":true,"href":"https:\/\/tendosolingen.de\/pl\/wp-json\/wp\/v2\/comments?post=2406"}],"wp:featuredmedia":[{"embeddable":true,"href":"https:\/\/tendosolingen.de\/pl\/wp-json\/wp\/v2\/media\/1001"}],"wp:attachment":[{"href":"https:\/\/tendosolingen.de\/pl\/wp-json\/wp\/v2\/media?parent=2406"}],"wp:term":[{"taxonomy":"product_brand","embeddable":true,"href":"https:\/\/tendosolingen.de\/pl\/wp-json\/wp\/v2\/product_brand?post=2406"},{"taxonomy":"product_cat","embeddable":true,"href":"https:\/\/tendosolingen.de\/pl\/wp-json\/wp\/v2\/product_cat?post=2406"},{"taxonomy":"product_tag","embeddable":true,"href":"https:\/\/tendosolingen.de\/pl\/wp-json\/wp\/v2\/product_tag?post=2406"}],"curies":[{"name":"wp","href":"https:\/\/api.w.org\/{rel}","templated":true}]}}