{"id":2405,"date":"2024-04-09T22:38:20","date_gmt":"2024-04-09T20:38:20","guid":{"rendered":"https:\/\/tendosolingen.de\/product\/cegi-czolowe-do-paznokci-tendo-solingen-14-cm\/"},"modified":"2026-01-09T15:16:12","modified_gmt":"2026-01-09T14:16:12","slug":"cegi-czolowe-do-paznokci-tendo-solingen-14-cm","status":"publish","type":"product","link":"https:\/\/tendosolingen.de\/pl\/produkt\/cegi-czolowe-do-paznokci-tendo-solingen-14-cm\/","title":{"rendered":"C\u0119gi czo\u0142owe do paznokci Tendo\u00ae Solingen 14 cm"},"content":{"rendered":"<p><span style=\"font-family:arial, helvetica, sans-serif;font-size:10pt;\">Profesjonalne <strong>C\u0119gi czo\u0142owe do paznokci<\/strong> Tendo\u00ae Solingen wyprodukowane z wysokogatunkowej stali chirurgicznej medycznej. Specjalnie wyprofilowane, wkl\u0119s\u0142e i odpowiednio ostre ostrze pozwala na szybkie, \u0142atwe oraz precyzyjne skracanie paznokci, podczas zabieg\u00f3w pedologicznych wykonywanych przez profesjonalist\u00f3w. <span style=\"text-decoration:underline;\">C\u0119gi k\u0105towe w kosmetyce<\/span> przeznaczone s\u0105 do bocznego obcinania paznokci st\u00f3p oraz do wycinanie cz\u0119\u015bci paznokcia wrastaj\u0105cego. Pozycja boczna to optymalna pozycja pracy podologa, gdzie jedna r\u0119ka przytrzymuje palec a druga obcina paznokcie. Dodatkowo taka pozycja znacznie u\u0142atwia obcinanie paznokci zdrewnia\u0142ych i wkr\u0119caj\u0105cych si\u0119.\u00a0<\/span><\/p>\n<p><\/br><\/p>\n<h2><span style=\"font-family:arial, helvetica, sans-serif;font-size:10pt;\">C\u0119gi k\u0105towe do paznokci \u2013 dane techniczne<\/span><\/h2>\n<p><\/br><\/p>\n<ul><\/br><\/p>\n<li><span style=\"font-family:arial, helvetica, sans-serif;font-size:10pt;\">ca\u0142kowita d\u0142ugo\u015b\u0107 14 cm\/140.0 mm \/ 5.51<\/span><\/li>\n<p><\/br><\/p>\n<li><span style=\"font-family:arial, helvetica, sans-serif;font-size:10pt;\">d\u0142ugo\u015b\u0107 ostrza 2 cm\/ 20.0 mm \/ 0.79<\/span><\/li>\n<p><\/br><\/p>\n<li><span style=\"font-family:arial, helvetica, sans-serif;font-size:10pt;\">profil ostrza: grzbiet zaokr\u0105glony \u0142ukiem w kierunku szpica<\/span><\/li>\n<p><\/br><\/p>\n<li><span style=\"font-family:arial, helvetica, sans-serif;font-size:10pt;\">system monta\u017cu &#8211; przek\u0142adane<\/span><\/li>\n<p><\/br><\/p>\n<li><span style=\"font-family:arial, helvetica, sans-serif;font-size:10pt;\">podw\u00f3jny system spr\u0119\u017cynuj\u0105cy symetryczny<\/span><\/li>\n<p><\/br><\/p>\n<li><span style=\"font-family:arial, helvetica, sans-serif;font-size:10pt;\">wykonane s\u0105 ze stali chirurgicznej (Stainless Steel)<\/span><\/li>\n<p><\/br><\/p>\n<li><span style=\"font-family:arial, helvetica, sans-serif;font-size:10pt;\">idealnie wywa\u017cone<\/span><\/li>\n<p><\/br><\/p>\n<li><span style=\"font-family:arial, helvetica, sans-serif;font-size:10pt;\">satynowe &#8211; matowe<\/span><\/li>\n<p><\/br><\/p>\n<li><span style=\"font-family:arial, helvetica, sans-serif;font-size:10pt;\">antyalergiczne<\/span><\/li>\n<p><\/br><\/p>\n<li><span style=\"font-family:arial, helvetica, sans-serif;font-size:10pt;\">wielorazowy<\/span><\/li>\n<p><\/br><\/ul>\n<p><\/br><\/p>\n<h2><span style=\"font-family:arial, helvetica, sans-serif;font-size:10pt;\">Zalety c\u0119g czo\u0142owych do paznokci <\/span><\/h2>\n<p><\/br><\/p>\n<ul><\/br><\/p>\n<li><span style=\"font-family:arial, helvetica, sans-serif;font-size:10pt;\">posiadaj\u0105 solidn\u0105, podw\u00f3jn\u0105 spr\u0119\u017cyn\u0119, kt\u00f3ra dobrze stabilizuje oraz amortyzuje ka\u017cde \u015bci\u015bni\u0119cie narz\u0119dzia<\/span><\/li>\n<p><\/br><\/p>\n<li><span style=\"font-family:arial, helvetica, sans-serif;font-size:10pt;\">ergonomiczny uchwyt sprawia, \u017ce nawet d\u0142u\u017csza praca nie wp\u0142ywa na zm\u0119czenie d\u0142oni, a mi\u0119\u015bnie palc\u00f3w maj\u0105 idealnie dopasowane narz\u0119dzie<\/span><\/li>\n<p><\/br><\/p>\n<li><span style=\"font-family:arial, helvetica, sans-serif;font-size:10pt;\">wyko\u0144czenie\u00a0matowe\u00a0(satin) metod\u0105 ceramicznego piaskowania<\/span><\/li>\n<p><\/br><\/p>\n<li><span style=\"font-family:arial, helvetica, sans-serif;font-size:10pt;\"><em>c\u0119gi czo\u0142owe<\/em> maj\u0105 odpowiednio wyprofilowany kszta\u0142t, kt\u00f3ry zapewnia dost\u0119p do trudno dost\u0119pnych i bol\u0105cych miejsc<\/span><\/li>\n<p><\/br><\/p>\n<li><span style=\"font-family:arial, helvetica, sans-serif;font-size:10pt;\">nadaj\u0105 si\u0119 do obcinania wszystkich, nawet najtwardszych paznokci<\/span><\/li>\n<p><\/br><\/p>\n<li><span style=\"font-family:arial, helvetica, sans-serif;font-size:10pt;\">szlifowane i ostre ostrza doskonale radz\u0105 sobie z wycinaniem wrastaj\u0105cych paznokci<\/span><\/li>\n<p><\/br><\/p>\n<li><span style=\"font-family:arial, helvetica, sans-serif;font-size:10pt;\">posiadaj\u0105 zamek do zapinania ramion, w zwi\u0105zku z tym ostrza s\u0105 chronione przez uszkodzeniem<\/span><\/li>\n<p><\/br><\/p>\n<li><span style=\"font-family:arial, helvetica, sans-serif;font-size:10pt;\">wyprodukowano zgodnie z potrzebami (FIP-IFP) Federation of International Podiatrists<\/span><\/li>\n<p><\/br><\/p>\n<li><span style=\"font-family:arial, helvetica, sans-serif;font-size:10pt;\">wyprodukowane metod\u0105 kowalsk\u0105 (na gor\u0105co), dzi\u0119ki temu nigdy nie b\u0119d\u0105 lu\u017ane.<\/span><\/li>\n<p><\/br><\/p>\n<li><span style=\"font-family:arial, helvetica, sans-serif;font-size:10pt;\">produkt wielokrotnego u\u017cytku \u2013 autoklawowalny<\/span><\/li>\n<p><\/br><\/p>\n<li><span style=\"font-family:arial, helvetica, sans-serif;font-size:10pt;\">gwarancja producenta \u2013 24 miesi\u0105ce<\/span><\/li>\n<p><\/br><\/ul>\n<p><\/br><\/p>\n<p><span style=\"font-family:arial, helvetica, sans-serif;font-size:10pt;\"><em>C\u0119gi do paznokci<\/em>, jak wszystkie narz\u0119dzia Tendo\u00ae Solingen wyprodukowane s\u0105 metod\u0105 kucia, co zwi\u0119ksza ich odporno\u015b\u0107 i wytrzyma\u0142o\u015b\u0107. Mog\u0105 by\u0107 sterylizowane w autoklawach kosmetycznych i dezynfekowane \u015brodkami chemicznymi z wyj\u0105tkiem \u015brodk\u00f3w wybielaj\u0105cych i pochodnych.\u00a0Produkty posiadaj\u0105 mi\u0119dzynarodowy certyfikat CE a podczas proces\u00f3w produkcyjnych stosowane s\u0105 efektywne systemy zarz\u0105dzania jako\u015bci\u0105 i kontroli wewn\u0119trznej: ISO 9001\/ ISO 13485.<\/span><\/p>\n","protected":false},"excerpt":{"rendered":"<p><span style=\"font-family:arial, helvetica, sans-serif;font-size:10pt;\">Profesjonalne <strong>C\u0119gi czo\u0142owe do paznokci<\/strong> Tendo\u00ae Solingen wyprodukowane z wysokogatunkowej stali chirurgicznej medycznej. Specjalnie wyprofilowane, wkl\u0119s\u0142e i odpowiednio ostre ostrze pozwala na szybkie, \u0142atwe oraz precyzyjne skracanie paznokci, podczas zabieg\u00f3w pedologicznych wykonywanych przez profesjonalist\u00f3w. <span style=\"text-decoration:underline;\">C\u0119gi k\u0105towe w kosmetyce<\/span> przeznaczone s\u0105 do bocznego obcinania paznokci st\u00f3p oraz do wycinanie cz\u0119\u015bci paznokcia wrastaj\u0105cego. Pozycja boczna to optymalna pozycja pracy podologa, gdzie jedna r\u0119ka przytrzymuje palec a druga obcina paznokcie. Dodatkowo taka pozycja znacznie u\u0142atwia obcinanie paznokci zdrewnia\u0142ych i wkr\u0119caj\u0105cych si\u0119.\u00a0<\/span><\/p>\n<p><\/br><\/p>\n<h2><span style=\"font-family:arial, helvetica, sans-serif;font-size:10pt;\">C\u0119gi k\u0105towe do paznokci \u2013 dane techniczne<\/span><\/h2>\n<p><\/br><\/p>\n<ul><\/br><\/p>\n<li><span style=\"font-family:arial, helvetica, sans-serif;font-size:10pt;\">ca\u0142kowita d\u0142ugo\u015b\u0107 14 cm\/140.0 mm \/ 5.51<\/span><\/li>\n<p><\/br><\/p>\n<li><span style=\"font-family:arial, helvetica, sans-serif;font-size:10pt;\">d\u0142ugo\u015b\u0107 ostrza 2 cm\/ 20.0 mm \/ 0.79<\/span><\/li>\n<p><\/br><\/p>\n<li><span style=\"font-family:arial, helvetica, sans-serif;font-size:10pt;\">profil ostrza: grzbiet zaokr\u0105glony \u0142ukiem w kierunku szpica<\/span><\/li>\n<p><\/br><\/p>\n<li><span style=\"font-family:arial, helvetica, sans-serif;font-size:10pt;\">system monta\u017cu &#8211; przek\u0142adane<\/span><\/li>\n<p><\/br><\/p>\n<li><span style=\"font-family:arial, helvetica, sans-serif;font-size:10pt;\">podw\u00f3jny system spr\u0119\u017cynuj\u0105cy symetryczny<\/span><\/li>\n<p><\/br><\/p>\n<li><span style=\"font-family:arial, helvetica, sans-serif;font-size:10pt;\">wykonane s\u0105 ze stali chirurgicznej (Stainless Steel)<\/span><\/li>\n<p><\/br><\/p>\n<li><span style=\"font-family:arial, helvetica, sans-serif;font-size:10pt;\">idealnie wywa\u017cone<\/span><\/li>\n<p><\/br><\/p>\n<li><span style=\"font-family:arial, helvetica, sans-serif;font-size:10pt;\">satynowe &#8211; matowe<\/span><\/li>\n<p><\/br><\/p>\n<li><span style=\"font-family:arial, helvetica, sans-serif;font-size:10pt;\">antyalergiczne<\/span><\/li>\n<p><\/br><\/p>\n<li><span style=\"font-family:arial, helvetica, sans-serif;font-size:10pt;\">wielorazowy<\/span><\/li>\n<p><\/br><\/ul>\n<p><\/br><\/p>\n<h2><span style=\"font-family:arial, helvetica, sans-serif;font-size:10pt;\">Zalety c\u0119g czo\u0142owych do paznokci <\/span><\/h2>\n<p><\/br><\/p>\n<ul><\/br><\/p>\n<li><span style=\"font-family:arial, helvetica, sans-serif;font-size:10pt;\">posiadaj\u0105 solidn\u0105, podw\u00f3jn\u0105 spr\u0119\u017cyn\u0119, kt\u00f3ra dobrze stabilizuje oraz amortyzuje ka\u017cde \u015bci\u015bni\u0119cie narz\u0119dzia<\/span><\/li>\n<p><\/br><\/p>\n<li><span style=\"font-family:arial, helvetica, sans-serif;font-size:10pt;\">ergonomiczny uchwyt sprawia, \u017ce nawet d\u0142u\u017csza praca nie wp\u0142ywa na zm\u0119czenie d\u0142oni, a mi\u0119\u015bnie palc\u00f3w maj\u0105 idealnie dopasowane narz\u0119dzie<\/span><\/li>\n<p><\/br><\/p>\n<li><span style=\"font-family:arial, helvetica, sans-serif;font-size:10pt;\">wyko\u0144czenie\u00a0matowe\u00a0(satin) metod\u0105 ceramicznego piaskowania<\/span><\/li>\n<p><\/br><\/p>\n<li><span style=\"font-family:arial, helvetica, sans-serif;font-size:10pt;\"><em>c\u0119gi czo\u0142owe<\/em> maj\u0105 odpowiednio wyprofilowany kszta\u0142t, kt\u00f3ry zapewnia dost\u0119p do trudno dost\u0119pnych i bol\u0105cych miejsc<\/span><\/li>\n<p><\/br><\/p>\n<li><span style=\"font-family:arial, helvetica, sans-serif;font-size:10pt;\">nadaj\u0105 si\u0119 do obcinania wszystkich, nawet najtwardszych paznokci<\/span><\/li>\n<p><\/br><\/p>\n<li><span style=\"font-family:arial, helvetica, sans-serif;font-size:10pt;\">szlifowane i ostre ostrza doskonale radz\u0105 sobie z wycinaniem wrastaj\u0105cych paznokci<\/span><\/li>\n<p><\/br><\/p>\n<li><span style=\"font-family:arial, helvetica, sans-serif;font-size:10pt;\">posiadaj\u0105 zamek do zapinania ramion, w zwi\u0105zku z tym ostrza s\u0105 chronione przez uszkodzeniem<\/span><\/li>\n<p><\/br><\/p>\n<li><span style=\"font-family:arial, helvetica, sans-serif;font-size:10pt;\">wyprodukowano zgodnie z potrzebami (FIP-IFP) Federation of International Podiatrists<\/span><\/li>\n<p><\/br><\/p>\n<li><span style=\"font-family:arial, helvetica, sans-serif;font-size:10pt;\">wyprodukowane metod\u0105 kowalsk\u0105 (na gor\u0105co), dzi\u0119ki temu nigdy nie b\u0119d\u0105 lu\u017ane.<\/span><\/li>\n<p><\/br><\/p>\n<li><span style=\"font-family:arial, helvetica, sans-serif;font-size:10pt;\">produkt wielokrotnego u\u017cytku \u2013 autoklawowalny<\/span><\/li>\n<p><\/br><\/p>\n<li><span style=\"font-family:arial, helvetica, sans-serif;font-size:10pt;\">gwarancja producenta \u2013 24 miesi\u0105ce<\/span><\/li>\n<p><\/br><\/ul>\n<p><\/br><\/p>\n<p><span style=\"font-family:arial, helvetica, sans-serif;font-size:10pt;\"><em>C\u0119gi do paznokci<\/em>, jak wszystkie narz\u0119dzia Tendo\u00ae Solingen wyprodukowane s\u0105 metod\u0105 kucia, co zwi\u0119ksza ich odporno\u015b\u0107 i wytrzyma\u0142o\u015b\u0107. Mog\u0105 by\u0107 sterylizowane w autoklawach kosmetycznych i dezynfekowane \u015brodkami chemicznymi z wyj\u0105tkiem \u015brodk\u00f3w wybielaj\u0105cych i pochodnych.\u00a0Produkty posiadaj\u0105 mi\u0119dzynarodowy certyfikat CE a podczas proces\u00f3w produkcyjnych stosowane s\u0105 efektywne systemy zarz\u0105dzania jako\u015bci\u0105 i kontroli wewn\u0119trznej: ISO 9001\/ ISO 13485.<\/span><\/p>\n","protected":false},"featured_media":997,"comment_status":"closed","ping_status":"closed","template":"","meta":[],"product_brand":[],"product_cat":[183],"product_tag":[],"class_list":{"0":"post-2405","1":"product","2":"type-product","3":"status-publish","4":"has-post-thumbnail","6":"product_cat-cegi-cazki","8":"first","9":"instock","10":"product-type-simple"},"_links":{"self":[{"href":"https:\/\/tendosolingen.de\/pl\/wp-json\/wp\/v2\/product\/2405","targetHints":{"allow":["GET"]}}],"collection":[{"href":"https:\/\/tendosolingen.de\/pl\/wp-json\/wp\/v2\/product"}],"about":[{"href":"https:\/\/tendosolingen.de\/pl\/wp-json\/wp\/v2\/types\/product"}],"replies":[{"embeddable":true,"href":"https:\/\/tendosolingen.de\/pl\/wp-json\/wp\/v2\/comments?post=2405"}],"wp:featuredmedia":[{"embeddable":true,"href":"https:\/\/tendosolingen.de\/pl\/wp-json\/wp\/v2\/media\/997"}],"wp:attachment":[{"href":"https:\/\/tendosolingen.de\/pl\/wp-json\/wp\/v2\/media?parent=2405"}],"wp:term":[{"taxonomy":"product_brand","embeddable":true,"href":"https:\/\/tendosolingen.de\/pl\/wp-json\/wp\/v2\/product_brand?post=2405"},{"taxonomy":"product_cat","embeddable":true,"href":"https:\/\/tendosolingen.de\/pl\/wp-json\/wp\/v2\/product_cat?post=2405"},{"taxonomy":"product_tag","embeddable":true,"href":"https:\/\/tendosolingen.de\/pl\/wp-json\/wp\/v2\/product_tag?post=2405"}],"curies":[{"name":"wp","href":"https:\/\/api.w.org\/{rel}","templated":true}]}}