{"id":2404,"date":"2024-04-09T22:38:20","date_gmt":"2024-04-09T20:38:20","guid":{"rendered":"https:\/\/tendosolingen.de\/product\/mini-cegi-z-przekladnia-do-wrastajacych-paznokci-12-5-cm-rodzaj-produktu-premium-hq\/"},"modified":"2026-01-09T15:16:49","modified_gmt":"2026-01-09T14:16:49","slug":"mini-cegi-z-przekladnia-do-wrastajacych-paznokci-12-5-cm-rodzaj-produktu-premium-hq","status":"publish","type":"product","link":"https:\/\/tendosolingen.de\/pl\/produkt\/mini-cegi-z-przekladnia-do-wrastajacych-paznokci-12-5-cm-rodzaj-produktu-premium-hq\/","title":{"rendered":"Mini c\u0119gi z przek\u0142adni\u0105 do wrastaj\u0105cych paznokci 12.5 cm Rodzaj produktu: Premium (HQ)"},"content":{"rendered":"<p><span style=\"font-family:arial, helvetica, sans-serif;font-size:10pt;\"><em>C\u0119gi do pedicure<\/em> z przek\u0142adnia do wrastaj\u0105cych paznokci s\u0105 wykonane r\u0119cznie z wysokiej klasy stali chirurgicznej medycznej. <strong>C\u0119gi podologiczne<\/strong> zosta\u0142y tak zaprojektowane oby zredukowa\u0107 si\u0142\u0119 potrzebn\u0105 do obcinania twardych oraz wrastaj\u0105cych paznokci. <span style=\"text-decoration:underline;\">Mini c\u0119gi kosmetyczne<\/span> przeznaczone s\u0105 do profesjonalnych zabieg\u00f3w podologicznych, wykonywanych przez profesjonalist\u00f3w. Profil ostrza pozwala wykona\u0107 zabieg w bardzo trudno dost\u0119pnych miejscach.<\/span><\/p>\n<p><\/br><\/p>\n<h2><span style=\"font-family:arial, helvetica, sans-serif;font-size:10pt;\">C\u0119gi do paznokci z przek\u0142adni\u0105 \u00a0&#8211; parametry<\/span><\/h2>\n<p><\/br><\/p>\n<ul><\/br><\/p>\n<li><span style=\"font-family:arial, helvetica, sans-serif;font-size:10pt;\">d\u0142ugo\u015b\u0107 ca\u0142kowita \u2013 12,5 cm<\/span><\/li>\n<p><\/br><\/p>\n<li><span style=\"font-family:arial, helvetica, sans-serif;font-size:10pt;\">d\u0142ugo\u015b\u0107 ostrza \u2013 2 cm<\/span><\/li>\n<p><\/br><\/p>\n<li><span style=\"font-family:arial, helvetica, sans-serif;font-size:10pt;\">szeroko\u015b\u0107 ostrza \u2013 1 cm<\/span><\/li>\n<p><\/br><\/p>\n<li><span style=\"font-family:arial, helvetica, sans-serif;font-size:10pt;\">mechanizm \u2013 spr\u0119\u017cynowy<\/span><\/li>\n<p><\/br><\/p>\n<li><span style=\"font-family:arial, helvetica, sans-serif;font-size:10pt;\">wysokiej klasy stal chirurgiczna<\/span><\/li>\n<p><\/br><\/p>\n<li><span style=\"font-family:arial, helvetica, sans-serif;font-size:10pt;\">ostrza wkl\u0119s\u0142e zako\u0144czone dok\u0142adnym szpicem<\/span><\/li>\n<p><\/br><\/p>\n<li><span style=\"font-family:arial, helvetica, sans-serif;font-size:10pt;\">zamek do zapinania ramion<\/span><\/li>\n<p><\/br><\/p>\n<li><span style=\"font-family:arial, helvetica, sans-serif;font-size:10pt;\">certyfikaty<\/span><\/li>\n<p><\/br><\/p>\n<li><span style=\"font-family:arial, helvetica, sans-serif;font-size:10pt;\">odporne<\/span><\/li>\n<p><\/br><\/p>\n<li><span style=\"font-family:arial, helvetica, sans-serif;font-size:10pt;\">wytrzyma\u0142e<\/span><\/li>\n<p><\/br><\/p>\n<li><span style=\"font-family:arial, helvetica, sans-serif;font-size:10pt;\">wielokrotnego u\u017cytku<\/span><\/li>\n<p><\/br><\/p>\n<li><span style=\"font-family:arial, helvetica, sans-serif;font-size:10pt;\">ergonomiczne<\/span><\/li>\n<p><\/br><\/ul>\n<p><\/br><\/p>\n<h2><span style=\"font-family:arial, helvetica, sans-serif;font-size:10pt;\">Zalety wyboru c\u0119g do wrastaj\u0105cych paznokci Tendo\u00ae Solingen<\/span><\/h2>\n<p><\/br><\/p>\n<ul><\/br><\/p>\n<li><span style=\"font-family:arial, helvetica, sans-serif;font-size:10pt;\">wyprodukowane s\u0105 metod\u0105 kucia, co zwi\u0119ksza ich odporno\u015b\u0107 i wytrzyma\u0142o\u015b\u0107<\/span><\/li>\n<p><\/br><\/p>\n<li><span style=\"font-family:arial, helvetica, sans-serif;font-size:10pt;\">odpowiednio szlifowane ostrze doskonale radz\u0105 sobie z wycinaniem wrastaj\u0105cych paznokci<\/span><\/li>\n<p><\/br><\/p>\n<li><span style=\"font-family:arial, helvetica, sans-serif;font-size:10pt;\">przeznaczone do skracania twardych, wrastaj\u0105cych oraz przero\u015bni\u0119tych paznokci<\/span><\/li>\n<p><\/br><\/p>\n<li><span style=\"font-family:arial, helvetica, sans-serif;font-size:10pt;\">posiadaj\u0105 ergonomiczny\u00a0uchwyt\u00a0co stanowi\u00a0najbardziej dopasowan\u0105 oraz optymaln\u0105 d\u0142ugo\u015b\u0107 dla d\u0142oni podologa<\/span><\/li>\n<p><\/br><\/p>\n<li><span style=\"font-family:arial, helvetica, sans-serif;font-size:10pt;\">podw\u00f3jna przek\u0142adnia sprawia, \u017ce obcinanie nawet grubszych paznokci st\u00f3p nie sprawia \u017cadnego problemu<\/span><\/li>\n<p><\/br><\/p>\n<li><span style=\"font-family:arial, helvetica, sans-serif;font-size:10pt;\">przeznaczone do obcinania zaokr\u0105glonych k\u0105cik\u00f3w wkr\u0119caj\u0105cych si\u0119 paznokci.<\/span><\/li>\n<p><\/br><\/p>\n<li><span style=\"font-family:arial, helvetica, sans-serif;font-size:10pt;\">nadaj\u0105 si\u0119 do dezynfekcji i sterylizacji w autoklawie<\/span><\/li>\n<p><\/br><\/p>\n<li><span style=\"font-family:arial, helvetica, sans-serif;font-size:10pt;\">wyprodukowano zgodnie z potrzebami (FIP-IFP) Federation of International Podiatrists<\/span><\/li>\n<p><\/br><\/p>\n<li><span style=\"font-family:arial, helvetica, sans-serif;font-size:10pt;\">gwarancja producenta \u2013 24 miesi\u0105ce<\/span><\/li>\n<p><\/br><\/ul>\n<p><\/br><\/p>\n<p><span style=\"font-family:arial, helvetica, sans-serif;font-size:10pt;\"><em>Certyfikowane <\/em><em>c\u0119gi k\u0105towe w kosmetyce<\/em>, jak wszystkie narz\u0119dzia Tendo\u00ae Solingen mog\u0105 by\u0107 sterylizowane w autoklawach kosmetycznych i dezynfekowane \u015brodkami chemicznymi z wyj\u0105tkiem \u015brodk\u00f3w wybielaj\u0105cych i pochodnych.\u00a0<span style=\"text-decoration:underline;\">C\u0119gi uniwersalne<\/span> proste posiadaj\u0105 certyfikat CE oraz certyfikaty firmy medycznej w zakresie ISO 9001\/ ISO 13485.<\/span><\/p>\n","protected":false},"excerpt":{"rendered":"<p><span style=\"font-family:arial, helvetica, sans-serif;font-size:10pt;\"><em>C\u0119gi do pedicure<\/em> z przek\u0142adnia do wrastaj\u0105cych paznokci s\u0105 wykonane r\u0119cznie z wysokiej klasy stali chirurgicznej medycznej. <strong>C\u0119gi podologiczne<\/strong> zosta\u0142y tak zaprojektowane oby zredukowa\u0107 si\u0142\u0119 potrzebn\u0105 do obcinania twardych oraz wrastaj\u0105cych paznokci. <span style=\"text-decoration:underline;\">Mini c\u0119gi kosmetyczne<\/span> przeznaczone s\u0105 do profesjonalnych zabieg\u00f3w podologicznych, wykonywanych przez profesjonalist\u00f3w. Profil ostrza pozwala wykona\u0107 zabieg w bardzo trudno dost\u0119pnych miejscach.<\/span><\/p>\n<p><\/br><\/p>\n<h2><span style=\"font-family:arial, helvetica, sans-serif;font-size:10pt;\">C\u0119gi do paznokci z przek\u0142adni\u0105 \u00a0&#8211; parametry<\/span><\/h2>\n<p><\/br><\/p>\n<ul><\/br><\/p>\n<li><span style=\"font-family:arial, helvetica, sans-serif;font-size:10pt;\">d\u0142ugo\u015b\u0107 ca\u0142kowita \u2013 12,5 cm<\/span><\/li>\n<p><\/br><\/p>\n<li><span style=\"font-family:arial, helvetica, sans-serif;font-size:10pt;\">d\u0142ugo\u015b\u0107 ostrza \u2013 2 cm<\/span><\/li>\n<p><\/br><\/p>\n<li><span style=\"font-family:arial, helvetica, sans-serif;font-size:10pt;\">szeroko\u015b\u0107 ostrza \u2013 1 cm<\/span><\/li>\n<p><\/br><\/p>\n<li><span style=\"font-family:arial, helvetica, sans-serif;font-size:10pt;\">mechanizm \u2013 spr\u0119\u017cynowy<\/span><\/li>\n<p><\/br><\/p>\n<li><span style=\"font-family:arial, helvetica, sans-serif;font-size:10pt;\">wysokiej klasy stal chirurgiczna<\/span><\/li>\n<p><\/br><\/p>\n<li><span style=\"font-family:arial, helvetica, sans-serif;font-size:10pt;\">ostrza wkl\u0119s\u0142e zako\u0144czone dok\u0142adnym szpicem<\/span><\/li>\n<p><\/br><\/p>\n<li><span style=\"font-family:arial, helvetica, sans-serif;font-size:10pt;\">zamek do zapinania ramion<\/span><\/li>\n<p><\/br><\/p>\n<li><span style=\"font-family:arial, helvetica, sans-serif;font-size:10pt;\">certyfikaty<\/span><\/li>\n<p><\/br><\/p>\n<li><span style=\"font-family:arial, helvetica, sans-serif;font-size:10pt;\">odporne<\/span><\/li>\n<p><\/br><\/p>\n<li><span style=\"font-family:arial, helvetica, sans-serif;font-size:10pt;\">wytrzyma\u0142e<\/span><\/li>\n<p><\/br><\/p>\n<li><span style=\"font-family:arial, helvetica, sans-serif;font-size:10pt;\">wielokrotnego u\u017cytku<\/span><\/li>\n<p><\/br><\/p>\n<li><span style=\"font-family:arial, helvetica, sans-serif;font-size:10pt;\">ergonomiczne<\/span><\/li>\n<p><\/br><\/ul>\n<p><\/br><\/p>\n<h2><span style=\"font-family:arial, helvetica, sans-serif;font-size:10pt;\">Zalety wyboru c\u0119g do wrastaj\u0105cych paznokci Tendo\u00ae Solingen<\/span><\/h2>\n<p><\/br><\/p>\n<ul><\/br><\/p>\n<li><span style=\"font-family:arial, helvetica, sans-serif;font-size:10pt;\">wyprodukowane s\u0105 metod\u0105 kucia, co zwi\u0119ksza ich odporno\u015b\u0107 i wytrzyma\u0142o\u015b\u0107<\/span><\/li>\n<p><\/br><\/p>\n<li><span style=\"font-family:arial, helvetica, sans-serif;font-size:10pt;\">odpowiednio szlifowane ostrze doskonale radz\u0105 sobie z wycinaniem wrastaj\u0105cych paznokci<\/span><\/li>\n<p><\/br><\/p>\n<li><span style=\"font-family:arial, helvetica, sans-serif;font-size:10pt;\">przeznaczone do skracania twardych, wrastaj\u0105cych oraz przero\u015bni\u0119tych paznokci<\/span><\/li>\n<p><\/br><\/p>\n<li><span style=\"font-family:arial, helvetica, sans-serif;font-size:10pt;\">posiadaj\u0105 ergonomiczny\u00a0uchwyt\u00a0co stanowi\u00a0najbardziej dopasowan\u0105 oraz optymaln\u0105 d\u0142ugo\u015b\u0107 dla d\u0142oni podologa<\/span><\/li>\n<p><\/br><\/p>\n<li><span style=\"font-family:arial, helvetica, sans-serif;font-size:10pt;\">podw\u00f3jna przek\u0142adnia sprawia, \u017ce obcinanie nawet grubszych paznokci st\u00f3p nie sprawia \u017cadnego problemu<\/span><\/li>\n<p><\/br><\/p>\n<li><span style=\"font-family:arial, helvetica, sans-serif;font-size:10pt;\">przeznaczone do obcinania zaokr\u0105glonych k\u0105cik\u00f3w wkr\u0119caj\u0105cych si\u0119 paznokci.<\/span><\/li>\n<p><\/br><\/p>\n<li><span style=\"font-family:arial, helvetica, sans-serif;font-size:10pt;\">nadaj\u0105 si\u0119 do dezynfekcji i sterylizacji w autoklawie<\/span><\/li>\n<p><\/br><\/p>\n<li><span style=\"font-family:arial, helvetica, sans-serif;font-size:10pt;\">wyprodukowano zgodnie z potrzebami (FIP-IFP) Federation of International Podiatrists<\/span><\/li>\n<p><\/br><\/p>\n<li><span style=\"font-family:arial, helvetica, sans-serif;font-size:10pt;\">gwarancja producenta \u2013 24 miesi\u0105ce<\/span><\/li>\n<p><\/br><\/ul>\n<p><\/br><\/p>\n<p><span style=\"font-family:arial, helvetica, sans-serif;font-size:10pt;\"><em>Certyfikowane <\/em><em>c\u0119gi k\u0105towe w kosmetyce<\/em>, jak wszystkie narz\u0119dzia Tendo\u00ae Solingen mog\u0105 by\u0107 sterylizowane w autoklawach kosmetycznych i dezynfekowane \u015brodkami chemicznymi z wyj\u0105tkiem \u015brodk\u00f3w wybielaj\u0105cych i pochodnych.\u00a0<span style=\"text-decoration:underline;\">C\u0119gi uniwersalne<\/span> proste posiadaj\u0105 certyfikat CE oraz certyfikaty firmy medycznej w zakresie ISO 9001\/ ISO 13485.<\/span><\/p>\n","protected":false},"featured_media":992,"comment_status":"closed","ping_status":"closed","template":"","meta":[],"product_brand":[],"product_cat":[183],"product_tag":[],"class_list":{"0":"post-2404","1":"product","2":"type-product","3":"status-publish","4":"has-post-thumbnail","6":"product_cat-cegi-cazki","8":"first","9":"instock","10":"product-type-simple"},"_links":{"self":[{"href":"https:\/\/tendosolingen.de\/pl\/wp-json\/wp\/v2\/product\/2404","targetHints":{"allow":["GET"]}}],"collection":[{"href":"https:\/\/tendosolingen.de\/pl\/wp-json\/wp\/v2\/product"}],"about":[{"href":"https:\/\/tendosolingen.de\/pl\/wp-json\/wp\/v2\/types\/product"}],"replies":[{"embeddable":true,"href":"https:\/\/tendosolingen.de\/pl\/wp-json\/wp\/v2\/comments?post=2404"}],"wp:featuredmedia":[{"embeddable":true,"href":"https:\/\/tendosolingen.de\/pl\/wp-json\/wp\/v2\/media\/992"}],"wp:attachment":[{"href":"https:\/\/tendosolingen.de\/pl\/wp-json\/wp\/v2\/media?parent=2404"}],"wp:term":[{"taxonomy":"product_brand","embeddable":true,"href":"https:\/\/tendosolingen.de\/pl\/wp-json\/wp\/v2\/product_brand?post=2404"},{"taxonomy":"product_cat","embeddable":true,"href":"https:\/\/tendosolingen.de\/pl\/wp-json\/wp\/v2\/product_cat?post=2404"},{"taxonomy":"product_tag","embeddable":true,"href":"https:\/\/tendosolingen.de\/pl\/wp-json\/wp\/v2\/product_tag?post=2404"}],"curies":[{"name":"wp","href":"https:\/\/api.w.org\/{rel}","templated":true}]}}