{"id":2402,"date":"2024-04-09T22:38:20","date_gmt":"2024-04-09T20:38:20","guid":{"rendered":"https:\/\/tendosolingen.de\/product\/nozyczki-do-paznokci-proste-tendo-solingen-black\/"},"modified":"2025-11-06T15:40:13","modified_gmt":"2025-11-06T14:40:13","slug":"nozyczki-do-paznokci-proste-tendo-solingen-black","status":"publish","type":"product","link":"https:\/\/tendosolingen.de\/pl\/produkt\/nozyczki-do-paznokci-proste-tendo-solingen-black\/","title":{"rendered":"No\u017cyczki do paznokci proste Tendo Solingen Black\u00ae"},"content":{"rendered":"<p><span style=\"font-family:arial, helvetica, sans-serif;font-size:10pt;\">Markowe<em> no\u017cyczki<\/em> Tendo Solingen Black Line\u00ae znajduj\u0105 swoje zastosowanie w obcinaniu paznokci. Dobre\u00a0<span style=\"text-decoration:underline;\">no\u017cyczki do paznokci<\/span>\u00a0zako\u0144czone s\u0105 prost\u0105 cz\u0119\u015bci\u0105 pracuj\u0105c\u0105. Instrument wykorzystywany jest g\u0142\u00f3wnie w salonach kosmetycznych, klinikach medycyny estetycznej oraz gabinetach SPA. Do produkcji narz\u0119dzia wykorzystana zosta\u0142a wysokiej jako\u015bci stal nierdzewna b\u0119d\u0105ca gwarantem d\u0142ugotrwa\u0142o\u015bci i bardzo dobrych w\u0142a\u015bciwo\u015bci antykorozyjnych. Uniwersalna konstrukcja pozwala na u\u017cytkowanie no\u017cyczek zar\u00f3wno osobom prawo- jak i lewor\u0119cznym.<\/span><\/p>\n<p><\/br><\/p>\n<h1><span style=\"font-family:arial, helvetica, sans-serif;font-size:10pt;\">Parametry no\u017cyczek do paznokci<\/span><\/h1>\n<p><\/br><\/p>\n<ul><\/br><\/p>\n<li><span style=\"font-family:arial, helvetica, sans-serif;font-size:10pt;\">Typ: do paznokci, proste, ostre<\/span><\/li>\n<p><\/br><\/p>\n<li><span style=\"font-family:arial, helvetica, sans-serif;font-size:10pt;\">D\u0142ugo\u015b\u0107: 9 cm<\/span><\/li>\n<p><\/br><\/p>\n<li><span style=\"font-family:arial, helvetica, sans-serif;font-size:10pt;\">Chwyt prawo- oraz lewor\u0119czny<\/span><\/li>\n<p><\/br><\/p>\n<li><span style=\"font-family:arial, helvetica, sans-serif;font-size:10pt;\">Produkt wielokrotnego u\u017cytku<\/span><\/li>\n<p><\/br><\/p>\n<li><span style=\"font-family:arial, helvetica, sans-serif;font-size:10pt;\">Produkt niesterylny<\/span><\/li>\n<p><\/br><\/ul>\n<p><\/br><\/p>\n<h2><span style=\"font-family:arial, helvetica, sans-serif;font-size:10pt;\">Zalety wykorzystania no\u017cyczek do paznokci\u00a0<\/span><\/h2>\n<p><\/br><\/p>\n<ul><\/br><\/p>\n<li><span style=\"font-family:arial, helvetica, sans-serif;font-size:10pt;\">Ostro-ostra, prosta ko\u0144c\u00f3wka no\u017cyczek gwarantuje precyzje wykonywanych zabieg\u00f3w<\/span><\/li>\n<p><\/br><\/p>\n<li><span style=\"font-family:arial, helvetica, sans-serif;font-size:10pt;\">Uniwersalno\u015b\u0107 konstrukcji pozwala na u\u017cytkowanie no\u017cyczek przez osoby prawo- i lewor\u0119czne<\/span><\/li>\n<p><\/br><\/p>\n<li><span style=\"font-family:arial, helvetica, sans-serif;font-size:10pt;\">Wysokiej jako\u015bci stal nierdzewna pozwala na wielokrotn\u0105 sterylizacje instrumentu<\/span><\/li>\n<p><\/br><\/ul>\n<p><\/br><\/p>\n<p><span style=\"font-family:arial, helvetica, sans-serif;font-size:10pt;\">Narz\u0119dzie jest przeznaczone do sterylizacji i wielokrotnego u\u017cytku.\u00a0No\u017cyczki\u00a0do wycinania sk\u00f3rek powinny by\u0107 u\u017cywane zgodnie z ich przeznaczeniem. Przed pierwszym u\u017cyciem zalecamy zdezynfekowa\u0107 produkt.\u00a0Produkt zakupiony na platformie instrumedic.pl to gwarancja najwy\u017cszej jako\u015bci wykonania, bezpiecze\u0144stwa zakupu\u00a0i gwarantowanej satysfakcji albo zwrotu pieni\u0119dzy.\u00a0Narz\u0119dzia s\u0105 fabrycznie nowe oraz dok\u0142adnie sprawdzane i kontrolowane na wszystkich etapach produkcji, w celu zapewnienia ich zgodno\u015bci z mi\u0119dzynarodowymi standardami okre\u015blonymi ISO 9001:2008 oraz certyfikatem CE.<\/span><\/p>\n","protected":false},"excerpt":{"rendered":"<p><span style=\"font-family:arial, helvetica, sans-serif;font-size:10pt;\">Markowe<em> no\u017cyczki<\/em> Tendo Solingen Black Line\u00ae znajduj\u0105 swoje zastosowanie w obcinaniu paznokci. Dobre\u00a0<span style=\"text-decoration:underline;\">no\u017cyczki do paznokci<\/span>\u00a0zako\u0144czone s\u0105 prost\u0105 cz\u0119\u015bci\u0105 pracuj\u0105c\u0105. Instrument wykorzystywany jest g\u0142\u00f3wnie w salonach kosmetycznych, klinikach medycyny estetycznej oraz gabinetach SPA. Do produkcji narz\u0119dzia wykorzystana zosta\u0142a wysokiej jako\u015bci stal nierdzewna b\u0119d\u0105ca gwarantem d\u0142ugotrwa\u0142o\u015bci i bardzo dobrych w\u0142a\u015bciwo\u015bci antykorozyjnych. Uniwersalna konstrukcja pozwala na u\u017cytkowanie no\u017cyczek zar\u00f3wno osobom prawo- jak i lewor\u0119cznym.<\/span><\/p>\n<p><\/br><\/p>\n<h1><span style=\"font-family:arial, helvetica, sans-serif;font-size:10pt;\">Parametry no\u017cyczek do paznokci<\/span><\/h1>\n<p><\/br><\/p>\n<ul><\/br><\/p>\n<li><span style=\"font-family:arial, helvetica, sans-serif;font-size:10pt;\">Typ: do paznokci, proste, ostre<\/span><\/li>\n<p><\/br><\/p>\n<li><span style=\"font-family:arial, helvetica, sans-serif;font-size:10pt;\">D\u0142ugo\u015b\u0107: 9 cm<\/span><\/li>\n<p><\/br><\/p>\n<li><span style=\"font-family:arial, helvetica, sans-serif;font-size:10pt;\">Chwyt prawo- oraz lewor\u0119czny<\/span><\/li>\n<p><\/br><\/p>\n<li><span style=\"font-family:arial, helvetica, sans-serif;font-size:10pt;\">Produkt wielokrotnego u\u017cytku<\/span><\/li>\n<p><\/br><\/p>\n<li><span style=\"font-family:arial, helvetica, sans-serif;font-size:10pt;\">Produkt niesterylny<\/span><\/li>\n<p><\/br><\/ul>\n<p><\/br><\/p>\n<h2><span style=\"font-family:arial, helvetica, sans-serif;font-size:10pt;\">Zalety wykorzystania no\u017cyczek do paznokci\u00a0<\/span><\/h2>\n<p><\/br><\/p>\n<ul><\/br><\/p>\n<li><span style=\"font-family:arial, helvetica, sans-serif;font-size:10pt;\">Ostro-ostra, prosta ko\u0144c\u00f3wka no\u017cyczek gwarantuje precyzje wykonywanych zabieg\u00f3w<\/span><\/li>\n<p><\/br><\/p>\n<li><span style=\"font-family:arial, helvetica, sans-serif;font-size:10pt;\">Uniwersalno\u015b\u0107 konstrukcji pozwala na u\u017cytkowanie no\u017cyczek przez osoby prawo- i lewor\u0119czne<\/span><\/li>\n<p><\/br><\/p>\n<li><span style=\"font-family:arial, helvetica, sans-serif;font-size:10pt;\">Wysokiej jako\u015bci stal nierdzewna pozwala na wielokrotn\u0105 sterylizacje instrumentu<\/span><\/li>\n<p><\/br><\/ul>\n<p><\/br><\/p>\n<p><span style=\"font-family:arial, helvetica, sans-serif;font-size:10pt;\">Narz\u0119dzie jest przeznaczone do sterylizacji i wielokrotnego u\u017cytku.\u00a0No\u017cyczki\u00a0do wycinania sk\u00f3rek powinny by\u0107 u\u017cywane zgodnie z ich przeznaczeniem. Przed pierwszym u\u017cyciem zalecamy zdezynfekowa\u0107 produkt.\u00a0Produkt zakupiony na platformie instrumedic.pl to gwarancja najwy\u017cszej jako\u015bci wykonania, bezpiecze\u0144stwa zakupu\u00a0i gwarantowanej satysfakcji albo zwrotu pieni\u0119dzy.\u00a0Narz\u0119dzia s\u0105 fabrycznie nowe oraz dok\u0142adnie sprawdzane i kontrolowane na wszystkich etapach produkcji, w celu zapewnienia ich zgodno\u015bci z mi\u0119dzynarodowymi standardami okre\u015blonymi ISO 9001:2008 oraz certyfikatem CE.<\/span><\/p>\n","protected":false},"featured_media":988,"comment_status":"closed","ping_status":"open","template":"","meta":[],"product_brand":[],"product_cat":[48],"product_tag":[],"class_list":{"0":"post-2402","1":"product","2":"type-product","3":"status-publish","4":"has-post-thumbnail","6":"product_cat-nozyczki-do-skorek-i-paznokci-pl","8":"first","9":"instock","10":"product-type-simple"},"_links":{"self":[{"href":"https:\/\/tendosolingen.de\/pl\/wp-json\/wp\/v2\/product\/2402","targetHints":{"allow":["GET"]}}],"collection":[{"href":"https:\/\/tendosolingen.de\/pl\/wp-json\/wp\/v2\/product"}],"about":[{"href":"https:\/\/tendosolingen.de\/pl\/wp-json\/wp\/v2\/types\/product"}],"replies":[{"embeddable":true,"href":"https:\/\/tendosolingen.de\/pl\/wp-json\/wp\/v2\/comments?post=2402"}],"wp:featuredmedia":[{"embeddable":true,"href":"https:\/\/tendosolingen.de\/pl\/wp-json\/wp\/v2\/media\/988"}],"wp:attachment":[{"href":"https:\/\/tendosolingen.de\/pl\/wp-json\/wp\/v2\/media?parent=2402"}],"wp:term":[{"taxonomy":"product_brand","embeddable":true,"href":"https:\/\/tendosolingen.de\/pl\/wp-json\/wp\/v2\/product_brand?post=2402"},{"taxonomy":"product_cat","embeddable":true,"href":"https:\/\/tendosolingen.de\/pl\/wp-json\/wp\/v2\/product_cat?post=2402"},{"taxonomy":"product_tag","embeddable":true,"href":"https:\/\/tendosolingen.de\/pl\/wp-json\/wp\/v2\/product_tag?post=2402"}],"curies":[{"name":"wp","href":"https:\/\/api.w.org\/{rel}","templated":true}]}}