{"id":2401,"date":"2024-04-09T22:38:20","date_gmt":"2024-04-09T20:38:20","guid":{"rendered":"https:\/\/tendosolingen.de\/product\/nozyczki-chirurgiczne-do-paznokci-solingen-zagiete-9-cm-cienkie-o-o\/"},"modified":"2025-11-06T15:40:13","modified_gmt":"2025-11-06T14:40:13","slug":"nozyczki-chirurgiczne-do-paznokci-solingen-zagiete-9-cm-cienkie-o-o","status":"publish","type":"product","link":"https:\/\/tendosolingen.de\/pl\/produkt\/nozyczki-chirurgiczne-do-paznokci-solingen-zagiete-9-cm-cienkie-o-o\/","title":{"rendered":"No\u017cyczki chirurgiczne do paznokci Solingen zagi\u0119te 9 cm cienkie O\/O"},"content":{"rendered":"<p>Profesjonalne, <em>niemieckie <\/em>no\u017cyczki chirurgiczne Solingen 9 cm <span style=\"text-decoration:underline;\">do obcinania paznokci<\/span> i wycinania sk\u00f3rek ze stali nierdzewnej. No\u017cyczki posiadaj\u0105 ostre, cienkie i <em>zakrzywione<\/em> &#8222;krzywe&#8221; ko\u0144c\u00f3wki aby u\u0142atwi\u0107 prac\u0119 w trakcie zabiegu wycinania paznokci u r\u0105k i n\u00f3g.<\/p>\n<p><\/br><\/p>\n<p>Medyczne no\u017cyczki z certyfikatami jako\u015bci <strong>ISO 9001:2008 i CE<\/strong>. Wykonane z niemieckiej stali chirurgicznej u\u017cywanej do produkcji narz\u0119dzi medycznych dla najlepszych lekarzy specjalist\u00f3w. Z <strong>2-letni\u0105 gwarancj\u0105<\/strong> producenta. Mog\u0105 by\u0107 poddawane dezynfekcji \u015brodkami chemicznymi oraz sterylizacji w autoklawach. Doskonale nadaj\u0105 si\u0119 do stosowania w profesjonalnych zabiegach w szpitalach, klinikach a tak\u017ce w domowych warunkach.\u00a0<\/p>\n<p><\/br><\/p>\n<h2><span style=\"font-size:10pt;\">Bardzo dobre no\u017cyczki do obcinania paznokci\u00a0<\/span><\/h2>\n<p><\/br><\/p>\n<ul><\/br><\/p>\n<li>typ\u00a0<em>no\u017cyczki do paznokci<\/em>, ma\u0142e<\/li>\n<p><\/br><\/p>\n<li>d\u0142ugo\u015b\u0107 9 cm\u00a0<\/li>\n<p><\/br><\/p>\n<li>zagi\u0119te\u00a0<\/li>\n<p><\/br><\/p>\n<li>certyfikowane, ze stali medycznej (stainless steel)<\/li>\n<p><\/br><\/p>\n<li><strong>2 lata gwarancji\u00a0<\/strong><\/li>\n<p><\/br><\/ul>\n<p><\/br><\/p>\n<h2><span style=\"font-size:10pt;\">Zalety korzystania z no\u017cyczek do paznokci<\/span>\u00a0<\/h2>\n<p><\/br><\/p>\n<ul><\/br><\/p>\n<li>mocne i cienkie ko\u0144c\u00f3wki z niemieckiej stali\u00a0<\/li>\n<p><\/br><\/p>\n<li>dobrze wyprofilowane do obcinania paznokci\u00a0<\/li>\n<p><\/br><\/p>\n<li>sprawdz\u0105 si\u0119 r\u00f3wnie\u017c do wycinania wi\u0119kszych sk\u00f3rek<\/li>\n<p><\/br><\/p>\n<li>posiadaj\u0105 certyfikaty i gwarancj\u0119 producenta\u00a0<\/li>\n<p><\/br><\/ul>\n<p><\/br><\/p>\n<p>No\u017cyczki nadaj\u0105 si\u0119 zar\u00f3wno <em>dla m\u0119\u017cczyzn<\/em> jak i kobiet. No\u017cyczki kupione w sklepie medycznym lub w aptece to gwarancja najwy\u017cszej jako\u015bci, bezpiecze\u0144stwa i komfortu u\u017cytkowania. Dost\u0119pne tak\u017ce inne modele no\u017cyczek rekomendowanych przez najlepszych specjalist\u00f3w. S\u0105 u\u017cywane w medycynie estetycznej i chirurgii plastycznej podczas prostych zabieg\u00f3w.\u00a0<\/p>\n","protected":false},"excerpt":{"rendered":"<p>Profesjonalne, <em>niemieckie <\/em>no\u017cyczki chirurgiczne Solingen 9 cm <span style=\"text-decoration:underline;\">do obcinania paznokci<\/span> i wycinania sk\u00f3rek ze stali nierdzewnej. No\u017cyczki posiadaj\u0105 ostre, cienkie i <em>zakrzywione<\/em> &#8222;krzywe&#8221; ko\u0144c\u00f3wki aby u\u0142atwi\u0107 prac\u0119 w trakcie zabiegu wycinania paznokci u r\u0105k i n\u00f3g.<\/p>\n<p><\/br><\/p>\n<p>Medyczne no\u017cyczki z certyfikatami jako\u015bci <strong>ISO 9001:2008 i CE<\/strong>. Wykonane z niemieckiej stali chirurgicznej u\u017cywanej do produkcji narz\u0119dzi medycznych dla najlepszych lekarzy specjalist\u00f3w. Z <strong>2-letni\u0105 gwarancj\u0105<\/strong> producenta. Mog\u0105 by\u0107 poddawane dezynfekcji \u015brodkami chemicznymi oraz sterylizacji w autoklawach. Doskonale nadaj\u0105 si\u0119 do stosowania w profesjonalnych zabiegach w szpitalach, klinikach a tak\u017ce w domowych warunkach.\u00a0<\/p>\n<p><\/br><\/p>\n<h2><span style=\"font-size:10pt;\">Bardzo dobre no\u017cyczki do obcinania paznokci\u00a0<\/span><\/h2>\n<p><\/br><\/p>\n<ul><\/br><\/p>\n<li>typ\u00a0<em>no\u017cyczki do paznokci<\/em>, ma\u0142e<\/li>\n<p><\/br><\/p>\n<li>d\u0142ugo\u015b\u0107 9 cm\u00a0<\/li>\n<p><\/br><\/p>\n<li>zagi\u0119te\u00a0<\/li>\n<p><\/br><\/p>\n<li>certyfikowane, ze stali medycznej (stainless steel)<\/li>\n<p><\/br><\/p>\n<li><strong>2 lata gwarancji\u00a0<\/strong><\/li>\n<p><\/br><\/ul>\n<p><\/br><\/p>\n<h2><span style=\"font-size:10pt;\">Zalety korzystania z no\u017cyczek do paznokci<\/span>\u00a0<\/h2>\n<p><\/br><\/p>\n<ul><\/br><\/p>\n<li>mocne i cienkie ko\u0144c\u00f3wki z niemieckiej stali\u00a0<\/li>\n<p><\/br><\/p>\n<li>dobrze wyprofilowane do obcinania paznokci\u00a0<\/li>\n<p><\/br><\/p>\n<li>sprawdz\u0105 si\u0119 r\u00f3wnie\u017c do wycinania wi\u0119kszych sk\u00f3rek<\/li>\n<p><\/br><\/p>\n<li>posiadaj\u0105 certyfikaty i gwarancj\u0119 producenta\u00a0<\/li>\n<p><\/br><\/ul>\n<p><\/br><\/p>\n<p>No\u017cyczki nadaj\u0105 si\u0119 zar\u00f3wno <em>dla m\u0119\u017cczyzn<\/em> jak i kobiet. No\u017cyczki kupione w sklepie medycznym lub w aptece to gwarancja najwy\u017cszej jako\u015bci, bezpiecze\u0144stwa i komfortu u\u017cytkowania. Dost\u0119pne tak\u017ce inne modele no\u017cyczek rekomendowanych przez najlepszych specjalist\u00f3w. S\u0105 u\u017cywane w medycynie estetycznej i chirurgii plastycznej podczas prostych zabieg\u00f3w.\u00a0<\/p>\n","protected":false},"featured_media":984,"comment_status":"closed","ping_status":"open","template":"","meta":[],"product_brand":[],"product_cat":[48],"product_tag":[],"class_list":{"0":"post-2401","1":"product","2":"type-product","3":"status-publish","4":"has-post-thumbnail","6":"product_cat-nozyczki-do-skorek-i-paznokci-pl","8":"first","9":"instock","10":"product-type-simple"},"_links":{"self":[{"href":"https:\/\/tendosolingen.de\/pl\/wp-json\/wp\/v2\/product\/2401","targetHints":{"allow":["GET"]}}],"collection":[{"href":"https:\/\/tendosolingen.de\/pl\/wp-json\/wp\/v2\/product"}],"about":[{"href":"https:\/\/tendosolingen.de\/pl\/wp-json\/wp\/v2\/types\/product"}],"replies":[{"embeddable":true,"href":"https:\/\/tendosolingen.de\/pl\/wp-json\/wp\/v2\/comments?post=2401"}],"wp:featuredmedia":[{"embeddable":true,"href":"https:\/\/tendosolingen.de\/pl\/wp-json\/wp\/v2\/media\/984"}],"wp:attachment":[{"href":"https:\/\/tendosolingen.de\/pl\/wp-json\/wp\/v2\/media?parent=2401"}],"wp:term":[{"taxonomy":"product_brand","embeddable":true,"href":"https:\/\/tendosolingen.de\/pl\/wp-json\/wp\/v2\/product_brand?post=2401"},{"taxonomy":"product_cat","embeddable":true,"href":"https:\/\/tendosolingen.de\/pl\/wp-json\/wp\/v2\/product_cat?post=2401"},{"taxonomy":"product_tag","embeddable":true,"href":"https:\/\/tendosolingen.de\/pl\/wp-json\/wp\/v2\/product_tag?post=2401"}],"curies":[{"name":"wp","href":"https:\/\/api.w.org\/{rel}","templated":true}]}}