{"id":2400,"date":"2024-04-09T22:38:20","date_gmt":"2024-04-09T20:38:20","guid":{"rendered":"https:\/\/tendosolingen.de\/product\/peseta-do-brwi-solingen-wygieta-rodzaj-produktu-premium-hq\/"},"modified":"2025-11-06T15:40:13","modified_gmt":"2025-11-06T14:40:13","slug":"peseta-do-brwi-solingen-wygieta-rodzaj-produktu-premium-hq","status":"publish","type":"product","link":"https:\/\/tendosolingen.de\/pl\/produkt\/peseta-do-brwi-solingen-wygieta-rodzaj-produktu-premium-hq\/","title":{"rendered":"P\u0119seta do brwi Solingen wygi\u0119ta Rodzaj produktu: Premium (HQ)"},"content":{"rendered":"<p><span style=\"font-family: arial, helvetica, sans-serif; font-size: 10pt;\">Profesjonalna wygi\u0119ta <strong>pinceta Solingen<\/strong> do depilacji pozwala na uchwycenie najmniejszych w\u0142osk\u00f3w oraz niepo\u017c\u0105danych brwi. P\u0119seta do wyrywania brwi ma unikalny kszta\u0142t w postaci \u0142uku co powala na dok\u0142adne uchwycenie niepo\u017c\u0105danego w\u0142oska. Najlepsza p\u0119seta Solingen wykonana z niemieckiej stali chirurgicznej, nierdzewnej. Bardzo wygodna i por\u0119czna dzi\u0119ki czemu idealnie nadaje si\u0119 do salon\u00f3w kosmetycznych jak i do u\u017cytku domowego. Wysoka jako\u015b\u0107 pozwala wykorzystywa\u0107 ja w ka\u017cdych warunkach \u2013 na sucha i mokro. Dzi\u0119ki odpowiedniemu sk\u0142adowi metali wykorzystywanych do produkcji narz\u0119dzi medycznych mo\u017cna j\u0105 wielokrotnie sterylizowa\u0107 w autoklawie. Dobra do d\u0142ugotrwa\u0142ej i kr\u00f3tkiej pracy bez utraty jako\u015bci zabiegu.<\/span><\/p>\n<p><\/br><\/p>\n<h2><span style=\"font-family: arial, helvetica, sans-serif; font-size: 10pt;\">Parametry p\u0119sety do wyrywania brwi<\/span><\/h2>\n<p><\/br><\/p>\n<ul><\/br><\/p>\n<li><span style=\"font-family: arial, helvetica, sans-serif; font-size: 10pt;\">dost\u0119pne warianty: Standard i Premium<\/span><\/li>\n<p><\/br><\/p>\n<li><span style=\"font-family: arial, helvetica, sans-serif; font-size: 10pt;\"><span style=\"font-family: arial, helvetica, sans-serif; font-size: 10pt;\">stal: Germany Stainless Steel (<\/span><\/span><span style=\"font-family: arial, helvetica, sans-serif; font-size: 10pt;\">niemiecka stal chirurgiczna)<\/span><\/li>\n<p><\/br><\/p>\n<li><span style=\"font-family: arial, helvetica, sans-serif;\"><span style=\"font-size: 13.3333px;\">model: sko\u015bna, zagi\u0119ta<\/span><\/span><\/li>\n<p><\/br><\/p>\n<li><span style=\"font-family: arial, helvetica, sans-serif; font-size: 10pt;\">d\u0142ugo\u015b\u0107 85 mm<\/span><\/li>\n<p><\/br><\/p>\n<li><span style=\"font-family: arial, helvetica, sans-serif; font-size: 10pt;\">szeroko\u015b\u0107 ko\u0144c\u00f3wek 4 mm<\/span><\/li>\n<p><\/br><\/p>\n<li><span style=\"font-family: arial, helvetica, sans-serif; font-size: 10pt;\">przylegaj\u0105ce sko\u015bne ko\u0144c\u00f3wki<\/span><\/li>\n<p><\/br><\/p>\n<li><span style=\"font-family: arial, helvetica, sans-serif; font-size: 10pt;\">\u0142ukowy, zakrzywiony kszta\u0142t<\/span><\/li>\n<p><\/br><\/p>\n<li><span style=\"font-family: arial, helvetica, sans-serif; font-size: 10pt;\">wielokrotnego u\u017cytku<\/span><\/li>\n<p><\/br><\/ul>\n<p><\/br><\/p>\n<h2><span style=\"font-family: arial, helvetica, sans-serif; font-size: 10pt;\">Zalety najlepszej p\u0119sety kosmetycznej Solingen<\/span><\/h2>\n<p><\/br><\/p>\n<ul><\/br><\/p>\n<li><span style=\"font-family: arial, helvetica, sans-serif; font-size: 10pt;\">odpowiedni profil u\u0142atwia wyrywanie nawet najmniejszych brwi lub w\u0142osk\u00f3w<\/span><\/li>\n<p><\/br><\/p>\n<li><span style=\"font-family: arial, helvetica, sans-serif; font-size: 10pt;\">sko\u015bne ko\u0144c\u00f3wki maj\u0105 du\u017c\u0105 powierzchni\u0119 co pozwala na uchwycenie najkr\u00f3tszych i najcie\u0144szych w\u0142osk\u00f3w, brwi<\/span><\/li>\n<p><\/br><\/p>\n<li><span style=\"font-family: arial, helvetica, sans-serif; font-size: 10pt;\">specjalnie wyprofilowana konstrukcja, dzi\u0119ki czemu nie wy\u015blizguje si\u0119 z d\u0142oni podczas pracy<\/span><\/li>\n<p><\/br><\/p>\n<li><span style=\"font-family: arial, helvetica, sans-serif; font-size: 10pt;\">wysoka jako\u015b\u0107 stali zapewnia d\u0142ug\u0105 \u017cywotno\u015b\u0107<\/span><\/li>\n<p><\/br><\/p>\n<li><span style=\"font-family: arial, helvetica, sans-serif; font-size: 10pt;\">mo\u017cliwo\u015b\u0107 sterylizacji w autoklawie<\/span><\/li>\n<p><\/br><\/p>\n<li><span style=\"font-family: arial, helvetica, sans-serif; font-size: 10pt;\">dwuletnia gwarancja producenta<\/span><\/li>\n<p><\/br><\/ul>\n<p><\/br><\/p>\n<p><span style=\"font-family: arial, helvetica, sans-serif; font-size: 10pt;\">Ka\u017cde narz\u0119dzie marki <strong>Tendo Solingen <\/strong>charakteryzuje si\u0119 wysokimi standardami jako\u015bci. \u00a0Produkty s\u0105 fabrycznie nowe potwierdzone certyfikatami ISO 9001:2008 oraz CE.<\/span><\/p>\n","protected":false},"excerpt":{"rendered":"<p><span style=\"font-family: arial, helvetica, sans-serif; font-size: 10pt;\">Profesjonalna wygi\u0119ta <strong>pinceta Solingen<\/strong> do depilacji pozwala na uchwycenie najmniejszych w\u0142osk\u00f3w oraz niepo\u017c\u0105danych brwi. P\u0119seta do wyrywania brwi ma unikalny kszta\u0142t w postaci \u0142uku co powala na dok\u0142adne uchwycenie niepo\u017c\u0105danego w\u0142oska. Najlepsza p\u0119seta Solingen wykonana z niemieckiej stali chirurgicznej, nierdzewnej. Bardzo wygodna i por\u0119czna dzi\u0119ki czemu idealnie nadaje si\u0119 do salon\u00f3w kosmetycznych jak i do u\u017cytku domowego. Wysoka jako\u015b\u0107 pozwala wykorzystywa\u0107 ja w ka\u017cdych warunkach \u2013 na sucha i mokro. Dzi\u0119ki odpowiedniemu sk\u0142adowi metali wykorzystywanych do produkcji narz\u0119dzi medycznych mo\u017cna j\u0105 wielokrotnie sterylizowa\u0107 w autoklawie. Dobra do d\u0142ugotrwa\u0142ej i kr\u00f3tkiej pracy bez utraty jako\u015bci zabiegu.<\/span><\/p>\n<p><\/br><\/p>\n<h2><span style=\"font-family: arial, helvetica, sans-serif; font-size: 10pt;\">Parametry p\u0119sety do wyrywania brwi<\/span><\/h2>\n<p><\/br><\/p>\n<ul><\/br><\/p>\n<li><span style=\"font-family: arial, helvetica, sans-serif; font-size: 10pt;\">dost\u0119pne warianty: Standard i Premium<\/span><\/li>\n<p><\/br><\/p>\n<li><span style=\"font-family: arial, helvetica, sans-serif; font-size: 10pt;\"><span style=\"font-family: arial, helvetica, sans-serif; font-size: 10pt;\">stal: Germany Stainless Steel (<\/span><\/span><span style=\"font-family: arial, helvetica, sans-serif; font-size: 10pt;\">niemiecka stal chirurgiczna)<\/span><\/li>\n<p><\/br><\/p>\n<li><span style=\"font-family: arial, helvetica, sans-serif;\"><span style=\"font-size: 13.3333px;\">model: sko\u015bna, zagi\u0119ta<\/span><\/span><\/li>\n<p><\/br><\/p>\n<li><span style=\"font-family: arial, helvetica, sans-serif; font-size: 10pt;\">d\u0142ugo\u015b\u0107 85 mm<\/span><\/li>\n<p><\/br><\/p>\n<li><span style=\"font-family: arial, helvetica, sans-serif; font-size: 10pt;\">szeroko\u015b\u0107 ko\u0144c\u00f3wek 4 mm<\/span><\/li>\n<p><\/br><\/p>\n<li><span style=\"font-family: arial, helvetica, sans-serif; font-size: 10pt;\">przylegaj\u0105ce sko\u015bne ko\u0144c\u00f3wki<\/span><\/li>\n<p><\/br><\/p>\n<li><span style=\"font-family: arial, helvetica, sans-serif; font-size: 10pt;\">\u0142ukowy, zakrzywiony kszta\u0142t<\/span><\/li>\n<p><\/br><\/p>\n<li><span style=\"font-family: arial, helvetica, sans-serif; font-size: 10pt;\">wielokrotnego u\u017cytku<\/span><\/li>\n<p><\/br><\/ul>\n<p><\/br><\/p>\n<h2><span style=\"font-family: arial, helvetica, sans-serif; font-size: 10pt;\">Zalety najlepszej p\u0119sety kosmetycznej Solingen<\/span><\/h2>\n<p><\/br><\/p>\n<ul><\/br><\/p>\n<li><span style=\"font-family: arial, helvetica, sans-serif; font-size: 10pt;\">odpowiedni profil u\u0142atwia wyrywanie nawet najmniejszych brwi lub w\u0142osk\u00f3w<\/span><\/li>\n<p><\/br><\/p>\n<li><span style=\"font-family: arial, helvetica, sans-serif; font-size: 10pt;\">sko\u015bne ko\u0144c\u00f3wki maj\u0105 du\u017c\u0105 powierzchni\u0119 co pozwala na uchwycenie najkr\u00f3tszych i najcie\u0144szych w\u0142osk\u00f3w, brwi<\/span><\/li>\n<p><\/br><\/p>\n<li><span style=\"font-family: arial, helvetica, sans-serif; font-size: 10pt;\">specjalnie wyprofilowana konstrukcja, dzi\u0119ki czemu nie wy\u015blizguje si\u0119 z d\u0142oni podczas pracy<\/span><\/li>\n<p><\/br><\/p>\n<li><span style=\"font-family: arial, helvetica, sans-serif; font-size: 10pt;\">wysoka jako\u015b\u0107 stali zapewnia d\u0142ug\u0105 \u017cywotno\u015b\u0107<\/span><\/li>\n<p><\/br><\/p>\n<li><span style=\"font-family: arial, helvetica, sans-serif; font-size: 10pt;\">mo\u017cliwo\u015b\u0107 sterylizacji w autoklawie<\/span><\/li>\n<p><\/br><\/p>\n<li><span style=\"font-family: arial, helvetica, sans-serif; font-size: 10pt;\">dwuletnia gwarancja producenta<\/span><\/li>\n<p><\/br><\/ul>\n<p><\/br><\/p>\n<p><span style=\"font-family: arial, helvetica, sans-serif; font-size: 10pt;\">Ka\u017cde narz\u0119dzie marki <strong>Tendo Solingen <\/strong>charakteryzuje si\u0119 wysokimi standardami jako\u015bci. \u00a0Produkty s\u0105 fabrycznie nowe potwierdzone certyfikatami ISO 9001:2008 oraz CE.<\/span><\/p>\n","protected":false},"featured_media":980,"comment_status":"closed","ping_status":"open","template":"","meta":[],"product_brand":[],"product_cat":[51],"product_tag":[],"class_list":{"0":"post-2400","1":"product","2":"type-product","3":"status-publish","4":"has-post-thumbnail","6":"product_cat-pesety-i-szczypce","8":"first","9":"instock","10":"product-type-simple"},"_links":{"self":[{"href":"https:\/\/tendosolingen.de\/pl\/wp-json\/wp\/v2\/product\/2400","targetHints":{"allow":["GET"]}}],"collection":[{"href":"https:\/\/tendosolingen.de\/pl\/wp-json\/wp\/v2\/product"}],"about":[{"href":"https:\/\/tendosolingen.de\/pl\/wp-json\/wp\/v2\/types\/product"}],"replies":[{"embeddable":true,"href":"https:\/\/tendosolingen.de\/pl\/wp-json\/wp\/v2\/comments?post=2400"}],"wp:featuredmedia":[{"embeddable":true,"href":"https:\/\/tendosolingen.de\/pl\/wp-json\/wp\/v2\/media\/980"}],"wp:attachment":[{"href":"https:\/\/tendosolingen.de\/pl\/wp-json\/wp\/v2\/media?parent=2400"}],"wp:term":[{"taxonomy":"product_brand","embeddable":true,"href":"https:\/\/tendosolingen.de\/pl\/wp-json\/wp\/v2\/product_brand?post=2400"},{"taxonomy":"product_cat","embeddable":true,"href":"https:\/\/tendosolingen.de\/pl\/wp-json\/wp\/v2\/product_cat?post=2400"},{"taxonomy":"product_tag","embeddable":true,"href":"https:\/\/tendosolingen.de\/pl\/wp-json\/wp\/v2\/product_tag?post=2400"}],"curies":[{"name":"wp","href":"https:\/\/api.w.org\/{rel}","templated":true}]}}