{"id":2398,"date":"2024-04-09T22:38:20","date_gmt":"2024-04-09T20:38:20","guid":{"rendered":"https:\/\/tendosolingen.de\/product\/peseta-do-brwi-solingen-skosna-rodzaj-produktu-premium-hq\/"},"modified":"2025-11-06T15:40:13","modified_gmt":"2025-11-06T14:40:13","slug":"peseta-do-brwi-solingen-skosna-rodzaj-produktu-premium-hq","status":"publish","type":"product","link":"https:\/\/tendosolingen.de\/pl\/produkt\/peseta-do-brwi-solingen-skosna-rodzaj-produktu-premium-hq\/","title":{"rendered":"P\u0119seta do brwi Solingen sko\u015bna Rodzaj produktu: Premium (HQ)"},"content":{"rendered":"<p style=\"text-align:justify;\"><span style=\"font-family:arial, helvetica, sans-serif;font-size:10pt;\">Profesjonalna <em>p\u0119seta do regulacji brwi<\/em> Tendo Solingen przeznaczona jest do \u0142atwej oraz precyzyjnej piel\u0119gnacji brwi. Dzi\u0119ki uko\u015bnemu profilowi jest wygodna w u\u017cyciu oraz u\u0142atwia usuwanie zb\u0119dnych w\u0142osk\u00f3w. <span style=\"text-decoration:underline;\">P\u0119sety do regulacji brwi<\/span> s\u0105 produkowane z wysokogatunkowej niemieckiej stali nierdzewnej wykorzystywanej do produkcji narz\u0119dzi medycznych. Dobra p\u0119seta do brwi dzi\u0119ki precyzyjnym ko\u0144c\u00f3wkom b\u0142yskawicznie wyrywa w\u0142oski razem z cebulkami, nie powoduj\u0105c \u017cadnego ci\u0105gni\u0119cia w\u0142osa czy sk\u00f3ry. Dzi\u0119ki niej \u0142atwo i szybko nadasz brwiom odpowiedni kszta\u0142t. Cz\u0119\u015b\u0107 pracuj\u0105ca ma do\u0142\u0105czan\u0105 gumow\u0105 nak\u0142adk\u0119, dzi\u0119ki czemu w spos\u00f3b higieniczny mo\u017cna przechowywa\u0107 p\u0119set\u0119 w kosmetyczce oraz zabezpieczy\u0107 ko\u0144ce przed uszkodzeniem.<\/span><\/p>\n<p><\/br><\/p>\n<h2 style=\"text-align:justify;\"><span style=\"font-family:arial, helvetica, sans-serif;font-size:10pt;\">Cechy p\u0119sety do regulacji brwi<\/span><\/h2>\n<p><\/br><\/p>\n<ul style=\"text-align:justify;\"><\/br><\/p>\n<li><span style=\"font-family:arial, helvetica, sans-serif;font-size:10pt;\">d\u0142ugo\u015b\u0107 90 mm<\/span><\/li>\n<p><\/br><\/p>\n<li><span style=\"font-family:arial, helvetica, sans-serif;font-size:10pt;\">szeroko\u015b\u0107 ko\u0144c\u00f3wek 3 mm<\/span><\/li>\n<p><\/br><\/p>\n<li><span style=\"font-family:arial, helvetica, sans-serif;font-size:10pt;\">ostre i przylegaj\u0105ce sko\u015bne ko\u0144c\u00f3wki<\/span><\/li>\n<p><\/br><\/p>\n<li><span style=\"font-family:arial, helvetica, sans-serif;font-size:10pt;\">ergonomicznych kszta\u0142t<\/span><\/li>\n<p><\/br><\/p>\n<li><span style=\"font-family:arial, helvetica, sans-serif;font-size:10pt;\">niemiecka stal chirurgiczna<\/span><\/li>\n<p><\/br><\/p>\n<li><span style=\"font-family:arial, helvetica, sans-serif;font-size:10pt;\">specjalnie zaprojektowana cz\u0119\u015b\u0107 uchwytu<\/span><\/li>\n<p><\/br><\/p>\n<li><span style=\"font-family:arial, helvetica, sans-serif;font-size:10pt;\">wielokrotnego u\u017cytku<\/span><\/li>\n<p><\/br><\/p>\n<li><span style=\"font-family:arial, helvetica, sans-serif;font-size:10pt;\">mo\u017cliwo\u015b\u0107 sterylizacji w autoklawie<\/span><\/li>\n<p><\/br><\/p>\n<li><span style=\"font-family:arial, helvetica, sans-serif;font-size:10pt;\">dwuletnia gwarancja producenta<\/span><\/li>\n<p><\/br><\/ul>\n<p><\/br><\/p>\n<h2 style=\"text-align:justify;\"><span style=\"font-family:arial, helvetica, sans-serif;font-size:10pt;\">Zalety <em>najlepszej p\u0119seta do regulacji brwi<\/em><\/span><\/h2>\n<p><\/br><\/p>\n<ul style=\"text-align:justify;\"><\/br><\/p>\n<li><span style=\"font-family:arial, helvetica, sans-serif;font-size:10pt;\">odpowiedni profil u\u0142atwia wyrywanie nawet najmniejszych w\u0142osk\u00f3w<\/span><\/li>\n<p><\/br><\/p>\n<li><span style=\"font-family:arial, helvetica, sans-serif;font-size:10pt;\">sko\u015bne ko\u0144c\u00f3wki maj\u0105 du\u017c\u0105 powierzchni\u0119 co pozwala na uchwycenie najkr\u00f3tszych i najcie\u0144szych w\u0142osk\u00f3w, brwi<\/span><\/li>\n<p><\/br><\/p>\n<li><span style=\"font-family:arial, helvetica, sans-serif;font-size:10pt;\">nie powoduje \u017cadnego ci\u0105gnienia w\u0142osa czy sk\u00f3ry<\/span><\/li>\n<p><\/br><\/p>\n<li><span style=\"font-family:arial, helvetica, sans-serif;font-size:10pt;\">odpowiednio u\u0142atwia prac\u0119 profesjonalistom<\/span><\/li>\n<p><\/br><\/p>\n<li><span style=\"font-family:arial, helvetica, sans-serif;font-size:10pt;\">posiada specjalnie wyprofilowan\u0105 konstrukcj\u0119, dzi\u0119ki czemu nie wy\u015blizguje si\u0119 z d\u0142oni podczas pracy<\/span><\/li>\n<p><\/br><\/p>\n<li><span style=\"font-family:arial, helvetica, sans-serif;font-size:10pt;\">wysoka jako\u015b\u0107 stali zapewnia d\u0142ug\u0105 \u017cywotno\u015b\u0107<\/span><\/li>\n<p><\/br><\/p>\n<li><span style=\"font-family:arial, helvetica, sans-serif;font-size:10pt;\">posiada\u00a0zastosowanie w depilacji, poniewa\u017c s\u0142u\u017cy do chwytania i odrywania pask\u00f3w z woskiem<\/span><\/li>\n<p><\/br><\/ul>\n<p><\/br><\/p>\n<p style=\"text-align:justify;\"><span style=\"font-family:arial, helvetica, sans-serif;font-size:10pt;\">Ka\u017cda <span style=\"text-decoration:underline;\">p\u0119seta kosmetyczna\u00a0do brwi<\/span>\u00a0Tendo Solingen jest fabrycznie nowa oraz dok\u0142adnie sprawdzana na wszystkich etapach produkcji, w celu zapewnienia ich zgodno\u015bci z mi\u0119dzynarodowymi standardami okre\u015blonymi ISO 9001:2008 oraz certyfikatem CE. Marka <strong>Tendo Solingen <\/strong>charakteryzuje si\u0119 wysokimi standardami jako\u015bci a projekty oraz konstrukcje narz\u0119dzi u\u0142atwiaj\u0105 prac\u0119 profesjonalistom.<\/span><\/p>\n","protected":false},"excerpt":{"rendered":"<p style=\"text-align:justify;\"><span style=\"font-family:arial, helvetica, sans-serif;font-size:10pt;\">Profesjonalna <em>p\u0119seta do regulacji brwi<\/em> Tendo Solingen przeznaczona jest do \u0142atwej oraz precyzyjnej piel\u0119gnacji brwi. Dzi\u0119ki uko\u015bnemu profilowi jest wygodna w u\u017cyciu oraz u\u0142atwia usuwanie zb\u0119dnych w\u0142osk\u00f3w. <span style=\"text-decoration:underline;\">P\u0119sety do regulacji brwi<\/span> s\u0105 produkowane z wysokogatunkowej niemieckiej stali nierdzewnej wykorzystywanej do produkcji narz\u0119dzi medycznych. Dobra p\u0119seta do brwi dzi\u0119ki precyzyjnym ko\u0144c\u00f3wkom b\u0142yskawicznie wyrywa w\u0142oski razem z cebulkami, nie powoduj\u0105c \u017cadnego ci\u0105gni\u0119cia w\u0142osa czy sk\u00f3ry. Dzi\u0119ki niej \u0142atwo i szybko nadasz brwiom odpowiedni kszta\u0142t. Cz\u0119\u015b\u0107 pracuj\u0105ca ma do\u0142\u0105czan\u0105 gumow\u0105 nak\u0142adk\u0119, dzi\u0119ki czemu w spos\u00f3b higieniczny mo\u017cna przechowywa\u0107 p\u0119set\u0119 w kosmetyczce oraz zabezpieczy\u0107 ko\u0144ce przed uszkodzeniem.<\/span><\/p>\n<p><\/br><\/p>\n<h2 style=\"text-align:justify;\"><span style=\"font-family:arial, helvetica, sans-serif;font-size:10pt;\">Cechy p\u0119sety do regulacji brwi<\/span><\/h2>\n<p><\/br><\/p>\n<ul style=\"text-align:justify;\"><\/br><\/p>\n<li><span style=\"font-family:arial, helvetica, sans-serif;font-size:10pt;\">d\u0142ugo\u015b\u0107 90 mm<\/span><\/li>\n<p><\/br><\/p>\n<li><span style=\"font-family:arial, helvetica, sans-serif;font-size:10pt;\">szeroko\u015b\u0107 ko\u0144c\u00f3wek 3 mm<\/span><\/li>\n<p><\/br><\/p>\n<li><span style=\"font-family:arial, helvetica, sans-serif;font-size:10pt;\">ostre i przylegaj\u0105ce sko\u015bne ko\u0144c\u00f3wki<\/span><\/li>\n<p><\/br><\/p>\n<li><span style=\"font-family:arial, helvetica, sans-serif;font-size:10pt;\">ergonomicznych kszta\u0142t<\/span><\/li>\n<p><\/br><\/p>\n<li><span style=\"font-family:arial, helvetica, sans-serif;font-size:10pt;\">niemiecka stal chirurgiczna<\/span><\/li>\n<p><\/br><\/p>\n<li><span style=\"font-family:arial, helvetica, sans-serif;font-size:10pt;\">specjalnie zaprojektowana cz\u0119\u015b\u0107 uchwytu<\/span><\/li>\n<p><\/br><\/p>\n<li><span style=\"font-family:arial, helvetica, sans-serif;font-size:10pt;\">wielokrotnego u\u017cytku<\/span><\/li>\n<p><\/br><\/p>\n<li><span style=\"font-family:arial, helvetica, sans-serif;font-size:10pt;\">mo\u017cliwo\u015b\u0107 sterylizacji w autoklawie<\/span><\/li>\n<p><\/br><\/p>\n<li><span style=\"font-family:arial, helvetica, sans-serif;font-size:10pt;\">dwuletnia gwarancja producenta<\/span><\/li>\n<p><\/br><\/ul>\n<p><\/br><\/p>\n<h2 style=\"text-align:justify;\"><span style=\"font-family:arial, helvetica, sans-serif;font-size:10pt;\">Zalety <em>najlepszej p\u0119seta do regulacji brwi<\/em><\/span><\/h2>\n<p><\/br><\/p>\n<ul style=\"text-align:justify;\"><\/br><\/p>\n<li><span style=\"font-family:arial, helvetica, sans-serif;font-size:10pt;\">odpowiedni profil u\u0142atwia wyrywanie nawet najmniejszych w\u0142osk\u00f3w<\/span><\/li>\n<p><\/br><\/p>\n<li><span style=\"font-family:arial, helvetica, sans-serif;font-size:10pt;\">sko\u015bne ko\u0144c\u00f3wki maj\u0105 du\u017c\u0105 powierzchni\u0119 co pozwala na uchwycenie najkr\u00f3tszych i najcie\u0144szych w\u0142osk\u00f3w, brwi<\/span><\/li>\n<p><\/br><\/p>\n<li><span style=\"font-family:arial, helvetica, sans-serif;font-size:10pt;\">nie powoduje \u017cadnego ci\u0105gnienia w\u0142osa czy sk\u00f3ry<\/span><\/li>\n<p><\/br><\/p>\n<li><span style=\"font-family:arial, helvetica, sans-serif;font-size:10pt;\">odpowiednio u\u0142atwia prac\u0119 profesjonalistom<\/span><\/li>\n<p><\/br><\/p>\n<li><span style=\"font-family:arial, helvetica, sans-serif;font-size:10pt;\">posiada specjalnie wyprofilowan\u0105 konstrukcj\u0119, dzi\u0119ki czemu nie wy\u015blizguje si\u0119 z d\u0142oni podczas pracy<\/span><\/li>\n<p><\/br><\/p>\n<li><span style=\"font-family:arial, helvetica, sans-serif;font-size:10pt;\">wysoka jako\u015b\u0107 stali zapewnia d\u0142ug\u0105 \u017cywotno\u015b\u0107<\/span><\/li>\n<p><\/br><\/p>\n<li><span style=\"font-family:arial, helvetica, sans-serif;font-size:10pt;\">posiada\u00a0zastosowanie w depilacji, poniewa\u017c s\u0142u\u017cy do chwytania i odrywania pask\u00f3w z woskiem<\/span><\/li>\n<p><\/br><\/ul>\n<p><\/br><\/p>\n<p style=\"text-align:justify;\"><span style=\"font-family:arial, helvetica, sans-serif;font-size:10pt;\">Ka\u017cda <span style=\"text-decoration:underline;\">p\u0119seta kosmetyczna\u00a0do brwi<\/span>\u00a0Tendo Solingen jest fabrycznie nowa oraz dok\u0142adnie sprawdzana na wszystkich etapach produkcji, w celu zapewnienia ich zgodno\u015bci z mi\u0119dzynarodowymi standardami okre\u015blonymi ISO 9001:2008 oraz certyfikatem CE. Marka <strong>Tendo Solingen <\/strong>charakteryzuje si\u0119 wysokimi standardami jako\u015bci a projekty oraz konstrukcje narz\u0119dzi u\u0142atwiaj\u0105 prac\u0119 profesjonalistom.<\/span><\/p>\n","protected":false},"featured_media":972,"comment_status":"closed","ping_status":"open","template":"","meta":[],"product_brand":[],"product_cat":[51],"product_tag":[],"class_list":{"0":"post-2398","1":"product","2":"type-product","3":"status-publish","4":"has-post-thumbnail","6":"product_cat-pesety-i-szczypce","8":"first","9":"instock","10":"product-type-simple"},"_links":{"self":[{"href":"https:\/\/tendosolingen.de\/pl\/wp-json\/wp\/v2\/product\/2398","targetHints":{"allow":["GET"]}}],"collection":[{"href":"https:\/\/tendosolingen.de\/pl\/wp-json\/wp\/v2\/product"}],"about":[{"href":"https:\/\/tendosolingen.de\/pl\/wp-json\/wp\/v2\/types\/product"}],"replies":[{"embeddable":true,"href":"https:\/\/tendosolingen.de\/pl\/wp-json\/wp\/v2\/comments?post=2398"}],"wp:featuredmedia":[{"embeddable":true,"href":"https:\/\/tendosolingen.de\/pl\/wp-json\/wp\/v2\/media\/972"}],"wp:attachment":[{"href":"https:\/\/tendosolingen.de\/pl\/wp-json\/wp\/v2\/media?parent=2398"}],"wp:term":[{"taxonomy":"product_brand","embeddable":true,"href":"https:\/\/tendosolingen.de\/pl\/wp-json\/wp\/v2\/product_brand?post=2398"},{"taxonomy":"product_cat","embeddable":true,"href":"https:\/\/tendosolingen.de\/pl\/wp-json\/wp\/v2\/product_cat?post=2398"},{"taxonomy":"product_tag","embeddable":true,"href":"https:\/\/tendosolingen.de\/pl\/wp-json\/wp\/v2\/product_tag?post=2398"}],"curies":[{"name":"wp","href":"https:\/\/api.w.org\/{rel}","templated":true}]}}