{"id":2395,"date":"2024-04-09T22:38:20","date_gmt":"2024-04-09T20:38:20","guid":{"rendered":"https:\/\/tendosolingen.de\/product\/nozyczki-do-paznokci-dla-dzieci-zaokraglone-solingen-9-cm-rodzaj-produktu-standard-sq\/"},"modified":"2025-11-06T15:40:13","modified_gmt":"2025-11-06T14:40:13","slug":"nozyczki-do-paznokci-dla-dzieci-zaokraglone-solingen-9-cm-rodzaj-produktu-standard-sq","status":"publish","type":"product","link":"https:\/\/tendosolingen.de\/pl\/produkt\/nozyczki-do-paznokci-dla-dzieci-zaokraglone-solingen-9-cm-rodzaj-produktu-standard-sq\/","title":{"rendered":"No\u017cyczki do paznokci dla dzieci zaokr\u0105glone Solingen 9 cm Rodzaj produktu: Standard (SQ)"},"content":{"rendered":"<p class=\"p1\" style=\"text-align:justify;\"><span class=\"s1\" style=\"font-family:arial, helvetica, sans-serif;font-size:10pt;\">Ma\u0142e, precyzyjne <strong>no\u017cyczki chirurgiczne do paznokci<\/strong> z zaokr\u0105glonymi ko\u0144cami Tendo <span style=\"text-decoration:underline;\">Solingen<\/span> 9 cm. No\u017cyczki zosta\u0142y wykonane ze stali nierdzewnej u\u017cywanej do produkcji narz\u0119dzi medycznych. Posiadaj\u0105 <span style=\"text-decoration:underline;\">bezpieczne dla dzieci,<\/span> zaokr\u0105glone ko\u0144c\u00f3wki. Chroni\u0105 przed skaleczeniem. Znajduj\u0105 zastosowanie <em>do obcinania, wycinania wrastaj\u0105cych i zrogowacia\u0142ych paznokci<\/em>. Mog\u0105 by\u0107 wykorzystywane do wycinania drobnych w\u0142os\u00f3w z uszu i nosa. Bardzo dobre, niemieckie no\u017cyczki otrzyma\u0142y certyfikat <strong>CE i ISO 9001:2015<\/strong> z 2-letni\u0105 gwarancj\u0105 producenta narz\u0119dzi chirurgicznych. <\/span><\/p>\n<p><\/br><\/p>\n<h2 class=\"p1\" style=\"text-align:justify;\"><span class=\"s1\" style=\"font-size:10pt;font-family:arial, helvetica, sans-serif;\">No\u017cyczki do obcinania paznokci <\/span><\/h2>\n<p><\/br><\/p>\n<ul style=\"text-align:justify;\"><\/br><\/p>\n<li class=\"p1\"><span class=\"s1\" style=\"font-family:arial, helvetica, sans-serif;font-size:10pt;\">typ <em>kosmetyczne<\/em>, baby dla dzieci<\/span><\/li>\n<p><\/br><\/p>\n<li class=\"p1\"><span class=\"s1\" style=\"font-family:arial, helvetica, sans-serif;font-size:10pt;\">d\u0142ugo\u015b\u0107 90 mm <\/span><\/li>\n<p><\/br><\/p>\n<li class=\"p1\"><span class=\"s1\" style=\"font-family:arial, helvetica, sans-serif;font-size:10pt;\">\u015brednica oczek na palce 16 mm <\/span><\/li>\n<p><\/br><\/p>\n<li class=\"p1\"><span class=\"s1\" style=\"font-family:arial, helvetica, sans-serif;font-size:10pt;\">lekko zagi\u0119te ko\u0144c\u00f3wki<\/span><\/li>\n<p><\/br><\/p>\n<li class=\"p1\"><span class=\"s1\" style=\"font-family:arial, helvetica, sans-serif;font-size:10pt;\">w medycznym opakowaniu<\/span><\/li>\n<p><\/br><\/p>\n<li class=\"p1\"><span class=\"s1\" style=\"font-family:arial, helvetica, sans-serif;font-size:10pt;\">2 lata gwarancji z mi\u0119dzynarodowymi certyfikatami<\/span><\/li>\n<p><\/br><\/ul>\n<p><\/br><\/p>\n<h2 class=\"p1\" style=\"text-align:justify;\"><span class=\"s1\" style=\"font-size:10pt;font-family:arial, helvetica, sans-serif;\">No\u017cyczki z zaokr\u0105glonymi ko\u0144c\u00f3wkami <\/span><\/h2>\n<p><\/br><\/p>\n<ul style=\"text-align:justify;\"><\/br><\/p>\n<li class=\"p1\"><span class=\"s1\" style=\"font-family:arial, helvetica, sans-serif;font-size:10pt;\">zwi\u0119kszaj\u0105 bezpiecze\u0144stwo<\/span><\/li>\n<p><\/br><\/p>\n<li class=\"p1\"><span class=\"s1\" style=\"font-family:arial, helvetica, sans-serif;font-size:10pt;\">uniwersalne zastosowanie i wygodne w u\u017cyciu<\/span><\/li>\n<p><\/br><\/p>\n<li class=\"p1\"><span class=\"s1\" style=\"font-family:arial, helvetica, sans-serif;font-size:10pt;\">precyzyjnie wykonane ostrza <\/span><\/li>\n<p><\/br><\/p>\n<li class=\"p1\"><span class=\"s1\" style=\"font-family:arial, helvetica, sans-serif;font-size:10pt;\">wykonane z niemieckiej stali chirurgicznej (wi\u0119ksza wytrzyma\u0142o\u015b\u0107 i odporno\u015b\u0107 na warunki zewn\u0119trzne)<\/span><\/li>\n<p><\/br><\/ul>\n<p><\/br><\/p>\n<p class=\"p1\" style=\"text-align:justify;\"><span class=\"s1\" style=\"font-family:arial, helvetica, sans-serif;font-size:10pt;\">Narz\u0119dzie mo\u017ce by\u0107 sterylizowane i dezynfekowane \u015brodkami chemicznymi. Zosta\u0142y poddane procesowi pasywacji i cieplnej obr\u00f3bki, co zwi\u0119ksza ich odporno\u015b\u0107 na korozj\u0119 i zapewnia d\u0142u\u017csz\u0105 \u017cywotno\u015b\u0107 w stosunku do tanich odpowiednik\u00f3w dost\u0119pnych na rynku. Producent zapewnia wysok\u0105 jako\u015b\u0107 produkt\u00f3w, jego produkty s\u0105 rekomendowane przez najlepszych lekarzy. <\/span><\/p>\n","protected":false},"excerpt":{"rendered":"<p class=\"p1\" style=\"text-align:justify;\"><span class=\"s1\" style=\"font-family:arial, helvetica, sans-serif;font-size:10pt;\">Ma\u0142e, precyzyjne <strong>no\u017cyczki chirurgiczne do paznokci<\/strong> z zaokr\u0105glonymi ko\u0144cami Tendo <span style=\"text-decoration:underline;\">Solingen<\/span> 9 cm. No\u017cyczki zosta\u0142y wykonane ze stali nierdzewnej u\u017cywanej do produkcji narz\u0119dzi medycznych. Posiadaj\u0105 <span style=\"text-decoration:underline;\">bezpieczne dla dzieci,<\/span> zaokr\u0105glone ko\u0144c\u00f3wki. Chroni\u0105 przed skaleczeniem. Znajduj\u0105 zastosowanie <em>do obcinania, wycinania wrastaj\u0105cych i zrogowacia\u0142ych paznokci<\/em>. Mog\u0105 by\u0107 wykorzystywane do wycinania drobnych w\u0142os\u00f3w z uszu i nosa. Bardzo dobre, niemieckie no\u017cyczki otrzyma\u0142y certyfikat <strong>CE i ISO 9001:2015<\/strong> z 2-letni\u0105 gwarancj\u0105 producenta narz\u0119dzi chirurgicznych. <\/span><\/p>\n<p><\/br><\/p>\n<h2 class=\"p1\" style=\"text-align:justify;\"><span class=\"s1\" style=\"font-size:10pt;font-family:arial, helvetica, sans-serif;\">No\u017cyczki do obcinania paznokci <\/span><\/h2>\n<p><\/br><\/p>\n<ul style=\"text-align:justify;\"><\/br><\/p>\n<li class=\"p1\"><span class=\"s1\" style=\"font-family:arial, helvetica, sans-serif;font-size:10pt;\">typ <em>kosmetyczne<\/em>, baby dla dzieci<\/span><\/li>\n<p><\/br><\/p>\n<li class=\"p1\"><span class=\"s1\" style=\"font-family:arial, helvetica, sans-serif;font-size:10pt;\">d\u0142ugo\u015b\u0107 90 mm <\/span><\/li>\n<p><\/br><\/p>\n<li class=\"p1\"><span class=\"s1\" style=\"font-family:arial, helvetica, sans-serif;font-size:10pt;\">\u015brednica oczek na palce 16 mm <\/span><\/li>\n<p><\/br><\/p>\n<li class=\"p1\"><span class=\"s1\" style=\"font-family:arial, helvetica, sans-serif;font-size:10pt;\">lekko zagi\u0119te ko\u0144c\u00f3wki<\/span><\/li>\n<p><\/br><\/p>\n<li class=\"p1\"><span class=\"s1\" style=\"font-family:arial, helvetica, sans-serif;font-size:10pt;\">w medycznym opakowaniu<\/span><\/li>\n<p><\/br><\/p>\n<li class=\"p1\"><span class=\"s1\" style=\"font-family:arial, helvetica, sans-serif;font-size:10pt;\">2 lata gwarancji z mi\u0119dzynarodowymi certyfikatami<\/span><\/li>\n<p><\/br><\/ul>\n<p><\/br><\/p>\n<h2 class=\"p1\" style=\"text-align:justify;\"><span class=\"s1\" style=\"font-size:10pt;font-family:arial, helvetica, sans-serif;\">No\u017cyczki z zaokr\u0105glonymi ko\u0144c\u00f3wkami <\/span><\/h2>\n<p><\/br><\/p>\n<ul style=\"text-align:justify;\"><\/br><\/p>\n<li class=\"p1\"><span class=\"s1\" style=\"font-family:arial, helvetica, sans-serif;font-size:10pt;\">zwi\u0119kszaj\u0105 bezpiecze\u0144stwo<\/span><\/li>\n<p><\/br><\/p>\n<li class=\"p1\"><span class=\"s1\" style=\"font-family:arial, helvetica, sans-serif;font-size:10pt;\">uniwersalne zastosowanie i wygodne w u\u017cyciu<\/span><\/li>\n<p><\/br><\/p>\n<li class=\"p1\"><span class=\"s1\" style=\"font-family:arial, helvetica, sans-serif;font-size:10pt;\">precyzyjnie wykonane ostrza <\/span><\/li>\n<p><\/br><\/p>\n<li class=\"p1\"><span class=\"s1\" style=\"font-family:arial, helvetica, sans-serif;font-size:10pt;\">wykonane z niemieckiej stali chirurgicznej (wi\u0119ksza wytrzyma\u0142o\u015b\u0107 i odporno\u015b\u0107 na warunki zewn\u0119trzne)<\/span><\/li>\n<p><\/br><\/ul>\n<p><\/br><\/p>\n<p class=\"p1\" style=\"text-align:justify;\"><span class=\"s1\" style=\"font-family:arial, helvetica, sans-serif;font-size:10pt;\">Narz\u0119dzie mo\u017ce by\u0107 sterylizowane i dezynfekowane \u015brodkami chemicznymi. Zosta\u0142y poddane procesowi pasywacji i cieplnej obr\u00f3bki, co zwi\u0119ksza ich odporno\u015b\u0107 na korozj\u0119 i zapewnia d\u0142u\u017csz\u0105 \u017cywotno\u015b\u0107 w stosunku do tanich odpowiednik\u00f3w dost\u0119pnych na rynku. Producent zapewnia wysok\u0105 jako\u015b\u0107 produkt\u00f3w, jego produkty s\u0105 rekomendowane przez najlepszych lekarzy. <\/span><\/p>\n","protected":false},"featured_media":960,"comment_status":"closed","ping_status":"open","template":"","meta":[],"product_brand":[],"product_cat":[48],"product_tag":[],"class_list":{"0":"post-2395","1":"product","2":"type-product","3":"status-publish","4":"has-post-thumbnail","6":"product_cat-nozyczki-do-skorek-i-paznokci-pl","8":"first","9":"instock","10":"product-type-simple"},"_links":{"self":[{"href":"https:\/\/tendosolingen.de\/pl\/wp-json\/wp\/v2\/product\/2395","targetHints":{"allow":["GET"]}}],"collection":[{"href":"https:\/\/tendosolingen.de\/pl\/wp-json\/wp\/v2\/product"}],"about":[{"href":"https:\/\/tendosolingen.de\/pl\/wp-json\/wp\/v2\/types\/product"}],"replies":[{"embeddable":true,"href":"https:\/\/tendosolingen.de\/pl\/wp-json\/wp\/v2\/comments?post=2395"}],"wp:featuredmedia":[{"embeddable":true,"href":"https:\/\/tendosolingen.de\/pl\/wp-json\/wp\/v2\/media\/960"}],"wp:attachment":[{"href":"https:\/\/tendosolingen.de\/pl\/wp-json\/wp\/v2\/media?parent=2395"}],"wp:term":[{"taxonomy":"product_brand","embeddable":true,"href":"https:\/\/tendosolingen.de\/pl\/wp-json\/wp\/v2\/product_brand?post=2395"},{"taxonomy":"product_cat","embeddable":true,"href":"https:\/\/tendosolingen.de\/pl\/wp-json\/wp\/v2\/product_cat?post=2395"},{"taxonomy":"product_tag","embeddable":true,"href":"https:\/\/tendosolingen.de\/pl\/wp-json\/wp\/v2\/product_tag?post=2395"}],"curies":[{"name":"wp","href":"https:\/\/api.w.org\/{rel}","templated":true}]}}