{"id":2394,"date":"2024-04-09T22:38:20","date_gmt":"2024-04-09T20:38:20","guid":{"rendered":"https:\/\/tendosolingen.de\/product\/tarka-do-piet-solingen-dwustronna\/"},"modified":"2025-11-06T15:40:13","modified_gmt":"2025-11-06T14:40:13","slug":"tarka-do-piet-solingen-dwustronna","status":"publish","type":"product","link":"https:\/\/tendosolingen.de\/pl\/produkt\/tarka-do-piet-solingen-dwustronna\/","title":{"rendered":"Tarka do pi\u0119t Solingen dwustronna"},"content":{"rendered":"<p><span style=\"font-family:arial, helvetica, sans-serif;font-size:10pt;\">Profesjonalna dwustronna tarka do pi\u0119t Solingen wykonana z bardzo dobrej jako\u015bci materia\u0142u, charakteryzuj\u0105ca si\u0119 ciekawym i ergonomicznym wzornictwem. Przeznaczona i polecana przez kosmetyczki do zabieg\u00f3w na stopach. Pierwsza strona s\u0142u\u017cy do usuwania zrogowacia\u0142ego nask\u00f3rka podczas stosowania na sucho oraz mokro. Druga strona &#8211; powierzchnia drobnoziarnista dobrej tarki do pi\u0119t s\u0142u\u017cy do wyg\u0142adzenia sk\u00f3ry stopy. Metalowa tarka do pi\u0119t Tendo Solingen charakteryzuje si\u0119 d\u0142ugim okresem u\u017cytkowania. Odpowiedni dob\u00f3r gradientu po jednej i drugiej stronie pozwala na odpowiedni wyb\u00f3r strony podczas zabiegu do usuwania zniszczonego nask\u00f3rka. \u00a0\u00a0<\/span><\/p>\n<p><\/br><\/p>\n<h2><span style=\"font-family:arial, helvetica, sans-serif;font-size:10pt;\">Parametry zdzieraka do st\u00f3p<\/span><\/h2>\n<p><\/br><\/p>\n<ul>\n<li><span style=\"font-family:arial, helvetica, sans-serif;font-size:10pt;\">d\u0142ugo\u015b\u0107 ca\u0142kowita 175 mm<\/span><\/li>\n<p><\/br><\/p>\n<li><span style=\"font-family:arial, helvetica, sans-serif;font-size:10pt;\">d\u0142ugo\u015b\u0107 cz\u0119\u015bci roboczej 65 mm<\/span><\/li>\n<p><\/br><\/p>\n<li><span style=\"font-family:arial, helvetica, sans-serif;font-size:10pt;\">gradient metalowy \u015bredniej grubo\u015bci<\/span><\/li>\n<p><\/br><\/p>\n<li><span style=\"font-family:arial, helvetica, sans-serif;font-size:10pt;\">gradient papierowy drobnoziarnisty<\/span><\/li>\n<p><\/br><\/p>\n<li><span style=\"font-family:arial, helvetica, sans-serif;font-size:10pt;\">wysoka jako\u015b\u0107 wykonania<\/span><\/li>\n<p><\/br><\/p>\n<li><span style=\"font-family:arial, helvetica, sans-serif;font-size:10pt;\">klasyczna forma oraz kszta\u0142t<\/span><\/li>\n<p><\/br><\/p>\n<li><span style=\"font-family:arial, helvetica, sans-serif;font-size:10pt;\">ergonomicznych kszta\u0142t<\/span><\/li>\n<p><\/br><\/p>\n<li><span style=\"font-family:arial, helvetica, sans-serif;font-size:10pt;\">gwarancja producenta 2 lata<\/span><\/li>\n<p><\/br><\/ul>\n<h2><span style=\"font-family:arial, helvetica, sans-serif;font-size:10pt;\">Zalety stosowania tarki to piet<\/span><\/h2>\n<p><\/br><\/p>\n<ul>\n<li><span style=\"font-family:arial, helvetica, sans-serif;font-size:10pt;\">ergonomiczny kszta\u0142t kt\u00f3ry u\u0142atwia prowadzenie podczas usuwania nask\u00f3rka<\/span><\/li>\n<p><\/br><\/p>\n<li><span style=\"font-family:arial, helvetica, sans-serif;font-size:10pt;\">wysoka jako\u015b\u0107 gwarantuje d\u0142ugi okres u\u017cytkowania<\/span><\/li>\n<p><\/br><\/p>\n<li><span style=\"font-family:arial, helvetica, sans-serif;font-size:10pt;\">delikatna dla st\u00f3p<\/span><\/li>\n<p><\/br><\/p>\n<li><span style=\"font-family:arial, helvetica, sans-serif;font-size:10pt;\">bardzo dobrze usuwa zrogowacia\u0142y nask\u00f3rek<\/span><\/li>\n<p><\/br><\/p>\n<li><span style=\"font-family:arial, helvetica, sans-serif;font-size:10pt;\">posiada r\u00f3\u017cne gradacje w zale\u017cno\u015bci od zniszczenia nask\u00f3rka st\u00f3p<\/span><\/li>\n<p><\/br><\/p>\n<li><span style=\"font-family:arial, helvetica, sans-serif;font-size:10pt;\">mo\u017cna u\u017cywa\u0107 j\u0105 na mokro i na sucho<\/span><\/li>\n<p><\/br><\/p>\n<li><span style=\"font-family:arial, helvetica, sans-serif;font-size:10pt;\">sosowana w profesjonalnych zak\u0142adach kosmetycznych<\/span><\/li>\n<p><\/br><\/ul>\n<p><span style=\"font-family:arial, helvetica, sans-serif;font-size:10pt;\">Profesjonalne narz\u0119dzia oraz przyrz\u0105dy marki Tendo Solingen gwarantuj\u0105 bezpiecze\u0144stwo podczas zabieg\u00f3w oraz wygod\u0119 podczas ich u\u017cytkowania. Nale\u017cy pami\u0119ta\u0107 o odpowiednim stosowaniu i przechowywaniu zdzieraka do st\u00f3p dwustronnego. Nie nale\u017cy stosowa\u0107 na sk\u00f3r\u0119 podra\u017cnion\u0105, uszkodzon\u0105, ze zmianami sk\u00f3rnymi lub znamionami. Zachowa\u0107 szczeg\u00f3ln\u0105 ostro\u017cno\u015b\u0107 podczas u\u017cytkowania poniewa\u017c za mocno doci\u015bni\u0119ta do sk\u00f3ry mo\u017ce powodowa\u0107 jej uszkodzenie. Nale\u017cy przechowywa\u0107 w suchym miejscu niedost\u0119pnym dla dzieci.\u00a0Produkty posiadaj\u0105 mi\u0119dzynarodowy certyfikat CE a podczas proces\u00f3w produkcyjnych stosowane s\u0105 efektywne systemy zarz\u0105dzania jako\u015bci\u0105 i kontroli wewn\u0119trznej: ISO 9001\/ ISO 13485.<\/span><\/p>\n","protected":false},"excerpt":{"rendered":"<p><span style=\"font-family:arial, helvetica, sans-serif;font-size:10pt;\">Profesjonalna dwustronna tarka do pi\u0119t Solingen wykonana z bardzo dobrej jako\u015bci materia\u0142u, charakteryzuj\u0105ca si\u0119 ciekawym i ergonomicznym wzornictwem. Przeznaczona i polecana przez kosmetyczki do zabieg\u00f3w na stopach. Pierwsza strona s\u0142u\u017cy do usuwania zrogowacia\u0142ego nask\u00f3rka podczas stosowania na sucho oraz mokro. Druga strona &#8211; powierzchnia drobnoziarnista dobrej tarki do pi\u0119t s\u0142u\u017cy do wyg\u0142adzenia sk\u00f3ry stopy. Metalowa tarka do pi\u0119t Tendo Solingen charakteryzuje si\u0119 d\u0142ugim okresem u\u017cytkowania. Odpowiedni dob\u00f3r gradientu po jednej i drugiej stronie pozwala na odpowiedni wyb\u00f3r strony podczas zabiegu do usuwania zniszczonego nask\u00f3rka. \u00a0\u00a0<\/span><\/p>\n<p><\/br><\/p>\n<h2><span style=\"font-family:arial, helvetica, sans-serif;font-size:10pt;\">Parametry zdzieraka do st\u00f3p<\/span><\/h2>\n<p><\/br><\/p>\n<ul>\n<li><span style=\"font-family:arial, helvetica, sans-serif;font-size:10pt;\">d\u0142ugo\u015b\u0107 ca\u0142kowita 175 mm<\/span><\/li>\n<p><\/br><\/p>\n<li><span style=\"font-family:arial, helvetica, sans-serif;font-size:10pt;\">d\u0142ugo\u015b\u0107 cz\u0119\u015bci roboczej 65 mm<\/span><\/li>\n<p><\/br><\/p>\n<li><span style=\"font-family:arial, helvetica, sans-serif;font-size:10pt;\">gradient metalowy \u015bredniej grubo\u015bci<\/span><\/li>\n<p><\/br><\/p>\n<li><span style=\"font-family:arial, helvetica, sans-serif;font-size:10pt;\">gradient papierowy drobnoziarnisty<\/span><\/li>\n<p><\/br><\/p>\n<li><span style=\"font-family:arial, helvetica, sans-serif;font-size:10pt;\">wysoka jako\u015b\u0107 wykonania<\/span><\/li>\n<p><\/br><\/p>\n<li><span style=\"font-family:arial, helvetica, sans-serif;font-size:10pt;\">klasyczna forma oraz kszta\u0142t<\/span><\/li>\n<p><\/br><\/p>\n<li><span style=\"font-family:arial, helvetica, sans-serif;font-size:10pt;\">ergonomicznych kszta\u0142t<\/span><\/li>\n<p><\/br><\/p>\n<li><span style=\"font-family:arial, helvetica, sans-serif;font-size:10pt;\">gwarancja producenta 2 lata<\/span><\/li>\n<p><\/br><\/ul>\n<h2><span style=\"font-family:arial, helvetica, sans-serif;font-size:10pt;\">Zalety stosowania tarki to piet<\/span><\/h2>\n<p><\/br><\/p>\n<ul>\n<li><span style=\"font-family:arial, helvetica, sans-serif;font-size:10pt;\">ergonomiczny kszta\u0142t kt\u00f3ry u\u0142atwia prowadzenie podczas usuwania nask\u00f3rka<\/span><\/li>\n<p><\/br><\/p>\n<li><span style=\"font-family:arial, helvetica, sans-serif;font-size:10pt;\">wysoka jako\u015b\u0107 gwarantuje d\u0142ugi okres u\u017cytkowania<\/span><\/li>\n<p><\/br><\/p>\n<li><span style=\"font-family:arial, helvetica, sans-serif;font-size:10pt;\">delikatna dla st\u00f3p<\/span><\/li>\n<p><\/br><\/p>\n<li><span style=\"font-family:arial, helvetica, sans-serif;font-size:10pt;\">bardzo dobrze usuwa zrogowacia\u0142y nask\u00f3rek<\/span><\/li>\n<p><\/br><\/p>\n<li><span style=\"font-family:arial, helvetica, sans-serif;font-size:10pt;\">posiada r\u00f3\u017cne gradacje w zale\u017cno\u015bci od zniszczenia nask\u00f3rka st\u00f3p<\/span><\/li>\n<p><\/br><\/p>\n<li><span style=\"font-family:arial, helvetica, sans-serif;font-size:10pt;\">mo\u017cna u\u017cywa\u0107 j\u0105 na mokro i na sucho<\/span><\/li>\n<p><\/br><\/p>\n<li><span style=\"font-family:arial, helvetica, sans-serif;font-size:10pt;\">sosowana w profesjonalnych zak\u0142adach kosmetycznych<\/span><\/li>\n<p><\/br><\/ul>\n<p><span style=\"font-family:arial, helvetica, sans-serif;font-size:10pt;\">Profesjonalne narz\u0119dzia oraz przyrz\u0105dy marki Tendo Solingen gwarantuj\u0105 bezpiecze\u0144stwo podczas zabieg\u00f3w oraz wygod\u0119 podczas ich u\u017cytkowania. Nale\u017cy pami\u0119ta\u0107 o odpowiednim stosowaniu i przechowywaniu zdzieraka do st\u00f3p dwustronnego. Nie nale\u017cy stosowa\u0107 na sk\u00f3r\u0119 podra\u017cnion\u0105, uszkodzon\u0105, ze zmianami sk\u00f3rnymi lub znamionami. Zachowa\u0107 szczeg\u00f3ln\u0105 ostro\u017cno\u015b\u0107 podczas u\u017cytkowania poniewa\u017c za mocno doci\u015bni\u0119ta do sk\u00f3ry mo\u017ce powodowa\u0107 jej uszkodzenie. Nale\u017cy przechowywa\u0107 w suchym miejscu niedost\u0119pnym dla dzieci.\u00a0Produkty posiadaj\u0105 mi\u0119dzynarodowy certyfikat CE a podczas proces\u00f3w produkcyjnych stosowane s\u0105 efektywne systemy zarz\u0105dzania jako\u015bci\u0105 i kontroli wewn\u0119trznej: ISO 9001\/ ISO 13485.<\/span><\/p>\n","protected":false},"featured_media":956,"comment_status":"closed","ping_status":"open","template":"","meta":[],"product_brand":[],"product_cat":[50],"product_tag":[],"class_list":{"0":"post-2394","1":"product","2":"type-product","3":"status-publish","4":"has-post-thumbnail","6":"product_cat-narzedzia-podologiczne-pl","8":"first","9":"instock","10":"product-type-simple"},"_links":{"self":[{"href":"https:\/\/tendosolingen.de\/pl\/wp-json\/wp\/v2\/product\/2394","targetHints":{"allow":["GET"]}}],"collection":[{"href":"https:\/\/tendosolingen.de\/pl\/wp-json\/wp\/v2\/product"}],"about":[{"href":"https:\/\/tendosolingen.de\/pl\/wp-json\/wp\/v2\/types\/product"}],"replies":[{"embeddable":true,"href":"https:\/\/tendosolingen.de\/pl\/wp-json\/wp\/v2\/comments?post=2394"}],"wp:featuredmedia":[{"embeddable":true,"href":"https:\/\/tendosolingen.de\/pl\/wp-json\/wp\/v2\/media\/956"}],"wp:attachment":[{"href":"https:\/\/tendosolingen.de\/pl\/wp-json\/wp\/v2\/media?parent=2394"}],"wp:term":[{"taxonomy":"product_brand","embeddable":true,"href":"https:\/\/tendosolingen.de\/pl\/wp-json\/wp\/v2\/product_brand?post=2394"},{"taxonomy":"product_cat","embeddable":true,"href":"https:\/\/tendosolingen.de\/pl\/wp-json\/wp\/v2\/product_cat?post=2394"},{"taxonomy":"product_tag","embeddable":true,"href":"https:\/\/tendosolingen.de\/pl\/wp-json\/wp\/v2\/product_tag?post=2394"}],"curies":[{"name":"wp","href":"https:\/\/api.w.org\/{rel}","templated":true}]}}