{"id":2393,"date":"2024-04-09T22:38:20","date_gmt":"2024-04-09T20:38:20","guid":{"rendered":"https:\/\/tendosolingen.de\/product\/sonda-dwustronna-do-czyszczenia-paznokci-25-mm-okragla\/"},"modified":"2025-11-06T15:40:13","modified_gmt":"2025-11-06T14:40:13","slug":"sonda-dwustronna-do-czyszczenia-paznokci-25-mm-okragla","status":"publish","type":"product","link":"https:\/\/tendosolingen.de\/pl\/produkt\/sonda-dwustronna-do-czyszczenia-paznokci-25-mm-okragla\/","title":{"rendered":"Sonda dwustronna do czyszczenia paznokci 2,5 mm okr\u0105g\u0142a"},"content":{"rendered":"<p class=\"p1\"><span class=\"s1\">Profesjonalna <em>sonda kosmetyczna do czyszczenia paznokci<\/em> w kosmetyce i medycynie estetycznej. Narz\u0119dzie typu <span style=\"text-decoration:underline;\">ekskawator<\/span> wykonane z medycznej stali nierdzewnej pochodzenia niemieckiego. Wydr\u0105\u017cacz zosta\u0142 zaprojektowany zgodnie z wymaganiami rynku medycznego. Posiada certyfikaty CE i ISO 9001:2015 oraz gwarancj\u0119 producenta precyzyjnych narz\u0119dzi medycznych. Narz\u0119dzie s\u0142u\u017cy tak\u017ce jako <em>wydr\u0105\u017cacz podologiczny<\/em> w zabiegach pedicure (np. do tamponady). Znajduje tak\u017ce zastosowanie do zabieg\u00f3w na wrastaj\u0105cych paznokciach. Polecane zar\u00f3wno przez profesjonalist\u00f3w jak i zadowolonych klient\u00f3w.<\/span><\/p>\n<p><\/br><\/p>\n<h2 class=\"p1\"><span class=\"s1\" style=\"font-size:10pt;\">Sonda do czyszczenia paznokci <\/span><\/h2>\n<p><\/br><\/p>\n<ul>\n<li class=\"p1\"><span class=\"s1\">typ\u00a0<span style=\"text-decoration:underline;\">sonda do paznokci<\/span><\/span><\/li>\n<p><\/br><\/p>\n<li class=\"p1\"><span class=\"s1\">dwustronna z okr\u0105g\u0142ymi ko\u0144c\u00f3wkami 2,5 mm <\/span><\/li>\n<p><\/br><\/p>\n<li class=\"p1\"><span class=\"s1\">CE i ISO 9001:2015 <\/span><\/li>\n<p><\/br><\/p>\n<li class=\"p1\"><span class=\"s1\">stal chirurgiczna <\/span><\/li>\n<p><\/br><\/p>\n<li class=\"p1\"><span class=\"s1\">2 lata gwarancji<\/span><\/li>\n<p><\/br><\/ul>\n<h2 class=\"p1\"><span class=\"s1\" style=\"font-size:10pt;\">Sonda dwustronna do paznokci <\/span><\/h2>\n<p><\/br><\/p>\n<ul>\n<li class=\"p1\"><span class=\"s1\">z przeznaczeniem do zabieg\u00f3w piel\u0119gnacyjnych manicure i pedicure <\/span><\/li>\n<p><\/br><\/p>\n<li class=\"p1\"><span class=\"s1\">precyzyjne ko\u0144c\u00f3wki i antypo\u015blizgowa r\u0119koje\u015b\u0107 <\/span><\/li>\n<p><\/br><\/p>\n<li class=\"p1\"><span class=\"s1\">wykonanie z niemieckiej stali chirurgicznej <\/span><\/li>\n<p><\/br><\/p>\n<li class=\"p1\"><span class=\"s1\">dzia\u0142a zar\u00f3wno w kosmetyce jak i podologii<\/span><\/li>\n<p><\/br><\/ul>\n<p class=\"p1\"><span class=\"s1\">Produkty mog\u0105 by\u0107 dezynfekowane \u015brodkami chemicznymi i sterylizowane w autoklawach w gabinetach. Narz\u0119dzie powinno u\u017cywa\u0107 si\u0119 po pierwszej dezynfekcji. Ka\u017cdy produkt jest sprawdzany pod k\u0105tem jako\u015bci wykonania w procesie produkcji i wykonany z normami dla rynku medycznego. <\/span><\/p>\n","protected":false},"excerpt":{"rendered":"<p class=\"p1\"><span class=\"s1\">Profesjonalna <em>sonda kosmetyczna do czyszczenia paznokci<\/em> w kosmetyce i medycynie estetycznej. Narz\u0119dzie typu <span style=\"text-decoration:underline;\">ekskawator<\/span> wykonane z medycznej stali nierdzewnej pochodzenia niemieckiego. Wydr\u0105\u017cacz zosta\u0142 zaprojektowany zgodnie z wymaganiami rynku medycznego. Posiada certyfikaty CE i ISO 9001:2015 oraz gwarancj\u0119 producenta precyzyjnych narz\u0119dzi medycznych. Narz\u0119dzie s\u0142u\u017cy tak\u017ce jako <em>wydr\u0105\u017cacz podologiczny<\/em> w zabiegach pedicure (np. do tamponady). Znajduje tak\u017ce zastosowanie do zabieg\u00f3w na wrastaj\u0105cych paznokciach. Polecane zar\u00f3wno przez profesjonalist\u00f3w jak i zadowolonych klient\u00f3w.<\/span><\/p>\n<p><\/br><\/p>\n<h2 class=\"p1\"><span class=\"s1\" style=\"font-size:10pt;\">Sonda do czyszczenia paznokci <\/span><\/h2>\n<p><\/br><\/p>\n<ul>\n<li class=\"p1\"><span class=\"s1\">typ\u00a0<span style=\"text-decoration:underline;\">sonda do paznokci<\/span><\/span><\/li>\n<p><\/br><\/p>\n<li class=\"p1\"><span class=\"s1\">dwustronna z okr\u0105g\u0142ymi ko\u0144c\u00f3wkami 2,5 mm <\/span><\/li>\n<p><\/br><\/p>\n<li class=\"p1\"><span class=\"s1\">CE i ISO 9001:2015 <\/span><\/li>\n<p><\/br><\/p>\n<li class=\"p1\"><span class=\"s1\">stal chirurgiczna <\/span><\/li>\n<p><\/br><\/p>\n<li class=\"p1\"><span class=\"s1\">2 lata gwarancji<\/span><\/li>\n<p><\/br><\/ul>\n<h2 class=\"p1\"><span class=\"s1\" style=\"font-size:10pt;\">Sonda dwustronna do paznokci <\/span><\/h2>\n<p><\/br><\/p>\n<ul>\n<li class=\"p1\"><span class=\"s1\">z przeznaczeniem do zabieg\u00f3w piel\u0119gnacyjnych manicure i pedicure <\/span><\/li>\n<p><\/br><\/p>\n<li class=\"p1\"><span class=\"s1\">precyzyjne ko\u0144c\u00f3wki i antypo\u015blizgowa r\u0119koje\u015b\u0107 <\/span><\/li>\n<p><\/br><\/p>\n<li class=\"p1\"><span class=\"s1\">wykonanie z niemieckiej stali chirurgicznej <\/span><\/li>\n<p><\/br><\/p>\n<li class=\"p1\"><span class=\"s1\">dzia\u0142a zar\u00f3wno w kosmetyce jak i podologii<\/span><\/li>\n<p><\/br><\/ul>\n<p class=\"p1\"><span class=\"s1\">Produkty mog\u0105 by\u0107 dezynfekowane \u015brodkami chemicznymi i sterylizowane w autoklawach w gabinetach. Narz\u0119dzie powinno u\u017cywa\u0107 si\u0119 po pierwszej dezynfekcji. Ka\u017cdy produkt jest sprawdzany pod k\u0105tem jako\u015bci wykonania w procesie produkcji i wykonany z normami dla rynku medycznego. <\/span><\/p>\n","protected":false},"featured_media":952,"comment_status":"closed","ping_status":"open","template":"","meta":[],"product_brand":[],"product_cat":[50],"product_tag":[],"class_list":{"0":"post-2393","1":"product","2":"type-product","3":"status-publish","4":"has-post-thumbnail","6":"product_cat-narzedzia-podologiczne-pl","8":"first","9":"instock","10":"product-type-simple"},"_links":{"self":[{"href":"https:\/\/tendosolingen.de\/pl\/wp-json\/wp\/v2\/product\/2393","targetHints":{"allow":["GET"]}}],"collection":[{"href":"https:\/\/tendosolingen.de\/pl\/wp-json\/wp\/v2\/product"}],"about":[{"href":"https:\/\/tendosolingen.de\/pl\/wp-json\/wp\/v2\/types\/product"}],"replies":[{"embeddable":true,"href":"https:\/\/tendosolingen.de\/pl\/wp-json\/wp\/v2\/comments?post=2393"}],"wp:featuredmedia":[{"embeddable":true,"href":"https:\/\/tendosolingen.de\/pl\/wp-json\/wp\/v2\/media\/952"}],"wp:attachment":[{"href":"https:\/\/tendosolingen.de\/pl\/wp-json\/wp\/v2\/media?parent=2393"}],"wp:term":[{"taxonomy":"product_brand","embeddable":true,"href":"https:\/\/tendosolingen.de\/pl\/wp-json\/wp\/v2\/product_brand?post=2393"},{"taxonomy":"product_cat","embeddable":true,"href":"https:\/\/tendosolingen.de\/pl\/wp-json\/wp\/v2\/product_cat?post=2393"},{"taxonomy":"product_tag","embeddable":true,"href":"https:\/\/tendosolingen.de\/pl\/wp-json\/wp\/v2\/product_tag?post=2393"}],"curies":[{"name":"wp","href":"https:\/\/api.w.org\/{rel}","templated":true}]}}