{"id":2392,"date":"2024-04-09T22:38:20","date_gmt":"2024-04-09T20:38:20","guid":{"rendered":"https:\/\/tendosolingen.de\/product\/radelko-do-skorek-paznokci-i-kopytko-15-cm\/"},"modified":"2025-11-06T15:40:14","modified_gmt":"2025-11-06T14:40:14","slug":"radelko-do-skorek-paznokci-i-kopytko-15-cm","status":"publish","type":"product","link":"https:\/\/tendosolingen.de\/pl\/produkt\/radelko-do-skorek-paznokci-i-kopytko-15-cm\/","title":{"rendered":"Rade\u0142ko do sk\u00f3rek paznokci i kopytko 15 cm"},"content":{"rendered":"<p class=\"p1\"><span class=\"s1\"><span style=\"text-decoration:underline;\">Rade\u0142ko do sk\u00f3rek paznokci<\/span> typ szpatu\u0142ka metalowa od odsuwania sk\u00f3rek. Narz\u0119dzie kosmetyczne ze stali chirurgicznej o d\u0142ugo\u015bci ca\u0142kowitej 15 cm. Produkt wykonany ze stali nierdzewnej u\u017cywanej do produkcji narz\u0119dzi chirurgicznych dla lekarzy specjalist\u00f3w. Instrument sprawdzi si\u0119 <em>do odsuwania sk\u00f3rek<\/em> z trudno dost\u0119pnych miejsc. Mo\u017ce by\u0107 przydatny tak\u017ce do usuwania lakieru hybrydowego tzw. \u201chybrydy\u201d w zabiegach manicure i pedicure. Jest odpowiedni r\u00f3wnie\u017c dla os\u00f3b lewor\u0119cznych. <\/span><\/p>\n<p><\/br><\/p>\n<p class=\"p1\"><span class=\"s1\">Narz\u0119dzie posiada dwie r\u00f3\u017cne ko\u0144c\u00f3wki i antypo\u015blizgow\u0105 r\u0119koje\u015b\u0107. Otrzyma\u0142o certyfikaty CE i ISO 9001:2015 oraz 2 lata gwarancji producenta. <\/span><\/p>\n<p><\/br><\/p>\n<h2 class=\"p1\"><span class=\"s1\" style=\"font-size:10pt;\">Rade\u0142ko i kopytko do sk\u00f3rek <\/span><\/h2>\n<p><\/br><\/p>\n<ul>\n<li class=\"p1\"><span class=\"s1\">d\u0142ugo\u015b\u0107 150 mm<\/span><\/li>\n<p><\/br><\/p>\n<li class=\"p1\"><span class=\"s1\">szeroko\u015b\u0107 ko\u0144c\u00f3wek: 4 mm i 6 mm<\/span><\/li>\n<p><\/br><\/p>\n<li class=\"p1\"><span class=\"s1\">dwustronne ze stali chirurgicznej <\/span><\/li>\n<p><\/br><\/p>\n<li class=\"p1\"><span class=\"s1\">2 lata gwarancji <\/span><\/li>\n<p><\/br><\/p>\n<li class=\"p1\"><span class=\"s1\">certyfikowane <\/span><\/li>\n<p><\/br><\/ul>\n<h2 class=\"p2\"><span style=\"font-size:10pt;\">Korzy\u015bci ze szpatu\u0142ki kosmetycznej do sk\u00f3rek paznokci<\/span><\/h2>\n<p><\/br><\/p>\n<ul>\n<li class=\"p1\"><span class=\"s1\">lekka i bezpieczna w u\u017cyciu <\/span><\/li>\n<p><\/br><\/p>\n<li class=\"p1\"><span class=\"s1\">antypo\u015blizgowa r\u0119koje\u015b\u0107 <\/span><\/li>\n<p><\/br><\/p>\n<li class=\"p1\"><span class=\"s1\">stal chirurgiczna z gwarancj\u0105 jako\u015bci <\/span><\/li>\n<p><\/br><\/p>\n<li class=\"p1\"><span class=\"s1\">dobrze sprawdza si\u0119 <em>do usuwania sk\u00f3rek i \u015bci\u0105gania hybryd<\/em><\/span><\/li>\n<p><\/br><\/ul>\n<p class=\"p2\">W ofercie dost\u0119pne tak\u017ce inne rodzaje produkt\u00f3w kosmetyczno-medycznych z r\u00f3\u017cnymi ko\u0144c\u00f3wkami. Dwustronne narz\u0119dzia zwi\u0119kszaj\u0105 skuteczno\u015b\u0107 zabieg\u00f3w. Instrument mo\u017ce by\u0107 sterylizowany i dezynfekowany \u015brodkami chemicznymi. Spe\u0142niaj\u0105 wszystkie wymagania gabinet\u00f3w kosmetycznych, klinik medycyny estetycznej oraz salon\u00f3w zdrowia i urody.<\/p>\n","protected":false},"excerpt":{"rendered":"<p class=\"p1\"><span class=\"s1\"><span style=\"text-decoration:underline;\">Rade\u0142ko do sk\u00f3rek paznokci<\/span> typ szpatu\u0142ka metalowa od odsuwania sk\u00f3rek. Narz\u0119dzie kosmetyczne ze stali chirurgicznej o d\u0142ugo\u015bci ca\u0142kowitej 15 cm. Produkt wykonany ze stali nierdzewnej u\u017cywanej do produkcji narz\u0119dzi chirurgicznych dla lekarzy specjalist\u00f3w. Instrument sprawdzi si\u0119 <em>do odsuwania sk\u00f3rek<\/em> z trudno dost\u0119pnych miejsc. Mo\u017ce by\u0107 przydatny tak\u017ce do usuwania lakieru hybrydowego tzw. \u201chybrydy\u201d w zabiegach manicure i pedicure. Jest odpowiedni r\u00f3wnie\u017c dla os\u00f3b lewor\u0119cznych. <\/span><\/p>\n<p><\/br><\/p>\n<p class=\"p1\"><span class=\"s1\">Narz\u0119dzie posiada dwie r\u00f3\u017cne ko\u0144c\u00f3wki i antypo\u015blizgow\u0105 r\u0119koje\u015b\u0107. Otrzyma\u0142o certyfikaty CE i ISO 9001:2015 oraz 2 lata gwarancji producenta. <\/span><\/p>\n<p><\/br><\/p>\n<h2 class=\"p1\"><span class=\"s1\" style=\"font-size:10pt;\">Rade\u0142ko i kopytko do sk\u00f3rek <\/span><\/h2>\n<p><\/br><\/p>\n<ul>\n<li class=\"p1\"><span class=\"s1\">d\u0142ugo\u015b\u0107 150 mm<\/span><\/li>\n<p><\/br><\/p>\n<li class=\"p1\"><span class=\"s1\">szeroko\u015b\u0107 ko\u0144c\u00f3wek: 4 mm i 6 mm<\/span><\/li>\n<p><\/br><\/p>\n<li class=\"p1\"><span class=\"s1\">dwustronne ze stali chirurgicznej <\/span><\/li>\n<p><\/br><\/p>\n<li class=\"p1\"><span class=\"s1\">2 lata gwarancji <\/span><\/li>\n<p><\/br><\/p>\n<li class=\"p1\"><span class=\"s1\">certyfikowane <\/span><\/li>\n<p><\/br><\/ul>\n<h2 class=\"p2\"><span style=\"font-size:10pt;\">Korzy\u015bci ze szpatu\u0142ki kosmetycznej do sk\u00f3rek paznokci<\/span><\/h2>\n<p><\/br><\/p>\n<ul>\n<li class=\"p1\"><span class=\"s1\">lekka i bezpieczna w u\u017cyciu <\/span><\/li>\n<p><\/br><\/p>\n<li class=\"p1\"><span class=\"s1\">antypo\u015blizgowa r\u0119koje\u015b\u0107 <\/span><\/li>\n<p><\/br><\/p>\n<li class=\"p1\"><span class=\"s1\">stal chirurgiczna z gwarancj\u0105 jako\u015bci <\/span><\/li>\n<p><\/br><\/p>\n<li class=\"p1\"><span class=\"s1\">dobrze sprawdza si\u0119 <em>do usuwania sk\u00f3rek i \u015bci\u0105gania hybryd<\/em><\/span><\/li>\n<p><\/br><\/ul>\n<p class=\"p2\">W ofercie dost\u0119pne tak\u017ce inne rodzaje produkt\u00f3w kosmetyczno-medycznych z r\u00f3\u017cnymi ko\u0144c\u00f3wkami. Dwustronne narz\u0119dzia zwi\u0119kszaj\u0105 skuteczno\u015b\u0107 zabieg\u00f3w. Instrument mo\u017ce by\u0107 sterylizowany i dezynfekowany \u015brodkami chemicznymi. Spe\u0142niaj\u0105 wszystkie wymagania gabinet\u00f3w kosmetycznych, klinik medycyny estetycznej oraz salon\u00f3w zdrowia i urody.<\/p>\n","protected":false},"featured_media":948,"comment_status":"closed","ping_status":"open","template":"","meta":[],"product_brand":[],"product_cat":[47],"product_tag":[],"class_list":{"0":"post-2392","1":"product","2":"type-product","3":"status-publish","4":"has-post-thumbnail","6":"product_cat-dluta-i-kopytka-ekskawatory","8":"first","9":"instock","10":"product-type-simple"},"_links":{"self":[{"href":"https:\/\/tendosolingen.de\/pl\/wp-json\/wp\/v2\/product\/2392","targetHints":{"allow":["GET"]}}],"collection":[{"href":"https:\/\/tendosolingen.de\/pl\/wp-json\/wp\/v2\/product"}],"about":[{"href":"https:\/\/tendosolingen.de\/pl\/wp-json\/wp\/v2\/types\/product"}],"replies":[{"embeddable":true,"href":"https:\/\/tendosolingen.de\/pl\/wp-json\/wp\/v2\/comments?post=2392"}],"wp:featuredmedia":[{"embeddable":true,"href":"https:\/\/tendosolingen.de\/pl\/wp-json\/wp\/v2\/media\/948"}],"wp:attachment":[{"href":"https:\/\/tendosolingen.de\/pl\/wp-json\/wp\/v2\/media?parent=2392"}],"wp:term":[{"taxonomy":"product_brand","embeddable":true,"href":"https:\/\/tendosolingen.de\/pl\/wp-json\/wp\/v2\/product_brand?post=2392"},{"taxonomy":"product_cat","embeddable":true,"href":"https:\/\/tendosolingen.de\/pl\/wp-json\/wp\/v2\/product_cat?post=2392"},{"taxonomy":"product_tag","embeddable":true,"href":"https:\/\/tendosolingen.de\/pl\/wp-json\/wp\/v2\/product_tag?post=2392"}],"curies":[{"name":"wp","href":"https:\/\/api.w.org\/{rel}","templated":true}]}}