{"id":2391,"date":"2024-04-09T22:38:16","date_gmt":"2024-04-09T20:38:16","guid":{"rendered":"https:\/\/tendosolingen.de\/product\/pusher-do-paznokci-solingen-instrument-do-skorek\/"},"modified":"2025-11-06T15:40:14","modified_gmt":"2025-11-06T14:40:14","slug":"pusher-do-paznokci-solingen-instrument-do-skorek","status":"publish","type":"product","link":"https:\/\/tendosolingen.de\/pl\/produkt\/pusher-do-paznokci-solingen-instrument-do-skorek\/","title":{"rendered":"Pusher do paznokci Solingen instrument do sk\u00f3rek"},"content":{"rendered":"<p class=\"p1\"><span class=\"s1\">Precyzyjny <strong>pusher do sk\u00f3rek paznokci<\/strong> Tendo Solingen 2w1 o d\u0142ugo\u015bci 130 mm ze stali chirurgicznej. Dwustronne narz\u0119dzie do zabieg\u00f3w manicure i pedicure z wysoko gatunkowej stali medycznej. Tego typu materia\u0142 jest u\u017cywany do produkcji wyspecjalizowanych narz\u0119dzi chirurgicznych dla lekarzy specjalist\u00f3w. Posiada nisk\u0105 zawarto\u015b\u0107 niklu i nie powoduje reakcji alergicznych. <em>Instrument do sk\u00f3rek<\/em> posiada dwie ko\u0144c\u00f3wki typu \u0142opatka\/szpatu\u0142ka i pusher. <\/span><\/p>\n<p><\/br><\/p>\n<p class=\"p1\"><span class=\"s1\"><span style=\"text-decoration:underline;\">Przyrz\u0105d do sk\u00f3rek<\/span> jest wykorzystywany w profesjonalnym zastosowaniu w gabinetach kosmetycznych a tak\u017ce w warunkach domowych. Otrzyma\u0142 certyfikat jako\u015bci CE i ISO 9001:2015. Wykonany przez producenta narz\u0119dzi medycznych z gwarancj\u0105. Wielokrotnego u\u017cytku do sterylizacji i dezynfekcji \u015brodkami chemicznymi. <\/span><\/p>\n<p><\/br><\/p>\n<h1 class=\"p1\"><span class=\"s1\" style=\"font-size:10pt;\">Rade\u0142ko do sk\u00f3rek Solingen<\/span><\/h1>\n<p><\/br><\/p>\n<ul>\n<li class=\"p1\"><span class=\"s1\">d\u0142ugo\u015b\u0107 ca\u0142kowita 13 cm <\/span><\/li>\n<p><\/br><\/p>\n<li class=\"p1\"><span class=\"s1\">ko\u0144c\u00f3wki: d\u0142utko 9 mm szeroko\u015bci, rade\u0142ko 5 mm <\/span><\/li>\n<p><\/br><\/p>\n<li class=\"p1\"><span class=\"s1\">niemiecka stal chirurgiczna<\/span><\/li>\n<p><\/br><\/p>\n<li class=\"p1\"><span class=\"s1\">2 lata gwarancji <\/span><\/li>\n<p><\/br><\/p>\n<li class=\"p1\"><span class=\"s1\">w medycznym opakowaniu<\/span><\/li>\n<p><\/br><\/ul>\n<h2 class=\"p1\"><span class=\"s1\" style=\"font-size:10pt;\">Zalety kopytka do paznokci Solingen<\/span><\/h2>\n<p><\/br><\/p>\n<ul>\n<li class=\"p1\"><span class=\"s1\">antyalergiczne w\u0142a\u015bciwo\u015bci stali<\/span><\/li>\n<p><\/br><\/p>\n<li class=\"p1\"><span class=\"s1\">uchwyt antypo\u015blizgowy rade\u0142kowany w ca\u0142o\u015bci<\/span><\/li>\n<p><\/br><\/p>\n<li class=\"p1\"><span class=\"s1\">wygodne i bezpieczne ko\u0144c\u00f3wki narz\u0119dzia<\/span><\/li>\n<p><\/br><\/p>\n<li class=\"p1\"><span class=\"s1\">przyrz\u0105d o lekkiej budowie i dobrej ergonomii pracy<\/span><\/li>\n<p><\/br><\/ul>\n<p class=\"p1\"><span class=\"s1\">Specjalistyczne <em>narz\u0119dzie<\/em> metalowe do odsuwania sk\u00f3rek typ <em>\u201cpusher do paznokci\u201d<\/em>.<span class=\"Apple-converted-space\">\u00a0 <\/span>Przyrz\u0105d mo\u017ce by\u0107 dezynfekowany \u015brodkami chemicznymi i sterylizowany w autoklawach do 134 stopni Celcjusza. Wskaz\u00f3wka dla u\u017cytkownik\u00f3w: Przed wykonaniem zabiegu mo\u017cna zamoczy\u0107 paznokie\u0107 aby \u0142atwiej odsun\u0105\u0107 sk\u00f3rki i maksymalnie wykorzysta\u0107 funkcjonalno\u015b\u0107 w trakcie zabiegu. U\u017cywa\u0107 odpowiedniej ko\u0144c\u00f3wki do zabieg\u00f3w. Bardziej ostra ko\u0144c\u00f3wka mo\u017ce s\u0142u\u017cy\u0107 do czyszczenia paznokci. <\/span><\/p>\n","protected":false},"excerpt":{"rendered":"<p class=\"p1\"><span class=\"s1\">Precyzyjny <strong>pusher do sk\u00f3rek paznokci<\/strong> Tendo Solingen 2w1 o d\u0142ugo\u015bci 130 mm ze stali chirurgicznej. Dwustronne narz\u0119dzie do zabieg\u00f3w manicure i pedicure z wysoko gatunkowej stali medycznej. Tego typu materia\u0142 jest u\u017cywany do produkcji wyspecjalizowanych narz\u0119dzi chirurgicznych dla lekarzy specjalist\u00f3w. Posiada nisk\u0105 zawarto\u015b\u0107 niklu i nie powoduje reakcji alergicznych. <em>Instrument do sk\u00f3rek<\/em> posiada dwie ko\u0144c\u00f3wki typu \u0142opatka\/szpatu\u0142ka i pusher. <\/span><\/p>\n<p><\/br><\/p>\n<p class=\"p1\"><span class=\"s1\"><span style=\"text-decoration:underline;\">Przyrz\u0105d do sk\u00f3rek<\/span> jest wykorzystywany w profesjonalnym zastosowaniu w gabinetach kosmetycznych a tak\u017ce w warunkach domowych. Otrzyma\u0142 certyfikat jako\u015bci CE i ISO 9001:2015. Wykonany przez producenta narz\u0119dzi medycznych z gwarancj\u0105. Wielokrotnego u\u017cytku do sterylizacji i dezynfekcji \u015brodkami chemicznymi. <\/span><\/p>\n<p><\/br><\/p>\n<h1 class=\"p1\"><span class=\"s1\" style=\"font-size:10pt;\">Rade\u0142ko do sk\u00f3rek Solingen<\/span><\/h1>\n<p><\/br><\/p>\n<ul>\n<li class=\"p1\"><span class=\"s1\">d\u0142ugo\u015b\u0107 ca\u0142kowita 13 cm <\/span><\/li>\n<p><\/br><\/p>\n<li class=\"p1\"><span class=\"s1\">ko\u0144c\u00f3wki: d\u0142utko 9 mm szeroko\u015bci, rade\u0142ko 5 mm <\/span><\/li>\n<p><\/br><\/p>\n<li class=\"p1\"><span class=\"s1\">niemiecka stal chirurgiczna<\/span><\/li>\n<p><\/br><\/p>\n<li class=\"p1\"><span class=\"s1\">2 lata gwarancji <\/span><\/li>\n<p><\/br><\/p>\n<li class=\"p1\"><span class=\"s1\">w medycznym opakowaniu<\/span><\/li>\n<p><\/br><\/ul>\n<h2 class=\"p1\"><span class=\"s1\" style=\"font-size:10pt;\">Zalety kopytka do paznokci Solingen<\/span><\/h2>\n<p><\/br><\/p>\n<ul>\n<li class=\"p1\"><span class=\"s1\">antyalergiczne w\u0142a\u015bciwo\u015bci stali<\/span><\/li>\n<p><\/br><\/p>\n<li class=\"p1\"><span class=\"s1\">uchwyt antypo\u015blizgowy rade\u0142kowany w ca\u0142o\u015bci<\/span><\/li>\n<p><\/br><\/p>\n<li class=\"p1\"><span class=\"s1\">wygodne i bezpieczne ko\u0144c\u00f3wki narz\u0119dzia<\/span><\/li>\n<p><\/br><\/p>\n<li class=\"p1\"><span class=\"s1\">przyrz\u0105d o lekkiej budowie i dobrej ergonomii pracy<\/span><\/li>\n<p><\/br><\/ul>\n<p class=\"p1\"><span class=\"s1\">Specjalistyczne <em>narz\u0119dzie<\/em> metalowe do odsuwania sk\u00f3rek typ <em>\u201cpusher do paznokci\u201d<\/em>.<span class=\"Apple-converted-space\">\u00a0 <\/span>Przyrz\u0105d mo\u017ce by\u0107 dezynfekowany \u015brodkami chemicznymi i sterylizowany w autoklawach do 134 stopni Celcjusza. Wskaz\u00f3wka dla u\u017cytkownik\u00f3w: Przed wykonaniem zabiegu mo\u017cna zamoczy\u0107 paznokie\u0107 aby \u0142atwiej odsun\u0105\u0107 sk\u00f3rki i maksymalnie wykorzysta\u0107 funkcjonalno\u015b\u0107 w trakcie zabiegu. U\u017cywa\u0107 odpowiedniej ko\u0144c\u00f3wki do zabieg\u00f3w. Bardziej ostra ko\u0144c\u00f3wka mo\u017ce s\u0142u\u017cy\u0107 do czyszczenia paznokci. <\/span><\/p>\n","protected":false},"featured_media":944,"comment_status":"closed","ping_status":"open","template":"","meta":[],"product_brand":[],"product_cat":[47],"product_tag":[],"class_list":{"0":"post-2391","1":"product","2":"type-product","3":"status-publish","4":"has-post-thumbnail","6":"product_cat-dluta-i-kopytka-ekskawatory","8":"first","9":"instock","10":"product-type-simple"},"_links":{"self":[{"href":"https:\/\/tendosolingen.de\/pl\/wp-json\/wp\/v2\/product\/2391","targetHints":{"allow":["GET"]}}],"collection":[{"href":"https:\/\/tendosolingen.de\/pl\/wp-json\/wp\/v2\/product"}],"about":[{"href":"https:\/\/tendosolingen.de\/pl\/wp-json\/wp\/v2\/types\/product"}],"replies":[{"embeddable":true,"href":"https:\/\/tendosolingen.de\/pl\/wp-json\/wp\/v2\/comments?post=2391"}],"wp:featuredmedia":[{"embeddable":true,"href":"https:\/\/tendosolingen.de\/pl\/wp-json\/wp\/v2\/media\/944"}],"wp:attachment":[{"href":"https:\/\/tendosolingen.de\/pl\/wp-json\/wp\/v2\/media?parent=2391"}],"wp:term":[{"taxonomy":"product_brand","embeddable":true,"href":"https:\/\/tendosolingen.de\/pl\/wp-json\/wp\/v2\/product_brand?post=2391"},{"taxonomy":"product_cat","embeddable":true,"href":"https:\/\/tendosolingen.de\/pl\/wp-json\/wp\/v2\/product_cat?post=2391"},{"taxonomy":"product_tag","embeddable":true,"href":"https:\/\/tendosolingen.de\/pl\/wp-json\/wp\/v2\/product_tag?post=2391"}],"curies":[{"name":"wp","href":"https:\/\/api.w.org\/{rel}","templated":true}]}}