{"id":2389,"date":"2024-04-09T22:38:16","date_gmt":"2024-04-09T20:38:16","guid":{"rendered":"https:\/\/tendosolingen.de\/product\/kopytko-do-odsuwania-skorek-paznokci-solingen-rodzaj-produktu-standard-sq\/"},"modified":"2026-01-09T19:33:23","modified_gmt":"2026-01-09T18:33:23","slug":"kopytko-do-odsuwania-skorek-paznokci-solingen-rodzaj-produktu-standard-sq","status":"publish","type":"product","link":"https:\/\/tendosolingen.de\/pl\/produkt\/kopytko-do-odsuwania-skorek-paznokci-solingen-rodzaj-produktu-standard-sq\/","title":{"rendered":"Kopytko do odsuwania sk\u00f3rek paznokci Solingen Rodzaj produktu: Standard (SQ)"},"content":{"rendered":"<p class=\"p1\" style=\"text-align:justify;\"><span class=\"s1\" style=\"font-family:arial, helvetica, sans-serif;font-size:10pt;\">Profesjonalny <strong>instrument do odsuwania sk\u00f3rek paznokci<\/strong> marki Tendo Solingen 140 mm z niemieckiej stali chirurgicznej. <em>Narz\u0119dzie<\/em> zosta\u0142o wykonane ze stali nierdzewnej u\u017cywanej do produkcji najlepszych narz\u0119dzi medycznych dla lekarzy specjalist\u00f3w z zakresu chirurgii i stomatologii. <span style=\"text-decoration:underline;\">D\u0142utko<\/span> w swoim sk\u0142adzie zawiera wysoko gatunkow\u0105 stal o niskiej zawarto\u015bci niklu. Dzi\u0119ki temu nie powoduje reakcji alergicznych na sk\u00f3rze w trakcie zabieg\u00f3w manicure i pedicure. (w por\u00f3wnaniu z tanimi odpowiednikami z chromowanej stali)<\/span><\/p>\n<p><\/br><\/p>\n<p class=\"p1\" style=\"text-align:justify;\"><span class=\"s1\" style=\"font-family:arial, helvetica, sans-serif;font-size:10pt;\"><span style=\"text-decoration:underline;\">Rade\u0142ko<\/span> mo\u017ce by\u0107 wykorzystywane w profesjonalnych gabinetach a tak\u017ce w domowych warunkach.<span class=\"Apple-converted-space\">\u00a0 <\/span>Przeznaczone do wielokrotnego u\u017cytku, mo\u017ce by\u0107 sterylizowane w autoklawie i dezynfekowane \u015brodkami czysto\u015bci. <strong>Kopytko<\/strong> otrzyma\u0142o certyfikaty jako\u015bci <strong>CE i ISO 9001:2015<\/strong> oraz gwarancj\u0119 producenta narz\u0119dzi chirurgicznych. <\/span><\/p>\n<p><\/br><\/p>\n<h1 class=\"p1\" style=\"text-align:justify;\"><span class=\"s1\" style=\"font-size:10pt;font-family:arial, helvetica, sans-serif;\">Kopytko do odsuwania sk\u00f3rek <\/span><\/h1>\n<p><\/br><\/p>\n<ul style=\"text-align:justify;\"><\/br><\/p>\n<li class=\"p1\"><span class=\"s1\" style=\"font-family:arial, helvetica, sans-serif;font-size:10pt;\">d\u0142ugo\u015b\u0107 14 cm <\/span><\/li>\n<p><\/br><\/p>\n<li class=\"p1\"><span class=\"s1\" style=\"font-family:arial, helvetica, sans-serif;font-size:10pt;\">dwustronne: \u0142opatka (szer. 10 mm) + rade\u0142ko (szer. 4 mm)<\/span><\/li>\n<p><\/br><\/p>\n<li class=\"p1\"><span class=\"s1\" style=\"font-family:arial, helvetica, sans-serif;font-size:10pt;\">z niemieckiej stali nierdzewnej<\/span><\/li>\n<p><\/br><\/p>\n<li class=\"p1\"><span class=\"s1\" style=\"font-family:arial, helvetica, sans-serif;font-size:10pt;\">gwarancja 2 lata <\/span><\/li>\n<p><\/br><\/p>\n<li class=\"p1\"><span class=\"s1\" style=\"font-family:arial, helvetica, sans-serif;font-size:10pt;\">opakowanie medyczne z paskiem do sterylizacji<\/span><\/li>\n<p><\/br><\/ul>\n<p><\/br><\/p>\n<h2 class=\"p1\" style=\"text-align:justify;\"><span class=\"s1\" style=\"font-size:10pt;font-family:arial, helvetica, sans-serif;\">Zalety d\u0142utka do odsuwania sk\u00f3rek paznokci <\/span><\/h2>\n<p><\/br><\/p>\n<ul style=\"text-align:justify;\"><\/br><\/p>\n<li class=\"p1\"><span class=\"s1\" style=\"font-family:arial, helvetica, sans-serif;font-size:10pt;\">w\u0142a\u015bciwo\u015bci antyalergiczne medycznej stali <\/span><\/li>\n<p><\/br><\/p>\n<li class=\"p1\"><span class=\"s1\" style=\"font-family:arial, helvetica, sans-serif;font-size:10pt;\">antypo\u015blizgowa r\u0119koje\u015b\u0107 <\/span><\/li>\n<p><\/br><\/p>\n<li class=\"p1\"><span class=\"s1\" style=\"font-family:arial, helvetica, sans-serif;font-size:10pt;\">dwie wygodne ko\u0144c\u00f3wki o r\u00f3\u017cnej szeroko\u015bci i kszta\u0142cie<\/span><\/li>\n<p><\/br><\/p>\n<li class=\"p1\"><span class=\"s1\" style=\"font-family:arial, helvetica, sans-serif;font-size:10pt;\">lekka budowa instrumentu<\/span><\/li>\n<p><\/br><\/ul>\n<p><\/br><\/p>\n<p class=\"p1\" style=\"text-align:justify;\"><span class=\"s1\" style=\"font-family:arial, helvetica, sans-serif;font-size:10pt;\">Narz\u0119dzie specjalistyczne cz\u0119sto jest nazywane jako \u201c<em>pusher do sk\u00f3rek<\/em>\u201d. Przy zastosowaniu profesjonalnym dezynfekowa\u0107 sprawdzonymi \u015brodkami chemicznymi i sterylizowa\u0107 w temperaturze do 134 stopni C. <strong>Wskaz\u00f3wka:<\/strong> Namoczenie paznokcia przed odsuni\u0119ciem sk\u00f3rek pozwala maksymalnie wykorzysta\u0107 funkcje kopytka. Aby zmaksymalizowa\u0107 efekt nale\u017cy wybra\u0107 odpowiedni\u0105 ko\u0144c\u00f3wk\u0119. W\u0105ska ko\u0144c\u00f3wka sprawdza si\u0119 r\u00f3wnie\u017c do czyszczenia paznokci.\u00a0<\/span><\/p>\n","protected":false},"excerpt":{"rendered":"<p class=\"p1\" style=\"text-align:justify;\"><span class=\"s1\" style=\"font-family:arial, helvetica, sans-serif;font-size:10pt;\">Profesjonalny <strong>instrument do odsuwania sk\u00f3rek paznokci<\/strong> marki Tendo Solingen 140 mm z niemieckiej stali chirurgicznej. <em>Narz\u0119dzie<\/em> zosta\u0142o wykonane ze stali nierdzewnej u\u017cywanej do produkcji najlepszych narz\u0119dzi medycznych dla lekarzy specjalist\u00f3w z zakresu chirurgii i stomatologii. <span style=\"text-decoration:underline;\">D\u0142utko<\/span> w swoim sk\u0142adzie zawiera wysoko gatunkow\u0105 stal o niskiej zawarto\u015bci niklu. Dzi\u0119ki temu nie powoduje reakcji alergicznych na sk\u00f3rze w trakcie zabieg\u00f3w manicure i pedicure. (w por\u00f3wnaniu z tanimi odpowiednikami z chromowanej stali)<\/span><\/p>\n<p><\/br><\/p>\n<p class=\"p1\" style=\"text-align:justify;\"><span class=\"s1\" style=\"font-family:arial, helvetica, sans-serif;font-size:10pt;\"><span style=\"text-decoration:underline;\">Rade\u0142ko<\/span> mo\u017ce by\u0107 wykorzystywane w profesjonalnych gabinetach a tak\u017ce w domowych warunkach.<span class=\"Apple-converted-space\">\u00a0 <\/span>Przeznaczone do wielokrotnego u\u017cytku, mo\u017ce by\u0107 sterylizowane w autoklawie i dezynfekowane \u015brodkami czysto\u015bci. <strong>Kopytko<\/strong> otrzyma\u0142o certyfikaty jako\u015bci <strong>CE i ISO 9001:2015<\/strong> oraz gwarancj\u0119 producenta narz\u0119dzi chirurgicznych. <\/span><\/p>\n<p><\/br><\/p>\n<h1 class=\"p1\" style=\"text-align:justify;\"><span class=\"s1\" style=\"font-size:10pt;font-family:arial, helvetica, sans-serif;\">Kopytko do odsuwania sk\u00f3rek <\/span><\/h1>\n<p><\/br><\/p>\n<ul style=\"text-align:justify;\"><\/br><\/p>\n<li class=\"p1\"><span class=\"s1\" style=\"font-family:arial, helvetica, sans-serif;font-size:10pt;\">d\u0142ugo\u015b\u0107 14 cm <\/span><\/li>\n<p><\/br><\/p>\n<li class=\"p1\"><span class=\"s1\" style=\"font-family:arial, helvetica, sans-serif;font-size:10pt;\">dwustronne: \u0142opatka (szer. 10 mm) + rade\u0142ko (szer. 4 mm)<\/span><\/li>\n<p><\/br><\/p>\n<li class=\"p1\"><span class=\"s1\" style=\"font-family:arial, helvetica, sans-serif;font-size:10pt;\">z niemieckiej stali nierdzewnej<\/span><\/li>\n<p><\/br><\/p>\n<li class=\"p1\"><span class=\"s1\" style=\"font-family:arial, helvetica, sans-serif;font-size:10pt;\">gwarancja 2 lata <\/span><\/li>\n<p><\/br><\/p>\n<li class=\"p1\"><span class=\"s1\" style=\"font-family:arial, helvetica, sans-serif;font-size:10pt;\">opakowanie medyczne z paskiem do sterylizacji<\/span><\/li>\n<p><\/br><\/ul>\n<p><\/br><\/p>\n<h2 class=\"p1\" style=\"text-align:justify;\"><span class=\"s1\" style=\"font-size:10pt;font-family:arial, helvetica, sans-serif;\">Zalety d\u0142utka do odsuwania sk\u00f3rek paznokci <\/span><\/h2>\n<p><\/br><\/p>\n<ul style=\"text-align:justify;\"><\/br><\/p>\n<li class=\"p1\"><span class=\"s1\" style=\"font-family:arial, helvetica, sans-serif;font-size:10pt;\">w\u0142a\u015bciwo\u015bci antyalergiczne medycznej stali <\/span><\/li>\n<p><\/br><\/p>\n<li class=\"p1\"><span class=\"s1\" style=\"font-family:arial, helvetica, sans-serif;font-size:10pt;\">antypo\u015blizgowa r\u0119koje\u015b\u0107 <\/span><\/li>\n<p><\/br><\/p>\n<li class=\"p1\"><span class=\"s1\" style=\"font-family:arial, helvetica, sans-serif;font-size:10pt;\">dwie wygodne ko\u0144c\u00f3wki o r\u00f3\u017cnej szeroko\u015bci i kszta\u0142cie<\/span><\/li>\n<p><\/br><\/p>\n<li class=\"p1\"><span class=\"s1\" style=\"font-family:arial, helvetica, sans-serif;font-size:10pt;\">lekka budowa instrumentu<\/span><\/li>\n<p><\/br><\/ul>\n<p><\/br><\/p>\n<p class=\"p1\" style=\"text-align:justify;\"><span class=\"s1\" style=\"font-family:arial, helvetica, sans-serif;font-size:10pt;\">Narz\u0119dzie specjalistyczne cz\u0119sto jest nazywane jako \u201c<em>pusher do sk\u00f3rek<\/em>\u201d. Przy zastosowaniu profesjonalnym dezynfekowa\u0107 sprawdzonymi \u015brodkami chemicznymi i sterylizowa\u0107 w temperaturze do 134 stopni C. <strong>Wskaz\u00f3wka:<\/strong> Namoczenie paznokcia przed odsuni\u0119ciem sk\u00f3rek pozwala maksymalnie wykorzysta\u0107 funkcje kopytka. Aby zmaksymalizowa\u0107 efekt nale\u017cy wybra\u0107 odpowiedni\u0105 ko\u0144c\u00f3wk\u0119. W\u0105ska ko\u0144c\u00f3wka sprawdza si\u0119 r\u00f3wnie\u017c do czyszczenia paznokci.\u00a0<\/span><\/p>\n","protected":false},"featured_media":936,"comment_status":"closed","ping_status":"closed","template":"","meta":[],"product_brand":[],"product_cat":[47],"product_tag":[],"class_list":{"0":"post-2389","1":"product","2":"type-product","3":"status-publish","4":"has-post-thumbnail","6":"product_cat-dluta-i-kopytka-ekskawatory","8":"first","9":"instock","10":"product-type-simple"},"_links":{"self":[{"href":"https:\/\/tendosolingen.de\/pl\/wp-json\/wp\/v2\/product\/2389","targetHints":{"allow":["GET"]}}],"collection":[{"href":"https:\/\/tendosolingen.de\/pl\/wp-json\/wp\/v2\/product"}],"about":[{"href":"https:\/\/tendosolingen.de\/pl\/wp-json\/wp\/v2\/types\/product"}],"replies":[{"embeddable":true,"href":"https:\/\/tendosolingen.de\/pl\/wp-json\/wp\/v2\/comments?post=2389"}],"wp:featuredmedia":[{"embeddable":true,"href":"https:\/\/tendosolingen.de\/pl\/wp-json\/wp\/v2\/media\/936"}],"wp:attachment":[{"href":"https:\/\/tendosolingen.de\/pl\/wp-json\/wp\/v2\/media?parent=2389"}],"wp:term":[{"taxonomy":"product_brand","embeddable":true,"href":"https:\/\/tendosolingen.de\/pl\/wp-json\/wp\/v2\/product_brand?post=2389"},{"taxonomy":"product_cat","embeddable":true,"href":"https:\/\/tendosolingen.de\/pl\/wp-json\/wp\/v2\/product_cat?post=2389"},{"taxonomy":"product_tag","embeddable":true,"href":"https:\/\/tendosolingen.de\/pl\/wp-json\/wp\/v2\/product_tag?post=2389"}],"curies":[{"name":"wp","href":"https:\/\/api.w.org\/{rel}","templated":true}]}}