{"id":2388,"date":"2024-04-09T22:38:16","date_gmt":"2024-04-09T20:38:16","guid":{"rendered":"https:\/\/tendosolingen.de\/product\/gilotyna-do-tipsow-solingen\/"},"modified":"2025-11-06T15:40:14","modified_gmt":"2025-11-06T14:40:14","slug":"gilotyna-do-tipsow-solingen","status":"publish","type":"product","link":"https:\/\/tendosolingen.de\/pl\/produkt\/gilotyna-do-tipsow-solingen\/","title":{"rendered":"Gilotyna do tips\u00f3w Solingen"},"content":{"rendered":"<p><span style=\"font-family:arial, helvetica, sans-serif;font-size:10pt;\">Profesjonalna gilotyna do obcinania tips\u00f3w oraz paznokci akrylowych, podczas zabieg\u00f3w\u00a0manicure oraz pedicure. Przeznaczona jest do skracania ka\u017cdej d\u0142ugo\u015bci oraz rodzaju tips\u00f3w na dowoln\u0105 d\u0142ugo\u015b\u0107.\u00a0Najwa\u017cniejsz\u0105<\/span>\u00a0<span style=\"font-family:arial, helvetica, sans-serif;font-size:10pt;\">cz\u0119\u015bci\u0105 giloty jest jej ostrze, kt\u00f3re dzi\u0119ki wysokiej jako\u015bci oraz precyzyjnemu ostrzeniu idealnie skraca paznokcie akrylowe oraz \u017celowe. Obcinacz do tips\u00f3w wyposa\u017cony zosta\u0142 w wysokiej jako\u015bci spr\u0119\u017cyn\u0119, kt\u00f3ra pozwala \u0142atwo i bez zb\u0119dnego wysi\u0142ku porusza\u0107 przek\u0142adni\u0105 tn\u0105c\u0105. Idealny do stosowania w profesjonalnych salonach kosmetycznych oraz warunkach u\u017cytku domowego.<\/span><\/p>\n<p><\/br><\/p>\n<h2><span style=\"font-family:arial, helvetica, sans-serif;font-size:10pt;\">Parametry obcinacza do tips\u00f3w<\/span><\/h2>\n<p><\/br><\/p>\n<ul>\n<li><span style=\"font-family:arial, helvetica, sans-serif;font-size:10pt;\">d\u0142ugo\u015b\u0107 ca\u0142kowita 130 mm<\/span><\/li>\n<p><\/br><\/p>\n<li><span style=\"font-family:arial, helvetica, sans-serif;font-size:10pt;\">szeroko\u015b\u0107 ostrza 15 mm<\/span><\/li>\n<p><\/br><\/p>\n<li><span style=\"font-family:arial, helvetica, sans-serif;font-size:10pt;\">antyalergiczna niemiecka stal chirurgiczna\u00a0<\/span><\/li>\n<p><\/br><\/p>\n<li><span style=\"font-family:arial, helvetica, sans-serif;font-size:10pt;\">spr\u0119\u017cynowa<\/span><\/li>\n<p><\/br><\/p>\n<li><span style=\"font-family:arial, helvetica, sans-serif;font-size:10pt;\">wielokrotnego u\u017cytku<\/span><\/li>\n<p><\/br><\/p>\n<li><span style=\"font-family:arial, helvetica, sans-serif;font-size:10pt;\">podlega sterylizacji<\/span><\/li>\n<p><\/br><\/p>\n<li><span style=\"font-family:arial, helvetica, sans-serif;font-size:10pt;\">dwuletnia gwarancja producenta<\/span><\/li>\n<p><\/br><\/ul>\n<h2><span style=\"font-family:arial, helvetica, sans-serif;font-size:10pt;\">Zalety stosowania gilotyny do tips\u00f3w<\/span><\/h2>\n<p><\/br><\/p>\n<ul>\n<li><span style=\"font-family:arial, helvetica, sans-serif;font-size:10pt;\">ostrze wykonane z niemieckiej stali chirurgicznej dzi\u0119ki czemu minimalizuje ryzyko p\u0119kania materia\u0142u powsta\u0142ego w wyniku przeci\u0105\u017ce\u0144 podczas pracy<\/span><\/li>\n<p><\/br><\/p>\n<li><span style=\"font-family:arial, helvetica, sans-serif;font-size:10pt;\">ca\u0142o\u015b\u0107 wykonana z wysokiej jako\u015b\u0107 niemieckiej stali chirurgicznej co zapewnia trwa\u0142o\u015b\u0107 i precyzj\u0119 w u\u017cytkowaniu<\/span><\/li>\n<p><\/br><\/p>\n<li><span style=\"font-family:arial, helvetica, sans-serif;font-size:10pt;\">wyprofilowana konstrukcja idealnie pasuje do kszta\u0142tu d\u0142oni<\/span><\/li>\n<p><\/br><\/p>\n<li><span style=\"font-family:arial, helvetica, sans-serif;font-size:10pt;\">innowacyjny mechanizm pozwala na dok\u0142adne dopasowanie do ka\u017cdego rodzaju tipsa<\/span><\/li>\n<p><\/br><\/p>\n<li><span style=\"font-family:arial, helvetica, sans-serif;font-size:10pt;\">wysokiej jako\u015bci spr\u0119\u017cyn\u0119, pozwala \u0142atwo i bez zb\u0119dnego wysi\u0142ku porusza\u0107 przek\u0142adni\u0105 tn\u0105c\u0105<\/span><\/li>\n<p><\/br><\/p>\n<li><span style=\"font-family:arial, helvetica, sans-serif;font-size:10pt;\">produkt wielokrotnego u\u017cytku &#8211; mo\u017cna podda\u0107 sterylizacji i dezynfekcji<\/span><\/li>\n<p><\/br><\/ul>\n<p><span style=\"font-family:arial, helvetica, sans-serif;font-size:10pt;\">Produkty marki Tendo Solingen to produkty najwy\u017cej jako\u015bci posiadaj\u0105ce gwarancj\u0119 produkt\u00f3w medycznych. Zam\u00f3w bez ryzyka. Produkty posiadaj\u0105 mi\u0119dzynarodowy certyfikat CE a podczas proces\u00f3w produkcyjnych stosowane s\u0105 efektywne systemy zarz\u0105dzania jako\u015bci\u0105 i kontroli wewn\u0119trznej: ISO 9001\/ ISO 13485.<\/span><\/p>\n","protected":false},"excerpt":{"rendered":"<p><span style=\"font-family:arial, helvetica, sans-serif;font-size:10pt;\">Profesjonalna gilotyna do obcinania tips\u00f3w oraz paznokci akrylowych, podczas zabieg\u00f3w\u00a0manicure oraz pedicure. Przeznaczona jest do skracania ka\u017cdej d\u0142ugo\u015bci oraz rodzaju tips\u00f3w na dowoln\u0105 d\u0142ugo\u015b\u0107.\u00a0Najwa\u017cniejsz\u0105<\/span>\u00a0<span style=\"font-family:arial, helvetica, sans-serif;font-size:10pt;\">cz\u0119\u015bci\u0105 giloty jest jej ostrze, kt\u00f3re dzi\u0119ki wysokiej jako\u015bci oraz precyzyjnemu ostrzeniu idealnie skraca paznokcie akrylowe oraz \u017celowe. Obcinacz do tips\u00f3w wyposa\u017cony zosta\u0142 w wysokiej jako\u015bci spr\u0119\u017cyn\u0119, kt\u00f3ra pozwala \u0142atwo i bez zb\u0119dnego wysi\u0142ku porusza\u0107 przek\u0142adni\u0105 tn\u0105c\u0105. Idealny do stosowania w profesjonalnych salonach kosmetycznych oraz warunkach u\u017cytku domowego.<\/span><\/p>\n<p><\/br><\/p>\n<h2><span style=\"font-family:arial, helvetica, sans-serif;font-size:10pt;\">Parametry obcinacza do tips\u00f3w<\/span><\/h2>\n<p><\/br><\/p>\n<ul>\n<li><span style=\"font-family:arial, helvetica, sans-serif;font-size:10pt;\">d\u0142ugo\u015b\u0107 ca\u0142kowita 130 mm<\/span><\/li>\n<p><\/br><\/p>\n<li><span style=\"font-family:arial, helvetica, sans-serif;font-size:10pt;\">szeroko\u015b\u0107 ostrza 15 mm<\/span><\/li>\n<p><\/br><\/p>\n<li><span style=\"font-family:arial, helvetica, sans-serif;font-size:10pt;\">antyalergiczna niemiecka stal chirurgiczna\u00a0<\/span><\/li>\n<p><\/br><\/p>\n<li><span style=\"font-family:arial, helvetica, sans-serif;font-size:10pt;\">spr\u0119\u017cynowa<\/span><\/li>\n<p><\/br><\/p>\n<li><span style=\"font-family:arial, helvetica, sans-serif;font-size:10pt;\">wielokrotnego u\u017cytku<\/span><\/li>\n<p><\/br><\/p>\n<li><span style=\"font-family:arial, helvetica, sans-serif;font-size:10pt;\">podlega sterylizacji<\/span><\/li>\n<p><\/br><\/p>\n<li><span style=\"font-family:arial, helvetica, sans-serif;font-size:10pt;\">dwuletnia gwarancja producenta<\/span><\/li>\n<p><\/br><\/ul>\n<h2><span style=\"font-family:arial, helvetica, sans-serif;font-size:10pt;\">Zalety stosowania gilotyny do tips\u00f3w<\/span><\/h2>\n<p><\/br><\/p>\n<ul>\n<li><span style=\"font-family:arial, helvetica, sans-serif;font-size:10pt;\">ostrze wykonane z niemieckiej stali chirurgicznej dzi\u0119ki czemu minimalizuje ryzyko p\u0119kania materia\u0142u powsta\u0142ego w wyniku przeci\u0105\u017ce\u0144 podczas pracy<\/span><\/li>\n<p><\/br><\/p>\n<li><span style=\"font-family:arial, helvetica, sans-serif;font-size:10pt;\">ca\u0142o\u015b\u0107 wykonana z wysokiej jako\u015b\u0107 niemieckiej stali chirurgicznej co zapewnia trwa\u0142o\u015b\u0107 i precyzj\u0119 w u\u017cytkowaniu<\/span><\/li>\n<p><\/br><\/p>\n<li><span style=\"font-family:arial, helvetica, sans-serif;font-size:10pt;\">wyprofilowana konstrukcja idealnie pasuje do kszta\u0142tu d\u0142oni<\/span><\/li>\n<p><\/br><\/p>\n<li><span style=\"font-family:arial, helvetica, sans-serif;font-size:10pt;\">innowacyjny mechanizm pozwala na dok\u0142adne dopasowanie do ka\u017cdego rodzaju tipsa<\/span><\/li>\n<p><\/br><\/p>\n<li><span style=\"font-family:arial, helvetica, sans-serif;font-size:10pt;\">wysokiej jako\u015bci spr\u0119\u017cyn\u0119, pozwala \u0142atwo i bez zb\u0119dnego wysi\u0142ku porusza\u0107 przek\u0142adni\u0105 tn\u0105c\u0105<\/span><\/li>\n<p><\/br><\/p>\n<li><span style=\"font-family:arial, helvetica, sans-serif;font-size:10pt;\">produkt wielokrotnego u\u017cytku &#8211; mo\u017cna podda\u0107 sterylizacji i dezynfekcji<\/span><\/li>\n<p><\/br><\/ul>\n<p><span style=\"font-family:arial, helvetica, sans-serif;font-size:10pt;\">Produkty marki Tendo Solingen to produkty najwy\u017cej jako\u015bci posiadaj\u0105ce gwarancj\u0119 produkt\u00f3w medycznych. Zam\u00f3w bez ryzyka. Produkty posiadaj\u0105 mi\u0119dzynarodowy certyfikat CE a podczas proces\u00f3w produkcyjnych stosowane s\u0105 efektywne systemy zarz\u0105dzania jako\u015bci\u0105 i kontroli wewn\u0119trznej: ISO 9001\/ ISO 13485.<\/span><\/p>\n","protected":false},"featured_media":932,"comment_status":"closed","ping_status":"open","template":"","meta":[],"product_brand":[],"product_cat":[50],"product_tag":[],"class_list":{"0":"post-2388","1":"product","2":"type-product","3":"status-publish","4":"has-post-thumbnail","6":"product_cat-narzedzia-podologiczne-pl","8":"first","9":"instock","10":"product-type-simple"},"_links":{"self":[{"href":"https:\/\/tendosolingen.de\/pl\/wp-json\/wp\/v2\/product\/2388","targetHints":{"allow":["GET"]}}],"collection":[{"href":"https:\/\/tendosolingen.de\/pl\/wp-json\/wp\/v2\/product"}],"about":[{"href":"https:\/\/tendosolingen.de\/pl\/wp-json\/wp\/v2\/types\/product"}],"replies":[{"embeddable":true,"href":"https:\/\/tendosolingen.de\/pl\/wp-json\/wp\/v2\/comments?post=2388"}],"wp:featuredmedia":[{"embeddable":true,"href":"https:\/\/tendosolingen.de\/pl\/wp-json\/wp\/v2\/media\/932"}],"wp:attachment":[{"href":"https:\/\/tendosolingen.de\/pl\/wp-json\/wp\/v2\/media?parent=2388"}],"wp:term":[{"taxonomy":"product_brand","embeddable":true,"href":"https:\/\/tendosolingen.de\/pl\/wp-json\/wp\/v2\/product_brand?post=2388"},{"taxonomy":"product_cat","embeddable":true,"href":"https:\/\/tendosolingen.de\/pl\/wp-json\/wp\/v2\/product_cat?post=2388"},{"taxonomy":"product_tag","embeddable":true,"href":"https:\/\/tendosolingen.de\/pl\/wp-json\/wp\/v2\/product_tag?post=2388"}],"curies":[{"name":"wp","href":"https:\/\/api.w.org\/{rel}","templated":true}]}}