{"id":2387,"date":"2024-04-09T22:38:16","date_gmt":"2024-04-09T20:38:16","guid":{"rendered":"https:\/\/tendosolingen.de\/product\/przyrzad-do-odsuwania-skorek-solingen-typu-pusher\/"},"modified":"2025-11-06T15:40:14","modified_gmt":"2025-11-06T14:40:14","slug":"przyrzad-do-odsuwania-skorek-solingen-typu-pusher","status":"publish","type":"product","link":"https:\/\/tendosolingen.de\/pl\/produkt\/przyrzad-do-odsuwania-skorek-solingen-typu-pusher\/","title":{"rendered":"Przyrz\u0105d do odsuwania sk\u00f3rek Solingen typu pusher"},"content":{"rendered":"<p class=\"p1\"><span class=\"s1\">Precyzyjne <span style=\"text-decoration:underline;\">narz\u0119dzie do odsuwania sk\u00f3rek<\/span> typ <span style=\"text-decoration:underline;\">pusher<\/span> marki <strong>Tendo Solingen<\/strong> 135 mm wykonane z niemieckiej stali nierdzewnej u\u017cywanej do produkcji precyzyjnych narz\u0119dzi chirurgicznych dla lekarzy specjalist\u00f3w. <em>Przyrz\u0105d<\/em> zawiera wysoko gatunkow\u0105 stal chirurgiczn\u0105 o w\u0142a\u015bciwo\u015bciach antyalergicznych w por\u00f3wnaniu z tanimi odpowiednikami wykonanymi z chromu czy zwyk\u0142ego metalu. Instrument sprawdza si\u0119 w manicure, pedicure i stylizacji paznokci dla profesjonalist\u00f3w jak r\u00f3wnie\u017c do domowego u\u017cytku. <\/span><\/p>\n<p><\/br><\/p>\n<p class=\"p1\"><span class=\"s1\"><strong>Pusher do sk\u00f3rek<\/strong> nosi r\u00f3wnie\u017c nazw\u0119 d\u0142utko, rade\u0142ko czy kopytko. Otrzyma\u0142 mi\u0119dzynarodowe certyfikaty <strong>CE i ISO 9001:2015<\/strong> oraz gwarancj\u0119 producenta narz\u0119dzi medycznych. Przygotowany do sterylizacji i dezynfekcji w autoklawach. <\/span><\/p>\n<p><\/br><\/p>\n<h2 class=\"p1\"><span class=\"s1\" style=\"font-size:10pt;\">D\u0142utko do odsuwania sk\u00f3rek <\/span><\/h2>\n<p><\/br><\/p>\n<ul>\n<li class=\"p1\"><span class=\"s1\">d\u0142ugo\u015b\u0107 13,5 cm <\/span><\/li>\n<p><\/br><\/p>\n<li class=\"p1\"><span class=\"s1\">szeroko\u015b\u0107 ko\u0144c\u00f3wek \u0142opatka 8 mm , rade\u0142ko 5 mm<\/span><\/li>\n<p><\/br><\/p>\n<li class=\"p1\"><span class=\"s1\">ze stali chirurgicznej<\/span><\/li>\n<p><\/br><\/p>\n<li class=\"p1\"><span class=\"s1\">2 lata gwarancji <\/span><\/li>\n<p><\/br><\/p>\n<li class=\"p1\"><span class=\"s1\">w opakowaniu medycznym <\/span><\/li>\n<p><\/br><\/ul>\n<h2 class=\"p2\"><span style=\"font-size:10pt;\">Korzy\u015bci z u\u017cytkowania oryginalnego kopytka do odsuwania sk\u00f3rek<\/span><\/h2>\n<p><\/br><\/p>\n<ul>\n<li class=\"p1\"><span class=\"s1\">antyalergiczne w\u0142a\u015bciwo\u015bci <\/span><\/li>\n<p><\/br><\/p>\n<li class=\"p1\"><span class=\"s1\">wygodna i lekka konstrukcja z trwa\u0142ej stali nierdzewnej <\/span><\/li>\n<p><\/br><\/p>\n<li class=\"p1\"><span class=\"s1\">wysoki komfort u\u017cytkowania <\/span><\/li>\n<p><\/br><\/p>\n<li class=\"p1\"><span class=\"s1\">antypo\u015blizgowy uchwyt dla lewo- i prawor\u0119cznych<\/span><\/li>\n<p><\/br><\/ul>\n<p class=\"p1\"><span class=\"s1\">Przyrz\u0105d <em>pusher do sk\u00f3rek<\/em> powinien by\u0107 u\u017cytkowany zgodnie z jego przeznaczeniem. Narz\u0119dzie mo\u017ce by\u0107 dezynfekowane \u015brodkiem chemicznym i sterylizowane do 134 st. C. Po zamoczeniu paznokcia odsun\u0105\u0107 sk\u00f3rki od postawy paznokci w zale\u017cno\u015bci od tego jak\u0105 ko\u0144c\u00f3wk\u0105 jest wygodniej pracowa\u0107. Spiczasta cz\u0119\u015b\u0107 s\u0142u\u017cy tak\u017ce do <span style=\"text-decoration:underline;\">czyszczenia paznokci<\/span>. Mo\u017ce te\u017c przyda\u0107 si\u0119 <em>do usuwania i \u015bci\u0105gania hybryd<\/em>.<\/span><\/p>\n","protected":false},"excerpt":{"rendered":"<p class=\"p1\"><span class=\"s1\">Precyzyjne <span style=\"text-decoration:underline;\">narz\u0119dzie do odsuwania sk\u00f3rek<\/span> typ <span style=\"text-decoration:underline;\">pusher<\/span> marki <strong>Tendo Solingen<\/strong> 135 mm wykonane z niemieckiej stali nierdzewnej u\u017cywanej do produkcji precyzyjnych narz\u0119dzi chirurgicznych dla lekarzy specjalist\u00f3w. <em>Przyrz\u0105d<\/em> zawiera wysoko gatunkow\u0105 stal chirurgiczn\u0105 o w\u0142a\u015bciwo\u015bciach antyalergicznych w por\u00f3wnaniu z tanimi odpowiednikami wykonanymi z chromu czy zwyk\u0142ego metalu. Instrument sprawdza si\u0119 w manicure, pedicure i stylizacji paznokci dla profesjonalist\u00f3w jak r\u00f3wnie\u017c do domowego u\u017cytku. <\/span><\/p>\n<p><\/br><\/p>\n<p class=\"p1\"><span class=\"s1\"><strong>Pusher do sk\u00f3rek<\/strong> nosi r\u00f3wnie\u017c nazw\u0119 d\u0142utko, rade\u0142ko czy kopytko. Otrzyma\u0142 mi\u0119dzynarodowe certyfikaty <strong>CE i ISO 9001:2015<\/strong> oraz gwarancj\u0119 producenta narz\u0119dzi medycznych. Przygotowany do sterylizacji i dezynfekcji w autoklawach. <\/span><\/p>\n<p><\/br><\/p>\n<h2 class=\"p1\"><span class=\"s1\" style=\"font-size:10pt;\">D\u0142utko do odsuwania sk\u00f3rek <\/span><\/h2>\n<p><\/br><\/p>\n<ul>\n<li class=\"p1\"><span class=\"s1\">d\u0142ugo\u015b\u0107 13,5 cm <\/span><\/li>\n<p><\/br><\/p>\n<li class=\"p1\"><span class=\"s1\">szeroko\u015b\u0107 ko\u0144c\u00f3wek \u0142opatka 8 mm , rade\u0142ko 5 mm<\/span><\/li>\n<p><\/br><\/p>\n<li class=\"p1\"><span class=\"s1\">ze stali chirurgicznej<\/span><\/li>\n<p><\/br><\/p>\n<li class=\"p1\"><span class=\"s1\">2 lata gwarancji <\/span><\/li>\n<p><\/br><\/p>\n<li class=\"p1\"><span class=\"s1\">w opakowaniu medycznym <\/span><\/li>\n<p><\/br><\/ul>\n<h2 class=\"p2\"><span style=\"font-size:10pt;\">Korzy\u015bci z u\u017cytkowania oryginalnego kopytka do odsuwania sk\u00f3rek<\/span><\/h2>\n<p><\/br><\/p>\n<ul>\n<li class=\"p1\"><span class=\"s1\">antyalergiczne w\u0142a\u015bciwo\u015bci <\/span><\/li>\n<p><\/br><\/p>\n<li class=\"p1\"><span class=\"s1\">wygodna i lekka konstrukcja z trwa\u0142ej stali nierdzewnej <\/span><\/li>\n<p><\/br><\/p>\n<li class=\"p1\"><span class=\"s1\">wysoki komfort u\u017cytkowania <\/span><\/li>\n<p><\/br><\/p>\n<li class=\"p1\"><span class=\"s1\">antypo\u015blizgowy uchwyt dla lewo- i prawor\u0119cznych<\/span><\/li>\n<p><\/br><\/ul>\n<p class=\"p1\"><span class=\"s1\">Przyrz\u0105d <em>pusher do sk\u00f3rek<\/em> powinien by\u0107 u\u017cytkowany zgodnie z jego przeznaczeniem. Narz\u0119dzie mo\u017ce by\u0107 dezynfekowane \u015brodkiem chemicznym i sterylizowane do 134 st. C. Po zamoczeniu paznokcia odsun\u0105\u0107 sk\u00f3rki od postawy paznokci w zale\u017cno\u015bci od tego jak\u0105 ko\u0144c\u00f3wk\u0105 jest wygodniej pracowa\u0107. Spiczasta cz\u0119\u015b\u0107 s\u0142u\u017cy tak\u017ce do <span style=\"text-decoration:underline;\">czyszczenia paznokci<\/span>. Mo\u017ce te\u017c przyda\u0107 si\u0119 <em>do usuwania i \u015bci\u0105gania hybryd<\/em>.<\/span><\/p>\n","protected":false},"featured_media":928,"comment_status":"closed","ping_status":"open","template":"","meta":[],"product_brand":[],"product_cat":[47],"product_tag":[],"class_list":{"0":"post-2387","1":"product","2":"type-product","3":"status-publish","4":"has-post-thumbnail","6":"product_cat-dluta-i-kopytka-ekskawatory","8":"first","9":"instock","10":"product-type-simple"},"_links":{"self":[{"href":"https:\/\/tendosolingen.de\/pl\/wp-json\/wp\/v2\/product\/2387","targetHints":{"allow":["GET"]}}],"collection":[{"href":"https:\/\/tendosolingen.de\/pl\/wp-json\/wp\/v2\/product"}],"about":[{"href":"https:\/\/tendosolingen.de\/pl\/wp-json\/wp\/v2\/types\/product"}],"replies":[{"embeddable":true,"href":"https:\/\/tendosolingen.de\/pl\/wp-json\/wp\/v2\/comments?post=2387"}],"wp:featuredmedia":[{"embeddable":true,"href":"https:\/\/tendosolingen.de\/pl\/wp-json\/wp\/v2\/media\/928"}],"wp:attachment":[{"href":"https:\/\/tendosolingen.de\/pl\/wp-json\/wp\/v2\/media?parent=2387"}],"wp:term":[{"taxonomy":"product_brand","embeddable":true,"href":"https:\/\/tendosolingen.de\/pl\/wp-json\/wp\/v2\/product_brand?post=2387"},{"taxonomy":"product_cat","embeddable":true,"href":"https:\/\/tendosolingen.de\/pl\/wp-json\/wp\/v2\/product_cat?post=2387"},{"taxonomy":"product_tag","embeddable":true,"href":"https:\/\/tendosolingen.de\/pl\/wp-json\/wp\/v2\/product_tag?post=2387"}],"curies":[{"name":"wp","href":"https:\/\/api.w.org\/{rel}","templated":true}]}}