{"id":2386,"date":"2024-04-09T22:38:16","date_gmt":"2024-04-09T20:38:16","guid":{"rendered":"https:\/\/tendosolingen.de\/product\/narzedzie-do-odsuwania-skorek-solingen\/"},"modified":"2025-11-06T15:40:14","modified_gmt":"2025-11-06T14:40:14","slug":"narzedzie-do-odsuwania-skorek-solingen","status":"publish","type":"product","link":"https:\/\/tendosolingen.de\/pl\/produkt\/narzedzie-do-odsuwania-skorek-solingen\/","title":{"rendered":"Narz\u0119dzie do odsuwania sk\u00f3rek Solingen"},"content":{"rendered":"<p class=\"p1\"><span class=\"s1\">Profesjonalny <strong>instrument\u00a0do odsuwania sk\u00f3rek<\/strong>\u00a0marki Tendo Solingen ze stali chirurgicznej. <em>Narz\u0119dzie<\/em> s\u0142u\u017cy do odsuwania sk\u00f3rek w trakcie zabieg\u00f3w piel\u0119gnacyjnych manicure i pedicure a tak\u017ce podczas stylizacji paznokci. <span style=\"text-decoration:underline;\">Przyrz\u0105d<\/span> wykonano z najwy\u017cszej jako\u015bci stali chirurgicznej u\u017cywanej do produkcji instrument\u00f3w medycznych dla lekarzy specjalist\u00f3w. <\/span><\/p>\n<p><\/br><\/p>\n<p class=\"p1\"><span class=\"s1\">Cz\u0119sto nazywane tak\u017ce jako kopytko, rade\u0142ko czy d\u0142utko. Nie jest to produkt, kt\u00f3ry mo\u017ce by\u0107 por\u00f3wnywanym z tanimi metalowymi czy chromowanymi odpowiednikami. Dzi\u0119ki temu produkt jest antyalergiczny i nie powoduje czerwienia sk\u00f3ry. <\/span><\/p>\n<p><\/br><\/p>\n<h2 class=\"p1\"><span class=\"s1\" style=\"font-size:10pt;\">Kopytko do odsuwania sk\u00f3rek <\/span><\/h2>\n<p><\/br><\/p>\n<ul>\n<li class=\"p1\"><span class=\"s1\">d\u0142ugo\u015b\u0107 11,5 cm <\/span><\/li>\n<p><\/br><\/p>\n<li class=\"p1\"><span class=\"s1\">dwie ko\u0144c\u00f3wki: szpatu\u0142ka typu \u0142opatka i rade\u0142ko<\/span><\/li>\n<p><\/br><\/p>\n<li class=\"p1\"><span class=\"s1\">szer. spiczastej ko\u0144c\u00f3wki 6 mm<\/span><\/li>\n<p><\/br><\/p>\n<li class=\"p1\"><span class=\"s1\">szer. \u0142opatki 7 mm <\/span><\/li>\n<p><\/br><\/p>\n<li class=\"p1\"><span class=\"s1\">ze stali nierdzewnej <\/span><\/li>\n<p><\/br><\/p>\n<li class=\"p1\"><span class=\"s1\">2 lata gwarancji <\/span><\/li>\n<p><\/br><\/ul>\n<h2 class=\"p2\"><span style=\"font-size:10pt;\">Zalety rade\u0142ka do odsuwania sk\u00f3rek paznokci<\/span><\/h2>\n<p><\/br><\/p>\n<ul>\n<li class=\"p1\"><span class=\"s1\">antyalergiczna stal chirurgiczna <\/span><\/li>\n<p><\/br><\/p>\n<li class=\"p1\"><span class=\"s1\">gwarancja jako\u015bci wykonania <\/span><\/li>\n<p><\/br><\/p>\n<li class=\"p1\"><span class=\"s1\">bezpiecze\u0144stwo i komfort pracy<\/span><\/li>\n<p><\/br><\/ul>\n<p class=\"p2\">Narz\u0119dzie otrzyma\u0142o certyfikaty jako\u015bci <strong>CE i ISO 9001:2015<\/strong> i powinno by\u0107 u\u017cywane zgodnie z jego przeznaczeniem. Jest wielokrotnego u\u017cytku, mo\u017ce by\u0107 dezynfekowane \u015brodkami chemicznymi i sterylizowane w autoklawach do 134 st. Celcjusza. Aby odpowiednio u\u017cy\u0107 produkt nale\u017cy odsun\u0105\u0107 sk\u00f3rki do podstawy paznokcia po namoczeniu. Mo\u017cna pos\u0142ugiwa\u0107 si\u0119 si\u0119 najpierw ko\u0144c\u00f3wk\u0105 w kszta\u0142cie \u0142opatki, nast\u0119pnie spiczast\u0105. Ta cz\u0119\u015b\u0107 mo\u017ce s\u0142u\u017cy\u0107 r\u00f3wnie\u017c do oczyszczania paznokci.<\/p>\n","protected":false},"excerpt":{"rendered":"<p class=\"p1\"><span class=\"s1\">Profesjonalny <strong>instrument\u00a0do odsuwania sk\u00f3rek<\/strong>\u00a0marki Tendo Solingen ze stali chirurgicznej. <em>Narz\u0119dzie<\/em> s\u0142u\u017cy do odsuwania sk\u00f3rek w trakcie zabieg\u00f3w piel\u0119gnacyjnych manicure i pedicure a tak\u017ce podczas stylizacji paznokci. <span style=\"text-decoration:underline;\">Przyrz\u0105d<\/span> wykonano z najwy\u017cszej jako\u015bci stali chirurgicznej u\u017cywanej do produkcji instrument\u00f3w medycznych dla lekarzy specjalist\u00f3w. <\/span><\/p>\n<p><\/br><\/p>\n<p class=\"p1\"><span class=\"s1\">Cz\u0119sto nazywane tak\u017ce jako kopytko, rade\u0142ko czy d\u0142utko. Nie jest to produkt, kt\u00f3ry mo\u017ce by\u0107 por\u00f3wnywanym z tanimi metalowymi czy chromowanymi odpowiednikami. Dzi\u0119ki temu produkt jest antyalergiczny i nie powoduje czerwienia sk\u00f3ry. <\/span><\/p>\n<p><\/br><\/p>\n<h2 class=\"p1\"><span class=\"s1\" style=\"font-size:10pt;\">Kopytko do odsuwania sk\u00f3rek <\/span><\/h2>\n<p><\/br><\/p>\n<ul>\n<li class=\"p1\"><span class=\"s1\">d\u0142ugo\u015b\u0107 11,5 cm <\/span><\/li>\n<p><\/br><\/p>\n<li class=\"p1\"><span class=\"s1\">dwie ko\u0144c\u00f3wki: szpatu\u0142ka typu \u0142opatka i rade\u0142ko<\/span><\/li>\n<p><\/br><\/p>\n<li class=\"p1\"><span class=\"s1\">szer. spiczastej ko\u0144c\u00f3wki 6 mm<\/span><\/li>\n<p><\/br><\/p>\n<li class=\"p1\"><span class=\"s1\">szer. \u0142opatki 7 mm <\/span><\/li>\n<p><\/br><\/p>\n<li class=\"p1\"><span class=\"s1\">ze stali nierdzewnej <\/span><\/li>\n<p><\/br><\/p>\n<li class=\"p1\"><span class=\"s1\">2 lata gwarancji <\/span><\/li>\n<p><\/br><\/ul>\n<h2 class=\"p2\"><span style=\"font-size:10pt;\">Zalety rade\u0142ka do odsuwania sk\u00f3rek paznokci<\/span><\/h2>\n<p><\/br><\/p>\n<ul>\n<li class=\"p1\"><span class=\"s1\">antyalergiczna stal chirurgiczna <\/span><\/li>\n<p><\/br><\/p>\n<li class=\"p1\"><span class=\"s1\">gwarancja jako\u015bci wykonania <\/span><\/li>\n<p><\/br><\/p>\n<li class=\"p1\"><span class=\"s1\">bezpiecze\u0144stwo i komfort pracy<\/span><\/li>\n<p><\/br><\/ul>\n<p class=\"p2\">Narz\u0119dzie otrzyma\u0142o certyfikaty jako\u015bci <strong>CE i ISO 9001:2015<\/strong> i powinno by\u0107 u\u017cywane zgodnie z jego przeznaczeniem. Jest wielokrotnego u\u017cytku, mo\u017ce by\u0107 dezynfekowane \u015brodkami chemicznymi i sterylizowane w autoklawach do 134 st. Celcjusza. Aby odpowiednio u\u017cy\u0107 produkt nale\u017cy odsun\u0105\u0107 sk\u00f3rki do podstawy paznokcia po namoczeniu. Mo\u017cna pos\u0142ugiwa\u0107 si\u0119 si\u0119 najpierw ko\u0144c\u00f3wk\u0105 w kszta\u0142cie \u0142opatki, nast\u0119pnie spiczast\u0105. Ta cz\u0119\u015b\u0107 mo\u017ce s\u0142u\u017cy\u0107 r\u00f3wnie\u017c do oczyszczania paznokci.<\/p>\n","protected":false},"featured_media":924,"comment_status":"closed","ping_status":"open","template":"","meta":[],"product_brand":[],"product_cat":[47],"product_tag":[],"class_list":{"0":"post-2386","1":"product","2":"type-product","3":"status-publish","4":"has-post-thumbnail","6":"product_cat-dluta-i-kopytka-ekskawatory","8":"first","9":"instock","10":"product-type-simple"},"_links":{"self":[{"href":"https:\/\/tendosolingen.de\/pl\/wp-json\/wp\/v2\/product\/2386","targetHints":{"allow":["GET"]}}],"collection":[{"href":"https:\/\/tendosolingen.de\/pl\/wp-json\/wp\/v2\/product"}],"about":[{"href":"https:\/\/tendosolingen.de\/pl\/wp-json\/wp\/v2\/types\/product"}],"replies":[{"embeddable":true,"href":"https:\/\/tendosolingen.de\/pl\/wp-json\/wp\/v2\/comments?post=2386"}],"wp:featuredmedia":[{"embeddable":true,"href":"https:\/\/tendosolingen.de\/pl\/wp-json\/wp\/v2\/media\/924"}],"wp:attachment":[{"href":"https:\/\/tendosolingen.de\/pl\/wp-json\/wp\/v2\/media?parent=2386"}],"wp:term":[{"taxonomy":"product_brand","embeddable":true,"href":"https:\/\/tendosolingen.de\/pl\/wp-json\/wp\/v2\/product_brand?post=2386"},{"taxonomy":"product_cat","embeddable":true,"href":"https:\/\/tendosolingen.de\/pl\/wp-json\/wp\/v2\/product_cat?post=2386"},{"taxonomy":"product_tag","embeddable":true,"href":"https:\/\/tendosolingen.de\/pl\/wp-json\/wp\/v2\/product_tag?post=2386"}],"curies":[{"name":"wp","href":"https:\/\/api.w.org\/{rel}","templated":true}]}}