{"id":2385,"date":"2024-04-09T22:38:16","date_gmt":"2024-04-09T20:38:16","guid":{"rendered":"https:\/\/tendosolingen.de\/product\/obcinacz-do-paznokci-solingen-maly-z-lancuszkiem\/"},"modified":"2025-11-06T15:40:14","modified_gmt":"2025-11-06T14:40:14","slug":"obcinacz-do-paznokci-solingen-maly-z-lancuszkiem","status":"publish","type":"product","link":"https:\/\/tendosolingen.de\/pl\/produkt\/obcinacz-do-paznokci-solingen-maly-z-lancuszkiem\/","title":{"rendered":"Obcinacz do paznokci Solingen ma\u0142y z \u0142a\u0144cuszkiem"},"content":{"rendered":"<p><span style=\"font-family:arial, helvetica, sans-serif;font-size:10pt;\">Profesjonalny obcinacz do paznokci u r\u0105k Tendo Solingen wykonany z niemieckiej stali chirurgicznej. Dzi\u0119ki specjalnej konstrukcji oraz profilowaniu po obci\u0119ciu paznokci nie wymagaj\u0105 one dodatkowego pi\u0142owania, co \u015bwietnie sprawdza si\u0119 w podr\u00f3\u017cy. Dzi\u0119ki wysokiej jako\u015bci stali, odpowiednio utwardzonej, bardzo d\u0142ugo zachowuje swoje w\u0142a\u015bciwo\u015bci. Dodatkowo w obudowie obcinaka zosta\u0142 umieszczony ma\u0142y pilniczek do paznokci. Doskonale sprawdza si\u0119 w gabinetach kosmetycznych oraz w u\u017cytku domowym.<\/span><\/p>\n<p><\/br><\/p>\n<h2><span style=\"font-family:arial, helvetica, sans-serif;font-size:10pt;\">Parametry obcinacza do paznokci <\/span><\/h2>\n<p><\/br><\/p>\n<ul>\n<li><span style=\"font-family:arial, helvetica, sans-serif;font-size:10pt;\">d\u0142ugo\u015b\u0107 ca\u0142kowita 55 mm<\/span><\/li>\n<p><\/br><\/p>\n<li><span style=\"font-family:arial, helvetica, sans-serif;font-size:10pt;\">d\u0142ugo\u015b\u0107 ostrza 10 mm<\/span><\/li>\n<p><\/br><\/p>\n<li><span style=\"font-family:arial, helvetica, sans-serif;font-size:10pt;\">niemiecka stal chirurgiczna<\/span><\/li>\n<p><\/br><\/p>\n<li><span style=\"font-family:arial, helvetica, sans-serif;font-size:10pt;\">ma\u0142y<\/span><\/li>\n<p><\/br><\/p>\n<li><span style=\"font-family:arial, helvetica, sans-serif;font-size:10pt;\">dodatkowy ma\u0142y pilniczek<\/span><\/li>\n<p><\/br><\/p>\n<li><span style=\"font-family:arial, helvetica, sans-serif;font-size:10pt;\">podr\u0119czny<\/span><\/li>\n<p><\/br><\/p>\n<li><span style=\"font-family:arial, helvetica, sans-serif;font-size:10pt;\">z \u0142a\u0144cuszkiem<\/span><\/li>\n<p><\/br><\/ul>\n<h2><span style=\"font-family:arial, helvetica, sans-serif;font-size:10pt;\">Zalety stosowania obcinacza do paznokci ma\u0142ego<\/span><\/h2>\n<p><\/br><\/p>\n<ul>\n<li><span style=\"font-family:arial, helvetica, sans-serif;font-size:10pt;\">wykonany z wysokiej jako\u015b\u0107 niemieckiej stali chirurgicznej co zapewnia trwa\u0142o\u015b\u0107 i precyzj\u0119 w u\u017cytkowaniu<\/span><\/li>\n<p><\/br><\/p>\n<li><span style=\"font-family:arial, helvetica, sans-serif;font-size:10pt;\">zaokr\u0105glone i dobrze wyprofilowane ostrze nadaje odpowiedni kszta\u0142t paznokciom<\/span><\/li>\n<p><\/br><\/p>\n<li><span style=\"font-family:arial, helvetica, sans-serif;font-size:10pt;\">dzi\u0119ki odpowiedniej konstrukcji i stosowaniu zapobiega wrastaniu paznokci<\/span><\/li>\n<p><\/br><\/p>\n<li><span style=\"font-family:arial, helvetica, sans-serif;font-size:10pt;\">bardzo wygodny w stosowaniu oraz przechowywaniu dzi\u0119ki czemu idealnie nadaje si\u0119 w podr\u00f3\u017cy<\/span><\/li>\n<p><\/br><\/p>\n<li><span style=\"font-family:arial, helvetica, sans-serif;font-size:10pt;\">wygodny, ostry co sprawia i\u017c po obci\u0119ciu paznokci nie wymagaj\u0105 one dodatkowego pi\u0142owania<\/span><\/li>\n<p><\/br><\/p>\n<li><span style=\"font-family:arial, helvetica, sans-serif;font-size:10pt;\">produkt wielokrotnego u\u017cytku &#8211; mo\u017cna podda\u0107 sterylizacji i dezynfekcji<\/span><\/li>\n<p><\/br><\/p>\n<li><span style=\"font-family:arial, helvetica, sans-serif;font-size:10pt;\">dwuletnia gwarancja producenta<\/span><\/li>\n<p><\/br><\/ul>\n<p><span style=\"font-family:arial, helvetica, sans-serif;font-size:10pt;\">Produkty marki Tendo Solingen to produkty najwy\u017cej jako\u015bci. Wyselekcjonowane materia\u0142y oraz najwy\u017csze standardy produkcyjne gwarantuj\u0105 satysfakcj\u0119 klienta. \u00a0Produkty posiadaj\u0105 mi\u0119dzynarodowy certyfikat CE a podczas proces\u00f3w produkcyjnych stosowane s\u0105 efektywne systemy zarz\u0105dzania jako\u015bci\u0105 i kontroli wewn\u0119trznej: ISO 9001\/ ISO 13485.<\/span><\/p>\n","protected":false},"excerpt":{"rendered":"<p><span style=\"font-family:arial, helvetica, sans-serif;font-size:10pt;\">Profesjonalny obcinacz do paznokci u r\u0105k Tendo Solingen wykonany z niemieckiej stali chirurgicznej. Dzi\u0119ki specjalnej konstrukcji oraz profilowaniu po obci\u0119ciu paznokci nie wymagaj\u0105 one dodatkowego pi\u0142owania, co \u015bwietnie sprawdza si\u0119 w podr\u00f3\u017cy. Dzi\u0119ki wysokiej jako\u015bci stali, odpowiednio utwardzonej, bardzo d\u0142ugo zachowuje swoje w\u0142a\u015bciwo\u015bci. Dodatkowo w obudowie obcinaka zosta\u0142 umieszczony ma\u0142y pilniczek do paznokci. Doskonale sprawdza si\u0119 w gabinetach kosmetycznych oraz w u\u017cytku domowym.<\/span><\/p>\n<p><\/br><\/p>\n<h2><span style=\"font-family:arial, helvetica, sans-serif;font-size:10pt;\">Parametry obcinacza do paznokci <\/span><\/h2>\n<p><\/br><\/p>\n<ul>\n<li><span style=\"font-family:arial, helvetica, sans-serif;font-size:10pt;\">d\u0142ugo\u015b\u0107 ca\u0142kowita 55 mm<\/span><\/li>\n<p><\/br><\/p>\n<li><span style=\"font-family:arial, helvetica, sans-serif;font-size:10pt;\">d\u0142ugo\u015b\u0107 ostrza 10 mm<\/span><\/li>\n<p><\/br><\/p>\n<li><span style=\"font-family:arial, helvetica, sans-serif;font-size:10pt;\">niemiecka stal chirurgiczna<\/span><\/li>\n<p><\/br><\/p>\n<li><span style=\"font-family:arial, helvetica, sans-serif;font-size:10pt;\">ma\u0142y<\/span><\/li>\n<p><\/br><\/p>\n<li><span style=\"font-family:arial, helvetica, sans-serif;font-size:10pt;\">dodatkowy ma\u0142y pilniczek<\/span><\/li>\n<p><\/br><\/p>\n<li><span style=\"font-family:arial, helvetica, sans-serif;font-size:10pt;\">podr\u0119czny<\/span><\/li>\n<p><\/br><\/p>\n<li><span style=\"font-family:arial, helvetica, sans-serif;font-size:10pt;\">z \u0142a\u0144cuszkiem<\/span><\/li>\n<p><\/br><\/ul>\n<h2><span style=\"font-family:arial, helvetica, sans-serif;font-size:10pt;\">Zalety stosowania obcinacza do paznokci ma\u0142ego<\/span><\/h2>\n<p><\/br><\/p>\n<ul>\n<li><span style=\"font-family:arial, helvetica, sans-serif;font-size:10pt;\">wykonany z wysokiej jako\u015b\u0107 niemieckiej stali chirurgicznej co zapewnia trwa\u0142o\u015b\u0107 i precyzj\u0119 w u\u017cytkowaniu<\/span><\/li>\n<p><\/br><\/p>\n<li><span style=\"font-family:arial, helvetica, sans-serif;font-size:10pt;\">zaokr\u0105glone i dobrze wyprofilowane ostrze nadaje odpowiedni kszta\u0142t paznokciom<\/span><\/li>\n<p><\/br><\/p>\n<li><span style=\"font-family:arial, helvetica, sans-serif;font-size:10pt;\">dzi\u0119ki odpowiedniej konstrukcji i stosowaniu zapobiega wrastaniu paznokci<\/span><\/li>\n<p><\/br><\/p>\n<li><span style=\"font-family:arial, helvetica, sans-serif;font-size:10pt;\">bardzo wygodny w stosowaniu oraz przechowywaniu dzi\u0119ki czemu idealnie nadaje si\u0119 w podr\u00f3\u017cy<\/span><\/li>\n<p><\/br><\/p>\n<li><span style=\"font-family:arial, helvetica, sans-serif;font-size:10pt;\">wygodny, ostry co sprawia i\u017c po obci\u0119ciu paznokci nie wymagaj\u0105 one dodatkowego pi\u0142owania<\/span><\/li>\n<p><\/br><\/p>\n<li><span style=\"font-family:arial, helvetica, sans-serif;font-size:10pt;\">produkt wielokrotnego u\u017cytku &#8211; mo\u017cna podda\u0107 sterylizacji i dezynfekcji<\/span><\/li>\n<p><\/br><\/p>\n<li><span style=\"font-family:arial, helvetica, sans-serif;font-size:10pt;\">dwuletnia gwarancja producenta<\/span><\/li>\n<p><\/br><\/ul>\n<p><span style=\"font-family:arial, helvetica, sans-serif;font-size:10pt;\">Produkty marki Tendo Solingen to produkty najwy\u017cej jako\u015bci. Wyselekcjonowane materia\u0142y oraz najwy\u017csze standardy produkcyjne gwarantuj\u0105 satysfakcj\u0119 klienta. \u00a0Produkty posiadaj\u0105 mi\u0119dzynarodowy certyfikat CE a podczas proces\u00f3w produkcyjnych stosowane s\u0105 efektywne systemy zarz\u0105dzania jako\u015bci\u0105 i kontroli wewn\u0119trznej: ISO 9001\/ ISO 13485.<\/span><\/p>\n","protected":false},"featured_media":920,"comment_status":"closed","ping_status":"open","template":"","meta":[],"product_brand":[],"product_cat":[50],"product_tag":[],"class_list":{"0":"post-2385","1":"product","2":"type-product","3":"status-publish","4":"has-post-thumbnail","6":"product_cat-narzedzia-podologiczne-pl","8":"first","9":"instock","10":"product-type-simple"},"_links":{"self":[{"href":"https:\/\/tendosolingen.de\/pl\/wp-json\/wp\/v2\/product\/2385","targetHints":{"allow":["GET"]}}],"collection":[{"href":"https:\/\/tendosolingen.de\/pl\/wp-json\/wp\/v2\/product"}],"about":[{"href":"https:\/\/tendosolingen.de\/pl\/wp-json\/wp\/v2\/types\/product"}],"replies":[{"embeddable":true,"href":"https:\/\/tendosolingen.de\/pl\/wp-json\/wp\/v2\/comments?post=2385"}],"wp:featuredmedia":[{"embeddable":true,"href":"https:\/\/tendosolingen.de\/pl\/wp-json\/wp\/v2\/media\/920"}],"wp:attachment":[{"href":"https:\/\/tendosolingen.de\/pl\/wp-json\/wp\/v2\/media?parent=2385"}],"wp:term":[{"taxonomy":"product_brand","embeddable":true,"href":"https:\/\/tendosolingen.de\/pl\/wp-json\/wp\/v2\/product_brand?post=2385"},{"taxonomy":"product_cat","embeddable":true,"href":"https:\/\/tendosolingen.de\/pl\/wp-json\/wp\/v2\/product_cat?post=2385"},{"taxonomy":"product_tag","embeddable":true,"href":"https:\/\/tendosolingen.de\/pl\/wp-json\/wp\/v2\/product_tag?post=2385"}],"curies":[{"name":"wp","href":"https:\/\/api.w.org\/{rel}","templated":true}]}}