{"id":2384,"date":"2024-04-09T22:38:16","date_gmt":"2024-04-09T20:38:16","guid":{"rendered":"https:\/\/tendosolingen.de\/product\/bagietka-do-henny-solingen-profesjonalna-szpatulka-155-cm\/"},"modified":"2026-01-10T02:44:41","modified_gmt":"2026-01-10T01:44:41","slug":"bagietka-do-henny-profesjonalna-szpatulka-155-mm","status":"publish","type":"product","link":"https:\/\/tendosolingen.de\/pl\/produkt\/bagietka-do-henny-profesjonalna-szpatulka-155-mm\/","title":{"rendered":"Bagietka do henny profesjonalna szpatu\u0142ka 155 mm"},"content":{"rendered":"<p class=\"p1\"><span class=\"s1\">Profesjonalna bagietka <em>do nak\u0142adania i mieszania henny<\/em>\u00a0<strong>Tendo Solingen<\/strong> z niemieckiej stali nierdzewnej. (ang. stirrer for henna). Klasyczna szpatu\u0142ka z medycznej stali wchodzi w sk\u0142ad podstawowych akcesori\u00f3w do henny.\u00a0<\/span><span class=\"s1\">Specjalnie wyprofilowane ko\u0144c\u00f3wki idealnie nadaj\u0105 si\u0119 <strong>do nak\u0142adania henny<\/strong> czy do malowania brwi. Certyfikowane narz\u0119dzie kosmetyczne z przeznaczeniem do najlepszych gabinet\u00f3w piel\u0119gnacji cia\u0142a oraz klinik medycyny estetycznej. Instrument sprawdzi si\u0119 tak\u017ce w domowym u\u017cytku. Nadaje si\u0119 do sterylizacji i dezynfekcji w autoklawie. Produkt otrzyma\u0142 certyfikaty <strong>CE i ISO 9001:2018<\/strong>. <\/span><\/p>\n<p>&nbsp;<\/p>\n<h2 class=\"p1\"><span class=\"s1\" style=\"font-size: 10pt;\">Narz\u0119dzie do henny &#8211; szpatu\u0142ka <\/span><\/h2>\n<p>&nbsp;<\/p>\n<ul>\n<li style=\"list-style-type: none;\">\n<ul>\n<li class=\"p1\"><span class=\"s1\">typ <em>bagietka<\/em> dwustronna <\/span><\/li>\n<\/ul>\n<\/li>\n<\/ul>\n<ul>\n<li style=\"list-style-type: none;\">\n<ul>\n<li class=\"p1\"><span class=\"s1\">d\u0142ugo\u015b\u0107 15,5 cm <\/span><\/li>\n<\/ul>\n<\/li>\n<\/ul>\n<ul>\n<li style=\"list-style-type: none;\">\n<ul>\n<li class=\"p1\"><span class=\"s1\">w opakowaniu medycznym <\/span><\/li>\n<\/ul>\n<\/li>\n<\/ul>\n<ul>\n<li style=\"list-style-type: none;\">\n<ul>\n<li class=\"p1\"><span class=\"s1\">2 lata gwarancji<\/span><\/li>\n<\/ul>\n<\/li>\n<\/ul>\n<p>&nbsp;<\/p>\n<h2 class=\"p1\"><span class=\"s1\" style=\"font-size: 10pt;\">Zalety korzystania z bagietki do henny <\/span><\/h2>\n<p>&nbsp;<\/p>\n<ul>\n<li style=\"list-style-type: none;\">\n<ul>\n<li class=\"p1\"><span class=\"s1\">antypo\u015blizgowy uchwyt <\/span><\/li>\n<\/ul>\n<\/li>\n<\/ul>\n<ul>\n<li style=\"list-style-type: none;\">\n<ul>\n<li class=\"p1\"><span class=\"s1\">wykonanie z najlepszej stali chirurgicznej <\/span><\/li>\n<\/ul>\n<\/li>\n<\/ul>\n<ul>\n<li style=\"list-style-type: none;\">\n<ul>\n<li class=\"p1\"><span class=\"s1\">dobrze pasuje do d\u0142oni <\/span><\/li>\n<\/ul>\n<\/li>\n<\/ul>\n<ul>\n<li style=\"list-style-type: none;\">\n<ul>\n<li class=\"p1\"><span class=\"s1\">odpowiednie wywa\u017cenie podnosz\u0105ce komfort pracy<\/span><\/li>\n<\/ul>\n<\/li>\n<\/ul>\n<p>&nbsp;<\/p>\n<p class=\"p1\"><span class=\"s1\"><span style=\"text-decoration: underline;\">Narz\u0119dzie do henny<\/span> jest odporne na uszkodzenia mechaniczne, \u015brodki chemiczne i warunki termiczne. Umo\u017cliwia precyzyjne i szybkie na\u0142o\u017cenie henny. Przed przyst\u0105pieniem do nak\u0142adania henny nale\u017cy wybra\u0107 odpowiedni\u0105 ko\u0144c\u00f3wk\u0119 i przeczyta\u0107 instrukcj\u0119 jak u\u017cywa\u0107 bagietk\u0119 w trakcie pracy.<\/span><\/p>\n","protected":false},"excerpt":{"rendered":"<p class=\"p1\">Profesjonalna bagietka do mieszania i nak\u0142adania henny marki Tendo Solingen, wykonana z niemieckiej stali nierdzewnej, z precyzyjnie wyprofilowanymi ko\u0144c\u00f3wkami do aplikacji henny i stylizacji brwi, certyfikowana zgodnie z normami CE i ISO 9001:2018, przeznaczona do pracy w gabinetach kosmetycznych, klinikach medycyny estetycznej oraz do u\u017cytku domowego, z mo\u017cliwo\u015bci\u0105 sterylizacji i dezynfekcji w autoklawie.<\/p>\n","protected":false},"featured_media":916,"comment_status":"closed","ping_status":"closed","template":"","meta":[],"product_brand":[],"product_cat":[51],"product_tag":[],"class_list":{"0":"post-2384","1":"product","2":"type-product","3":"status-publish","4":"has-post-thumbnail","6":"product_cat-pesety-i-szczypce","7":"pa_klasa-produktu-standard-sq","9":"first","10":"instock","11":"purchasable","12":"product-type-simple"},"_links":{"self":[{"href":"https:\/\/tendosolingen.de\/pl\/wp-json\/wp\/v2\/product\/2384","targetHints":{"allow":["GET"]}}],"collection":[{"href":"https:\/\/tendosolingen.de\/pl\/wp-json\/wp\/v2\/product"}],"about":[{"href":"https:\/\/tendosolingen.de\/pl\/wp-json\/wp\/v2\/types\/product"}],"replies":[{"embeddable":true,"href":"https:\/\/tendosolingen.de\/pl\/wp-json\/wp\/v2\/comments?post=2384"}],"wp:featuredmedia":[{"embeddable":true,"href":"https:\/\/tendosolingen.de\/pl\/wp-json\/wp\/v2\/media\/916"}],"wp:attachment":[{"href":"https:\/\/tendosolingen.de\/pl\/wp-json\/wp\/v2\/media?parent=2384"}],"wp:term":[{"taxonomy":"product_brand","embeddable":true,"href":"https:\/\/tendosolingen.de\/pl\/wp-json\/wp\/v2\/product_brand?post=2384"},{"taxonomy":"product_cat","embeddable":true,"href":"https:\/\/tendosolingen.de\/pl\/wp-json\/wp\/v2\/product_cat?post=2384"},{"taxonomy":"product_tag","embeddable":true,"href":"https:\/\/tendosolingen.de\/pl\/wp-json\/wp\/v2\/product_tag?post=2384"}],"curies":[{"name":"wp","href":"https:\/\/api.w.org\/{rel}","templated":true}]}}