{"id":2383,"date":"2024-04-09T22:38:16","date_gmt":"2024-04-09T20:38:16","guid":{"rendered":"https:\/\/tendosolingen.de\/product\/radelko-do-paznokci-kopytko-tendo-solingen\/"},"modified":"2025-11-06T15:40:14","modified_gmt":"2025-11-06T14:40:14","slug":"radelko-do-paznokci-kopytko-tendo-solingen","status":"publish","type":"product","link":"https:\/\/tendosolingen.de\/pl\/produkt\/radelko-do-paznokci-kopytko-tendo-solingen\/","title":{"rendered":"Rade\u0142ko do paznokci kopytko Tendo Solingen"},"content":{"rendered":"<p><span style=\"font-family: arial, helvetica, sans-serif; font-size: 10pt;\">Wysokiej jako\u015bci <strong>kopytko do sk\u00f3rek marki \u00aeTendo Solingen<\/strong> \u015bwietnie sprawdzi si\u0119 do precyzyjnego odsuwania sk\u00f3rek oko\u0142opaznokciowych. Produkt posiada dwustronne \u0142opatki przeznaczone do odci\u0105gania r\u00f3\u017cnego rodzaju sk\u00f3rek. U\u0142atwi to znacznie prac\u0119 manikiurzystki. Rade\u0142kowany uchwyt zapewni lepszy komfort pracy. Wykonane w najwy\u017cszej klasy stali chirurgicznej. Rade\u0142ko zgodne jest z niemieckim standardem produkcji. Produkt przeznaczony do stosowania profesjonalnego oraz w domowych warunkach. Produkt przeznaczony do stosowania profesjonalnego oraz okresowej piel\u0119gnacji nask\u00f3rka w domowych warunkach. Kopytko posiada certyfikat CE, gwarancje producenta oraz oznaczenie stali chirurgicznej na ka\u017cdym instrumencie.<\/span><\/p>\n<p><\/br><\/p>\n<h2 class=\"p1\"><span style=\"font-size: 10pt; font-family: arial, helvetica, sans-serif;\">Parametry kopytka do sk\u00f3rek<\/span><\/h2>\n<p><\/br><\/p>\n<ul><\/br><\/p>\n<li><span style=\"font-family: arial, helvetica, sans-serif; font-size: 10pt;\">Typ: kopytko do sk\u00f3rek, rade\u0142ko, manicure, pedicure<\/span><\/li>\n<p><\/br><\/p>\n<li><span style=\"font-family: arial, helvetica, sans-serif; font-size: 10pt;\">Przeznaczenie: odsuwanie sk\u00f3rek oko\u0142opaznokciowych<\/span><\/li>\n<p><\/br><\/p>\n<li><span style=\"font-size: 10pt; font-family: arial, helvetica, sans-serif;\">Certyfikowana stal chirurgiczna, nierdzewna<\/span><\/li>\n<p><\/br><\/p>\n<li><span style=\"font-size: 10pt; font-family: arial, helvetica, sans-serif;\">2 lata gwarancji producenta<\/span><\/li>\n<p><\/br><\/p>\n<li><span style=\"font-size: 10pt; font-family: arial, helvetica, sans-serif;\">Produkt wielokrotnego u\u017cytku<\/span><\/li>\n<p><\/br><\/p>\n<li><span style=\"font-size: 10pt; font-family: arial, helvetica, sans-serif;\">Niemiecki standard<\/span><\/li>\n<p><\/br><\/p>\n<li><span style=\"font-size: 10pt; font-family: arial, helvetica, sans-serif;\">Dwie \u0142opatki<\/span><\/li>\n<p><\/br><\/ul>\n<p><\/br><\/p>\n<h2 class=\"p1\"><span class=\"s1\" style=\"font-size: 10pt; font-family: arial, helvetica, sans-serif;\">Zalety wykorzystania &#8211; rade\u0142ko do sk\u00f3rek<\/span><\/h2>\n<p><\/br><\/p>\n<ul><\/br><\/p>\n<li class=\"p1\"><span class=\"s1\" style=\"font-family: arial, helvetica, sans-serif; font-size: 10pt;\">Uniwersalne zastosowanie w wielu dziedzinach\u00a0<\/span><\/li>\n<p><\/br><\/p>\n<li class=\"p1\"><span class=\"s1\" style=\"font-family: arial, helvetica, sans-serif; font-size: 10pt;\">Lekka i wygodna budowa z antypo\u015blizgowym uchwytem\u00a0<\/span><\/li>\n<p><\/br><\/p>\n<li class=\"p1\"><span class=\"s1\" style=\"font-family: arial, helvetica, sans-serif; font-size: 10pt;\">Idealnie dopasowuje si\u0119 do d\u0142oni<\/span><\/li>\n<p><\/br><\/p>\n<li><span style=\"font-size: 10pt; font-family: arial, helvetica, sans-serif;\">Zgodny z niemieckim standardem produkcji<\/span><\/li>\n<p><\/br><\/p>\n<li><span style=\"font-size: 10pt; font-family: arial, helvetica, sans-serif;\">Wysokiej jako\u015bci stal chirurgiczna o bardzo dobrych w\u0142a\u015bciwo\u015bciach antykorozyjnych<\/span><\/li>\n<p><\/br><\/ul>\n<p><\/br><\/p>\n<p class=\"p1\"><span class=\"s1\" style=\"font-family: arial, helvetica, sans-serif; font-size: 10pt;\">Narz\u0119dzie sprawdzone przez specjalist\u00f3w, oznaczone certyfikatami. Produkt zosta\u0142 r\u0119cznie wyszlifowany, poniewa\u017c nie pochodzi z produkcji masowej. Jako\u015b\u0107 potwierdzona opiniami naszych zadowolonych Klient\u00f3w. Wysoka jako\u015b\u0107 materia\u0142\u00f3w gwarantuje trwa\u0142o\u015b\u0107 i bezpiecze\u0144stwo u\u017cytkowania.\u00a0<\/span><\/p>\n","protected":false},"excerpt":{"rendered":"<p><span style=\"font-family: arial, helvetica, sans-serif; font-size: 10pt;\">Wysokiej jako\u015bci <strong>kopytko do sk\u00f3rek marki \u00aeTendo Solingen<\/strong> \u015bwietnie sprawdzi si\u0119 do precyzyjnego odsuwania sk\u00f3rek oko\u0142opaznokciowych. Produkt posiada dwustronne \u0142opatki przeznaczone do odci\u0105gania r\u00f3\u017cnego rodzaju sk\u00f3rek. U\u0142atwi to znacznie prac\u0119 manikiurzystki. Rade\u0142kowany uchwyt zapewni lepszy komfort pracy. Wykonane w najwy\u017cszej klasy stali chirurgicznej. Rade\u0142ko zgodne jest z niemieckim standardem produkcji. Produkt przeznaczony do stosowania profesjonalnego oraz w domowych warunkach. Produkt przeznaczony do stosowania profesjonalnego oraz okresowej piel\u0119gnacji nask\u00f3rka w domowych warunkach. Kopytko posiada certyfikat CE, gwarancje producenta oraz oznaczenie stali chirurgicznej na ka\u017cdym instrumencie.<\/span><\/p>\n<p><\/br><\/p>\n<h2 class=\"p1\"><span style=\"font-size: 10pt; font-family: arial, helvetica, sans-serif;\">Parametry kopytka do sk\u00f3rek<\/span><\/h2>\n<p><\/br><\/p>\n<ul><\/br><\/p>\n<li><span style=\"font-family: arial, helvetica, sans-serif; font-size: 10pt;\">Typ: kopytko do sk\u00f3rek, rade\u0142ko, manicure, pedicure<\/span><\/li>\n<p><\/br><\/p>\n<li><span style=\"font-family: arial, helvetica, sans-serif; font-size: 10pt;\">Przeznaczenie: odsuwanie sk\u00f3rek oko\u0142opaznokciowych<\/span><\/li>\n<p><\/br><\/p>\n<li><span style=\"font-size: 10pt; font-family: arial, helvetica, sans-serif;\">Certyfikowana stal chirurgiczna, nierdzewna<\/span><\/li>\n<p><\/br><\/p>\n<li><span style=\"font-size: 10pt; font-family: arial, helvetica, sans-serif;\">2 lata gwarancji producenta<\/span><\/li>\n<p><\/br><\/p>\n<li><span style=\"font-size: 10pt; font-family: arial, helvetica, sans-serif;\">Produkt wielokrotnego u\u017cytku<\/span><\/li>\n<p><\/br><\/p>\n<li><span style=\"font-size: 10pt; font-family: arial, helvetica, sans-serif;\">Niemiecki standard<\/span><\/li>\n<p><\/br><\/p>\n<li><span style=\"font-size: 10pt; font-family: arial, helvetica, sans-serif;\">Dwie \u0142opatki<\/span><\/li>\n<p><\/br><\/ul>\n<p><\/br><\/p>\n<h2 class=\"p1\"><span class=\"s1\" style=\"font-size: 10pt; font-family: arial, helvetica, sans-serif;\">Zalety wykorzystania &#8211; rade\u0142ko do sk\u00f3rek<\/span><\/h2>\n<p><\/br><\/p>\n<ul><\/br><\/p>\n<li class=\"p1\"><span class=\"s1\" style=\"font-family: arial, helvetica, sans-serif; font-size: 10pt;\">Uniwersalne zastosowanie w wielu dziedzinach\u00a0<\/span><\/li>\n<p><\/br><\/p>\n<li class=\"p1\"><span class=\"s1\" style=\"font-family: arial, helvetica, sans-serif; font-size: 10pt;\">Lekka i wygodna budowa z antypo\u015blizgowym uchwytem\u00a0<\/span><\/li>\n<p><\/br><\/p>\n<li class=\"p1\"><span class=\"s1\" style=\"font-family: arial, helvetica, sans-serif; font-size: 10pt;\">Idealnie dopasowuje si\u0119 do d\u0142oni<\/span><\/li>\n<p><\/br><\/p>\n<li><span style=\"font-size: 10pt; font-family: arial, helvetica, sans-serif;\">Zgodny z niemieckim standardem produkcji<\/span><\/li>\n<p><\/br><\/p>\n<li><span style=\"font-size: 10pt; font-family: arial, helvetica, sans-serif;\">Wysokiej jako\u015bci stal chirurgiczna o bardzo dobrych w\u0142a\u015bciwo\u015bciach antykorozyjnych<\/span><\/li>\n<p><\/br><\/ul>\n<p><\/br><\/p>\n<p class=\"p1\"><span class=\"s1\" style=\"font-family: arial, helvetica, sans-serif; font-size: 10pt;\">Narz\u0119dzie sprawdzone przez specjalist\u00f3w, oznaczone certyfikatami. Produkt zosta\u0142 r\u0119cznie wyszlifowany, poniewa\u017c nie pochodzi z produkcji masowej. Jako\u015b\u0107 potwierdzona opiniami naszych zadowolonych Klient\u00f3w. Wysoka jako\u015b\u0107 materia\u0142\u00f3w gwarantuje trwa\u0142o\u015b\u0107 i bezpiecze\u0144stwo u\u017cytkowania.\u00a0<\/span><\/p>\n","protected":false},"featured_media":912,"comment_status":"closed","ping_status":"open","template":"","meta":[],"product_brand":[],"product_cat":[50],"product_tag":[],"class_list":{"0":"post-2383","1":"product","2":"type-product","3":"status-publish","4":"has-post-thumbnail","6":"product_cat-narzedzia-podologiczne-pl","8":"first","9":"instock","10":"product-type-simple"},"_links":{"self":[{"href":"https:\/\/tendosolingen.de\/pl\/wp-json\/wp\/v2\/product\/2383","targetHints":{"allow":["GET"]}}],"collection":[{"href":"https:\/\/tendosolingen.de\/pl\/wp-json\/wp\/v2\/product"}],"about":[{"href":"https:\/\/tendosolingen.de\/pl\/wp-json\/wp\/v2\/types\/product"}],"replies":[{"embeddable":true,"href":"https:\/\/tendosolingen.de\/pl\/wp-json\/wp\/v2\/comments?post=2383"}],"wp:featuredmedia":[{"embeddable":true,"href":"https:\/\/tendosolingen.de\/pl\/wp-json\/wp\/v2\/media\/912"}],"wp:attachment":[{"href":"https:\/\/tendosolingen.de\/pl\/wp-json\/wp\/v2\/media?parent=2383"}],"wp:term":[{"taxonomy":"product_brand","embeddable":true,"href":"https:\/\/tendosolingen.de\/pl\/wp-json\/wp\/v2\/product_brand?post=2383"},{"taxonomy":"product_cat","embeddable":true,"href":"https:\/\/tendosolingen.de\/pl\/wp-json\/wp\/v2\/product_cat?post=2383"},{"taxonomy":"product_tag","embeddable":true,"href":"https:\/\/tendosolingen.de\/pl\/wp-json\/wp\/v2\/product_tag?post=2383"}],"curies":[{"name":"wp","href":"https:\/\/api.w.org\/{rel}","templated":true}]}}