{"id":2379,"date":"2024-04-09T22:38:16","date_gmt":"2024-04-09T20:38:16","guid":{"rendered":"https:\/\/tendosolingen.de\/product\/nozyczki-do-wycinania-skorek-solingen-rodzaj-produktu-standard-sq\/"},"modified":"2025-11-06T15:40:15","modified_gmt":"2025-11-06T14:40:15","slug":"nozyczki-do-wycinania-skorek-solingen-rodzaj-produktu-standard-sq","status":"publish","type":"product","link":"https:\/\/tendosolingen.de\/pl\/produkt\/nozyczki-do-wycinania-skorek-solingen-rodzaj-produktu-standard-sq\/","title":{"rendered":"No\u017cyczki do wycinania sk\u00f3rek Solingen  Rodzaj produktu: Standard (SQ)"},"content":{"rendered":"<p style=\"text-align:justify;\"><span style=\"font-family:arial, helvetica, sans-serif;font-size:10pt;\">Profesjonalne no\u017cyczki do sk\u00f3rek wykorzystywane do dok\u0142adnego i precyzyjnego wyci\u0119cia zarastaj\u0105cych sk\u00f3rek. Bardzo dobre no\u017cyczki do sk\u00f3rek wykonane s\u0105 z wysokiej jako\u015b stali chirurgicznej. Odpowiednie wdro\u017cenie procesu szlifowania cz\u0119\u015bci tn\u0105cej zapewnia doskona\u0142\u0105 i d\u0142ugotrwa\u0142a ostro\u015b\u0107 oraz \u017cywotno\u015b\u0107 produktu.<\/span><\/p>\n<h2 style=\"text-align:justify;\"><span style=\"font-family:arial, helvetica, sans-serif;font-size:10pt;\">Dobre no\u017cyczki sk\u00f3rek \u2013 parametry<\/span><\/h2>\n<ul style=\"text-align:justify;\">\n<li><span style=\"font-family:arial, helvetica, sans-serif;font-size:10pt;\">d\u0142ugo\u015b\u0107 &#8211; 95 mm\u00a0<\/span><\/li>\n<li><span style=\"font-family:arial, helvetica, sans-serif;font-size:10pt;\">\u015brednica k\u00f3\u0142ek &#8211; 23 mm<\/span><\/li>\n<li><span style=\"font-family:arial, helvetica, sans-serif;font-size:10pt;\">d\u0142ugi ostrze 18 mm<\/span><\/li>\n<li><span style=\"font-family:arial, helvetica, sans-serif;font-size:10pt;\">zaokr\u0105glone brzegi<\/span><\/li>\n<li><span style=\"font-family:arial, helvetica, sans-serif;font-size:10pt;\">r\u0119cznie szlifowane<\/span><\/li>\n<li><span style=\"font-family:arial, helvetica, sans-serif;font-size:10pt;\">matowa stal antyrefleksyjna<\/span><\/li>\n<li><span style=\"font-family:arial, helvetica, sans-serif;font-size:10pt;\">stali medyczna<\/span><\/li>\n<\/ul>\n<h2 style=\"text-align:justify;\"><span style=\"font-family:arial, helvetica, sans-serif;font-size:10pt;\">Atuty no\u017cyczek do obcinania sk\u00f3rek<\/span><\/h2>\n<ul style=\"text-align:justify;\">\n<li><span style=\"font-family:arial, helvetica, sans-serif;font-size:10pt;\">przeznaczone do precyzyjnego wycinania zarastaj\u0105cych sk\u00f3rek<\/span><\/li>\n<li><span style=\"font-family:arial, helvetica, sans-serif;font-size:10pt;\">zagi\u0119te ostrze ku \u015brodkowi dzi\u0119ki czemu mo\u017cemy precyzyjniej wykona\u0107 zabieg<\/span><\/li>\n<li><span style=\"font-family:arial, helvetica, sans-serif;font-size:10pt;\">dopasowany kszta\u0142t pozwala na wygodny i \u0142atwy chwyt no\u017cyczek<\/span><\/li>\n<li><span style=\"font-family:arial, helvetica, sans-serif;font-size:10pt;\">podlegaj\u0105 sterylizacji w autoklawie w 134\u030a<\/span><\/li>\n<li><span style=\"font-family:arial, helvetica, sans-serif;font-size:10pt;\">d\u0142ugotrwa\u0142a \u017cywotno\u015b\u0107<\/span><\/li>\n<li><span style=\"font-family:arial, helvetica, sans-serif;font-size:10pt;\">posiadaj\u0105 certyfikaty CE<\/span><\/li>\n<li><span style=\"font-family:arial, helvetica, sans-serif;font-size:10pt;\">roczna gwarancja producenta<\/span><\/li>\n<\/ul>\n<p style=\"text-align:justify;\"><span style=\"font-family:arial, helvetica, sans-serif;font-size:10pt;\">Narz\u0119dzia zakupione w naszym sklepie s\u0105 stosowane podczas zabieg\u00f3w w gabinetach kosmetycznych oraz plac\u00f3wkach medycznych przez dermatolog\u00f3w oraz kosmetyczki. Produkty posiadaj\u0105 mi\u0119dzynarodowy certyfikat CE a podczas proces\u00f3w produkcyjnych stosowane s\u0105 efektywne systemy zarz\u0105dzania jako\u015bci\u0105 i kontroli wewn\u0119trznej: ISO 9001\/ ISO 13485.<\/span><\/p>\n","protected":false},"excerpt":{"rendered":"<p style=\"text-align:justify;\"><span style=\"font-family:arial, helvetica, sans-serif;font-size:10pt;\">Profesjonalne no\u017cyczki do sk\u00f3rek wykorzystywane do dok\u0142adnego i precyzyjnego wyci\u0119cia zarastaj\u0105cych sk\u00f3rek. Bardzo dobre no\u017cyczki do sk\u00f3rek wykonane s\u0105 z wysokiej jako\u015b stali chirurgicznej. Odpowiednie wdro\u017cenie procesu szlifowania cz\u0119\u015bci tn\u0105cej zapewnia doskona\u0142\u0105 i d\u0142ugotrwa\u0142a ostro\u015b\u0107 oraz \u017cywotno\u015b\u0107 produktu.<\/span><\/p>\n<h2 style=\"text-align:justify;\"><span style=\"font-family:arial, helvetica, sans-serif;font-size:10pt;\">Dobre no\u017cyczki sk\u00f3rek \u2013 parametry<\/span><\/h2>\n<ul style=\"text-align:justify;\">\n<li><span style=\"font-family:arial, helvetica, sans-serif;font-size:10pt;\">d\u0142ugo\u015b\u0107 &#8211; 95 mm\u00a0<\/span><\/li>\n<li><span style=\"font-family:arial, helvetica, sans-serif;font-size:10pt;\">\u015brednica k\u00f3\u0142ek &#8211; 23 mm<\/span><\/li>\n<li><span style=\"font-family:arial, helvetica, sans-serif;font-size:10pt;\">d\u0142ugi ostrze 18 mm<\/span><\/li>\n<li><span style=\"font-family:arial, helvetica, sans-serif;font-size:10pt;\">zaokr\u0105glone brzegi<\/span><\/li>\n<li><span style=\"font-family:arial, helvetica, sans-serif;font-size:10pt;\">r\u0119cznie szlifowane<\/span><\/li>\n<li><span style=\"font-family:arial, helvetica, sans-serif;font-size:10pt;\">matowa stal antyrefleksyjna<\/span><\/li>\n<li><span style=\"font-family:arial, helvetica, sans-serif;font-size:10pt;\">stali medyczna<\/span><\/li>\n<\/ul>\n<h2 style=\"text-align:justify;\"><span style=\"font-family:arial, helvetica, sans-serif;font-size:10pt;\">Atuty no\u017cyczek do obcinania sk\u00f3rek<\/span><\/h2>\n<ul style=\"text-align:justify;\">\n<li><span style=\"font-family:arial, helvetica, sans-serif;font-size:10pt;\">przeznaczone do precyzyjnego wycinania zarastaj\u0105cych sk\u00f3rek<\/span><\/li>\n<li><span style=\"font-family:arial, helvetica, sans-serif;font-size:10pt;\">zagi\u0119te ostrze ku \u015brodkowi dzi\u0119ki czemu mo\u017cemy precyzyjniej wykona\u0107 zabieg<\/span><\/li>\n<li><span style=\"font-family:arial, helvetica, sans-serif;font-size:10pt;\">dopasowany kszta\u0142t pozwala na wygodny i \u0142atwy chwyt no\u017cyczek<\/span><\/li>\n<li><span style=\"font-family:arial, helvetica, sans-serif;font-size:10pt;\">podlegaj\u0105 sterylizacji w autoklawie w 134\u030a<\/span><\/li>\n<li><span style=\"font-family:arial, helvetica, sans-serif;font-size:10pt;\">d\u0142ugotrwa\u0142a \u017cywotno\u015b\u0107<\/span><\/li>\n<li><span style=\"font-family:arial, helvetica, sans-serif;font-size:10pt;\">posiadaj\u0105 certyfikaty CE<\/span><\/li>\n<li><span style=\"font-family:arial, helvetica, sans-serif;font-size:10pt;\">roczna gwarancja producenta<\/span><\/li>\n<\/ul>\n<p style=\"text-align:justify;\"><span style=\"font-family:arial, helvetica, sans-serif;font-size:10pt;\">Narz\u0119dzia zakupione w naszym sklepie s\u0105 stosowane podczas zabieg\u00f3w w gabinetach kosmetycznych oraz plac\u00f3wkach medycznych przez dermatolog\u00f3w oraz kosmetyczki. Produkty posiadaj\u0105 mi\u0119dzynarodowy certyfikat CE a podczas proces\u00f3w produkcyjnych stosowane s\u0105 efektywne systemy zarz\u0105dzania jako\u015bci\u0105 i kontroli wewn\u0119trznej: ISO 9001\/ ISO 13485.<\/span><\/p>\n","protected":false},"featured_media":899,"comment_status":"closed","ping_status":"open","template":"","meta":[],"product_brand":[],"product_cat":[48],"product_tag":[],"class_list":{"0":"post-2379","1":"product","2":"type-product","3":"status-publish","4":"has-post-thumbnail","6":"product_cat-nozyczki-do-skorek-i-paznokci-pl","8":"first","9":"instock","10":"product-type-simple"},"_links":{"self":[{"href":"https:\/\/tendosolingen.de\/pl\/wp-json\/wp\/v2\/product\/2379","targetHints":{"allow":["GET"]}}],"collection":[{"href":"https:\/\/tendosolingen.de\/pl\/wp-json\/wp\/v2\/product"}],"about":[{"href":"https:\/\/tendosolingen.de\/pl\/wp-json\/wp\/v2\/types\/product"}],"replies":[{"embeddable":true,"href":"https:\/\/tendosolingen.de\/pl\/wp-json\/wp\/v2\/comments?post=2379"}],"wp:featuredmedia":[{"embeddable":true,"href":"https:\/\/tendosolingen.de\/pl\/wp-json\/wp\/v2\/media\/899"}],"wp:attachment":[{"href":"https:\/\/tendosolingen.de\/pl\/wp-json\/wp\/v2\/media?parent=2379"}],"wp:term":[{"taxonomy":"product_brand","embeddable":true,"href":"https:\/\/tendosolingen.de\/pl\/wp-json\/wp\/v2\/product_brand?post=2379"},{"taxonomy":"product_cat","embeddable":true,"href":"https:\/\/tendosolingen.de\/pl\/wp-json\/wp\/v2\/product_cat?post=2379"},{"taxonomy":"product_tag","embeddable":true,"href":"https:\/\/tendosolingen.de\/pl\/wp-json\/wp\/v2\/product_tag?post=2379"}],"curies":[{"name":"wp","href":"https:\/\/api.w.org\/{rel}","templated":true}]}}