{"id":2378,"date":"2024-04-09T22:38:16","date_gmt":"2024-04-09T20:38:16","guid":{"rendered":"https:\/\/tendosolingen.de\/product\/pilniczek-metalowy-do-paznokci-solingen-szafirowy-15-cm\/"},"modified":"2026-01-10T02:28:45","modified_gmt":"2026-01-10T01:28:45","slug":"pilniczek-metalowy-do-paznokci-solingen-szafirowy-150-mm","status":"publish","type":"product","link":"https:\/\/tendosolingen.de\/pl\/produkt\/pilniczek-metalowy-do-paznokci-solingen-szafirowy-150-mm\/","title":{"rendered":"Pilniczek metalowy do paznokci szafirowy 150 mm"},"content":{"rendered":"<p>Precyzyjny <strong>pilniczek metalowy do paznokci<\/strong> marki Tendo Solingen o ca\u0142kowitej d\u0142ugo\u015bci 150 mm. Tzw. <span style=\"text-decoration: underline;\">pilnik szafirowy<\/span> to narz\u0119dzie przeznaczone do \u015bcierania, wyg\u0142adzania powierzchni paznokcia w trakcie zabieg\u00f3w piel\u0119gnacyjnych.<\/p>\n<p>Narz\u0119dzie medyczne jest przeznaczone zar\u00f3wno dla specjalist\u00f3w, jaki i do u\u017cytku codziennego. <em>Pilnik metalowy<\/em> posiada drobnoziarnist\u0105 gradacj\u0119 i mo\u017ce by\u0107 u\u017cywany do naturalnych oraz \u0142amliwych paznokci. Posiada roczn\u0105 gwarancj\u0119 producenta oraz mi\u0119dzynarodowe certyfikaty ISO 9001\/ISO 13485.<\/p>\n<p>&nbsp;<\/p>\n<h2><span style=\"font-size: 10pt;\">Pilnik metalowy do paznokci\u00a0<\/span><\/h2>\n<p>&nbsp;<\/p>\n<ul>\n<li style=\"list-style-type: none;\">\n<ul>\n<li>typ szafirowy, drobnoziarnisty<\/li>\n<\/ul>\n<\/li>\n<\/ul>\n<ul>\n<li style=\"list-style-type: none;\">\n<ul>\n<li>d\u0142ugo\u015b\u0107 15 cm<\/li>\n<\/ul>\n<\/li>\n<\/ul>\n<ul>\n<li style=\"list-style-type: none;\">\n<ul>\n<li>certyfikat CE i ISO<\/li>\n<\/ul>\n<\/li>\n<\/ul>\n<ul>\n<li style=\"list-style-type: none;\">\n<ul>\n<li>gwarancja 1 rok<\/li>\n<\/ul>\n<\/li>\n<\/ul>\n<p>&nbsp;<\/p>\n<h2><span style=\"font-size: 10pt;\">Zalety u\u017cytkowania pilniczka szafirowego do paznokci<\/span><\/h2>\n<p>&nbsp;<\/p>\n<ul>\n<li style=\"list-style-type: none;\">\n<ul>\n<li>lekki i uniwersalny <em>pilnik do paznokci<\/em><\/li>\n<\/ul>\n<\/li>\n<\/ul>\n<ul>\n<li style=\"list-style-type: none;\">\n<ul>\n<li>dobrze sprawdza si\u0119 do naturalnych paznokci<\/li>\n<\/ul>\n<\/li>\n<\/ul>\n<ul>\n<li style=\"list-style-type: none;\">\n<ul>\n<li>rekomendowany przez profesjonalist\u00f3w medycyny estetycznej<\/li>\n<\/ul>\n<\/li>\n<\/ul>\n<p>&nbsp;<\/p>\n<p>Narz\u0119dzie powinno by\u0107 u\u017cytkowane zgodnie z jego przeznaczeniem. Nabywaj\u0105c produkty w medycznym sklepie masz pewno\u015b\u0107, \u017ce otrzymasz pe\u0142nowarto\u015bciowy produkt z gwarancj\u0105 satysfakcji. Nasze produkty s\u0105 narz\u0119dziami pracy lekarzy specjalist\u00f3w z ca\u0142ej Polski.<\/p>\n","protected":false},"excerpt":{"rendered":"<p>Precyzyjny pilnik szafirowy marki Tendo Solingen o d\u0142ugo\u015bci 150 mm to metalowy pilniczek przeznaczony do skutecznego \u015bcierania i wyg\u0142adzania powierzchni paznokci, zapewniaj\u0105cy kontrolowan\u0105, komfortow\u0105 prac\u0119 podczas zabieg\u00f3w piel\u0119gnacyjnych i manicure.<\/p>\n","protected":false},"featured_media":895,"comment_status":"closed","ping_status":"closed","template":"","meta":[],"product_brand":[],"product_cat":[49],"product_tag":[],"class_list":{"0":"post-2378","1":"product","2":"type-product","3":"status-publish","4":"has-post-thumbnail","6":"product_cat-pilniki-do-paznokci-pl","8":"first","9":"instock","10":"purchasable","11":"product-type-simple"},"_links":{"self":[{"href":"https:\/\/tendosolingen.de\/pl\/wp-json\/wp\/v2\/product\/2378","targetHints":{"allow":["GET"]}}],"collection":[{"href":"https:\/\/tendosolingen.de\/pl\/wp-json\/wp\/v2\/product"}],"about":[{"href":"https:\/\/tendosolingen.de\/pl\/wp-json\/wp\/v2\/types\/product"}],"replies":[{"embeddable":true,"href":"https:\/\/tendosolingen.de\/pl\/wp-json\/wp\/v2\/comments?post=2378"}],"wp:featuredmedia":[{"embeddable":true,"href":"https:\/\/tendosolingen.de\/pl\/wp-json\/wp\/v2\/media\/895"}],"wp:attachment":[{"href":"https:\/\/tendosolingen.de\/pl\/wp-json\/wp\/v2\/media?parent=2378"}],"wp:term":[{"taxonomy":"product_brand","embeddable":true,"href":"https:\/\/tendosolingen.de\/pl\/wp-json\/wp\/v2\/product_brand?post=2378"},{"taxonomy":"product_cat","embeddable":true,"href":"https:\/\/tendosolingen.de\/pl\/wp-json\/wp\/v2\/product_cat?post=2378"},{"taxonomy":"product_tag","embeddable":true,"href":"https:\/\/tendosolingen.de\/pl\/wp-json\/wp\/v2\/product_tag?post=2378"}],"curies":[{"name":"wp","href":"https:\/\/api.w.org\/{rel}","templated":true}]}}